{"id":1683,"date":"2024-06-25T15:07:33","date_gmt":"2024-06-25T13:07:33","guid":{"rendered":"https:\/\/wp.unil.ch\/bluemount\/?page_id=1683"},"modified":"2024-06-26T11:10:56","modified_gmt":"2024-06-26T09:10:56","slug":"leau-dans-le-parc-de-la-vallee-du-trient","status":"publish","type":"page","link":"https:\/\/wp.unil.ch\/bluemount\/projets\/labeau\/resultats-labeau\/leau-dans-le-parc-de-la-vallee-du-trient\/","title":{"rendered":"L\u2019eau dans le Parc de la Vall\u00e9e du Trient"},"content":{"rendered":"\n<figure class=\"wp-block-image alignwide size-large\"><img alt=\"\" loading=\"lazy\" decoding=\"async\" width=\"1024\" height=\"729\" src=\"https:\/\/wp.unil.ch\/bluemount\/files\/2024\/06\/Carte_Trient-copie-1024x729.png\" alt=\"\" class=\"wp-image-1676\" srcset=\"https:\/\/wp.unil.ch\/bluemount\/files\/2024\/06\/Carte_Trient-copie-1024x729.png 1024w, https:\/\/wp.unil.ch\/bluemount\/files\/2024\/06\/Carte_Trient-copie-300x214.png 300w, https:\/\/wp.unil.ch\/bluemount\/files\/2024\/06\/Carte_Trient-copie-768x547.png 768w, https:\/\/wp.unil.ch\/bluemount\/files\/2024\/06\/Carte_Trient-copie-540x384.png 540w, https:\/\/wp.unil.ch\/bluemount\/files\/2024\/06\/Carte_Trient-copie-1080x769.png 1080w, https:\/\/wp.unil.ch\/bluemount\/files\/2024\/06\/Carte_Trient-copie.png 1318w\" sizes=\"auto, (max-width: 1024px) 100vw, 1024px\" \/><figcaption class=\"wp-element-caption\"><em>Extrait d\u2019une d\u2019une carte de diagnostic sur les usages \u00e9nerg\u00e9tiques de l\u2019eau<\/em><\/figcaption><\/figure>\n\n\n\n<h2 class=\"wp-block-heading has-text-color has-link-color wp-elements-e6dcbfea9ea0d752a5fcf76cf3a0f692\" style=\"color:#a144f3\">Diagnostic de l\u2019eau \u00e0 l\u2019\u00e9chelle du Parc<\/h2>\n\n\n\n<p>\u00c0 la demande du <strong>Parc naturel r\u00e9gional de la Vall\u00e9e du Trient<\/strong>, le <strong>CIRM<\/strong> et <strong>g\u00e9au environnements SA<\/strong> r\u00e9alisent un diagnostic de l\u2019eau (ressources, usages, gouvernance) \u00e0 l\u2019\u00e9chelle du Parc. L\u2019\u00e9tude combine une collecte des donn\u00e9es \u00e0 trois \u00e9chelles\u00a0: les sept communes du Parc, les diff\u00e9rents bassins versants, les grandes infrastructures hydrauliques.\u00a0<\/p>\n\n\n\n<p>Le <strong>but<\/strong> est d\u2019obtenir un \u00e9tat des lieux de la th\u00e9matique de l\u2019eau et de d\u00e9gager quels sont les enjeux auxquels le Parc est confront\u00e9 \u00e0 l\u2019heure actuelle et dans le futur.\u00a0<\/p>\n","protected":false},"excerpt":{"rendered":"<p>Diagnostic de l\u2019eau \u00e0 l\u2019\u00e9chelle du Parc \u00c0 la demande du Parc naturel r\u00e9gional de la Vall\u00e9e du Trient, le CIRM et g\u00e9au environnements SA r\u00e9alisent un diagnostic&hellip;<\/p>\n","protected":false},"author":1002816,"featured_media":0,"parent":1658,"menu_order":2,"comment_status":"closed","ping_status":"closed","template":"template-full-width.php","meta":{"_seopress_robots_primary_cat":"","_seopress_titles_title":"","_seopress_titles_desc":"","_seopress_robots_index":"","footnotes":""},"class_list":["post-1683","page","type-page","status-publish","has-post-thumbnail"],"_links":{"self":[{"href":"https:\/\/wp.unil.ch\/bluemount\/wp-json\/wp\/v2\/pages\/1683","targetHints":{"allow":["GET"]}}],"collection":[{"href":"https:\/\/wp.unil.ch\/bluemount\/wp-json\/wp\/v2\/pages"}],"about":[{"href":"https:\/\/wp.unil.ch\/bluemount\/wp-json\/wp\/v2\/types\/page"}],"author":[{"embeddable":true,"href":"https:\/\/wp.unil.ch\/bluemount\/wp-json\/wp\/v2\/users\/1002816"}],"replies":[{"embeddable":true,"href":"https:\/\/wp.unil.ch\/bluemount\/wp-json\/wp\/v2\/comments?post=1683"}],"version-history":[{"count":4,"href":"https:\/\/wp.unil.ch\/bluemount\/wp-json\/wp\/v2\/pages\/1683\/revisions"}],"predecessor-version":[{"id":1742,"href":"https:\/\/wp.unil.ch\/bluemount\/wp-json\/wp\/v2\/pages\/1683\/revisions\/1742"}],"up":[{"embeddable":true,"href":"https:\/\/wp.unil.ch\/bluemount\/wp-json\/wp\/v2\/pages\/1658"}],"wp:attachment":[{"href":"https:\/\/wp.unil.ch\/bluemount\/wp-json\/wp\/v2\/media?parent=1683"}],"curies":[{"name":"wp","href":"https:\/\/api.w.org\/{rel}","templated":true}]}}