{"id":1674,"date":"2024-06-25T15:01:51","date_gmt":"2024-06-25T13:01:51","guid":{"rendered":"https:\/\/wp.unil.ch\/bluemount\/?page_id=1674"},"modified":"2024-06-26T11:10:38","modified_gmt":"2024-06-26T09:10:38","slug":"labeau-dans-lentremont","status":"publish","type":"page","link":"https:\/\/wp.unil.ch\/bluemount\/projets\/labeau\/resultats-labeau\/labeau-dans-lentremont\/","title":{"rendered":"LABEAU dans l\u2019Entremont"},"content":{"rendered":"\n<figure class=\"wp-block-image alignwide size-large\"><img alt=\"\" loading=\"lazy\" decoding=\"async\" width=\"1024\" height=\"431\" src=\"https:\/\/wp.unil.ch\/bluemount\/files\/2024\/06\/Concept_Labeau-copie-1024x431.png\" alt=\"\" class=\"wp-image-1675\" srcset=\"https:\/\/wp.unil.ch\/bluemount\/files\/2024\/06\/Concept_Labeau-copie-1024x431.png 1024w, https:\/\/wp.unil.ch\/bluemount\/files\/2024\/06\/Concept_Labeau-copie-300x126.png 300w, https:\/\/wp.unil.ch\/bluemount\/files\/2024\/06\/Concept_Labeau-copie-768x324.png 768w, https:\/\/wp.unil.ch\/bluemount\/files\/2024\/06\/Concept_Labeau-copie-1536x647.png 1536w, https:\/\/wp.unil.ch\/bluemount\/files\/2024\/06\/Concept_Labeau-copie-2048x863.png 2048w, https:\/\/wp.unil.ch\/bluemount\/files\/2024\/06\/Concept_Labeau-copie-540x228.png 540w, https:\/\/wp.unil.ch\/bluemount\/files\/2024\/06\/Concept_Labeau-copie-1080x455.png 1080w, https:\/\/wp.unil.ch\/bluemount\/files\/2024\/06\/Concept_Labeau-copie-1980x834.png 1980w\" sizes=\"auto, (max-width: 1024px) 100vw, 1024px\" \/><figcaption class=\"wp-element-caption\"><em>Le concept du projet LABEAU<\/em><\/figcaption><\/figure>\n\n\n\n<p>Le district d\u2019Entremont (Valais) est le territoire privil\u00e9gi\u00e9 pour les travaux du projet LABEAU. Depuis 2020, plusieurs recherches ont \u00e9t\u00e9 r\u00e9alis\u00e9es\u00a0:<\/p>\n\n\n\n<ul class=\"wp-block-list\">\n<li>Un diagnostic de l\u2019<strong>eau potable\u00a0<\/strong>dans la commune de Val de Bagnes (2020)\u00a0;<\/li>\n\n\n\n<li>Une \u00e9tude interdisciplinaire sur l\u2019<strong>irrigation<\/strong>\u00a0(projet LABEAU-Irrigation, 2021) qui a combin\u00e9 des mesures sur le terrain sur des parcelles-tests, des cartographies et calculs d\u2019indices de biomasse par t\u00e9l\u00e9d\u00e9tection, la collecte de donn\u00e9es de r\u00e9seaux et des entretiens semi-directifs avec des agriculteurs\u00a0;<\/li>\n\n\n\n<li>Une \u00e9tude cibl\u00e9e sur la\u00a0<strong>s\u00e9cheresse<\/strong>\u00a0de l\u2019\u00e9t\u00e9 2022 et ses impacts sur la gestion de l\u2019eau dans l\u2019Entremont (2023)\u00a0;<\/li>\n\n\n\n<li>Un m\u00e9moire de master (Margaux Delalex) sur l\u2019eau et l\u2019<strong>enneigement artificiel\u00a0<\/strong>\u00e0 Verbier (2024).<\/li>\n<\/ul>\n","protected":false},"excerpt":{"rendered":"<p>Le district d\u2019Entremont (Valais) est le territoire privil\u00e9gi\u00e9 pour les travaux du projet LABEAU. Depuis 2020, plusieurs recherches ont \u00e9t\u00e9 r\u00e9alis\u00e9es\u00a0:<\/p>\n","protected":false},"author":1002816,"featured_media":0,"parent":1658,"menu_order":1,"comment_status":"closed","ping_status":"closed","template":"template-full-width.php","meta":{"_seopress_robots_primary_cat":"","_seopress_titles_title":"","_seopress_titles_desc":"","_seopress_robots_index":"","footnotes":""},"class_list":["post-1674","page","type-page","status-publish","has-post-thumbnail"],"_links":{"self":[{"href":"https:\/\/wp.unil.ch\/bluemount\/wp-json\/wp\/v2\/pages\/1674","targetHints":{"allow":["GET"]}}],"collection":[{"href":"https:\/\/wp.unil.ch\/bluemount\/wp-json\/wp\/v2\/pages"}],"about":[{"href":"https:\/\/wp.unil.ch\/bluemount\/wp-json\/wp\/v2\/types\/page"}],"author":[{"embeddable":true,"href":"https:\/\/wp.unil.ch\/bluemount\/wp-json\/wp\/v2\/users\/1002816"}],"replies":[{"embeddable":true,"href":"https:\/\/wp.unil.ch\/bluemount\/wp-json\/wp\/v2\/comments?post=1674"}],"version-history":[{"count":4,"href":"https:\/\/wp.unil.ch\/bluemount\/wp-json\/wp\/v2\/pages\/1674\/revisions"}],"predecessor-version":[{"id":1681,"href":"https:\/\/wp.unil.ch\/bluemount\/wp-json\/wp\/v2\/pages\/1674\/revisions\/1681"}],"up":[{"embeddable":true,"href":"https:\/\/wp.unil.ch\/bluemount\/wp-json\/wp\/v2\/pages\/1658"}],"wp:attachment":[{"href":"https:\/\/wp.unil.ch\/bluemount\/wp-json\/wp\/v2\/media?parent=1674"}],"curies":[{"name":"wp","href":"https:\/\/api.w.org\/{rel}","templated":true}]}}