{"id":1576,"date":"2024-06-25T11:16:57","date_gmt":"2024-06-25T09:16:57","guid":{"rendered":"https:\/\/wp.unil.ch\/bluemount\/?page_id=1576"},"modified":"2024-06-26T13:56:40","modified_gmt":"2024-06-26T11:56:40","slug":"partenaires-du-projet-labeau","status":"publish","type":"page","link":"https:\/\/wp.unil.ch\/bluemount\/projets\/labeau\/partenaires-du-projet-labeau\/","title":{"rendered":"Partenaires du projet LABEAU"},"content":{"rendered":"\n<p>Le projet LABEAU est men\u00e9 depuis 2020 par le Centre interdisciplinaire de recherche sur la montagne de l\u2019Universit\u00e9 de Lausanne (CIRM), sous la responsabilit\u00e9 du <a href=\"https:\/\/igd.unil.ch\/reynard\/\" target=\"_blank\" rel=\"noreferrer noopener\">Prof. Emmanuel Reynard<\/a>.<\/p>\n\n\n\n<p>Dans l\u2019<strong>Entremont<\/strong>, zone d\u2019\u00e9tude privil\u00e9gi\u00e9e, les partenaires du projet sont l\u2019Universit\u00e9 de Lausanne, le Jardin alpin Flore-Alpe, le Centre r\u00e9gional d\u2019\u00e9tude des populations alpines (CREPA), le Global Mountain Biodiversity Assessment (GMBA) et le groupe Altis. Dans les&nbsp;<strong>Parcs naturels r\u00e9gionaux<\/strong>, le CIRM collabore avec le bureau d\u2019\u00e9tude g\u00e9au environnements SA. Pour l\u2019\u00e9tude sur le couplage \u00ab&nbsp;eau&nbsp;\u00bb et \u00ab&nbsp;\u00e9nergie&nbsp;\u00bb, le CIRM collabore avec la HES-SO Valais-Wallis.<\/p>\n\n\n\n<p>Le projet LABEAU est soutenu par BlueArk Entremont et le Service des hautes \u00e9coles du canton du Valais.&nbsp;<\/p>\n\n\n\n<hr class=\"wp-block-separator has-alpha-channel-opacity\" \/>\n\n\n\n<h2 class=\"wp-block-heading has-text-color has-link-color wp-elements-abd0c086a427d827e1f81e82c3710abc\" style=\"color:#a144f3\">Partenaires<\/h2>\n\n\n\n<div class=\"wp-block-columns is-layout-flex wp-container-core-columns-is-layout-9d6595d7 wp-block-columns-is-layout-flex\">\n<div class=\"wp-block-column is-vertically-aligned-center has-background is-layout-flow wp-block-column-is-layout-flow\" style=\"background:linear-gradient(135deg,rgb(6,147,227) 0%,rgb(155,81,224) 66%,rgb(155,81,224) 100%)\">\n<p class=\"has-text-align-center has-background\" style=\"background:linear-gradient(135deg,rgb(6,147,227) 0%,rgb(155,81,224) 72%,rgb(155,81,224) 100%)\"><\/p>\n<\/div>\n\n\n\n<div class=\"wp-block-column is-vertically-aligned-center is-layout-flow wp-block-column-is-layout-flow\"><div class=\"wp-block-image\">\n<figure class=\"aligncenter size-full is-resized\"><img alt=\"\" loading=\"lazy\" decoding=\"async\" width=\"232\" height=\"103\" src=\"https:\/\/wp.unil.ch\/bluemount\/files\/2024\/06\/unilogo_bleu_72dpi.png\" alt=\"\" class=\"wp-image-1588\" style=\"width:224px;height:auto\" \/><\/figure>\n<\/div><\/div>\n\n\n\n<div class=\"wp-block-column is-vertically-aligned-center is-layout-flow wp-block-column-is-layout-flow\"><div class=\"wp-block-image\">\n<figure class=\"aligncenter size-full is-resized\"><img alt=\"\" loading=\"lazy\" decoding=\"async\" width=\"217\" height=\"113\" src=\"https:\/\/wp.unil.ch\/bluemount\/files\/2021\/12\/FloreAlp.jpg\" alt=\"\" class=\"wp-image-611\" style=\"width:223px;height:auto\" \/><\/figure>\n<\/div><\/div>\n<\/div>\n\n\n\n<div class=\"wp-block-columns is-layout-flex wp-container-core-columns-is-layout-9d6595d7 wp-block-columns-is-layout-flex\">\n<div class=\"wp-block-column is-vertically-aligned-center is-layout-flow wp-block-column-is-layout-flow\"><div class=\"wp-block-image\">\n<figure class=\"aligncenter size-full is-resized\"><img alt=\"\" loading=\"lazy\" decoding=\"async\" width=\"196\" height=\"100\" src=\"https:\/\/wp.unil.ch\/bluemount\/files\/2024\/06\/crepa_logo.png\" alt=\"\" class=\"wp-image-1589\" style=\"width:203px;height:auto\" \/><\/figure>\n<\/div><\/div>\n\n\n\n<div class=\"wp-block-column is-vertically-aligned-center is-layout-flow wp-block-column-is-layout-flow\"><div class=\"wp-block-image\">\n<figure class=\"aligncenter size-full is-resized\"><img alt=\"\" loading=\"lazy\" decoding=\"async\" width=\"210\" height=\"57\" src=\"https:\/\/wp.unil.ch\/bluemount\/files\/2021\/12\/logo-gmba-2016-web-210-pixel.png\" alt=\"\" class=\"wp-image-613\" style=\"width:228px;height:auto\" \/><\/figure>\n<\/div><\/div>\n\n\n\n<div class=\"wp-block-column is-vertically-aligned-center is-layout-flow wp-block-column-is-layout-flow\"><div class=\"wp-block-image\">\n<figure class=\"aligncenter size-large is-resized\"><img alt=\"\" loading=\"lazy\" decoding=\"async\" width=\"1024\" height=\"214\" src=\"https:\/\/wp.unil.ch\/bluemount\/files\/2024\/06\/ALTIS_H_RVB_L-1024x214.png\" alt=\"\" class=\"wp-image-1583\" style=\"width:156px;height:auto\" srcset=\"https:\/\/wp.unil.ch\/bluemount\/files\/2024\/06\/ALTIS_H_RVB_L-1024x214.png 1024w, https:\/\/wp.unil.ch\/bluemount\/files\/2024\/06\/ALTIS_H_RVB_L-300x63.png 300w, https:\/\/wp.unil.ch\/bluemount\/files\/2024\/06\/ALTIS_H_RVB_L-768x160.png 768w, https:\/\/wp.unil.ch\/bluemount\/files\/2024\/06\/ALTIS_H_RVB_L-540x113.png 540w, https:\/\/wp.unil.ch\/bluemount\/files\/2024\/06\/ALTIS_H_RVB_L-1080x226.png 1080w, https:\/\/wp.unil.ch\/bluemount\/files\/2024\/06\/ALTIS_H_RVB_L.png 1498w\" sizes=\"auto, (max-width: 1024px) 100vw, 1024px\" \/><\/figure>\n<\/div><\/div>\n<\/div>\n\n\n\n<div class=\"wp-block-columns is-layout-flex wp-container-core-columns-is-layout-9d6595d7 wp-block-columns-is-layout-flex\">\n<div class=\"wp-block-column is-vertically-aligned-center is-layout-flow wp-block-column-is-layout-flow\"><div class=\"wp-block-image\">\n<figure class=\"aligncenter size-full is-resized\"><img alt=\"\" loading=\"lazy\" decoding=\"async\" width=\"258\" height=\"189\" src=\"https:\/\/wp.unil.ch\/bluemount\/files\/2024\/06\/Geau.png\" alt=\"\" class=\"wp-image-1585\" style=\"width:140px;height:auto\" \/><\/figure>\n<\/div><\/div>\n\n\n\n<div class=\"wp-block-column is-vertically-aligned-center is-layout-flow wp-block-column-is-layout-flow\"><div class=\"wp-block-image\">\n<figure class=\"aligncenter size-full is-resized\"><img alt=\"\" loading=\"lazy\" decoding=\"async\" width=\"734\" height=\"326\" src=\"https:\/\/wp.unil.ch\/bluemount\/files\/2024\/06\/Capture-decran-2024-06-25-a-11.34.58.png\" alt=\"\" class=\"wp-image-1587\" style=\"width:187px;height:auto\" srcset=\"https:\/\/wp.unil.ch\/bluemount\/files\/2024\/06\/Capture-decran-2024-06-25-a-11.34.58.png 734w, https:\/\/wp.unil.ch\/bluemount\/files\/2024\/06\/Capture-decran-2024-06-25-a-11.34.58-300x133.png 300w, https:\/\/wp.unil.ch\/bluemount\/files\/2024\/06\/Capture-decran-2024-06-25-a-11.34.58-540x240.png 540w\" sizes=\"auto, (max-width: 734px) 100vw, 734px\" \/><\/figure>\n<\/div><\/div>\n\n\n\n<div class=\"wp-block-column is-vertically-aligned-center has-background is-layout-flow wp-block-column-is-layout-flow\" style=\"background:linear-gradient(135deg,rgb(6,147,227) 0%,rgb(155,81,224) 66%,rgb(155,81,224) 100%)\">\n<p class=\"has-text-align-center has-background\" style=\"background:linear-gradient(135deg,rgb(6,147,227) 0%,rgb(155,81,224) 72%,rgb(155,81,224) 100%)\"><\/p>\n<\/div>\n<\/div>\n\n\n\n<hr class=\"wp-block-separator has-alpha-channel-opacity\" \/>\n\n\n\n<h2 class=\"wp-block-heading has-text-color has-link-color wp-elements-c932255beb9ef5a1516b37ace8ec70aa\" style=\"color:#a144f3\">Financement<\/h2>\n\n\n\n<div class=\"wp-block-columns is-layout-flex wp-container-core-columns-is-layout-9d6595d7 wp-block-columns-is-layout-flex\">\n<div class=\"wp-block-column is-vertically-aligned-center is-layout-flow wp-block-column-is-layout-flow\"><div class=\"wp-block-image\">\n<figure class=\"aligncenter size-full is-resized\"><img alt=\"\" loading=\"lazy\" decoding=\"async\" width=\"640\" height=\"252\" src=\"https:\/\/wp.unil.ch\/bluemount\/files\/2024\/06\/Capture-decran-2024-06-25-a-11.52.40.png\" alt=\"\" class=\"wp-image-1598\" style=\"width:203px;height:auto\" srcset=\"https:\/\/wp.unil.ch\/bluemount\/files\/2024\/06\/Capture-decran-2024-06-25-a-11.52.40.png 640w, https:\/\/wp.unil.ch\/bluemount\/files\/2024\/06\/Capture-decran-2024-06-25-a-11.52.40-300x118.png 300w, https:\/\/wp.unil.ch\/bluemount\/files\/2024\/06\/Capture-decran-2024-06-25-a-11.52.40-540x213.png 540w\" sizes=\"auto, (max-width: 640px) 100vw, 640px\" \/><\/figure>\n<\/div><\/div>\n\n\n\n<div class=\"wp-block-column is-vertically-aligned-center is-layout-flow wp-block-column-is-layout-flow\"><div class=\"wp-block-image\">\n<figure class=\"aligncenter size-full is-resized\"><img alt=\"\" loading=\"lazy\" decoding=\"async\" width=\"400\" height=\"145\" src=\"https:\/\/wp.unil.ch\/bluemount\/files\/2024\/06\/BlueArk_fr.jpg\" alt=\"\" class=\"wp-image-1584\" style=\"width:208px;height:auto\" srcset=\"https:\/\/wp.unil.ch\/bluemount\/files\/2024\/06\/BlueArk_fr.jpg 400w, https:\/\/wp.unil.ch\/bluemount\/files\/2024\/06\/BlueArk_fr-300x109.jpg 300w\" sizes=\"auto, (max-width: 400px) 100vw, 400px\" \/><\/figure>\n<\/div><\/div>\n\n\n\n<div class=\"wp-block-column is-vertically-aligned-center is-layout-flow wp-block-column-is-layout-flow\"><div class=\"wp-block-image\">\n<figure class=\"aligncenter size-full is-resized\"><img alt=\"\" loading=\"lazy\" decoding=\"async\" width=\"1000\" height=\"915\" src=\"https:\/\/wp.unil.ch\/bluemount\/files\/2024\/06\/Logo-VS.png\" alt=\"\" class=\"wp-image-1586\" style=\"width:156px;height:auto\" srcset=\"https:\/\/wp.unil.ch\/bluemount\/files\/2024\/06\/Logo-VS.png 1000w, https:\/\/wp.unil.ch\/bluemount\/files\/2024\/06\/Logo-VS-300x275.png 300w, https:\/\/wp.unil.ch\/bluemount\/files\/2024\/06\/Logo-VS-768x703.png 768w, https:\/\/wp.unil.ch\/bluemount\/files\/2024\/06\/Logo-VS-540x494.png 540w\" sizes=\"auto, (max-width: 1000px) 100vw, 1000px\" \/><\/figure>\n<\/div><\/div>\n<\/div>\n\n\n\n<hr class=\"wp-block-separator has-alpha-channel-opacity\" \/>\n\n\n\n<h2 class=\"wp-block-heading has-text-color has-link-color wp-elements-07570370e5ed95b93292102a002a7265\" style=\"color:#a144f3\">Contact<\/h2>\n\n\n\n<p><a href=\"mailto:emmanuel.reynard@unil.ch\" target=\"_blank\" rel=\"noreferrer noopener\">Emmanuel Reynard<\/a><\/p>\n","protected":false},"excerpt":{"rendered":"<p>Le projet LABEAU est men\u00e9 depuis 2020 par le Centre interdisciplinaire de recherche sur la montagne de l\u2019Universit\u00e9 de Lausanne (CIRM), sous la responsabilit\u00e9 du Prof. Emmanuel Reynard.&hellip;<\/p>\n","protected":false},"author":1002816,"featured_media":1580,"parent":1553,"menu_order":1,"comment_status":"closed","ping_status":"closed","template":"template-full-width.php","meta":{"_seopress_robots_primary_cat":"","_seopress_titles_title":"","_seopress_titles_desc":"","_seopress_robots_index":"","footnotes":""},"class_list":["post-1576","page","type-page","status-publish","has-post-thumbnail"],"_links":{"self":[{"href":"https:\/\/wp.unil.ch\/bluemount\/wp-json\/wp\/v2\/pages\/1576","targetHints":{"allow":["GET"]}}],"collection":[{"href":"https:\/\/wp.unil.ch\/bluemount\/wp-json\/wp\/v2\/pages"}],"about":[{"href":"https:\/\/wp.unil.ch\/bluemount\/wp-json\/wp\/v2\/types\/page"}],"author":[{"embeddable":true,"href":"https:\/\/wp.unil.ch\/bluemount\/wp-json\/wp\/v2\/users\/1002816"}],"replies":[{"embeddable":true,"href":"https:\/\/wp.unil.ch\/bluemount\/wp-json\/wp\/v2\/comments?post=1576"}],"version-history":[{"count":5,"href":"https:\/\/wp.unil.ch\/bluemount\/wp-json\/wp\/v2\/pages\/1576\/revisions"}],"predecessor-version":[{"id":1806,"href":"https:\/\/wp.unil.ch\/bluemount\/wp-json\/wp\/v2\/pages\/1576\/revisions\/1806"}],"up":[{"embeddable":true,"href":"https:\/\/wp.unil.ch\/bluemount\/wp-json\/wp\/v2\/pages\/1553"}],"wp:featuredmedia":[{"embeddable":true,"href":"https:\/\/wp.unil.ch\/bluemount\/wp-json\/wp\/v2\/media\/1580"}],"wp:attachment":[{"href":"https:\/\/wp.unil.ch\/bluemount\/wp-json\/wp\/v2\/media?parent=1576"}],"curies":[{"name":"wp","href":"https:\/\/api.w.org\/{rel}","templated":true}]}}