{"id":1553,"date":"2024-06-25T10:29:32","date_gmt":"2024-06-25T08:29:32","guid":{"rendered":"https:\/\/wp.unil.ch\/bluemount\/?page_id=1553"},"modified":"2024-06-27T08:08:59","modified_gmt":"2024-06-27T06:08:59","slug":"labeau","status":"publish","type":"page","link":"https:\/\/wp.unil.ch\/bluemount\/projets\/labeau\/","title":{"rendered":"LABEAU"},"content":{"rendered":"\n<figure class=\"wp-block-image alignwide size-large\"><img alt=\"\" loading=\"lazy\" decoding=\"async\" width=\"1024\" height=\"679\" src=\"https:\/\/wp.unil.ch\/bluemount\/files\/2024\/06\/Chanpex-copie-1024x679.jpg\" alt=\"\" class=\"wp-image-1554\" srcset=\"https:\/\/wp.unil.ch\/bluemount\/files\/2024\/06\/Chanpex-copie-1024x679.jpg 1024w, https:\/\/wp.unil.ch\/bluemount\/files\/2024\/06\/Chanpex-copie-300x199.jpg 300w, https:\/\/wp.unil.ch\/bluemount\/files\/2024\/06\/Chanpex-copie-768x509.jpg 768w, https:\/\/wp.unil.ch\/bluemount\/files\/2024\/06\/Chanpex-copie-1536x1018.jpg 1536w, https:\/\/wp.unil.ch\/bluemount\/files\/2024\/06\/Chanpex-copie-540x358.jpg 540w, https:\/\/wp.unil.ch\/bluemount\/files\/2024\/06\/Chanpex-copie-1080x716.jpg 1080w, https:\/\/wp.unil.ch\/bluemount\/files\/2024\/06\/Chanpex-copie.jpg 1811w\" sizes=\"auto, (max-width: 1024px) 100vw, 1024px\" \/><figcaption class=\"wp-element-caption\"><em>Usages touristiques de l\u2019eau \u00e0 Champex-Lac<\/em><\/figcaption><\/figure>\n\n\n\n<h2 class=\"wp-block-heading alignwide has-text-color has-link-color wp-elements-752029c4943fec03c6644cef6db09220\" style=\"color:#a144f3\"><strong>Un observatoire des usages de l\u2019eau \u00e0 l\u2019\u00e9chelle r\u00e9gionale<\/strong><\/h2>\n\n\n\n<p>La&nbsp;<strong>gestion int\u00e9gr\u00e9e de l\u2019eau<\/strong>&nbsp;n\u00e9cessite de mobiliser des donn\u00e9es autant sur les&nbsp;<strong>ressources<\/strong>&nbsp;disponibles (eaux de surface, eaux souterraines) et leur disponibilit\u00e9 (eau sous forme solide, neige et glace, r\u00e9gimes hydrologiques) et sur les demandes en eau pour diff\u00e9rents&nbsp;<strong>usages<\/strong>&nbsp;(approvisionnement en eau potable, irrigation, production d\u2019\u00e9nergie, tourisme, etc.).<\/p>\n\n\n\n<p>En Suisse, notamment en raison de la structure f\u00e9d\u00e9rale du pays, il manque des donn\u00e9es sur les usages de l\u2019eau, homog\u00e9n\u00e9is\u00e9es et facilement accessibles, \u00e0 des \u00e9chelles temporelles fines. Cela pr\u00e9t\u00e9rite autant la mod\u00e9lisation du stress hydrique futur que la planification des infrastructures et des investissements.<\/p>\n\n\n\n<h2 class=\"wp-block-heading has-text-color has-link-color wp-elements-0bfefb70148829d946052cc69d485a37\" style=\"color:#a144f3\">Objectifs<\/h2>\n\n\n\n<p>Le projet&nbsp;<strong>LABEAU<\/strong>&nbsp;a pour but de d\u00e9velopper un laboratoire de monitoring des usages de l\u2019eau \u00e0 l\u2019\u00e9chelle r\u00e9gionale. Il vise plusieurs objectifs&nbsp;:&nbsp;<\/p>\n\n\n\n<ul style=\"background-color:#a144f224\" class=\"has-background wp-block-list\">\n<li>d\u00e9velopper des m\u00e9thodes de collecte et d\u2019analyse des usages de l\u2019eau \u00e0 l\u2019\u00e9chelle r\u00e9gionale&nbsp;;<\/li>\n\n\n\n<li>d\u00e9velopper des bases de donn\u00e9es des demandes en eau \u00e0 l\u2019\u00e9chelle r\u00e9gionale, \u00e0 une \u00e9chelle temporelle et spatiale fine, qui permettent de caract\u00e9riser les demandes en eau \u00e0 haute r\u00e9solution&nbsp;;&nbsp;<\/li>\n\n\n\n<li>mettre en place des protocoles de recherche interdisciplinaire et une instrumentation permettant de capturer la variabilit\u00e9 \u00e0 haute r\u00e9solution des demandes en eau&nbsp;;<\/li>\n\n\n\n<li>proposer des solutions innovantes concernant la gouvernance de l\u2019eau \u00e0 l\u2019\u00e9chelle r\u00e9gionale.<\/li>\n<\/ul>\n\n\n\n<div class=\"wp-block-group\"><div class=\"wp-block-group__inner-container is-layout-constrained wp-block-group-is-layout-constrained\">\n<h2 class=\"wp-block-heading alignwide has-text-align-center has-text-color has-link-color wp-elements-b4ddbef5f9cf1dba0bb9caa5b2c9edae\" style=\"color:#a144f3\">Pour en savoir plus<\/h2>\n\n\n\n<div class=\"wp-block-columns has-background is-layout-flex wp-container-core-columns-is-layout-9d6595d7 wp-block-columns-is-layout-flex\" style=\"background:linear-gradient(135deg,rgb(6,147,227) 0%,rgb(155,81,224) 76%,rgb(155,81,224) 100%)\">\n<div class=\"wp-block-column is-layout-flow wp-block-column-is-layout-flow\">\n<div class=\"wp-block-buttons is-content-justification-center is-layout-flex wp-container-core-buttons-is-layout-16018d1d wp-block-buttons-is-layout-flex\">\n<div class=\"wp-block-button\"><a class=\"wp-block-button__link has-primary-color has-background-background-color has-text-color has-background has-link-color wp-element-button\" href=\"https:\/\/wp.unil.ch\/bluemount\/partenaires-du-projet-labeau\/\">Partenaires<\/a><\/div>\n<\/div>\n<\/div>\n\n\n\n<div class=\"wp-block-column is-layout-flow wp-block-column-is-layout-flow\">\n<div class=\"wp-block-buttons is-content-justification-center is-layout-flex wp-container-core-buttons-is-layout-16018d1d wp-block-buttons-is-layout-flex\">\n<div class=\"wp-block-button\"><a class=\"wp-block-button__link has-primary-color has-background-background-color has-text-color has-background has-link-color wp-element-button\" href=\"https:\/\/wp.unil.ch\/bluemount\/projets\/labeau\/resultats-labeau\/\">R\u00e9sultats<\/a><\/div>\n<\/div>\n<\/div>\n<\/div>\n<\/div><\/div>\n","protected":false},"excerpt":{"rendered":"<p>Un observatoire des usages de l\u2019eau \u00e0 l\u2019\u00e9chelle r\u00e9gionale La&nbsp;gestion int\u00e9gr\u00e9e de l\u2019eau&nbsp;n\u00e9cessite de mobiliser des donn\u00e9es autant sur les&nbsp;ressources&nbsp;disponibles (eaux de surface, eaux souterraines) et leur disponibilit\u00e9&hellip;<\/p>\n","protected":false},"author":1002816,"featured_media":0,"parent":1496,"menu_order":4,"comment_status":"closed","ping_status":"closed","template":"template-full-width.php","meta":{"_seopress_robots_primary_cat":"","_seopress_titles_title":"","_seopress_titles_desc":"","_seopress_robots_index":"","footnotes":""},"class_list":["post-1553","page","type-page","status-publish","has-post-thumbnail"],"_links":{"self":[{"href":"https:\/\/wp.unil.ch\/bluemount\/wp-json\/wp\/v2\/pages\/1553","targetHints":{"allow":["GET"]}}],"collection":[{"href":"https:\/\/wp.unil.ch\/bluemount\/wp-json\/wp\/v2\/pages"}],"about":[{"href":"https:\/\/wp.unil.ch\/bluemount\/wp-json\/wp\/v2\/types\/page"}],"author":[{"embeddable":true,"href":"https:\/\/wp.unil.ch\/bluemount\/wp-json\/wp\/v2\/users\/1002816"}],"replies":[{"embeddable":true,"href":"https:\/\/wp.unil.ch\/bluemount\/wp-json\/wp\/v2\/comments?post=1553"}],"version-history":[{"count":5,"href":"https:\/\/wp.unil.ch\/bluemount\/wp-json\/wp\/v2\/pages\/1553\/revisions"}],"predecessor-version":[{"id":1890,"href":"https:\/\/wp.unil.ch\/bluemount\/wp-json\/wp\/v2\/pages\/1553\/revisions\/1890"}],"up":[{"embeddable":true,"href":"https:\/\/wp.unil.ch\/bluemount\/wp-json\/wp\/v2\/pages\/1496"}],"wp:attachment":[{"href":"https:\/\/wp.unil.ch\/bluemount\/wp-json\/wp\/v2\/media?parent=1553"}],"curies":[{"name":"wp","href":"https:\/\/api.w.org\/{rel}","templated":true}]}}