{"id":1496,"date":"2024-06-24T09:47:24","date_gmt":"2024-06-24T07:47:24","guid":{"rendered":"https:\/\/wp.unil.ch\/bluemount\/?page_id=1496"},"modified":"2024-09-23T21:45:33","modified_gmt":"2024-09-23T19:45:33","slug":"projets","status":"publish","type":"page","link":"https:\/\/wp.unil.ch\/bluemount\/projets\/","title":{"rendered":"Projets"},"content":{"rendered":"\n<p>Au travers de ses diff\u00e9rents projets, BlueMount tente d&rsquo;apporter aux diff\u00e9rents secteurs de l&rsquo;administration publique des donn\u00e9es scientifiques facilement exploitables. Tous les secteurs sont concern\u00e9s, de l&rsquo;agriculture au tourisme en passant par la biodiversit\u00e9.<\/p>\n\n\n\n<h2 class=\"wp-block-heading alignwide has-text-color has-link-color wp-elements-9639ff1dc910f020ae8def14b3123e47\" style=\"color:#a144f3\">Les projets<\/h2>\n\n\n\n<div class=\"wp-block-columns alignwide are-vertically-aligned-center is-layout-flex wp-container-core-columns-is-layout-9d6595d7 wp-block-columns-is-layout-flex\">\n<div class=\"wp-block-column is-vertically-aligned-center is-layout-flow wp-block-column-is-layout-flow\">\n<div class=\"wp-block-group is-vertical is-content-justification-stretch is-layout-flex wp-container-core-group-is-layout-1761496b wp-block-group-is-layout-flex\">\n<div class=\"wp-block-cover\" style=\"min-height:263px;aspect-ratio:unset;\"><span aria-hidden=\"true\" class=\"wp-block-cover__background has-background-dim\" style=\"background-color:#747b8a\"><\/span><img alt=\"\" loading=\"lazy\" decoding=\"async\" width=\"1600\" height=\"1200\" class=\"wp-block-cover__image-background wp-image-1345\" alt=\"\" src=\"https:\/\/wp.unil.ch\/bluemount\/files\/2024\/06\/IMG_1850.jpeg\" style=\"object-position:51% 12%\" data-object-fit=\"cover\" data-object-position=\"51% 12%\" srcset=\"https:\/\/wp.unil.ch\/bluemount\/files\/2024\/06\/IMG_1850.jpeg 1600w, https:\/\/wp.unil.ch\/bluemount\/files\/2024\/06\/IMG_1850-300x225.jpeg 300w, https:\/\/wp.unil.ch\/bluemount\/files\/2024\/06\/IMG_1850-1024x768.jpeg 1024w, https:\/\/wp.unil.ch\/bluemount\/files\/2024\/06\/IMG_1850-768x576.jpeg 768w, https:\/\/wp.unil.ch\/bluemount\/files\/2024\/06\/IMG_1850-1536x1152.jpeg 1536w, https:\/\/wp.unil.ch\/bluemount\/files\/2024\/06\/IMG_1850-540x405.jpeg 540w, https:\/\/wp.unil.ch\/bluemount\/files\/2024\/06\/IMG_1850-1080x810.jpeg 1080w\" sizes=\"auto, (max-width: 1600px) 100vw, 1600px\" \/><div class=\"wp-block-cover__inner-container is-layout-flow wp-block-cover-is-layout-flow\">\n<h2 class=\"wp-block-heading has-text-align-center has-background-color has-text-color has-link-color has-large-font-size wp-elements-9ac3ebe7c8cee3b99ae8151af9fe86d5\"><a href=\"https:\/\/wp.unil.ch\/bluemount\/projets\/4c\/\">\u00ab\u00a04<strong>\u00b0<\/strong>C ou +\u00a0\u00bb<\/a><\/h2>\n\n\n\n<p class=\"has-text-align-center\">Quels paysages aux horizons 2050 et 2010?<\/p>\n<\/div><\/div>\n\n\n\n<div class=\"wp-block-cover is-light\" style=\"min-height:239px;aspect-ratio:unset;\"><span aria-hidden=\"true\" class=\"wp-block-cover__background has-background-dim\" style=\"background-color:#6b8cae\"><\/span><img alt=\"\" loading=\"lazy\" decoding=\"async\" width=\"1600\" height=\"1200\" class=\"wp-block-cover__image-background wp-image-1334\" alt=\"\" src=\"https:\/\/wp.unil.ch\/bluemount\/files\/2024\/06\/IMG_0066.jpeg\" style=\"object-position:55% 18%\" data-object-fit=\"cover\" data-object-position=\"55% 18%\" srcset=\"https:\/\/wp.unil.ch\/bluemount\/files\/2024\/06\/IMG_0066.jpeg 1600w, https:\/\/wp.unil.ch\/bluemount\/files\/2024\/06\/IMG_0066-300x225.jpeg 300w, https:\/\/wp.unil.ch\/bluemount\/files\/2024\/06\/IMG_0066-1024x768.jpeg 1024w, https:\/\/wp.unil.ch\/bluemount\/files\/2024\/06\/IMG_0066-768x576.jpeg 768w, https:\/\/wp.unil.ch\/bluemount\/files\/2024\/06\/IMG_0066-1536x1152.jpeg 1536w, https:\/\/wp.unil.ch\/bluemount\/files\/2024\/06\/IMG_0066-540x405.jpeg 540w, https:\/\/wp.unil.ch\/bluemount\/files\/2024\/06\/IMG_0066-1080x810.jpeg 1080w\" sizes=\"auto, (max-width: 1600px) 100vw, 1600px\" \/><div class=\"wp-block-cover__inner-container is-layout-flow wp-block-cover-is-layout-flow\">\n<h2 class=\"wp-block-heading has-text-align-center has-background-color has-text-color has-link-color has-large-font-size wp-elements-1698c2a1a978f2c885c4422c2dea67d1\"><a href=\"https:\/\/wp.unil.ch\/bluemount\/?page_id=1854\">MARGES PROGLACIAIRES<\/a><\/h2>\n\n\n\n<p class=\"has-text-align-center has-background-color has-text-color has-link-color wp-elements-c987343eb31b34fd7e44df2c6e06a9d5\">Notre projet sur les marges proglaciaires<\/p>\n<\/div><\/div>\n<\/div>\n<\/div>\n\n\n\n<div class=\"wp-block-column is-vertically-aligned-center is-layout-flow wp-block-column-is-layout-flow\">\n<div class=\"wp-block-group is-vertical is-content-justification-stretch is-layout-flex wp-container-core-group-is-layout-1761496b wp-block-group-is-layout-flex\">\n<div class=\"wp-block-cover is-light\" style=\"min-height:261px;aspect-ratio:unset;\"><span aria-hidden=\"true\" class=\"wp-block-cover__background has-background-dim\" style=\"background-color:#758a82\"><\/span><img alt=\"\" loading=\"lazy\" decoding=\"async\" width=\"1600\" height=\"1200\" class=\"wp-block-cover__image-background wp-image-1355\" alt=\"\" src=\"https:\/\/wp.unil.ch\/bluemount\/files\/2024\/06\/IMG_8993.jpeg\" style=\"object-position:64% 42%\" data-object-fit=\"cover\" data-object-position=\"64% 42%\" srcset=\"https:\/\/wp.unil.ch\/bluemount\/files\/2024\/06\/IMG_8993.jpeg 1600w, https:\/\/wp.unil.ch\/bluemount\/files\/2024\/06\/IMG_8993-300x225.jpeg 300w, https:\/\/wp.unil.ch\/bluemount\/files\/2024\/06\/IMG_8993-1024x768.jpeg 1024w, https:\/\/wp.unil.ch\/bluemount\/files\/2024\/06\/IMG_8993-768x576.jpeg 768w, https:\/\/wp.unil.ch\/bluemount\/files\/2024\/06\/IMG_8993-1536x1152.jpeg 1536w, https:\/\/wp.unil.ch\/bluemount\/files\/2024\/06\/IMG_8993-540x405.jpeg 540w, https:\/\/wp.unil.ch\/bluemount\/files\/2024\/06\/IMG_8993-1080x810.jpeg 1080w\" sizes=\"auto, (max-width: 1600px) 100vw, 1600px\" \/><div class=\"wp-block-cover__inner-container is-layout-flow wp-block-cover-is-layout-flow\">\n<h2 class=\"wp-block-heading has-text-align-center has-background-color has-text-color has-link-color has-large-font-size wp-elements-cb94c138a03bb6316571f0dbc1ee536a\"><a href=\"https:\/\/wp.unil.ch\/bluemount\/projets\/odile\/\">ODILE<\/a><\/h2>\n\n\n\n<p class=\"has-text-align-center has-background-color has-text-color has-link-color wp-elements-b99ea5f1db567f80bf5e96e99e225cc4\">Optimisation de l&rsquo;irrigation dans l&rsquo;Entremont<\/p>\n<\/div><\/div>\n\n\n\n<div class=\"wp-block-cover is-light\" style=\"min-height:243px;aspect-ratio:unset;\"><span aria-hidden=\"true\" class=\"wp-block-cover__background has-background-dim\" style=\"background-color:#819192\"><\/span><img alt=\"\" loading=\"lazy\" decoding=\"async\" width=\"1811\" height=\"1200\" class=\"wp-block-cover__image-background wp-image-1736\" alt=\"\" src=\"https:\/\/wp.unil.ch\/bluemount\/files\/2024\/06\/Sionne-copie.jpg\" style=\"object-position:46% 16%\" data-object-fit=\"cover\" data-object-position=\"46% 16%\" srcset=\"https:\/\/wp.unil.ch\/bluemount\/files\/2024\/06\/Sionne-copie.jpg 1811w, https:\/\/wp.unil.ch\/bluemount\/files\/2024\/06\/Sionne-copie-300x199.jpg 300w, https:\/\/wp.unil.ch\/bluemount\/files\/2024\/06\/Sionne-copie-1024x679.jpg 1024w, https:\/\/wp.unil.ch\/bluemount\/files\/2024\/06\/Sionne-copie-768x509.jpg 768w, https:\/\/wp.unil.ch\/bluemount\/files\/2024\/06\/Sionne-copie-1536x1018.jpg 1536w, https:\/\/wp.unil.ch\/bluemount\/files\/2024\/06\/Sionne-copie-540x358.jpg 540w, https:\/\/wp.unil.ch\/bluemount\/files\/2024\/06\/Sionne-copie-1080x716.jpg 1080w\" sizes=\"auto, (max-width: 1811px) 100vw, 1811px\" \/><div class=\"wp-block-cover__inner-container is-layout-flow wp-block-cover-is-layout-flow\">\n<h2 class=\"wp-block-heading has-text-align-center has-background-color has-text-color has-link-color has-large-font-size wp-elements-17c698ed521ab1b27a173397551f2112\"><a href=\"https:\/\/wp.unil.ch\/bluemount\/projets\/labeau\/\">LABEAU<\/a><\/h2>\n\n\n\n<p class=\"has-text-align-center has-background-color has-text-color has-link-color wp-elements-a7054461f757f9386e5059e291674e29\">Compteurs connect\u00e9s et consommation d&rsquo;eau<\/p>\n<\/div><\/div>\n<\/div>\n<\/div>\n<\/div>\n\n\n\n<hr class=\"wp-block-separator alignwide has-alpha-channel-opacity\" \/>\n\n\n\n<p><\/p>\n","protected":false},"excerpt":{"rendered":"<p>Au travers de ses diff\u00e9rents projets, BlueMount tente d&rsquo;apporter aux diff\u00e9rents secteurs de l&rsquo;administration publique des donn\u00e9es scientifiques facilement exploitables. Tous les secteurs sont concern\u00e9s, de l&rsquo;agriculture au&hellip;<\/p>\n","protected":false},"author":1002816,"featured_media":1350,"parent":0,"menu_order":0,"comment_status":"closed","ping_status":"closed","template":"template-full-width-cover.php","meta":{"_seopress_robots_primary_cat":"","_seopress_titles_title":"","_seopress_titles_desc":"","_seopress_robots_index":"","footnotes":""},"class_list":["post-1496","page","type-page","status-publish","has-post-thumbnail"],"_links":{"self":[{"href":"https:\/\/wp.unil.ch\/bluemount\/wp-json\/wp\/v2\/pages\/1496","targetHints":{"allow":["GET"]}}],"collection":[{"href":"https:\/\/wp.unil.ch\/bluemount\/wp-json\/wp\/v2\/pages"}],"about":[{"href":"https:\/\/wp.unil.ch\/bluemount\/wp-json\/wp\/v2\/types\/page"}],"author":[{"embeddable":true,"href":"https:\/\/wp.unil.ch\/bluemount\/wp-json\/wp\/v2\/users\/1002816"}],"replies":[{"embeddable":true,"href":"https:\/\/wp.unil.ch\/bluemount\/wp-json\/wp\/v2\/comments?post=1496"}],"version-history":[{"count":5,"href":"https:\/\/wp.unil.ch\/bluemount\/wp-json\/wp\/v2\/pages\/1496\/revisions"}],"predecessor-version":[{"id":1940,"href":"https:\/\/wp.unil.ch\/bluemount\/wp-json\/wp\/v2\/pages\/1496\/revisions\/1940"}],"wp:featuredmedia":[{"embeddable":true,"href":"https:\/\/wp.unil.ch\/bluemount\/wp-json\/wp\/v2\/media\/1350"}],"wp:attachment":[{"href":"https:\/\/wp.unil.ch\/bluemount\/wp-json\/wp\/v2\/media?parent=1496"}],"curies":[{"name":"wp","href":"https:\/\/api.w.org\/{rel}","templated":true}]}}