{"id":1478,"date":"2024-06-22T10:41:52","date_gmt":"2024-06-22T08:41:52","guid":{"rendered":"https:\/\/wp.unil.ch\/bluemount\/?page_id=1478"},"modified":"2024-09-23T17:52:49","modified_gmt":"2024-09-23T15:52:49","slug":"interface-physique","status":"publish","type":"page","link":"https:\/\/wp.unil.ch\/bluemount\/a-propos\/axes-de-developpement\/interface-physique\/","title":{"rendered":"Interface physique"},"content":{"rendered":"\n<h2 class=\"wp-block-heading alignwide has-text-align-center has-background-color has-text-color has-background has-link-color wp-elements-9186862a1c27b59c4c5ba765575ca8af\" style=\"background:linear-gradient(135deg,rgb(6,147,227) 0%,rgb(155,81,224) 83%,rgb(155,81,224) 100%)\">Ateliers prospectifs<\/h2>\n\n\n\n<div class=\"wp-block-columns alignwide is-layout-flex wp-container-core-columns-is-layout-9d6595d7 wp-block-columns-is-layout-flex\">\n<div class=\"wp-block-column is-layout-flow wp-block-column-is-layout-flow\">\n<h3 class=\"wp-block-heading has-text-align-center has-text-color has-link-color wp-elements-c3bf847568b43cee101cafb1b7115e4d\" style=\"color:#a144f3\">Chercheur\u00b7e\u00b7s<\/h3>\n\n\n\n<h4 class=\"wp-block-heading has-text-align-center has-primary-color has-text-color has-link-color wp-elements-6084561c6182830d6e78882c8cfdf9ee\">(2022)<\/h4>\n\n\n\n<ul class=\"wp-block-list\">\n<li>Organis\u00e9 par le CIRM.<\/li>\n\n\n\n<li>But : r\u00e9unir les chercheur\u00b7e\u00b7s travaillant sur l\u2019Entremont et r\u00e9fl\u00e9chir aux synergies.<\/li>\n\n\n\n<li>17 projets pr\u00e9sent\u00e9s.<\/li>\n\n\n\n<li>D\u00e9cision d&rsquo;aller \u00e0 la rencontre des acteurs du territoire.<\/li>\n<\/ul>\n<\/div>\n\n\n\n<div class=\"wp-block-column is-layout-flow wp-block-column-is-layout-flow\">\n<h3 class=\"wp-block-heading has-text-align-center has-text-color has-link-color wp-elements-f7d466282c6677808247d191769817ec\" style=\"color:#a144f3\">Chercheur\u00b7e\u00b7s + acteurs<\/h3>\n\n\n\n<h4 class=\"wp-block-heading has-text-align-center has-primary-color has-text-color has-link-color wp-elements-72098c26a8ec5608f6196424cedcceca\">(2023)<\/h4>\n\n\n\n<ul class=\"wp-block-list\">\n<li>Organis\u00e9 par le CIRM,&nbsp;Crepa, HES-SO Valais,&nbsp;BlueArk, Flore-Alpe et&nbsp;Mus\u00e9e&nbsp;de Bagnes.<\/li>\n\n\n\n<li>But : pr\u00e9senter les projets, r\u00e9colter les avis sur comment la recherche peut-elle r\u00e9pondre aux enjeux territoriaux.<\/li>\n<\/ul>\n<\/div>\n\n\n\n<div class=\"wp-block-column is-layout-flow wp-block-column-is-layout-flow\">\n<h3 class=\"wp-block-heading has-text-align-center has-text-color has-link-color wp-elements-ec7584eb5b9ececd28a3fbc772fcadb1\" style=\"color:#a144f3\">Pr\u00e9fets et communes<\/h3>\n\n\n\n<h4 class=\"wp-block-heading has-text-align-center has-primary-color has-text-color has-link-color wp-elements-9080f76ba2ec27f1501ff83601db72ed\">(2024)<\/h4>\n\n\n\n<ul class=\"wp-block-list\">\n<li>Pr\u00e9sentation et \u00e9changes r\u00e9guli\u00e8res sur les recherches en cours et leur int\u00e9gration dans les politiques li\u00e9es \u00e0 la durabilit\u00e9.<\/li>\n<\/ul>\n<\/div>\n<\/div>\n\n\n\n<h2 class=\"wp-block-heading alignwide has-text-align-center has-background-color has-text-color has-background has-link-color wp-elements-d1bb882e2f1263b5ca3a8a4829516d8f\" style=\"background:linear-gradient(135deg,rgb(6,147,227) 0%,rgb(155,81,224) 83%,rgb(155,81,224) 100%)\">Ateliers de synth\u00e8se<\/h2>\n\n\n\n<div class=\"wp-block-columns alignwide is-layout-flex wp-container-core-columns-is-layout-9d6595d7 wp-block-columns-is-layout-flex\">\n<div class=\"wp-block-column is-layout-flow wp-block-column-is-layout-flow\">\n<h3 class=\"wp-block-heading has-text-align-center has-text-color has-link-color wp-elements-397bbbed57cb5b1c2f48848da3626a85\" style=\"color:#a144f3\"><a href=\"https:\/\/agenda.unil.ch\/display\/1688377804790\">Les glaciers : regards transdisciplinaires sur les enjeux actuels<\/a><\/h3>\n\n\n\n<h4 class=\"wp-block-heading has-text-align-center has-primary-color has-text-color has-link-color wp-elements-3566eecdf59650259655cb0ca31803e7\">(UniL site de Sion, 27 Septembre 2023)<\/h4>\n\n\n\n<figure class=\"wp-block-image size-full\"><img alt=\"\" loading=\"lazy\" decoding=\"async\" width=\"1600\" height=\"1200\" src=\"https:\/\/wp.unil.ch\/bluemount\/files\/2024\/06\/IMG_0066.jpeg\" alt=\"\" class=\"wp-image-1334\" srcset=\"https:\/\/wp.unil.ch\/bluemount\/files\/2024\/06\/IMG_0066.jpeg 1600w, https:\/\/wp.unil.ch\/bluemount\/files\/2024\/06\/IMG_0066-300x225.jpeg 300w, https:\/\/wp.unil.ch\/bluemount\/files\/2024\/06\/IMG_0066-1024x768.jpeg 1024w, https:\/\/wp.unil.ch\/bluemount\/files\/2024\/06\/IMG_0066-768x576.jpeg 768w, https:\/\/wp.unil.ch\/bluemount\/files\/2024\/06\/IMG_0066-1536x1152.jpeg 1536w, https:\/\/wp.unil.ch\/bluemount\/files\/2024\/06\/IMG_0066-540x405.jpeg 540w, https:\/\/wp.unil.ch\/bluemount\/files\/2024\/06\/IMG_0066-1080x810.jpeg 1080w\" sizes=\"auto, (max-width: 1600px) 100vw, 1600px\" \/><\/figure>\n<\/div>\n\n\n\n<div class=\"wp-block-column is-layout-flow wp-block-column-is-layout-flow\">\n<h3 class=\"wp-block-heading has-text-align-center has-text-color has-link-color wp-elements-5e17b4dac921d8e0ac7ff4402e746de7\" style=\"color:#a144f3\">S\u00e9ance d&rsquo;\u00e9change entre les projets sur les marges proglaciaires en Valais<\/h3>\n\n\n\n<h4 class=\"wp-block-heading has-text-align-center has-primary-color has-text-color has-link-color wp-elements-9080f76ba2ec27f1501ff83601db72ed\">(2024)<\/h4>\n\n\n\n<figure class=\"wp-block-image size-full\"><img alt=\"\" loading=\"lazy\" decoding=\"async\" width=\"690\" height=\"521\" src=\"https:\/\/wp.unil.ch\/bluemount\/files\/2024\/06\/Atelier-synthese-2.jpg\" alt=\"\" class=\"wp-image-1491\" srcset=\"https:\/\/wp.unil.ch\/bluemount\/files\/2024\/06\/Atelier-synthese-2.jpg 690w, https:\/\/wp.unil.ch\/bluemount\/files\/2024\/06\/Atelier-synthese-2-300x227.jpg 300w, https:\/\/wp.unil.ch\/bluemount\/files\/2024\/06\/Atelier-synthese-2-540x408.jpg 540w\" sizes=\"auto, (max-width: 690px) 100vw, 690px\" \/><\/figure>\n<\/div>\n<\/div>\n","protected":false},"excerpt":{"rendered":"<p>Ateliers prospectifs Chercheur\u00b7e\u00b7s (2022) Chercheur\u00b7e\u00b7s + acteurs (2023) Pr\u00e9fets et communes (2024) Ateliers de synth\u00e8se Les glaciers : regards transdisciplinaires sur les enjeux actuels (UniL site de Sion,&hellip;<\/p>\n","protected":false},"author":1002816,"featured_media":1339,"parent":1465,"menu_order":2,"comment_status":"closed","ping_status":"closed","template":"template-full-width-cover.php","meta":{"_seopress_robots_primary_cat":"","_seopress_titles_title":"","_seopress_titles_desc":"","_seopress_robots_index":"","footnotes":""},"class_list":["post-1478","page","type-page","status-publish","has-post-thumbnail"],"_links":{"self":[{"href":"https:\/\/wp.unil.ch\/bluemount\/wp-json\/wp\/v2\/pages\/1478","targetHints":{"allow":["GET"]}}],"collection":[{"href":"https:\/\/wp.unil.ch\/bluemount\/wp-json\/wp\/v2\/pages"}],"about":[{"href":"https:\/\/wp.unil.ch\/bluemount\/wp-json\/wp\/v2\/types\/page"}],"author":[{"embeddable":true,"href":"https:\/\/wp.unil.ch\/bluemount\/wp-json\/wp\/v2\/users\/1002816"}],"replies":[{"embeddable":true,"href":"https:\/\/wp.unil.ch\/bluemount\/wp-json\/wp\/v2\/comments?post=1478"}],"version-history":[{"count":5,"href":"https:\/\/wp.unil.ch\/bluemount\/wp-json\/wp\/v2\/pages\/1478\/revisions"}],"predecessor-version":[{"id":1937,"href":"https:\/\/wp.unil.ch\/bluemount\/wp-json\/wp\/v2\/pages\/1478\/revisions\/1937"}],"up":[{"embeddable":true,"href":"https:\/\/wp.unil.ch\/bluemount\/wp-json\/wp\/v2\/pages\/1465"}],"wp:featuredmedia":[{"embeddable":true,"href":"https:\/\/wp.unil.ch\/bluemount\/wp-json\/wp\/v2\/media\/1339"}],"wp:attachment":[{"href":"https:\/\/wp.unil.ch\/bluemount\/wp-json\/wp\/v2\/media?parent=1478"}],"curies":[{"name":"wp","href":"https:\/\/api.w.org\/{rel}","templated":true}]}}