{"id":1465,"date":"2024-06-22T10:20:23","date_gmt":"2024-06-22T08:20:23","guid":{"rendered":"https:\/\/wp.unil.ch\/bluemount\/?page_id=1465"},"modified":"2024-06-26T12:22:17","modified_gmt":"2024-06-26T10:22:17","slug":"axes-de-developpement","status":"publish","type":"page","link":"https:\/\/wp.unil.ch\/bluemount\/a-propos\/axes-de-developpement\/","title":{"rendered":"Axes de d\u00e9veloppement"},"content":{"rendered":"\n<h2 class=\"wp-block-heading has-text-align-center has-text-color has-link-color wp-elements-38f7e0bd521603d06649608895a2f0b4\" style=\"color:#a144f3\">Deux types d&rsquo;interfaces<\/h2>\n\n\n\n<p>Le projet BlueMount vise le d\u00e9veloppement de deux types d\u2019interfaces entre chercheurs et acteurs des territoires de montagne.<\/p>\n\n\n\n<div class=\"wp-block-columns alignwide is-layout-flex wp-container-core-columns-is-layout-9d6595d7 wp-block-columns-is-layout-flex\">\n<div class=\"wp-block-column is-layout-flow wp-block-column-is-layout-flow\">\n<h2 class=\"wp-block-heading has-text-align-center has-text-color has-link-color wp-elements-ad21377759627b0c0165e03077fb26ce\" style=\"color:#a144f3\">Interface num\u00e9rique<\/h2>\n\n\n\n<p>Elle est d\u00e9velopp\u00e9e via des outils de visualisation digitale :<\/p>\n\n\n\n<p>\u2022Navigateur en ligne des connaissances sur la montagne<\/p>\n\n\n\n<p>\u2022Thesaurus de l\u2019ensemble des articles scientifiques par mot cl\u00e9<\/p>\n<\/div>\n\n\n\n<div class=\"wp-block-column is-layout-flow wp-block-column-is-layout-flow\"><div class=\"wp-block-image\">\n<figure class=\"aligncenter size-large is-resized\"><img alt=\"\" loading=\"lazy\" decoding=\"async\" width=\"768\" height=\"1024\" src=\"https:\/\/wp.unil.ch\/bluemount\/files\/2024\/06\/IMG_1847-768x1024.jpeg\" alt=\"\" class=\"wp-image-1344\" style=\"width:255px;height:auto\" srcset=\"https:\/\/wp.unil.ch\/bluemount\/files\/2024\/06\/IMG_1847-768x1024.jpeg 768w, https:\/\/wp.unil.ch\/bluemount\/files\/2024\/06\/IMG_1847-225x300.jpeg 225w, https:\/\/wp.unil.ch\/bluemount\/files\/2024\/06\/IMG_1847-540x720.jpeg 540w, https:\/\/wp.unil.ch\/bluemount\/files\/2024\/06\/IMG_1847.jpeg 900w\" sizes=\"auto, (max-width: 768px) 100vw, 768px\" \/><\/figure>\n<\/div><\/div>\n\n\n\n<div class=\"wp-block-column is-layout-flow wp-block-column-is-layout-flow\">\n<h2 class=\"wp-block-heading has-text-align-center has-text-color has-link-color wp-elements-d1592da2cdaf03f01de4b215ff3b71a4\" style=\"color:#a144f3\">Interface physique<\/h2>\n\n\n\n<p>L&rsquo;interface physique est d\u00e9velopp\u00e9e via des :<\/p>\n\n\n\n<p>\u2022Ateliers d\u2019analyse prospective<\/p>\n\n\n\n<p>\u2022Ateliers de synth\u00e8se<\/p>\n<\/div>\n<\/div>\n\n\n\n<div class=\"wp-block-columns alignwide is-layout-flex wp-container-core-columns-is-layout-9d6595d7 wp-block-columns-is-layout-flex\">\n<div class=\"wp-block-column is-layout-flow wp-block-column-is-layout-flow\">\n<div class=\"wp-block-buttons is-content-justification-center is-layout-flex wp-container-core-buttons-is-layout-16018d1d wp-block-buttons-is-layout-flex\">\n<div class=\"wp-block-button\"><a class=\"wp-block-button__link has-background-color has-text-color has-background has-link-color wp-element-button\" href=\"https:\/\/wp.unil.ch\/bluemount\/?page_id=1787\" style=\"background-color:#a144f3\">Interface num\u00e9rique<\/a><\/div>\n<\/div>\n<\/div>\n\n\n\n<div class=\"wp-block-column is-layout-flow wp-block-column-is-layout-flow\"><\/div>\n\n\n\n<div class=\"wp-block-column is-layout-flow wp-block-column-is-layout-flow\">\n<div class=\"wp-block-buttons is-content-justification-center is-layout-flex wp-container-core-buttons-is-layout-16018d1d wp-block-buttons-is-layout-flex\">\n<div class=\"wp-block-button\"><a class=\"wp-block-button__link has-background-color has-text-color has-background has-link-color wp-element-button\" href=\"https:\/\/wp.unil.ch\/bluemount\/interface-physique\/\" style=\"background-color:#a144f3\">Interface physique<\/a><\/div>\n<\/div>\n<\/div>\n<\/div>\n\n\n\n<hr class=\"wp-block-separator has-alpha-channel-opacity\" \/>\n\n\n\n<div class=\"wp-block-columns alignwide is-layout-flex wp-container-core-columns-is-layout-9d6595d7 wp-block-columns-is-layout-flex\">\n<div class=\"wp-block-column is-layout-flow wp-block-column-is-layout-flow\">\n<div class=\"wp-block-group is-nowrap is-layout-flex wp-container-core-group-is-layout-ad2f72ca wp-block-group-is-layout-flex\">\n<figure class=\"wp-block-image size-full is-resized\"><img alt=\"\" loading=\"lazy\" decoding=\"async\" width=\"128\" height=\"112\" src=\"https:\/\/wp.unil.ch\/bluemount\/files\/2024\/06\/Capture-decran-2024-06-20-a-14.12.59.png\" alt=\"\" class=\"wp-image-1442\" style=\"width:29px;height:auto\" \/><\/figure>\n\n\n\n<p><a href=\"https:\/\/wp.unil.ch\/bluemount\/objectifs-operationnels\/\">Objectifs op\u00e9rationnels<\/a><\/p>\n<\/div>\n<\/div>\n\n\n\n<div class=\"wp-block-column is-layout-flow wp-block-column-is-layout-flow\">\n<div class=\"wp-block-group is-content-justification-right is-nowrap is-layout-flex wp-container-core-group-is-layout-fd526d70 wp-block-group-is-layout-flex\">\n<p class=\"has-text-align-right\"><a href=\"https:\/\/wp.unil.ch\/bluemount\/organisation-et-gouvernance\/\">Organisation et gouvernance<\/a><\/p>\n\n\n\n<figure class=\"wp-block-image size-full is-resized\"><img alt=\"\" loading=\"lazy\" decoding=\"async\" width=\"120\" height=\"120\" src=\"https:\/\/wp.unil.ch\/bluemount\/files\/2024\/06\/Capture-decran-2024-06-20-a-14.18.40.png\" alt=\"\" class=\"wp-image-1444\" style=\"width:27px;height:auto\" \/><\/figure>\n<\/div>\n<\/div>\n<\/div>\n\n\n\n<hr class=\"wp-block-separator has-alpha-channel-opacity\" \/>\n","protected":false},"excerpt":{"rendered":"<p>Deux types d&rsquo;interfaces Le projet BlueMount vise le d\u00e9veloppement de deux types d\u2019interfaces entre chercheurs et acteurs des territoires de montagne. Interface num\u00e9rique Elle est d\u00e9velopp\u00e9e via des&hellip;<\/p>\n","protected":false},"author":1002816,"featured_media":1335,"parent":1416,"menu_order":3,"comment_status":"closed","ping_status":"closed","template":"template-full-width-cover.php","meta":{"_seopress_robots_primary_cat":"","_seopress_titles_title":"","_seopress_titles_desc":"","_seopress_robots_index":"","footnotes":""},"class_list":["post-1465","page","type-page","status-publish","has-post-thumbnail"],"_links":{"self":[{"href":"https:\/\/wp.unil.ch\/bluemount\/wp-json\/wp\/v2\/pages\/1465","targetHints":{"allow":["GET"]}}],"collection":[{"href":"https:\/\/wp.unil.ch\/bluemount\/wp-json\/wp\/v2\/pages"}],"about":[{"href":"https:\/\/wp.unil.ch\/bluemount\/wp-json\/wp\/v2\/types\/page"}],"author":[{"embeddable":true,"href":"https:\/\/wp.unil.ch\/bluemount\/wp-json\/wp\/v2\/users\/1002816"}],"replies":[{"embeddable":true,"href":"https:\/\/wp.unil.ch\/bluemount\/wp-json\/wp\/v2\/comments?post=1465"}],"version-history":[{"count":5,"href":"https:\/\/wp.unil.ch\/bluemount\/wp-json\/wp\/v2\/pages\/1465\/revisions"}],"predecessor-version":[{"id":1790,"href":"https:\/\/wp.unil.ch\/bluemount\/wp-json\/wp\/v2\/pages\/1465\/revisions\/1790"}],"up":[{"embeddable":true,"href":"https:\/\/wp.unil.ch\/bluemount\/wp-json\/wp\/v2\/pages\/1416"}],"wp:featuredmedia":[{"embeddable":true,"href":"https:\/\/wp.unil.ch\/bluemount\/wp-json\/wp\/v2\/media\/1335"}],"wp:attachment":[{"href":"https:\/\/wp.unil.ch\/bluemount\/wp-json\/wp\/v2\/media?parent=1465"}],"curies":[{"name":"wp","href":"https:\/\/api.w.org\/{rel}","templated":true}]}}