{"id":1433,"date":"2024-06-20T14:47:40","date_gmt":"2024-06-20T12:47:40","guid":{"rendered":"https:\/\/wp.unil.ch\/bluemount\/?page_id=1433"},"modified":"2024-06-26T11:06:36","modified_gmt":"2024-06-26T09:06:36","slug":"organisation-et-gouvernance","status":"publish","type":"page","link":"https:\/\/wp.unil.ch\/bluemount\/a-propos\/organisation-et-gouvernance\/","title":{"rendered":"Organisation et gouvernance"},"content":{"rendered":"\n<div class=\"wp-block-columns alignwide is-layout-flex wp-container-core-columns-is-layout-9d6595d7 wp-block-columns-is-layout-flex\">\n<div class=\"wp-block-column is-layout-flow wp-block-column-is-layout-flow\">\n<p class=\"has-text-align-center has-background-color has-text-color has-background has-link-color wp-elements-154695f158434a2f49b83de124350ef2\" style=\"background:linear-gradient(135deg,rgb(6,147,227) 0%,rgb(155,81,224) 80%,rgb(155,81,224) 100%)\"><a href=\"https:\/\/wp.unil.ch\/bluemount\/au-sein-du-cirm\/\">Au sein du Centre interdisciplinaire de recherche sur la montagne<\/a><\/p>\n<\/div>\n<\/div>\n\n\n\n<div class=\"wp-block-columns alignwide is-layout-flex wp-container-core-columns-is-layout-9d6595d7 wp-block-columns-is-layout-flex\">\n<div class=\"wp-block-column is-layout-flow wp-block-column-is-layout-flow\">\n<p class=\"has-text-align-center has-background-color has-text-color has-background has-link-color wp-elements-871a76a8e3f15512480989217260fd01\" style=\"background:linear-gradient(135deg,rgb(6,147,227) 0%,rgb(155,81,224) 100%)\"><a href=\"https:\/\/wp.unil.ch\/bluemount\/organisation\/porteurs-de-projet\/\">\u00c9quipe<\/a><\/p>\n<\/div>\n\n\n\n<div class=\"wp-block-column is-layout-flow wp-block-column-is-layout-flow\">\n<p class=\"has-text-align-center has-background-color has-text-color has-background has-link-color wp-elements-1e3e6cc0ca0c13daa5c131ec002ecb0a\" style=\"background:linear-gradient(135deg,rgb(6,147,227) 0%,rgb(155,81,224) 86%,rgb(155,81,224) 100%)\"><a href=\"https:\/\/wp.unil.ch\/bluemount\/comite-de-pilotage\/\" data-type=\"page\" data-id=\"1388\">Comit\u00e9 de pilotage<\/a><\/p>\n<\/div>\n<\/div>\n\n\n\n<hr class=\"wp-block-separator alignwide has-alpha-channel-opacity\" \/>\n\n\n\n<div class=\"wp-block-columns alignwide is-layout-flex wp-container-core-columns-is-layout-9d6595d7 wp-block-columns-is-layout-flex\">\n<div class=\"wp-block-column is-layout-flow wp-block-column-is-layout-flow\">\n<div class=\"wp-block-group is-nowrap is-layout-flex wp-container-core-group-is-layout-ad2f72ca wp-block-group-is-layout-flex\">\n<figure class=\"wp-block-image size-full is-resized\"><img alt=\"\" loading=\"lazy\" decoding=\"async\" width=\"128\" height=\"112\" src=\"https:\/\/wp.unil.ch\/bluemount\/files\/2024\/06\/Capture-decran-2024-06-20-a-14.12.59.png\" alt=\"\" class=\"wp-image-1442\" style=\"width:29px;height:auto\" \/><\/figure>\n\n\n\n<p><a href=\"https:\/\/wp.unil.ch\/bluemount\/axes-de-developpement\/\">Axes de d\u00e9veloppement<\/a><\/p>\n<\/div>\n<\/div>\n\n\n\n<div class=\"wp-block-column is-layout-flow wp-block-column-is-layout-flow\">\n<div class=\"wp-block-group is-content-justification-right is-nowrap is-layout-flex wp-container-core-group-is-layout-fd526d70 wp-block-group-is-layout-flex\">\n<p class=\"has-text-align-right\"><\/p>\n<\/div>\n<\/div>\n<\/div>\n\n\n\n<hr class=\"wp-block-separator alignwide has-alpha-channel-opacity\" \/>\n","protected":false},"excerpt":{"rendered":"<p>Au sein du Centre interdisciplinaire de recherche sur la montagne \u00c9quipe Comit\u00e9 de pilotage Axes de d\u00e9veloppement<\/p>\n","protected":false},"author":1002816,"featured_media":1332,"parent":1416,"menu_order":4,"comment_status":"closed","ping_status":"closed","template":"template-full-width-cover.php","meta":{"_seopress_robots_primary_cat":"","_seopress_titles_title":"","_seopress_titles_desc":"","_seopress_robots_index":"","footnotes":""},"class_list":["post-1433","page","type-page","status-publish","has-post-thumbnail"],"_links":{"self":[{"href":"https:\/\/wp.unil.ch\/bluemount\/wp-json\/wp\/v2\/pages\/1433","targetHints":{"allow":["GET"]}}],"collection":[{"href":"https:\/\/wp.unil.ch\/bluemount\/wp-json\/wp\/v2\/pages"}],"about":[{"href":"https:\/\/wp.unil.ch\/bluemount\/wp-json\/wp\/v2\/types\/page"}],"author":[{"embeddable":true,"href":"https:\/\/wp.unil.ch\/bluemount\/wp-json\/wp\/v2\/users\/1002816"}],"replies":[{"embeddable":true,"href":"https:\/\/wp.unil.ch\/bluemount\/wp-json\/wp\/v2\/comments?post=1433"}],"version-history":[{"count":4,"href":"https:\/\/wp.unil.ch\/bluemount\/wp-json\/wp\/v2\/pages\/1433\/revisions"}],"predecessor-version":[{"id":1632,"href":"https:\/\/wp.unil.ch\/bluemount\/wp-json\/wp\/v2\/pages\/1433\/revisions\/1632"}],"up":[{"embeddable":true,"href":"https:\/\/wp.unil.ch\/bluemount\/wp-json\/wp\/v2\/pages\/1416"}],"wp:featuredmedia":[{"embeddable":true,"href":"https:\/\/wp.unil.ch\/bluemount\/wp-json\/wp\/v2\/media\/1332"}],"wp:attachment":[{"href":"https:\/\/wp.unil.ch\/bluemount\/wp-json\/wp\/v2\/media?parent=1433"}],"curies":[{"name":"wp","href":"https:\/\/api.w.org\/{rel}","templated":true}]}}