{"id":1409,"date":"2024-06-20T14:47:27","date_gmt":"2024-06-20T12:47:27","guid":{"rendered":"https:\/\/wp.unil.ch\/bluemount\/?page_id=1409"},"modified":"2024-06-26T17:10:40","modified_gmt":"2024-06-26T15:10:40","slug":"objectifs-operationnels","status":"publish","type":"page","link":"https:\/\/wp.unil.ch\/bluemount\/a-propos\/objectifs-operationnels\/","title":{"rendered":"Objectifs op\u00e9rationnels"},"content":{"rendered":"\n<h2 class=\"wp-block-heading has-text-color has-link-color wp-elements-0220e05e39a3029bcc343a2aa715914a\" style=\"color:#a144f3\">Nos objectifs op\u00e9rationnels<\/h2>\n\n\n\n<p class=\"has-background-color has-text-color has-background has-link-color wp-elements-d33d8bc1033d4f20c9eef1a7ac5a00b3\" style=\"background-color:#a144f3\">R\u00e9pondre aux sollicitations des acteurs du territoire, en particulier les administrations publiques, sur des questions socio-environnementales (e.g. solaire d\u2019altitude, multi-usages de la ressource en eau, conflits avec les grands pr\u00e9dateurs) en mobilisant les comp\u00e9tences scientifiques interdisciplinaires n\u00e9cessaires&nbsp;;<\/p>\n\n\n\n<p class=\"has-text-color has-link-color wp-elements-200042e760c066d6722d2c51147a371e\" style=\"color:#a144f3\">Stimuler et orienter la recherche interdisciplinaire par les questions et sollicitations des acteurs du territoire;<\/p>\n\n\n\n<p class=\"has-background-color has-text-color has-background has-link-color wp-elements-0c69b3a91c2341319622e24bcbabc296\" style=\"background-color:#a144f3\">Mettre en place un syst\u00e8me d\u2019information\u00a0des connaissances sur les syst\u00e8mes socio-environnementaux de montagne qui favorise la transdisciplinarit\u00e9 et les interactions\u00a0bi-directionnelles entre chercheurs et acteurs du territoire.\u00a0<\/p>\n\n\n\n<hr class=\"wp-block-separator alignwide has-alpha-channel-opacity\" \/>\n\n\n\n<div class=\"wp-block-columns alignwide is-layout-flex wp-container-core-columns-is-layout-9d6595d7 wp-block-columns-is-layout-flex\">\n<div class=\"wp-block-column is-layout-flow wp-block-column-is-layout-flow\">\n<div class=\"wp-block-group is-nowrap is-layout-flex wp-container-core-group-is-layout-ad2f72ca wp-block-group-is-layout-flex\">\n<figure class=\"wp-block-image size-full is-resized\"><img alt=\"\" loading=\"lazy\" decoding=\"async\" width=\"128\" height=\"112\" src=\"https:\/\/wp.unil.ch\/bluemount\/files\/2024\/06\/Capture-decran-2024-06-20-a-14.12.59.png\" alt=\"\" class=\"wp-image-1442\" style=\"width:29px;height:auto\" \/><\/figure>\n\n\n\n<p><a href=\"https:\/\/wp.unil.ch\/bluemount\/vision-et-missions\/\">Vision et missions<\/a><\/p>\n<\/div>\n<\/div>\n\n\n\n<div class=\"wp-block-column is-layout-flow wp-block-column-is-layout-flow\">\n<div class=\"wp-block-group is-content-justification-right is-nowrap is-layout-flex wp-container-core-group-is-layout-fd526d70 wp-block-group-is-layout-flex\">\n<p class=\"has-text-align-right\"><a href=\"https:\/\/wp.unil.ch\/bluemount\/axes-de-developpement\/\">Axes de d\u00e9veloppement<\/a><\/p>\n\n\n\n<figure class=\"wp-block-image size-full is-resized\"><img alt=\"\" loading=\"lazy\" decoding=\"async\" width=\"120\" height=\"120\" src=\"https:\/\/wp.unil.ch\/bluemount\/files\/2024\/06\/Capture-decran-2024-06-20-a-14.18.40.png\" alt=\"\" class=\"wp-image-1444\" style=\"width:27px;height:auto\" \/><\/figure>\n<\/div>\n<\/div>\n<\/div>\n\n\n\n<hr class=\"wp-block-separator alignwide has-alpha-channel-opacity\" \/>\n","protected":false},"excerpt":{"rendered":"<p>Nos objectifs op\u00e9rationnels R\u00e9pondre aux sollicitations des acteurs du territoire, en particulier les administrations publiques, sur des questions socio-environnementales (e.g. solaire d\u2019altitude, multi-usages de la ressource en eau,&hellip;<\/p>\n","protected":false},"author":1002816,"featured_media":1359,"parent":1416,"menu_order":2,"comment_status":"closed","ping_status":"closed","template":"template-full-width-cover.php","meta":{"_seopress_robots_primary_cat":"","_seopress_titles_title":"","_seopress_titles_desc":"","_seopress_robots_index":"","footnotes":""},"class_list":["post-1409","page","type-page","status-publish","has-post-thumbnail"],"_links":{"self":[{"href":"https:\/\/wp.unil.ch\/bluemount\/wp-json\/wp\/v2\/pages\/1409","targetHints":{"allow":["GET"]}}],"collection":[{"href":"https:\/\/wp.unil.ch\/bluemount\/wp-json\/wp\/v2\/pages"}],"about":[{"href":"https:\/\/wp.unil.ch\/bluemount\/wp-json\/wp\/v2\/types\/page"}],"author":[{"embeddable":true,"href":"https:\/\/wp.unil.ch\/bluemount\/wp-json\/wp\/v2\/users\/1002816"}],"replies":[{"embeddable":true,"href":"https:\/\/wp.unil.ch\/bluemount\/wp-json\/wp\/v2\/comments?post=1409"}],"version-history":[{"count":5,"href":"https:\/\/wp.unil.ch\/bluemount\/wp-json\/wp\/v2\/pages\/1409\/revisions"}],"predecessor-version":[{"id":1857,"href":"https:\/\/wp.unil.ch\/bluemount\/wp-json\/wp\/v2\/pages\/1409\/revisions\/1857"}],"up":[{"embeddable":true,"href":"https:\/\/wp.unil.ch\/bluemount\/wp-json\/wp\/v2\/pages\/1416"}],"wp:featuredmedia":[{"embeddable":true,"href":"https:\/\/wp.unil.ch\/bluemount\/wp-json\/wp\/v2\/media\/1359"}],"wp:attachment":[{"href":"https:\/\/wp.unil.ch\/bluemount\/wp-json\/wp\/v2\/media?parent=1409"}],"curies":[{"name":"wp","href":"https:\/\/api.w.org\/{rel}","templated":true}]}}