{"id":1396,"date":"2024-06-20T14:49:09","date_gmt":"2024-06-20T12:49:09","guid":{"rendered":"https:\/\/wp.unil.ch\/bluemount\/?page_id=1396"},"modified":"2024-09-23T17:48:51","modified_gmt":"2024-09-23T15:48:51","slug":"vision-et-missions","status":"publish","type":"page","link":"https:\/\/wp.unil.ch\/bluemount\/a-propos\/vision-et-missions\/","title":{"rendered":"Vision et Missions"},"content":{"rendered":"\n<h2 class=\"wp-block-heading has-text-color has-link-color wp-elements-5cd5ccb2d10a6475616f19918ad70821\" style=\"color:#a144f3\">Notre vision<\/h2>\n\n\n\n<p>Soutenir les efforts des acteurs du territoire vers la gestion durable des environnements de montagne par l\u2019acc\u00e8s aux connaissances scientifiques et par la recherche dirig\u00e9e.&nbsp;<\/p>\n\n\n\n<h2 class=\"wp-block-heading has-text-color has-link-color wp-elements-68b0f2fcb2d2aa3128864ce3bb72a36d\" style=\"color:#a144f3\">Nos missions<\/h2>\n\n\n\n<div class=\"wp-block-columns is-layout-flex wp-container-core-columns-is-layout-9d6595d7 wp-block-columns-is-layout-flex\">\n<div class=\"wp-block-column is-layout-flow wp-block-column-is-layout-flow\" style=\"flex-basis:33.33%\"><div class=\"wp-block-image\">\n<figure class=\"alignright size-full is-resized\"><img alt=\"\" loading=\"lazy\" decoding=\"async\" width=\"512\" height=\"512\" src=\"https:\/\/wp.unil.ch\/bluemount\/files\/2024\/06\/\u00a9-Freepik-2.png\" alt=\"\" class=\"wp-image-1399\" style=\"width:105px;height:auto\" srcset=\"https:\/\/wp.unil.ch\/bluemount\/files\/2024\/06\/\u00a9-Freepik-2.png 512w, https:\/\/wp.unil.ch\/bluemount\/files\/2024\/06\/\u00a9-Freepik-2-300x300.png 300w, https:\/\/wp.unil.ch\/bluemount\/files\/2024\/06\/\u00a9-Freepik-2-150x150.png 150w\" sizes=\"auto, (max-width: 512px) 100vw, 512px\" \/><\/figure>\n<\/div><\/div>\n\n\n\n<div class=\"wp-block-column is-vertically-aligned-center is-layout-flow wp-block-column-is-layout-flow\" style=\"flex-basis:66.66%\">\n<p>Promouvoir la co-production de connaissances entre sciences interdisciplinaires et acteurs des territoires afin de relever les d\u00e9fis complexes et intersectoriels vers la durabilit\u00e9 des environnements de montagne&nbsp;;<\/p>\n<\/div>\n<\/div>\n\n\n\n<div class=\"wp-block-columns is-layout-flex wp-container-core-columns-is-layout-9d6595d7 wp-block-columns-is-layout-flex\">\n<div class=\"wp-block-column is-layout-flow wp-block-column-is-layout-flow\" style=\"flex-basis:33.33%\"><div class=\"wp-block-image\">\n<figure class=\"alignright size-full is-resized\"><img alt=\"\" loading=\"lazy\" decoding=\"async\" width=\"512\" height=\"512\" src=\"https:\/\/wp.unil.ch\/bluemount\/files\/2024\/06\/Freepik-2.png\" alt=\"\" class=\"wp-image-1403\" style=\"width:105px;height:auto\" srcset=\"https:\/\/wp.unil.ch\/bluemount\/files\/2024\/06\/Freepik-2.png 512w, https:\/\/wp.unil.ch\/bluemount\/files\/2024\/06\/Freepik-2-300x300.png 300w, https:\/\/wp.unil.ch\/bluemount\/files\/2024\/06\/Freepik-2-150x150.png 150w\" sizes=\"auto, (max-width: 512px) 100vw, 512px\" \/><\/figure>\n<\/div><\/div>\n\n\n\n<div class=\"wp-block-column is-vertically-aligned-center is-layout-flow wp-block-column-is-layout-flow\" style=\"flex-basis:66.66%\">\n<p>Co-produire des questions de recherche interdisciplinaire avec les acteurs de la durabilit\u00e9 dans les environnements de montagne&nbsp;;<\/p>\n<\/div>\n<\/div>\n\n\n\n<div class=\"wp-block-columns is-layout-flex wp-container-core-columns-is-layout-9d6595d7 wp-block-columns-is-layout-flex\">\n<div class=\"wp-block-column is-layout-flow wp-block-column-is-layout-flow\" style=\"flex-basis:33.33%\"><div class=\"wp-block-image\">\n<figure class=\"alignright size-full is-resized\"><img alt=\"\" loading=\"lazy\" decoding=\"async\" width=\"512\" height=\"512\" src=\"https:\/\/wp.unil.ch\/bluemount\/files\/2024\/06\/universite-Freepik-2.png\" alt=\"\" class=\"wp-image-1402\" style=\"width:105px;height:auto\" srcset=\"https:\/\/wp.unil.ch\/bluemount\/files\/2024\/06\/universite-Freepik-2.png 512w, https:\/\/wp.unil.ch\/bluemount\/files\/2024\/06\/universite-Freepik-2-300x300.png 300w, https:\/\/wp.unil.ch\/bluemount\/files\/2024\/06\/universite-Freepik-2-150x150.png 150w\" sizes=\"auto, (max-width: 512px) 100vw, 512px\" \/><\/figure>\n<\/div><\/div>\n\n\n\n<div class=\"wp-block-column is-vertically-aligned-center is-layout-flow wp-block-column-is-layout-flow\" style=\"flex-basis:66.66%\">\n<p>Mobiliser des connaissances scientifiques interdisciplinaires afin de r\u00e9pondre aux sollicitations des acteurs de la gestion durable des environnements de montagne ;<\/p>\n<\/div>\n<\/div>\n\n\n\n<div class=\"wp-block-columns is-layout-flex wp-container-core-columns-is-layout-9d6595d7 wp-block-columns-is-layout-flex\">\n<div class=\"wp-block-column is-layout-flow wp-block-column-is-layout-flow\" style=\"flex-basis:33.33%\"><div class=\"wp-block-image\">\n<figure class=\"alignright size-full is-resized\"><img alt=\"\" loading=\"lazy\" decoding=\"async\" width=\"512\" height=\"512\" src=\"https:\/\/wp.unil.ch\/bluemount\/files\/2024\/06\/ampoule-Freepik-2.png\" alt=\"\" class=\"wp-image-1404\" style=\"width:105px;height:auto\" srcset=\"https:\/\/wp.unil.ch\/bluemount\/files\/2024\/06\/ampoule-Freepik-2.png 512w, https:\/\/wp.unil.ch\/bluemount\/files\/2024\/06\/ampoule-Freepik-2-300x300.png 300w, https:\/\/wp.unil.ch\/bluemount\/files\/2024\/06\/ampoule-Freepik-2-150x150.png 150w\" sizes=\"auto, (max-width: 512px) 100vw, 512px\" \/><\/figure>\n<\/div><\/div>\n\n\n\n<div class=\"wp-block-column is-vertically-aligned-center is-layout-flow wp-block-column-is-layout-flow\" style=\"flex-basis:66.66%\">\n<p>Collecter et valoriser des donn\u00e9es pour informer chercheurs et acteurs de l\u2019\u00e9volution des environnements de montagne&nbsp;;<\/p>\n<\/div>\n<\/div>\n\n\n\n<div class=\"wp-block-columns is-layout-flex wp-container-core-columns-is-layout-9d6595d7 wp-block-columns-is-layout-flex\">\n<div class=\"wp-block-column is-layout-flow wp-block-column-is-layout-flow\" style=\"flex-basis:33.33%\"><div class=\"wp-block-image\">\n<figure class=\"alignright size-full is-resized\"><img alt=\"\" loading=\"lazy\" decoding=\"async\" width=\"512\" height=\"512\" src=\"https:\/\/wp.unil.ch\/bluemount\/files\/2024\/06\/information-Freepik-2.png\" alt=\"\" class=\"wp-image-1405\" style=\"width:105px;height:auto\" srcset=\"https:\/\/wp.unil.ch\/bluemount\/files\/2024\/06\/information-Freepik-2.png 512w, https:\/\/wp.unil.ch\/bluemount\/files\/2024\/06\/information-Freepik-2-300x300.png 300w, https:\/\/wp.unil.ch\/bluemount\/files\/2024\/06\/information-Freepik-2-150x150.png 150w\" sizes=\"auto, (max-width: 512px) 100vw, 512px\" \/><\/figure>\n<\/div><\/div>\n\n\n\n<div class=\"wp-block-column is-vertically-aligned-center is-layout-flow wp-block-column-is-layout-flow\" style=\"flex-basis:66.66%\">\n<p>Informer les \u00e9tapes des cycles des politiques publiques en montagne sur la base de donn\u00e9es scientifiques \u00e0 l\u2019aide d\u2019approches transdisciplinaires.<\/p>\n<\/div>\n<\/div>\n\n\n\n<hr class=\"wp-block-separator alignwide has-alpha-channel-opacity\" \/>\n\n\n\n<div class=\"wp-block-columns alignwide is-layout-flex wp-container-core-columns-is-layout-9d6595d7 wp-block-columns-is-layout-flex\">\n<div class=\"wp-block-column is-layout-flow wp-block-column-is-layout-flow\">\n<div class=\"wp-block-group is-nowrap is-layout-flex wp-container-core-group-is-layout-ad2f72ca wp-block-group-is-layout-flex\">\n<p><\/p>\n<\/div>\n<\/div>\n\n\n\n<div class=\"wp-block-column is-layout-flow wp-block-column-is-layout-flow\">\n<div class=\"wp-block-group is-content-justification-right is-nowrap is-layout-flex wp-container-core-group-is-layout-fd526d70 wp-block-group-is-layout-flex\">\n<p class=\"has-text-align-right\"><a href=\"https:\/\/wp.unil.ch\/bluemount\/objectifs-operationnels\/\">Objectifs op\u00e9rationnels<\/a><\/p>\n\n\n\n<figure class=\"wp-block-image size-full is-resized\"><img alt=\"\" loading=\"lazy\" decoding=\"async\" width=\"120\" height=\"120\" src=\"https:\/\/wp.unil.ch\/bluemount\/files\/2024\/06\/Capture-decran-2024-06-20-a-14.18.40.png\" alt=\"\" class=\"wp-image-1444\" style=\"width:27px;height:auto\" \/><\/figure>\n<\/div>\n<\/div>\n<\/div>\n\n\n\n<hr class=\"wp-block-separator alignwide has-alpha-channel-opacity\" \/>\n","protected":false},"excerpt":{"rendered":"<p>Notre vision Soutenir les efforts des acteurs du territoire vers la gestion durable des environnements de montagne par l\u2019acc\u00e8s aux connaissances scientifiques et par la recherche dirig\u00e9e.&nbsp; Nos&hellip;<\/p>\n","protected":false},"author":1002816,"featured_media":1312,"parent":1416,"menu_order":1,"comment_status":"closed","ping_status":"closed","template":"template-full-width-cover.php","meta":{"_seopress_robots_primary_cat":"","_seopress_titles_title":"","_seopress_titles_desc":"","_seopress_robots_index":"","footnotes":""},"class_list":["post-1396","page","type-page","status-publish","has-post-thumbnail"],"_links":{"self":[{"href":"https:\/\/wp.unil.ch\/bluemount\/wp-json\/wp\/v2\/pages\/1396","targetHints":{"allow":["GET"]}}],"collection":[{"href":"https:\/\/wp.unil.ch\/bluemount\/wp-json\/wp\/v2\/pages"}],"about":[{"href":"https:\/\/wp.unil.ch\/bluemount\/wp-json\/wp\/v2\/types\/page"}],"author":[{"embeddable":true,"href":"https:\/\/wp.unil.ch\/bluemount\/wp-json\/wp\/v2\/users\/1002816"}],"replies":[{"embeddable":true,"href":"https:\/\/wp.unil.ch\/bluemount\/wp-json\/wp\/v2\/comments?post=1396"}],"version-history":[{"count":5,"href":"https:\/\/wp.unil.ch\/bluemount\/wp-json\/wp\/v2\/pages\/1396\/revisions"}],"predecessor-version":[{"id":1935,"href":"https:\/\/wp.unil.ch\/bluemount\/wp-json\/wp\/v2\/pages\/1396\/revisions\/1935"}],"up":[{"embeddable":true,"href":"https:\/\/wp.unil.ch\/bluemount\/wp-json\/wp\/v2\/pages\/1416"}],"wp:featuredmedia":[{"embeddable":true,"href":"https:\/\/wp.unil.ch\/bluemount\/wp-json\/wp\/v2\/media\/1312"}],"wp:attachment":[{"href":"https:\/\/wp.unil.ch\/bluemount\/wp-json\/wp\/v2\/media?parent=1396"}],"curies":[{"name":"wp","href":"https:\/\/api.w.org\/{rel}","templated":true}]}}