{"id":1388,"date":"2024-06-20T11:24:53","date_gmt":"2024-06-20T09:24:53","guid":{"rendered":"https:\/\/wp.unil.ch\/bluemount\/?page_id=1388"},"modified":"2024-06-27T10:14:59","modified_gmt":"2024-06-27T08:14:59","slug":"comite-de-pilotage","status":"publish","type":"page","link":"https:\/\/wp.unil.ch\/bluemount\/a-propos\/organisation-et-gouvernance\/comite-de-pilotage\/","title":{"rendered":"Comit\u00e9 de pilotage"},"content":{"rendered":"\n<h2 class=\"wp-block-heading has-text-color has-link-color wp-elements-e7d8ddf6e0f2a695ea0eae02ceec7926\" style=\"color:#a144f3\">R\u00f4le du comit\u00e9<\/h2>\n\n\n\n<p>Le comit\u00e9 de pilotage est actuellement compos\u00e9 de 10 membres dont le r\u00f4le est de guider et d\u2019accompagner le d\u00e9veloppement du projet ainsi que de prendre des d\u00e9cisions strat\u00e9giques, y compris celles qui concernent les aspects scientifiques.<\/p>\n\n\n\n<h2 class=\"wp-block-heading has-text-color has-link-color wp-elements-810e51fd18e76d9ada39f14729bb9cae\" style=\"color:#a144f3\">Les membres<\/h2>\n\n\n\n<figure class=\"wp-block-image alignwide size-large\"><img alt=\"\" loading=\"lazy\" decoding=\"async\" width=\"1024\" height=\"724\" src=\"https:\/\/wp.unil.ch\/bluemount\/files\/2024\/06\/Organigramme-BlueMount-1024x724.jpg\" alt=\"\" class=\"wp-image-1383\" srcset=\"https:\/\/wp.unil.ch\/bluemount\/files\/2024\/06\/Organigramme-BlueMount-1024x724.jpg 1024w, https:\/\/wp.unil.ch\/bluemount\/files\/2024\/06\/Organigramme-BlueMount-300x212.jpg 300w, https:\/\/wp.unil.ch\/bluemount\/files\/2024\/06\/Organigramme-BlueMount-768x543.jpg 768w, https:\/\/wp.unil.ch\/bluemount\/files\/2024\/06\/Organigramme-BlueMount-1536x1086.jpg 1536w, https:\/\/wp.unil.ch\/bluemount\/files\/2024\/06\/Organigramme-BlueMount-540x382.jpg 540w, https:\/\/wp.unil.ch\/bluemount\/files\/2024\/06\/Organigramme-BlueMount-1080x763.jpg 1080w, https:\/\/wp.unil.ch\/bluemount\/files\/2024\/06\/Organigramme-BlueMount.jpg 1698w\" sizes=\"auto, (max-width: 1024px) 100vw, 1024px\" \/><\/figure>\n\n\n\n<hr class=\"wp-block-separator alignwide has-alpha-channel-opacity\" \/>\n\n\n\n<div class=\"wp-block-columns alignwide is-layout-flex wp-container-core-columns-is-layout-9d6595d7 wp-block-columns-is-layout-flex\">\n<div class=\"wp-block-column is-layout-flow wp-block-column-is-layout-flow\">\n<div class=\"wp-block-group is-nowrap is-layout-flex wp-container-core-group-is-layout-ad2f72ca wp-block-group-is-layout-flex\">\n<figure class=\"wp-block-image size-full is-resized\"><img alt=\"\" loading=\"lazy\" decoding=\"async\" width=\"128\" height=\"112\" src=\"https:\/\/wp.unil.ch\/bluemount\/files\/2024\/06\/Capture-decran-2024-06-20-a-14.12.59.png\" alt=\"\" class=\"wp-image-1442\" style=\"width:29px;height:auto\" \/><\/figure>\n\n\n\n<p><a href=\"https:\/\/wp.unil.ch\/bluemount\/organisation\/porteurs-de-projet\/\">\u00c9quipe<\/a><\/p>\n<\/div>\n<\/div>\n\n\n\n<div class=\"wp-block-column is-layout-flow wp-block-column-is-layout-flow\">\n<div class=\"wp-block-group is-content-justification-right is-nowrap is-layout-flex wp-container-core-group-is-layout-fd526d70 wp-block-group-is-layout-flex\">\n<p class=\"has-text-align-right\"><\/p>\n<\/div>\n<\/div>\n<\/div>\n\n\n\n<hr class=\"wp-block-separator alignwide has-alpha-channel-opacity\" \/>\n","protected":false},"excerpt":{"rendered":"<p>R\u00f4le du comit\u00e9 Le comit\u00e9 de pilotage est actuellement compos\u00e9 de 10 membres dont le r\u00f4le est de guider et d\u2019accompagner le d\u00e9veloppement du projet ainsi que de&hellip;<\/p>\n","protected":false},"author":1002816,"featured_media":1353,"parent":1433,"menu_order":3,"comment_status":"closed","ping_status":"closed","template":"template-full-width-cover.php","meta":{"_seopress_robots_primary_cat":"","_seopress_titles_title":"","_seopress_titles_desc":"","_seopress_robots_index":"","footnotes":""},"class_list":["post-1388","page","type-page","status-publish","has-post-thumbnail"],"_links":{"self":[{"href":"https:\/\/wp.unil.ch\/bluemount\/wp-json\/wp\/v2\/pages\/1388","targetHints":{"allow":["GET"]}}],"collection":[{"href":"https:\/\/wp.unil.ch\/bluemount\/wp-json\/wp\/v2\/pages"}],"about":[{"href":"https:\/\/wp.unil.ch\/bluemount\/wp-json\/wp\/v2\/types\/page"}],"author":[{"embeddable":true,"href":"https:\/\/wp.unil.ch\/bluemount\/wp-json\/wp\/v2\/users\/1002816"}],"replies":[{"embeddable":true,"href":"https:\/\/wp.unil.ch\/bluemount\/wp-json\/wp\/v2\/comments?post=1388"}],"version-history":[{"count":5,"href":"https:\/\/wp.unil.ch\/bluemount\/wp-json\/wp\/v2\/pages\/1388\/revisions"}],"predecessor-version":[{"id":1905,"href":"https:\/\/wp.unil.ch\/bluemount\/wp-json\/wp\/v2\/pages\/1388\/revisions\/1905"}],"up":[{"embeddable":true,"href":"https:\/\/wp.unil.ch\/bluemount\/wp-json\/wp\/v2\/pages\/1433"}],"wp:featuredmedia":[{"embeddable":true,"href":"https:\/\/wp.unil.ch\/bluemount\/wp-json\/wp\/v2\/media\/1353"}],"wp:attachment":[{"href":"https:\/\/wp.unil.ch\/bluemount\/wp-json\/wp\/v2\/media?parent=1388"}],"curies":[{"name":"wp","href":"https:\/\/api.w.org\/{rel}","templated":true}]}}