{"id":209,"date":"2022-02-17T15:35:57","date_gmt":"2022-02-17T14:35:57","guid":{"rendered":"https:\/\/wp.unil.ch\/blogdurecteur\/?page_id=209"},"modified":"2022-02-21T10:59:57","modified_gmt":"2022-02-21T09:59:57","slug":"curriculum","status":"publish","type":"page","link":"https:\/\/wp.unil.ch\/blogdurecteur\/curriculum\/","title":{"rendered":"Curriculum"},"content":{"rendered":"\n<div class=\"wp-block-media-text alignwide has-media-on-the-right is-stacked-on-mobile is-vertically-aligned-top\" style=\"grid-template-columns:auto 35%\"><figure class=\"wp-block-media-text__media\"><img alt=\"\" loading=\"lazy\" decoding=\"async\" width=\"1024\" height=\"776\" src=\"https:\/\/wp.unil.ch\/blogdurecteur\/files\/2021\/11\/UNIL_Frederic_HERMAN_367-1024x776.jpg\" alt=\"\" class=\"wp-image-274 size-full\" srcset=\"https:\/\/wp.unil.ch\/blogdurecteur\/files\/2021\/11\/UNIL_Frederic_HERMAN_367-1024x776.jpg 1024w, https:\/\/wp.unil.ch\/blogdurecteur\/files\/2021\/11\/UNIL_Frederic_HERMAN_367-800x606.jpg 800w, https:\/\/wp.unil.ch\/blogdurecteur\/files\/2021\/11\/UNIL_Frederic_HERMAN_367-768x582.jpg 768w, https:\/\/wp.unil.ch\/blogdurecteur\/files\/2021\/11\/UNIL_Frederic_HERMAN_367-540x409.jpg 540w, https:\/\/wp.unil.ch\/blogdurecteur\/files\/2021\/11\/UNIL_Frederic_HERMAN_367-1080x818.jpg 1080w, https:\/\/wp.unil.ch\/blogdurecteur\/files\/2021\/11\/UNIL_Frederic_HERMAN_367.jpg 1200w\" sizes=\"auto, (max-width: 1024px) 100vw, 1024px\" \/><\/figure><div class=\"wp-block-media-text__content\">\n<p>N\u00e9 en Belgique, Fr\u00e9d\u00e9ric Herman suit une formation d&rsquo;ing\u00e9nieur civil \u00e0 l&rsquo;Universit\u00e9 de Li\u00e8ge, puis part \u00e0 l&rsquo;Universit\u00e9 de Bristol au Royaume-Uni.<\/p>\n\n\n\n<p>Cette exp\u00e9rience Erasmus se r\u00e9v\u00e8le fondatrice pour son parcours: install\u00e9 dans une colocation internationale, il baigne au quotidien dans une intense stimulation intellectuelle et y d\u00e9couvre la richesse des \u00e9changes entre horizons pluriels. Un documentaire de la BBC sur les techniques des sciences de la Terre appliqu\u00e9es \u00e0 l\u2019Himalaya produit le d\u00e9clic d\u00e9cisif: c\u2019est d\u00e9cid\u00e9: il adoptera d\u00e9sormais une posture mixte faite d\u2019approches quantitatives appliqu\u00e9es au domaine des sciences de la Terre.<\/p>\n\n\n\n<p>Canberra lui ouvre les bras le temps d\u2019un doctorat avec le Professeur Jean Braun \u00e0 l&rsquo;Australian National University. C\u2019est l\u00e0 qu\u2019il apprend ce qu\u2019est v\u00e9ritablement la recherche et qu\u2019il commence \u00e0 travailler sur les interactions entre le climat, l\u2019\u00e9rosion et la tectonique, qui le sensibilisent progressivement aux enjeux climatiques actuels.<\/p>\n\n\n\n<p>Un jour, par un heureux hasard, il rencontre le Professeur Jean-Philippe Avouac, intervenant du fameux documentaire de la BBC visionn\u00e9 \u00e0 Bristol. Apr\u00e8s quelques \u00e9changes, celui-ci lui propose d\u2019effectuer un post-doctorat sur les processus tectoniques et d&rsquo;\u00e9rosion au N\u00e9pal central au sein du California Institute of Technology, o\u00f9 il se confronte au meilleur de la science.<\/p>\n\n\n\n<p>En 2007, il rejoint l\u2019EPFZ et tombe amoureux de Zurich. En tant que senior scientist, il peut y d\u00e9velopper la majorit\u00e9 de ses id\u00e9es, dont un programme de recherche sur les interactions entre le climat et les processus de la surface terrestre.<\/p>\n\n\n\n<p>En 2012, alors que ses travaux commencent \u00e0 \u00eatre reconnus sur le plan international, il re\u00e7oit plusieurs offres d\u2019emploi, notamment de la part de compagnies p\u00e9troli\u00e8res et de prestigieuses universit\u00e9s am\u00e9ricaines. Il les refuse et choisit de rejoindre l&rsquo;Universit\u00e9 de Lausanne pour constituer un groupe de recherche \u00e0 l&rsquo;Institut des dynamiques de la surface terrestre, d\u2019abord comme professeur boursier du Fonds national de la recherche scientifique, puis comme professeur associ\u00e9.<\/p>\n\n\n\n<p>En 2018, il est \u00e9lu Doyen de la Facult\u00e9 des g\u00e9osciences et de l\u2019environnement (FGSE), r\u00f4le qu\u2019il occupe pendant trois ans. En 2019, il est promu professeur ordinaire. Convaincu de la n\u00e9cessit\u00e9 d\u2019une pens\u00e9e interdisciplinaire qui se situe \u00e0 l\u2019interface des sciences naturelles, humaines et sociales, il y exprime la ferme volont\u00e9 de placer l\u2019ouverture d\u2019esprit et les discussions transversales au service de l\u2019excellence et des avanc\u00e9es soci\u00e9tales.<\/p>\n\n\n\n<p>Le 1er&nbsp;ao\u00fbt 2021, il devient le nouveau Recteur de l\u2019Universit\u00e9 de Lausanne et met d\u00e9sormais toute son \u00e9nergie et sa vision d\u2019avenir au service de l\u2019institution.<\/p>\n<\/div><\/div>\n","protected":false},"excerpt":{"rendered":"<p>N\u00e9 en Belgique, Fr\u00e9d\u00e9ric Herman suit une formation d&rsquo;ing\u00e9nieur civil \u00e0 l&rsquo;Universit\u00e9 de Li\u00e8ge, puis part \u00e0 l&rsquo;Universit\u00e9 de Bristol au Royaume-Uni. Cette exp\u00e9rience Erasmus se r\u00e9v\u00e8le fondatrice&hellip;<\/p>\n","protected":false},"author":108,"featured_media":0,"parent":0,"menu_order":0,"comment_status":"closed","ping_status":"closed","template":"template-full-width.php","meta":{"_seopress_robots_primary_cat":"","_seopress_titles_title":"","_seopress_titles_desc":"","_seopress_robots_index":"","footnotes":""},"class_list":["post-209","page","type-page","status-publish","has-post-thumbnail"],"_links":{"self":[{"href":"https:\/\/wp.unil.ch\/blogdurecteur\/wp-json\/wp\/v2\/pages\/209","targetHints":{"allow":["GET"]}}],"collection":[{"href":"https:\/\/wp.unil.ch\/blogdurecteur\/wp-json\/wp\/v2\/pages"}],"about":[{"href":"https:\/\/wp.unil.ch\/blogdurecteur\/wp-json\/wp\/v2\/types\/page"}],"author":[{"embeddable":true,"href":"https:\/\/wp.unil.ch\/blogdurecteur\/wp-json\/wp\/v2\/users\/108"}],"replies":[{"embeddable":true,"href":"https:\/\/wp.unil.ch\/blogdurecteur\/wp-json\/wp\/v2\/comments?post=209"}],"version-history":[{"count":0,"href":"https:\/\/wp.unil.ch\/blogdurecteur\/wp-json\/wp\/v2\/pages\/209\/revisions"}],"wp:attachment":[{"href":"https:\/\/wp.unil.ch\/blogdurecteur\/wp-json\/wp\/v2\/media?parent=209"}],"curies":[{"name":"wp","href":"https:\/\/api.w.org\/{rel}","templated":true}]}}