{"id":6,"date":"2022-02-17T16:00:19","date_gmt":"2022-02-17T15:00:19","guid":{"rendered":"http:\/\/wp.unil.ch\/modele\/?page_id=6"},"modified":"2025-10-15T13:44:18","modified_gmt":"2025-10-15T11:44:18","slug":"home","status":"publish","type":"page","link":"https:\/\/wp.unil.ch\/blogdurecteur\/en\/","title":{"rendered":"Bienvenue"},"content":{"rendered":"<figure class=\"wp-block-image alignfull size-large\"><img alt=\"\" loading=\"lazy\" decoding=\"async\" width=\"1024\" height=\"370\" src=\"https:\/\/wp.unil.ch\/blogdurecteur\/files\/2022\/01\/dorigny-1024x370.jpg\" class=\"wp-image-339\" srcset=\"https:\/\/wp.unil.ch\/blogdurecteur\/files\/2022\/01\/dorigny-1024x370.jpg 1024w, https:\/\/wp.unil.ch\/blogdurecteur\/files\/2022\/01\/dorigny-800x289.jpg 800w, https:\/\/wp.unil.ch\/blogdurecteur\/files\/2022\/01\/dorigny-768x277.jpg 768w, https:\/\/wp.unil.ch\/blogdurecteur\/files\/2022\/01\/dorigny-1536x555.jpg 1536w, https:\/\/wp.unil.ch\/blogdurecteur\/files\/2022\/01\/dorigny-540x195.jpg 540w, https:\/\/wp.unil.ch\/blogdurecteur\/files\/2022\/01\/dorigny-1080x390.jpg 1080w, https:\/\/wp.unil.ch\/blogdurecteur\/files\/2022\/01\/dorigny.jpg 1800w\" sizes=\"auto, (max-width: 1024px) 100vw, 1024px\" \/><\/figure>\n\n\n\n<div class=\"wp-block-columns is-layout-flex wp-container-core-columns-is-layout-9d6595d7 wp-block-columns-is-layout-flex\">\n<div class=\"wp-block-column is-vertically-aligned-top is-layout-flow wp-block-column-is-layout-flow\" style=\"flex-basis:66.66%\"><ul class=\"wp-block-latest-posts__list has-dates wp-block-latest-posts\"><li><div class=\"wp-block-latest-posts__featured-image\"><a href=\"https:\/\/wp.unil.ch\/blogdurecteur\/en\/ce-nest-quen-croisant-les-regards-que-nous-parviendrons-a-trouver-des-solutions-aux-defis-environnementaux-de-demain\/\" aria-label=\"\u00ab It is only by combining our perspectives that we will be able to find solutions to the environmental challenges of tomorrow \u00bb\"><img loading=\"lazy\" decoding=\"async\" width=\"800\" height=\"389\" src=\"https:\/\/wp.unil.ch\/blogdurecteur\/files\/2025\/10\/dreamstime_m_377429470-800x389.jpg\" class=\"attachment-medium size-medium wp-post-image\" alt=\"\" style=\"\" srcset=\"https:\/\/wp.unil.ch\/blogdurecteur\/files\/2025\/10\/dreamstime_m_377429470-800x389.jpg 800w, https:\/\/wp.unil.ch\/blogdurecteur\/files\/2025\/10\/dreamstime_m_377429470-1024x498.jpg 1024w, https:\/\/wp.unil.ch\/blogdurecteur\/files\/2025\/10\/dreamstime_m_377429470-768x374.jpg 768w, https:\/\/wp.unil.ch\/blogdurecteur\/files\/2025\/10\/dreamstime_m_377429470-18x9.jpg 18w, https:\/\/wp.unil.ch\/blogdurecteur\/files\/2025\/10\/dreamstime_m_377429470-540x263.jpg 540w, https:\/\/wp.unil.ch\/blogdurecteur\/files\/2025\/10\/dreamstime_m_377429470-1080x526.jpg 1080w, https:\/\/wp.unil.ch\/blogdurecteur\/files\/2025\/10\/dreamstime_m_377429470.jpg 1500w\" sizes=\"auto, (max-width: 800px) 100vw, 800px\" \/><\/a><\/div><a class=\"wp-block-latest-posts__post-title\" href=\"https:\/\/wp.unil.ch\/blogdurecteur\/en\/ce-nest-quen-croisant-les-regards-que-nous-parviendrons-a-trouver-des-solutions-aux-defis-environnementaux-de-demain\/\">\u00ab It is only by combining our perspectives that we will be able to find solutions to the environmental challenges of tomorrow \u00bb<\/a><time datetime=\"2025-10-15T11:13:01+02:00\" class=\"wp-block-latest-posts__post-date\">15 October 2025<\/time><div class=\"wp-block-latest-posts__post-excerpt\">This summer, many of us were shocked by the collapse of a glacier following the landslide in Blatten...<\/div><\/li>\n<li><div class=\"wp-block-latest-posts__featured-image\"><a href=\"https:\/\/wp.unil.ch\/blogdurecteur\/en\/limportance-des-valeurs-democratiques-piliers-de-notre-institution-et-de-notre-societe\/\" aria-label=\"The importance of democratic values, pillars of our institution and our society\"><img loading=\"lazy\" decoding=\"async\" width=\"800\" height=\"532\" src=\"https:\/\/wp.unil.ch\/blogdurecteur\/files\/2025\/01\/mussolini-800x532.jpg\" class=\"attachment-medium size-medium wp-post-image\" alt=\"\" style=\"\" srcset=\"https:\/\/wp.unil.ch\/blogdurecteur\/files\/2025\/01\/mussolini-800x532.jpg 800w, https:\/\/wp.unil.ch\/blogdurecteur\/files\/2025\/01\/mussolini-1024x681.jpg 1024w, https:\/\/wp.unil.ch\/blogdurecteur\/files\/2025\/01\/mussolini-768x510.jpg 768w, https:\/\/wp.unil.ch\/blogdurecteur\/files\/2025\/01\/mussolini-18x12.jpg 18w, https:\/\/wp.unil.ch\/blogdurecteur\/files\/2025\/01\/mussolini-540x359.jpg 540w, https:\/\/wp.unil.ch\/blogdurecteur\/files\/2025\/01\/mussolini-1080x718.jpg 1080w, https:\/\/wp.unil.ch\/blogdurecteur\/files\/2025\/01\/mussolini.jpg 1500w\" sizes=\"auto, (max-width: 800px) 100vw, 800px\" \/><\/a><\/div><a class=\"wp-block-latest-posts__post-title\" href=\"https:\/\/wp.unil.ch\/blogdurecteur\/en\/limportance-des-valeurs-democratiques-piliers-de-notre-institution-et-de-notre-societe\/\">The importance of democratic values, pillars of our institution and our society<\/a><time datetime=\"2025-01-16T16:20:13+01:00\" class=\"wp-block-latest-posts__post-date\">16 January 2025<\/time><div class=\"wp-block-latest-posts__post-excerpt\">Exactly 30 years ago, on the fiftieth anniversary of the liberation of Europe, Umberto Eco gave a speech at Columbia University warning us against the return of fascism...<\/div><\/li>\n<li><div class=\"wp-block-latest-posts__featured-image\"><a href=\"https:\/\/wp.unil.ch\/blogdurecteur\/en\/medtech-comment-tirer-parti-du-riche-ecosysteme-unil-chuv-et-epfl\/\" aria-label=\"MedTech: how to take advantage of the rich UNIL, CHUV and EPFL ecosystem\"><img loading=\"lazy\" decoding=\"async\" width=\"800\" height=\"389\" src=\"https:\/\/wp.unil.ch\/blogdurecteur\/files\/2024\/07\/dreamstime_m_161678478-800x389.jpg\" class=\"attachment-medium size-medium wp-post-image\" alt=\"\" style=\"\" srcset=\"https:\/\/wp.unil.ch\/blogdurecteur\/files\/2024\/07\/dreamstime_m_161678478-800x389.jpg 800w, https:\/\/wp.unil.ch\/blogdurecteur\/files\/2024\/07\/dreamstime_m_161678478-1024x498.jpg 1024w, https:\/\/wp.unil.ch\/blogdurecteur\/files\/2024\/07\/dreamstime_m_161678478-768x374.jpg 768w, https:\/\/wp.unil.ch\/blogdurecteur\/files\/2024\/07\/dreamstime_m_161678478-18x9.jpg 18w, https:\/\/wp.unil.ch\/blogdurecteur\/files\/2024\/07\/dreamstime_m_161678478-540x263.jpg 540w, https:\/\/wp.unil.ch\/blogdurecteur\/files\/2024\/07\/dreamstime_m_161678478-1080x526.jpg 1080w, https:\/\/wp.unil.ch\/blogdurecteur\/files\/2024\/07\/dreamstime_m_161678478.jpg 1500w\" sizes=\"auto, (max-width: 800px) 100vw, 800px\" \/><\/a><\/div><a class=\"wp-block-latest-posts__post-title\" href=\"https:\/\/wp.unil.ch\/blogdurecteur\/en\/medtech-comment-tirer-parti-du-riche-ecosysteme-unil-chuv-et-epfl\/\">MedTech: how to take advantage of the rich UNIL, CHUV and EPFL ecosystem<\/a><time datetime=\"2024-07-18T10:31:06+02:00\" class=\"wp-block-latest-posts__post-date\">18 July 2024<\/time><div class=\"wp-block-latest-posts__post-excerpt\">At the beginning of this summer, I would like to reflect on the richness of our local ecosystem and the opportunity we have, in my eyes, to collaborate...<\/div><\/li>\n<li><div class=\"wp-block-latest-posts__featured-image\"><a href=\"https:\/\/wp.unil.ch\/blogdurecteur\/en\/la-sante-mentale-un-tabou-encore-vivace\/\" aria-label=\"Mental health, a taboo still alive today\"><img loading=\"lazy\" decoding=\"async\" width=\"800\" height=\"534\" src=\"https:\/\/wp.unil.ch\/blogdurecteur\/files\/2024\/02\/GettyImages-1064027420-800x534.jpg\" class=\"attachment-medium size-medium wp-post-image\" alt=\"\" style=\"\" srcset=\"https:\/\/wp.unil.ch\/blogdurecteur\/files\/2024\/02\/GettyImages-1064027420-800x534.jpg 800w, https:\/\/wp.unil.ch\/blogdurecteur\/files\/2024\/02\/GettyImages-1064027420-1024x683.jpg 1024w, https:\/\/wp.unil.ch\/blogdurecteur\/files\/2024\/02\/GettyImages-1064027420-768x512.jpg 768w, https:\/\/wp.unil.ch\/blogdurecteur\/files\/2024\/02\/GettyImages-1064027420-1536x1025.jpg 1536w, https:\/\/wp.unil.ch\/blogdurecteur\/files\/2024\/02\/GettyImages-1064027420-18x12.jpg 18w, https:\/\/wp.unil.ch\/blogdurecteur\/files\/2024\/02\/GettyImages-1064027420-540x360.jpg 540w, https:\/\/wp.unil.ch\/blogdurecteur\/files\/2024\/02\/GettyImages-1064027420-1080x721.jpg 1080w, https:\/\/wp.unil.ch\/blogdurecteur\/files\/2024\/02\/GettyImages-1064027420.jpg 1800w\" sizes=\"auto, (max-width: 800px) 100vw, 800px\" \/><\/a><\/div><a class=\"wp-block-latest-posts__post-title\" href=\"https:\/\/wp.unil.ch\/blogdurecteur\/en\/la-sante-mentale-un-tabou-encore-vivace\/\">Mental health, a taboo still alive today<\/a><time datetime=\"2024-02-20T08:17:21+01:00\" class=\"wp-block-latest-posts__post-date\">20 February 2024<\/time><div class=\"wp-block-latest-posts__post-excerpt\">At the start of the spring term, I'd like to share with you one of my recent reads, Les Dragons by Belgian journalist and writer J\u00e9r\u00f4me Colin...<\/div><\/li>\n<li><div class=\"wp-block-latest-posts__featured-image\"><a href=\"https:\/\/wp.unil.ch\/blogdurecteur\/en\/vers-une-sante-integree\/\" aria-label=\"Towards integrated healthcare\"><img loading=\"lazy\" decoding=\"async\" width=\"800\" height=\"533\" src=\"https:\/\/wp.unil.ch\/blogdurecteur\/files\/2023\/06\/sante-800x533.jpg\" class=\"attachment-medium size-medium wp-post-image\" alt=\"\" style=\"\" srcset=\"https:\/\/wp.unil.ch\/blogdurecteur\/files\/2023\/06\/sante-800x533.jpg 800w, https:\/\/wp.unil.ch\/blogdurecteur\/files\/2023\/06\/sante-1024x683.jpg 1024w, https:\/\/wp.unil.ch\/blogdurecteur\/files\/2023\/06\/sante-768x512.jpg 768w, https:\/\/wp.unil.ch\/blogdurecteur\/files\/2023\/06\/sante-1536x1024.jpg 1536w, https:\/\/wp.unil.ch\/blogdurecteur\/files\/2023\/06\/sante-18x12.jpg 18w, https:\/\/wp.unil.ch\/blogdurecteur\/files\/2023\/06\/sante-540x360.jpg 540w, https:\/\/wp.unil.ch\/blogdurecteur\/files\/2023\/06\/sante-1080x720.jpg 1080w, https:\/\/wp.unil.ch\/blogdurecteur\/files\/2023\/06\/sante.jpg 1800w\" sizes=\"auto, (max-width: 800px) 100vw, 800px\" \/><\/a><\/div><a class=\"wp-block-latest-posts__post-title\" href=\"https:\/\/wp.unil.ch\/blogdurecteur\/en\/vers-une-sante-integree\/\">Towards integrated healthcare<\/a><time datetime=\"2023-06-29T10:53:38+02:00\" class=\"wp-block-latest-posts__post-date\">29 June 2023<\/time><div class=\"wp-block-latest-posts__post-excerpt\">The directors of Switzerland's university hospitals recently took to the media to call on the authorities in the face of rising healthcare costs...<\/div><\/li>\n<\/ul><\/div>\n\n\n\n<div class=\"wp-block-column is-layout-flow wp-block-column-is-layout-flow\" style=\"flex-basis:33.33%\">\n<div class=\"wp-block-group has-background\" style=\"background-color:#f2f2f2\"><div class=\"wp-block-group__inner-container is-layout-flow wp-block-group-is-layout-flow\"><div class=\"wp-block-image is-style-rounded\">\n<figure class=\"aligncenter size-full is-resized\"><img alt=\"\" loading=\"lazy\" decoding=\"async\" width=\"500\" height=\"500\" src=\"https:\/\/wp.unil.ch\/blogdurecteur\/files\/2022\/01\/portrait-herman.jpg\" class=\"wp-image-409\" style=\"width:180px;height:180px\" srcset=\"https:\/\/wp.unil.ch\/blogdurecteur\/files\/2022\/01\/portrait-herman.jpg 500w, https:\/\/wp.unil.ch\/blogdurecteur\/files\/2022\/01\/portrait-herman-300x300.jpg 300w\" sizes=\"auto, (max-width: 500px) 100vw, 500px\" \/><\/figure>\n<\/div>\n\n\n<h4 class=\"wp-block-heading\" id=\"a-propos\">About<\/h4>\n\n\n\n<p class=\"has-text-align-left sansmargebas\" style=\"font-size:17px\">Created in February 2022, this blog aims to establish a direct communication channel between the Rector of the University of Lausanne <a href=\"https:\/\/wp.unil.ch\/blogdurecteur\/en\/curriculum\/\">Fr\u00e9d\u00e9ric Herman,<\/a>&nbsp;the community of the university and the City.<\/p>\n\n\n\n<div style=\"height:10px\" aria-hidden=\"true\" class=\"wp-block-spacer\"><\/div>\n\n\n\n<details class=\"wp-block-details is-layout-flow wp-block-details-is-layout-flow\"><summary>More<\/summary>\n<div style=\"height:10px\" aria-hidden=\"true\" class=\"wp-block-spacer\"><\/div>\n\n\n\n<p style=\"font-size:17px\">More personal, its content opens a window on the daily life of the Direction, its experience, its enthusiasms and concerns.<\/p>\n\n\n\n<div style=\"height:10px\" aria-hidden=\"true\" class=\"wp-block-spacer\"><\/div>\n\n\n\n<p style=\"font-size:17px\">Current issues, personal favourites, personal concerns, the thinking developed here is to be understood above all as a subjective sharing of experiences likely to nourish exchanges, and as a constantly renewed invitation to discover new projects, personalities and angles of view.<\/p>\n<\/details>\n<\/div><\/div>\n\n\n\n<div style=\"height:20px\" aria-hidden=\"true\" class=\"wp-block-spacer\"><\/div>\n\n\n\n<div class=\"wp-block-group has-background\" style=\"background-color:#f2f2f2\"><div class=\"wp-block-group__inner-container is-layout-flow wp-block-group-is-layout-flow\">\n<h4 class=\"wp-block-heading\" id=\"rencontres\">A coffee with the Rector<\/h4>\n\n\n\n<p style=\"font-size:17px\">These meetings are usually held on the first Thursday of every month (from 3 to 3.30pm). If you are a staff member or a student interested in UNIL, you can sign up for these discussions:<\/p>\n\n\n\n<p style=\"font-size:17px\"><strong>2025<\/strong><br><a href=\"https:\/\/events.unil.ch\/register\/88\/642\">November 27<\/a><br><a href=\"https:\/\/events.unil.ch\/register\/88\/643\">December 11<\/a><\/p>\n\n\n\n<p style=\"font-size:17px\" class=\"translation-block\"><strong>2026<\/strong><br><a href=\"https:\/\/events.unil.ch\/register\/88\/644\" target=\"_self\">January 15<\/a><br><a href=\"https:\/\/events.unil.ch\/register\/88\/645\" target=\"_self\">February 19<\/a><br><a href=\"https:\/\/events.unil.ch\/register\/88\/646\" target=\"_self\">March 26<\/a><br><a href=\"https:\/\/events.unil.ch\/register\/88\/647\" target=\"_self\">April 30<\/a><br><a href=\"https:\/\/events.unil.ch\/register\/88\/648\" target=\"_self\">June 11<\/a><br><a href=\"https:\/\/events.unil.ch\/register\/88\/649\" target=\"_self\">July 2<\/a><br><\/p>\n<\/div><\/div>\n<\/div>\n<\/div>","protected":false},"excerpt":{"rendered":"<p>A propos Cr\u00e9\u00e9 en f\u00e9vrier 2022, ce blog se donne pour objectif d\u2019\u00e9tablir un canal de communication direct entre le Recteur de l\u2019Universit\u00e9 de Lausanne Fr\u00e9d\u00e9ric Herman,&nbsp;la communaut\u00e9&hellip;<\/p>","protected":false},"author":108,"featured_media":0,"parent":0,"menu_order":0,"comment_status":"closed","ping_status":"closed","template":"template-full-width.php","meta":{"_seopress_robots_primary_cat":"","_seopress_titles_title":"","_seopress_titles_desc":"","_seopress_robots_index":"","footnotes":""},"class_list":["post-6","page","type-page","status-publish","has-post-thumbnail"],"_links":{"self":[{"href":"https:\/\/wp.unil.ch\/blogdurecteur\/en\/wp-json\/wp\/v2\/pages\/6","targetHints":{"allow":["GET"]}}],"collection":[{"href":"https:\/\/wp.unil.ch\/blogdurecteur\/en\/wp-json\/wp\/v2\/pages"}],"about":[{"href":"https:\/\/wp.unil.ch\/blogdurecteur\/en\/wp-json\/wp\/v2\/types\/page"}],"author":[{"embeddable":true,"href":"https:\/\/wp.unil.ch\/blogdurecteur\/en\/wp-json\/wp\/v2\/users\/108"}],"replies":[{"embeddable":true,"href":"https:\/\/wp.unil.ch\/blogdurecteur\/en\/wp-json\/wp\/v2\/comments?post=6"}],"version-history":[{"count":5,"href":"https:\/\/wp.unil.ch\/blogdurecteur\/en\/wp-json\/wp\/v2\/pages\/6\/revisions"}],"predecessor-version":[{"id":790,"href":"https:\/\/wp.unil.ch\/blogdurecteur\/en\/wp-json\/wp\/v2\/pages\/6\/revisions\/790"}],"wp:attachment":[{"href":"https:\/\/wp.unil.ch\/blogdurecteur\/en\/wp-json\/wp\/v2\/media?parent=6"}],"curies":[{"name":"wp","href":"https:\/\/api.w.org\/{rel}","templated":true}]}}