{"id":3768,"date":"2023-09-12T14:06:44","date_gmt":"2023-09-12T12:06:44","guid":{"rendered":"https:\/\/wp.unil.ch\/biss2\/?page_id=3768"},"modified":"2024-01-19T13:11:16","modified_gmt":"2024-01-19T12:11:16","slug":"apr-analyse-digitale-du-pouvoir","status":"publish","type":"page","link":"https:\/\/wp.unil.ch\/biss2\/apr-analyse-digitale-du-pouvoir\/","title":{"rendered":"APR &#8211; Analyse digitale du pouvoir"},"content":{"rendered":"\n<p><strong>Les ar\u00e8nes du pouvoir climatique : Une exploration sociologique num\u00e9rique<\/strong><\/p>\n\n\n\n<p>Au sein de l&rsquo;Atelier pratique de recherche \u00ab\u00a0Analyse digitale du pouvoir\u00a0\u00bb durant le semestre automnal de 2023, six \u00e9tudiant-es en Master de Sciences sociales ont entrepris une plong\u00e9e m\u00e9thodique dans les m\u00e9andres des \u00e9lites climatiques contemporaines. L&rsquo;\u00e9laboration de graphiques suggestifs, pr\u00e9sents sur ce site, atteste de leur qu\u00eate minutieuse.<\/p>\n\n\n\n<p>Quelles entreprises multinationales sont les principales contributrices \u00e0 l&rsquo;\u00e9mission actuelle de CO2 ? Comment les partis suisses et leurs repr\u00e9sentants parlementaires se positionnent-ils face aux enjeux environnementaux pressants ? De telles interrogations ont anim\u00e9 les \u00e9tudiantes dans leurs explorations des donn\u00e9es disponibles sur le web et dans des bases de donn\u00e9es digitales.<\/p>\n\n\n\n<p>Leur d\u00e9marche a suivi un cheminement rigoureux : conception de questions de recherche pointues, d\u00e9finition d&rsquo;\u00e9chantillons pertinents, nettoyage, manipulation et pr\u00e9paration minutieuse des donn\u00e9es. Enfin, arm\u00e9s du logiciel R, ils ont proc\u00e9d\u00e9 \u00e0 une analyse approfondie, visualis\u00e9 les r\u00e9sultats et publi\u00e9 leurs conclusions.<\/p>\n\n\n\n<p>Trois angles d&rsquo;approche ont guid\u00e9 cette aventure intellectuelle : l&rsquo;analyse biographique, la cartographie des r\u00e9seaux, et l&rsquo;analyse de discours.<\/p>\n\n\n\n<p>Le premier groupe, constitu\u00e9 d&rsquo;Elisa Verga, Alias Poma et L\u00e9o M\u00e9groz, s&rsquo;est attaqu\u00e9 aux parlementaires suisses de la l\u00e9gislature 2019-2023. Leur microscope analytique s&rsquo;est focalis\u00e9 sur la composition socio-professionnelle des partis du parlement suisse, les r\u00e9seaux de lobbying environnemental et les discours politiques sur des sujets tels que la pollution, les droits des animaux et l&rsquo;agriculture.<\/p>\n\n\n\n<p>Le deuxi\u00e8me groupe, compos\u00e9 d\u2019El\u00e9onore Petit, No\u00e9 Jollien et Francisco Ferreira De Melo, s&rsquo;est consacr\u00e9 \u00e0 l&rsquo;exploration des entreprises extractrices d&rsquo;\u00e9nergies fossiles. Ils ont d\u00e9cortiqu\u00e9 les profils acad\u00e9miques des conseils d&rsquo;administration de ces entreprises, \u00e9labor\u00e9 des cartographies de leurs r\u00e9seaux et diss\u00e9qu\u00e9 leurs discours sur les \u00e9nergies renouvelables gr\u00e2ce \u00e0 une analyse de type \u00ab&nbsp;topic modeling&nbsp;\u00bb.<\/p>\n\n\n\n<p>En r\u00e9v\u00e9lant les coulisses du pouvoir climatique par le prisme des donn\u00e9es digitales, ces \u00e9tudiant\u00b7es apportent une contribution \u00e9clairante \u00e0 la compr\u00e9hension des enjeux qui d\u00e9finiront notre avenir environnemental.<\/p>\n\n\n\n<div class=\"wp-block-columns is-layout-flex wp-container-core-columns-is-layout-9d6595d7 wp-block-columns-is-layout-flex\">\n<div class=\"wp-block-column is-layout-flow wp-block-column-is-layout-flow\">\n<div class=\"wp-block-cover is-light\"><span aria-hidden=\"true\" class=\"wp-block-cover__background has-background-dim\"><\/span><img alt=\"\" loading=\"lazy\" decoding=\"async\" width=\"1280\" height=\"595\" class=\"wp-block-cover__image-background wp-image-4759\" alt=\"\" src=\"https:\/\/wp.unil.ch\/biss2\/files\/2024\/01\/the-national-council-hall-4575420_1280.jpg\" data-object-fit=\"cover\" srcset=\"https:\/\/wp.unil.ch\/biss2\/files\/2024\/01\/the-national-council-hall-4575420_1280.jpg 1280w, https:\/\/wp.unil.ch\/biss2\/files\/2024\/01\/the-national-council-hall-4575420_1280-300x139.jpg 300w, https:\/\/wp.unil.ch\/biss2\/files\/2024\/01\/the-national-council-hall-4575420_1280-768x357.jpg 768w, https:\/\/wp.unil.ch\/biss2\/files\/2024\/01\/the-national-council-hall-4575420_1280-1120x521.jpg 1120w, https:\/\/wp.unil.ch\/biss2\/files\/2024\/01\/the-national-council-hall-4575420_1280-540x251.jpg 540w, https:\/\/wp.unil.ch\/biss2\/files\/2024\/01\/the-national-council-hall-4575420_1280-1080x502.jpg 1080w\" sizes=\"auto, (max-width: 1280px) 100vw, 1280px\" \/><div class=\"wp-block-cover__inner-container is-layout-flow wp-block-cover-is-layout-flow\">\n<h2 class=\"wp-block-heading has-text-align-center has-large-font-size\"><a href=\"https:\/\/wp.unil.ch\/biss2\/groupe-1\/\">Groupe 1 &#8211; Analyse des parlementaires suisses<\/a><\/h2>\n<\/div><\/div>\n<\/div>\n\n\n\n<div class=\"wp-block-column is-layout-flow wp-block-column-is-layout-flow\">\n<div class=\"wp-block-cover is-light\"><span aria-hidden=\"true\" class=\"wp-block-cover__background has-background-dim\"><\/span><img alt=\"\" loading=\"lazy\" decoding=\"async\" width=\"1280\" height=\"722\" class=\"wp-block-cover__image-background wp-image-4761\" alt=\"\" src=\"https:\/\/wp.unil.ch\/biss2\/files\/2024\/01\/extraction-2781679_1280.jpg\" data-object-fit=\"cover\" srcset=\"https:\/\/wp.unil.ch\/biss2\/files\/2024\/01\/extraction-2781679_1280.jpg 1280w, https:\/\/wp.unil.ch\/biss2\/files\/2024\/01\/extraction-2781679_1280-300x169.jpg 300w, https:\/\/wp.unil.ch\/biss2\/files\/2024\/01\/extraction-2781679_1280-768x433.jpg 768w, https:\/\/wp.unil.ch\/biss2\/files\/2024\/01\/extraction-2781679_1280-1120x632.jpg 1120w, https:\/\/wp.unil.ch\/biss2\/files\/2024\/01\/extraction-2781679_1280-540x305.jpg 540w, https:\/\/wp.unil.ch\/biss2\/files\/2024\/01\/extraction-2781679_1280-1080x609.jpg 1080w\" sizes=\"auto, (max-width: 1280px) 100vw, 1280px\" \/><div class=\"wp-block-cover__inner-container is-layout-flow wp-block-cover-is-layout-flow\">\n<h2 class=\"wp-block-heading has-text-align-center has-large-font-size\"><a href=\"https:\/\/wp.unil.ch\/biss2\/groupe-2\/\">Groupe 2 &#8211; Dirigeant\u00b7e\u00b7s des entreprises extractrices d&rsquo;\u00e9nergies fossiles<\/a><\/h2>\n<\/div><\/div>\n<\/div>\n<\/div>\n","protected":false},"excerpt":{"rendered":"<p>Les ar\u00e8nes du pouvoir climatique : Une exploration sociologique num\u00e9rique Au sein de l&rsquo;Atelier pratique de recherche \u00ab\u00a0Analyse digitale du pouvoir\u00a0\u00bb durant le semestre automnal de 2023, six \u00e9tudiant-es en Master de Sciences sociales ont entrepris une plong\u00e9e m\u00e9thodique dans les m\u00e9andres des \u00e9lites climatiques contemporaines. L&rsquo;\u00e9laboration de graphiques suggestifs, pr\u00e9sents sur ce site, atteste [&hellip;]<\/p>\n","protected":false},"author":1002387,"featured_media":3366,"parent":0,"menu_order":0,"comment_status":"closed","ping_status":"closed","template":"template-full-width-cover.php","meta":{"_seopress_robots_primary_cat":"","_seopress_titles_title":"","_seopress_titles_desc":"","_seopress_robots_index":"","footnotes":""},"class_list":["post-3768","page","type-page","status-publish","has-post-thumbnail"],"_links":{"self":[{"href":"https:\/\/wp.unil.ch\/biss2\/wp-json\/wp\/v2\/pages\/3768","targetHints":{"allow":["GET"]}}],"collection":[{"href":"https:\/\/wp.unil.ch\/biss2\/wp-json\/wp\/v2\/pages"}],"about":[{"href":"https:\/\/wp.unil.ch\/biss2\/wp-json\/wp\/v2\/types\/page"}],"author":[{"embeddable":true,"href":"https:\/\/wp.unil.ch\/biss2\/wp-json\/wp\/v2\/users\/1002387"}],"replies":[{"embeddable":true,"href":"https:\/\/wp.unil.ch\/biss2\/wp-json\/wp\/v2\/comments?post=3768"}],"version-history":[{"count":5,"href":"https:\/\/wp.unil.ch\/biss2\/wp-json\/wp\/v2\/pages\/3768\/revisions"}],"predecessor-version":[{"id":4769,"href":"https:\/\/wp.unil.ch\/biss2\/wp-json\/wp\/v2\/pages\/3768\/revisions\/4769"}],"wp:featuredmedia":[{"embeddable":true,"href":"https:\/\/wp.unil.ch\/biss2\/wp-json\/wp\/v2\/media\/3366"}],"wp:attachment":[{"href":"https:\/\/wp.unil.ch\/biss2\/wp-json\/wp\/v2\/media?parent=3768"}],"curies":[{"name":"wp","href":"https:\/\/api.w.org\/{rel}","templated":true}]}}