{"id":1863,"date":"2022-02-18T08:52:31","date_gmt":"2022-02-18T07:52:31","guid":{"rendered":"https:\/\/wp.unil.ch\/biss2\/?page_id=1863"},"modified":"2024-01-19T12:48:41","modified_gmt":"2024-01-19T11:48:41","slug":"activites-de-liss","status":"publish","type":"page","link":"https:\/\/wp.unil.ch\/biss2\/activites-de-liss\/","title":{"rendered":"Activit\u00e9s de l&rsquo;ISS"},"content":{"rendered":"\n<p>Cette page pr\u00e9sente diff\u00e9rentes activit\u00e9s qui prennent place \u00e0 l&rsquo;Institut des sciences sociales. Elles peuvent \u00eatre li\u00e9es \u00e0 des enseignements, des conf\u00e9rences, des congr\u00e8s ou d&rsquo;autres \u00e9v\u00e9nements qui ont \u00e9t\u00e9 organis\u00e9s et dont nous souhaitons visibiliser les archives. <\/p>\n\n\n\n<div class=\"wp-block-columns is-layout-flex wp-container-core-columns-is-layout-9d6595d7 wp-block-columns-is-layout-flex\">\n<div class=\"wp-block-column is-layout-flow wp-block-column-is-layout-flow\" style=\"flex-basis:33.33%\"><div class=\"wp-block-image is-style-rounded\">\n<figure class=\"alignright size-full is-resized\"><img alt=\"\" loading=\"lazy\" decoding=\"async\" width=\"1920\" height=\"703\" src=\"https:\/\/wp.unil.ch\/biss2\/files\/2023\/09\/poster-manges-quoi-A3-a-1.png\" alt=\"\" class=\"wp-image-3879\" style=\"aspect-ratio:1;object-fit:cover;width:150px;height:auto\" srcset=\"https:\/\/wp.unil.ch\/biss2\/files\/2023\/09\/poster-manges-quoi-A3-a-1.png 1920w, https:\/\/wp.unil.ch\/biss2\/files\/2023\/09\/poster-manges-quoi-A3-a-1-300x110.png 300w, https:\/\/wp.unil.ch\/biss2\/files\/2023\/09\/poster-manges-quoi-A3-a-1-768x281.png 768w, https:\/\/wp.unil.ch\/biss2\/files\/2023\/09\/poster-manges-quoi-A3-a-1-1536x562.png 1536w, https:\/\/wp.unil.ch\/biss2\/files\/2023\/09\/poster-manges-quoi-A3-a-1-1120x410.png 1120w, https:\/\/wp.unil.ch\/biss2\/files\/2023\/09\/poster-manges-quoi-A3-a-1-540x198.png 540w, https:\/\/wp.unil.ch\/biss2\/files\/2023\/09\/poster-manges-quoi-A3-a-1-1080x395.png 1080w\" sizes=\"auto, (max-width: 1920px) 100vw, 1920px\" \/><\/figure>\n<\/div><\/div>\n\n\n\n<div class=\"wp-block-column is-layout-flow wp-block-column-is-layout-flow\" style=\"flex-basis:66.66%\">\n<h4 class=\"wp-block-heading\" id=\"gesc\"><a href=\"https:\/\/wp.unil.ch\/biss2\/apr-analyse-digitale-du-pouvoir\/\" data-type=\"page\" data-id=\"2549\">APR \u2013 Analyse digitale du pouvoir<\/a><\/h4>\n\n\n\n<p>Au sein de l\u2019Atelier pratique de recherche \u00ab\u00a0Analyse digitale du pouvoir\u00a0\u00bb durant le semestre automnal de 2023, six \u00e9tudiant-es en Master de Sciences sociales ont entrepris une plong\u00e9e m\u00e9thodique dans les m\u00e9andres des \u00e9lites climatiques contemporaines. L\u2019\u00e9laboration de graphiques suggestifs, pr\u00e9sents sur ce site, atteste de leur qu\u00eate minutieuse.<\/p>\n<\/div>\n<\/div>\n\n\n\n<div class=\"wp-block-columns is-layout-flex wp-container-core-columns-is-layout-9d6595d7 wp-block-columns-is-layout-flex\">\n<div class=\"wp-block-column is-layout-flow wp-block-column-is-layout-flow\" style=\"flex-basis:33.33%\"><div class=\"wp-block-image is-style-rounded\">\n<figure class=\"alignright size-full is-resized\"><img alt=\"\" loading=\"lazy\" decoding=\"async\" width=\"944\" height=\"530\" src=\"https:\/\/wp.unil.ch\/biss2\/files\/2023\/11\/intersectionnalite.jpeg\" alt=\"\" class=\"wp-image-4118\" style=\"object-fit:cover;width:150px;height:150px\" srcset=\"https:\/\/wp.unil.ch\/biss2\/files\/2023\/11\/intersectionnalite.jpeg 944w, https:\/\/wp.unil.ch\/biss2\/files\/2023\/11\/intersectionnalite-300x168.jpeg 300w, https:\/\/wp.unil.ch\/biss2\/files\/2023\/11\/intersectionnalite-768x431.jpeg 768w, https:\/\/wp.unil.ch\/biss2\/files\/2023\/11\/intersectionnalite-540x303.jpeg 540w\" sizes=\"auto, (max-width: 944px) 100vw, 944px\" \/><\/figure>\n<\/div><\/div>\n\n\n\n<div class=\"wp-block-column is-layout-flow wp-block-column-is-layout-flow\" style=\"flex-basis:66.66%\">\n<h4 class=\"wp-block-heading\" id=\"gesc\"><a href=\"https:\/\/wp.unil.ch\/biss2\/intersectionnalites\/\" data-type=\"page\" data-id=\"2549\">Intersectionnalit\u00e9s : Trajectoires de vies \u00e0 l\u2019intersection des oppressions en Suisse<\/a><\/h4>\n\n\n\n<p>\u00catre \u00e0 l\u2019intersection des rapports sociaux c\u2019est faire une exp\u00e9rience singuli\u00e8re qui fa\u00e7onne une trajectoire de vie. Alors quoi de mieux pour illustrer ce concept des sciences sociales, l\u2019intersectionnalit\u00e9, que d\u2019\u00e9couter celles et ceux qui, en Suisse, vivent \u00e0 l\u2019intersection de plusieurs oppressions ?<\/p>\n<\/div>\n<\/div>\n\n\n\n<div class=\"wp-block-columns is-layout-flex wp-container-core-columns-is-layout-9d6595d7 wp-block-columns-is-layout-flex\">\n<div class=\"wp-block-column is-layout-flow wp-block-column-is-layout-flow\" style=\"flex-basis:33.33%\"><div class=\"wp-block-image is-style-rounded\">\n<figure class=\"alignright size-full is-resized\"><a href=\"https:\/\/wp.unil.ch\/biss2\/grands-enjeux-sociaux-contemporains-gesc\/\"><img alt=\"\" loading=\"lazy\" decoding=\"async\" width=\"857\" height=\"857\" src=\"https:\/\/wp.unil.ch\/biss2\/files\/2023\/09\/poster-manges-quoi-A3-a-1-2-e1694636606915-edited.png\" alt=\"\" class=\"wp-image-3904\" style=\"object-fit:cover;width:150px;height:150px\" srcset=\"https:\/\/wp.unil.ch\/biss2\/files\/2023\/09\/poster-manges-quoi-A3-a-1-2-e1694636606915-edited.png 857w, https:\/\/wp.unil.ch\/biss2\/files\/2023\/09\/poster-manges-quoi-A3-a-1-2-e1694636606915-edited-300x300.png 300w, https:\/\/wp.unil.ch\/biss2\/files\/2023\/09\/poster-manges-quoi-A3-a-1-2-e1694636606915-edited-150x150.png 150w, https:\/\/wp.unil.ch\/biss2\/files\/2023\/09\/poster-manges-quoi-A3-a-1-2-e1694636606915-edited-768x768.png 768w, https:\/\/wp.unil.ch\/biss2\/files\/2023\/09\/poster-manges-quoi-A3-a-1-2-e1694636606915-edited-540x540.png 540w\" sizes=\"auto, (max-width: 857px) 100vw, 857px\" \/><\/a><\/figure>\n<\/div><\/div>\n\n\n\n<div class=\"wp-block-column is-layout-flow wp-block-column-is-layout-flow\" style=\"flex-basis:66.66%\">\n<h4 class=\"wp-block-heading\" id=\"gesc\"><a href=\"https:\/\/wp.unil.ch\/biss2\/gesc\/\" data-type=\"page\" data-id=\"1866\">GESC<\/a> <\/h4>\n\n\n\n<p>Cours \u00ab\u00a0Grands Enjeux Sociaux Contemporains\u00a0\u00bb, enseign\u00e9 par Francesco Panese et Andr\u00e9 Berchtold <\/p>\n<\/div>\n<\/div>\n\n\n\n<div class=\"wp-block-columns is-layout-flex wp-container-core-columns-is-layout-9d6595d7 wp-block-columns-is-layout-flex\">\n<div class=\"wp-block-column is-layout-flow wp-block-column-is-layout-flow\" style=\"flex-basis:33.33%\"><div class=\"wp-block-image is-style-rounded\">\n<figure class=\"alignright size-full is-resized\"><a href=\"https:\/\/wp.unil.ch\/biss2\/liss-voyage\/\"><img alt=\"\" loading=\"lazy\" decoding=\"async\" width=\"625\" height=\"625\" src=\"https:\/\/wp.unil.ch\/biss2\/files\/2023\/09\/poster-manges-quoi-A3-a-1-5-e1694639567201-edited.png\" alt=\"\" class=\"wp-image-3906\" style=\"object-fit:cover;width:150px;height:150px\" srcset=\"https:\/\/wp.unil.ch\/biss2\/files\/2023\/09\/poster-manges-quoi-A3-a-1-5-e1694639567201-edited.png 625w, https:\/\/wp.unil.ch\/biss2\/files\/2023\/09\/poster-manges-quoi-A3-a-1-5-e1694639567201-edited-300x300.png 300w, https:\/\/wp.unil.ch\/biss2\/files\/2023\/09\/poster-manges-quoi-A3-a-1-5-e1694639567201-edited-150x150.png 150w, https:\/\/wp.unil.ch\/biss2\/files\/2023\/09\/poster-manges-quoi-A3-a-1-5-e1694639567201-edited-540x540.png 540w\" sizes=\"auto, (max-width: 625px) 100vw, 625px\" \/><\/a><\/figure>\n<\/div><\/div>\n\n\n\n<div class=\"wp-block-column is-layout-flow wp-block-column-is-layout-flow\" style=\"flex-basis:66.66%\">\n<h4 class=\"wp-block-heading\" id=\"gesc\"><a href=\"https:\/\/wp.unil.ch\/biss2\/liss-voyage\/\" data-type=\"page\" data-id=\"2549\">Collaborations avec Swissnex<\/a><\/h4>\n\n\n\n<p>D\u00e9couvrez les exp\u00e9riences des \u00e9tudiant\u00b7es \u00e0 l&rsquo;\u00e9tranger, dans le cadre de programmes d&rsquo;\u00e9changes et de partenariats avec diverses organisations. <\/p>\n<\/div>\n<\/div>\n","protected":false},"excerpt":{"rendered":"<p>Cette page pr\u00e9sente diff\u00e9rentes activit\u00e9s qui prennent place \u00e0 l&rsquo;Institut des sciences sociales. Elles peuvent \u00eatre li\u00e9es \u00e0 des enseignements, des conf\u00e9rences, des congr\u00e8s ou d&rsquo;autres \u00e9v\u00e9nements qui ont \u00e9t\u00e9 organis\u00e9s et dont nous souhaitons visibiliser les archives. APR \u2013 Analyse digitale du pouvoir Au sein de l\u2019Atelier pratique de recherche \u00ab\u00a0Analyse digitale du pouvoir\u00a0\u00bb [&hellip;]<\/p>\n","protected":false},"author":1002255,"featured_media":3882,"parent":0,"menu_order":0,"comment_status":"closed","ping_status":"closed","template":"template-full-width-cover.php","meta":{"_seopress_robots_primary_cat":"","_seopress_titles_title":"","_seopress_titles_desc":"","_seopress_robots_index":"","footnotes":""},"class_list":["post-1863","page","type-page","status-publish","has-post-thumbnail"],"_links":{"self":[{"href":"https:\/\/wp.unil.ch\/biss2\/wp-json\/wp\/v2\/pages\/1863","targetHints":{"allow":["GET"]}}],"collection":[{"href":"https:\/\/wp.unil.ch\/biss2\/wp-json\/wp\/v2\/pages"}],"about":[{"href":"https:\/\/wp.unil.ch\/biss2\/wp-json\/wp\/v2\/types\/page"}],"author":[{"embeddable":true,"href":"https:\/\/wp.unil.ch\/biss2\/wp-json\/wp\/v2\/users\/1002255"}],"replies":[{"embeddable":true,"href":"https:\/\/wp.unil.ch\/biss2\/wp-json\/wp\/v2\/comments?post=1863"}],"version-history":[{"count":3,"href":"https:\/\/wp.unil.ch\/biss2\/wp-json\/wp\/v2\/pages\/1863\/revisions"}],"predecessor-version":[{"id":4756,"href":"https:\/\/wp.unil.ch\/biss2\/wp-json\/wp\/v2\/pages\/1863\/revisions\/4756"}],"wp:featuredmedia":[{"embeddable":true,"href":"https:\/\/wp.unil.ch\/biss2\/wp-json\/wp\/v2\/media\/3882"}],"wp:attachment":[{"href":"https:\/\/wp.unil.ch\/biss2\/wp-json\/wp\/v2\/media?parent=1863"}],"curies":[{"name":"wp","href":"https:\/\/api.w.org\/{rel}","templated":true}]}}