{"id":1403,"date":"2021-11-26T13:00:44","date_gmt":"2021-11-26T12:00:44","guid":{"rendered":"https:\/\/wp.unil.ch\/biss2\/?page_id=1403"},"modified":"2025-11-25T17:37:12","modified_gmt":"2025-11-25T16:37:12","slug":"etage-5","status":"publish","type":"page","link":"https:\/\/wp.unil.ch\/biss2\/etage-5\/","title":{"rendered":"Etage 5"},"content":{"rendered":"\n<p class=\"has-large-font-size\"><strong>Bienvenue dans Etage 5, le podcast qui vous emm\u00e8ne dans la vie de l&rsquo;Institut des sciences sociales, de l&rsquo;Universit\u00e9 de Lausanne.&nbsp;<\/strong><\/p>\n\n\n\n<p class=\"has-large-font-size\"><strong>Etage 5, c&rsquo;est des \u00e9changes avec des chercheur\u00b7euses, des partenaires de recherche, des \u00e9tudiant\u00b7es, des invit\u00e9\u00b7es. En bref, celles et ceux qui font les sciences sociales d&rsquo;aujourd&rsquo;hui et de demain.&nbsp;<\/strong><\/p>\n\n\n\n<p class=\"has-large-font-size\"><strong>Allez, on monte au 5\u00e8me \u00e9tage, bonne \u00e9coute !&nbsp;<\/strong><br><br><\/p>\n\n\n\n<h2 class=\"wp-block-heading\">Les s\u00e9ries<\/h2>\n\n\n\n<div class=\"wp-block-columns is-layout-flex wp-container-core-columns-is-layout-9d6595d7 wp-block-columns-is-layout-flex\">\n<div class=\"wp-block-column is-layout-flow wp-block-column-is-layout-flow\" style=\"flex-basis:33.33%\">\n<div class=\"wp-block-cover is-light\"><img alt=\"\" decoding=\"async\" class=\"wp-block-cover__image-background wp-image-3140\" alt=\"\" src=\"https:\/\/wp.unil.ch\/biss2\/files\/2022\/12\/Visuel-Enquetes-edited.png\" data-object-fit=\"cover\" \/><span aria-hidden=\"true\" class=\"wp-block-cover__background has-background-dim\"><\/span><div class=\"wp-block-cover__inner-container is-layout-flow wp-block-cover-is-layout-flow\">\n<h2 class=\"wp-block-heading has-text-align-center has-large-font-size\"><a href=\"https:\/\/wp.unil.ch\/biss2\/enquetes\/\" data-type=\"page\" data-id=\"1412\">Enqu\u00eates<\/a><\/h2>\n<\/div><\/div>\n<\/div>\n\n\n\n<div class=\"wp-block-column is-layout-flow wp-block-column-is-layout-flow\" style=\"flex-basis:66.66%\">\n<div class=\"wp-block-columns is-layout-flex wp-container-core-columns-is-layout-9d6595d7 wp-block-columns-is-layout-flex\">\n<div class=\"wp-block-column is-layout-flow wp-block-column-is-layout-flow\">\n<div class=\"wp-block-cover is-light\"><img alt=\"\" loading=\"lazy\" decoding=\"async\" width=\"1769\" height=\"1068\" class=\"wp-block-cover__image-background wp-image-3493\" alt=\"\" src=\"https:\/\/wp.unil.ch\/biss2\/files\/2023\/05\/poster-transitions-A3-d-2.png\" data-object-fit=\"cover\" srcset=\"https:\/\/wp.unil.ch\/biss2\/files\/2023\/05\/poster-transitions-A3-d-2.png 1769w, https:\/\/wp.unil.ch\/biss2\/files\/2023\/05\/poster-transitions-A3-d-2-300x181.png 300w, https:\/\/wp.unil.ch\/biss2\/files\/2023\/05\/poster-transitions-A3-d-2-768x464.png 768w, https:\/\/wp.unil.ch\/biss2\/files\/2023\/05\/poster-transitions-A3-d-2-1536x927.png 1536w, https:\/\/wp.unil.ch\/biss2\/files\/2023\/05\/poster-transitions-A3-d-2-1120x676.png 1120w, https:\/\/wp.unil.ch\/biss2\/files\/2023\/05\/poster-transitions-A3-d-2-540x326.png 540w, https:\/\/wp.unil.ch\/biss2\/files\/2023\/05\/poster-transitions-A3-d-2-1080x652.png 1080w\" sizes=\"auto, (max-width: 1769px) 100vw, 1769px\" \/><span aria-hidden=\"true\" class=\"wp-block-cover__background has-background-dim\"><\/span><div class=\"wp-block-cover__inner-container is-layout-flow wp-block-cover-is-layout-flow\">\n<h2 class=\"wp-block-heading has-text-align-center has-large-font-size\"><a href=\"https:\/\/wp.unil.ch\/biss2\/entrevues\/\" data-type=\"page\" data-id=\"3487\">Entrevues<\/a><\/h2>\n<\/div><\/div>\n<\/div>\n\n\n\n<div class=\"wp-block-column is-layout-flow wp-block-column-is-layout-flow\"><\/div>\n<\/div>\n<\/div>\n<\/div>\n\n\n\n<h2 class=\"wp-block-heading\">O\u00f9 \u00e9couter <em>Etage 5 ? <\/em><\/h2>\n\n\n\n<p><em>Etage 5 <\/em>est \u00e0 retrouver sur notre <strong>blog<\/strong> <strong>BISS<\/strong> sur les pages d\u00e9di\u00e9es \u00e0 chaque s\u00e9rie (voir ci-dessous) : <em><a href=\"https:\/\/wp.unil.ch\/biss2\/enquetes\/\" data-type=\"page\" data-id=\"1412\">Enqu\u00eates<\/a>, Entrevues, Exp\u00e9riences, Dissonances<\/em>.<\/p>\n\n\n\n<p>Vous trouverez \u00e9galement <em>Etage 5 <\/em>sur vos <strong>plateformes habituelles<\/strong> d&rsquo;\u00e9coute de podcasts , notamment : <\/p>\n\n\n\n<div class=\"wp-block-columns is-layout-flex wp-container-core-columns-is-layout-9d6595d7 wp-block-columns-is-layout-flex\">\n<div class=\"wp-block-column is-layout-flow wp-block-column-is-layout-flow\">\n<div class=\"wp-block-buttons is-layout-flex wp-block-buttons-is-layout-flex\">\n<div class=\"wp-block-button aligncenter\"><a class=\"wp-block-button__link wp-element-button\" href=\"https:\/\/open.spotify.com\/show\/7sPEeEqQC2QfIPzTxgpjNP\">Spotify<\/a><\/div>\n\n\n\n<div class=\"wp-block-button aligncenter\"><a class=\"wp-block-button__link wp-element-button\">Google Podcasts<\/a><\/div>\n<\/div>\n<\/div>\n\n\n\n<div class=\"wp-block-column is-layout-flow wp-block-column-is-layout-flow\">\n<div class=\"wp-block-buttons is-layout-flex wp-block-buttons-is-layout-flex\">\n<div class=\"wp-block-button aligncenter\"><a class=\"wp-block-button__link wp-element-button\" href=\"https:\/\/www.deezer.com\/show\/5607777\">Deezer<\/a><\/div>\n\n\n\n<div class=\"wp-block-button aligncenter\"><a class=\"wp-block-button__link wp-element-button\" href=\"https:\/\/music.amazon.com\/podcasts\/a9f82c4a-9101-4697-9f58-fe55fd7da40b\">Amazon Music<\/a><\/div>\n<\/div>\n<\/div>\n\n\n\n<div class=\"wp-block-column is-layout-flow wp-block-column-is-layout-flow\">\n<div class=\"wp-block-buttons is-layout-flex wp-block-buttons-is-layout-flex\">\n<div class=\"wp-block-button aligncenter\"><a class=\"wp-block-button__link wp-element-button\" href=\"https:\/\/podcasts.apple.com\/us\/podcast\/etage-5\/id1664138862\">Apple Podcasts<\/a><\/div>\n\n\n\n<div class=\"wp-block-button aligncenter\"><a class=\"wp-block-button__link wp-element-button\" href=\"https:\/\/podcastaddict.com\/podcast\/4201152\">Podcast Addict<\/a><\/div>\n<\/div>\n<\/div>\n<\/div>\n\n\n\n<h2 class=\"wp-block-heading\">Notre comit\u00e9 \u00e9ditorial <\/h2>\n\n\n\n<div class=\"wp-block-columns is-layout-flex wp-container-core-columns-is-layout-9d6595d7 wp-block-columns-is-layout-flex\">\n<div class=\"wp-block-column is-vertically-aligned-top is-layout-flow wp-block-column-is-layout-flow\"><div class=\"wp-block-image is-style-rounded\">\n<figure class=\"aligncenter size-full is-resized\"><img alt=\"\" loading=\"lazy\" decoding=\"async\" width=\"655\" height=\"655\" src=\"https:\/\/wp.unil.ch\/biss2\/files\/2025\/11\/photo-mica-edited-1.jpg\" alt=\"\" class=\"wp-image-6044\" style=\"width:185px;height:185px\" srcset=\"https:\/\/wp.unil.ch\/biss2\/files\/2025\/11\/photo-mica-edited-1.jpg 655w, https:\/\/wp.unil.ch\/biss2\/files\/2025\/11\/photo-mica-edited-1-300x300.jpg 300w, https:\/\/wp.unil.ch\/biss2\/files\/2025\/11\/photo-mica-edited-1-150x150.jpg 150w, https:\/\/wp.unil.ch\/biss2\/files\/2025\/11\/photo-mica-edited-1-540x540.jpg 540w\" sizes=\"auto, (max-width: 655px) 100vw, 655px\" \/><\/figure>\n<\/div>\n\n\n<h5 class=\"wp-block-heading has-text-align-center has-primary-color has-text-color\">Mica Palaz<\/h5>\n\n\n<div class=\"wp-block-image is-style-rounded\">\n<figure class=\"aligncenter size-full is-resized\"><img alt=\"\" loading=\"lazy\" decoding=\"async\" width=\"681\" height=\"681\" src=\"https:\/\/wp.unil.ch\/biss2\/files\/2025\/11\/photo-guillaume-edited-1.jpg\" alt=\"\" class=\"wp-image-6045\" style=\"width:185px;height:185px\" srcset=\"https:\/\/wp.unil.ch\/biss2\/files\/2025\/11\/photo-guillaume-edited-1.jpg 681w, https:\/\/wp.unil.ch\/biss2\/files\/2025\/11\/photo-guillaume-edited-1-300x300.jpg 300w, https:\/\/wp.unil.ch\/biss2\/files\/2025\/11\/photo-guillaume-edited-1-150x150.jpg 150w, https:\/\/wp.unil.ch\/biss2\/files\/2025\/11\/photo-guillaume-edited-1-540x540.jpg 540w\" sizes=\"auto, (max-width: 681px) 100vw, 681px\" \/><\/figure>\n<\/div>\n\n\n<h5 class=\"wp-block-heading has-text-align-center has-primary-color has-text-color\">Guillaume Bornet<\/h5>\n<\/div>\n\n\n\n<div class=\"wp-block-column is-vertically-aligned-top is-layout-flow wp-block-column-is-layout-flow\"><div class=\"wp-block-image is-style-rounded\">\n<figure class=\"aligncenter size-full is-resized\"><img alt=\"\" loading=\"lazy\" decoding=\"async\" width=\"737\" height=\"737\" src=\"https:\/\/wp.unil.ch\/biss2\/files\/2025\/11\/photo-rebecca-edited.jpg\" alt=\"\" class=\"wp-image-6042\" style=\"width:189px;height:189px\" srcset=\"https:\/\/wp.unil.ch\/biss2\/files\/2025\/11\/photo-rebecca-edited.jpg 737w, https:\/\/wp.unil.ch\/biss2\/files\/2025\/11\/photo-rebecca-edited-300x300.jpg 300w, https:\/\/wp.unil.ch\/biss2\/files\/2025\/11\/photo-rebecca-edited-150x150.jpg 150w, https:\/\/wp.unil.ch\/biss2\/files\/2025\/11\/photo-rebecca-edited-540x540.jpg 540w\" sizes=\"auto, (max-width: 737px) 100vw, 737px\" \/><\/figure>\n<\/div>\n\n\n<h5 class=\"wp-block-heading has-text-align-center has-primary-color has-text-color\">Rebecca Strebel<\/h5>\n\n\n<div class=\"wp-block-image is-style-rounded\">\n<figure class=\"aligncenter size-full is-resized\"><img alt=\"\" loading=\"lazy\" decoding=\"async\" width=\"642\" height=\"642\" src=\"https:\/\/wp.unil.ch\/biss2\/files\/2025\/11\/photo-chloe-edited-3.jpg\" alt=\"\" class=\"wp-image-6047\" style=\"width:189px;height:189px\" srcset=\"https:\/\/wp.unil.ch\/biss2\/files\/2025\/11\/photo-chloe-edited-3.jpg 642w, https:\/\/wp.unil.ch\/biss2\/files\/2025\/11\/photo-chloe-edited-3-300x300.jpg 300w, https:\/\/wp.unil.ch\/biss2\/files\/2025\/11\/photo-chloe-edited-3-150x150.jpg 150w, https:\/\/wp.unil.ch\/biss2\/files\/2025\/11\/photo-chloe-edited-3-540x540.jpg 540w\" sizes=\"auto, (max-width: 642px) 100vw, 642px\" \/><\/figure>\n<\/div>\n\n\n<h5 class=\"wp-block-heading has-text-align-center has-primary-color has-text-color\">Chlo\u00e9 Schaer<\/h5>\n<\/div>\n\n\n\n<div class=\"wp-block-column is-vertically-aligned-top is-layout-flow wp-block-column-is-layout-flow\"><div class=\"wp-block-image is-style-rounded\">\n<figure class=\"aligncenter size-full is-resized\"><img alt=\"\" loading=\"lazy\" decoding=\"async\" width=\"697\" height=\"697\" src=\"https:\/\/wp.unil.ch\/biss2\/files\/2025\/11\/photo-valentine-edited.jpg\" alt=\"\" class=\"wp-image-6043\" style=\"width:189px;height:189px\" srcset=\"https:\/\/wp.unil.ch\/biss2\/files\/2025\/11\/photo-valentine-edited.jpg 697w, https:\/\/wp.unil.ch\/biss2\/files\/2025\/11\/photo-valentine-edited-300x300.jpg 300w, https:\/\/wp.unil.ch\/biss2\/files\/2025\/11\/photo-valentine-edited-150x150.jpg 150w, https:\/\/wp.unil.ch\/biss2\/files\/2025\/11\/photo-valentine-edited-540x540.jpg 540w\" sizes=\"auto, (max-width: 697px) 100vw, 697px\" \/><\/figure>\n<\/div>\n\n\n<h5 class=\"wp-block-heading has-text-align-center has-primary-color has-text-color\"><strong>Valentine Girardier<\/strong><\/h5>\n<\/div>\n<\/div>\n\n\n\n<div style=\"height:5px\" aria-hidden=\"true\" class=\"wp-block-spacer\"><\/div>\n\n\n<div class=\"wp-block-image\">\n<figure class=\"aligncenter size-full is-resized\"><img loading=\"lazy\" decoding=\"async\" width=\"1619\" height=\"1077\" src=\"https:\/\/wp.unil.ch\/biss2\/files\/2025\/11\/groupe_3-1-edited.jpg\" alt=\"groupe 3\" class=\"wp-image-6130\" style=\"width:589px;height:auto\" srcset=\"https:\/\/wp.unil.ch\/biss2\/files\/2025\/11\/groupe_3-1-edited.jpg 1619w, https:\/\/wp.unil.ch\/biss2\/files\/2025\/11\/groupe_3-1-edited-300x200.jpg 300w, https:\/\/wp.unil.ch\/biss2\/files\/2025\/11\/groupe_3-1-edited-768x511.jpg 768w, https:\/\/wp.unil.ch\/biss2\/files\/2025\/11\/groupe_3-1-edited-1536x1022.jpg 1536w, https:\/\/wp.unil.ch\/biss2\/files\/2025\/11\/groupe_3-1-edited-1120x745.jpg 1120w, https:\/\/wp.unil.ch\/biss2\/files\/2025\/11\/groupe_3-1-edited-540x359.jpg 540w, https:\/\/wp.unil.ch\/biss2\/files\/2025\/11\/groupe_3-1-edited-1080x718.jpg 1080w\" sizes=\"auto, (max-width: 1619px) 100vw, 1619px\" \/><\/figure>\n<\/div>\n\n\n<h2 class=\"wp-block-heading\">Ancien\u00b7ne\u00b7s membres du comit\u00e9 <\/h2>\n\n\n\n<ul class=\"wp-block-list\">\n<li>Mathilde Kr\u00e4henb\u00fchl<\/li>\n\n\n\n<li>C\u00e9lia de Pietro<\/li>\n\n\n\n<li>G\u00e9raldine Vernerey-Kopp<\/li>\n\n\n\n<li>Romaine Girod<\/li>\n\n\n\n<li>Tatiana Smirnova<\/li>\n\n\n\n<li>Cl\u00e9olia Sabot<\/li>\n<\/ul>\n\n\n\n<p><\/p>\n","protected":false},"excerpt":{"rendered":"<p>Bienvenue dans Etage 5, le podcast qui vous emm\u00e8ne dans la vie de l&rsquo;Institut des sciences sociales, de l&rsquo;Universit\u00e9 de Lausanne.&nbsp; Etage 5, c&rsquo;est des \u00e9changes avec des chercheur\u00b7euses, des partenaires de recherche, des \u00e9tudiant\u00b7es, des invit\u00e9\u00b7es. En bref, celles et ceux qui font les sciences sociales d&rsquo;aujourd&rsquo;hui et de demain.&nbsp; Allez, on monte au [&hellip;]<\/p>\n","protected":false},"author":1002255,"featured_media":3889,"parent":0,"menu_order":0,"comment_status":"closed","ping_status":"closed","template":"template-full-width-cover.php","meta":{"_seopress_robots_primary_cat":"","_seopress_titles_title":"","_seopress_titles_desc":"","_seopress_robots_index":"","footnotes":""},"class_list":["post-1403","page","type-page","status-publish","has-post-thumbnail"],"_links":{"self":[{"href":"https:\/\/wp.unil.ch\/biss2\/wp-json\/wp\/v2\/pages\/1403","targetHints":{"allow":["GET"]}}],"collection":[{"href":"https:\/\/wp.unil.ch\/biss2\/wp-json\/wp\/v2\/pages"}],"about":[{"href":"https:\/\/wp.unil.ch\/biss2\/wp-json\/wp\/v2\/types\/page"}],"author":[{"embeddable":true,"href":"https:\/\/wp.unil.ch\/biss2\/wp-json\/wp\/v2\/users\/1002255"}],"replies":[{"embeddable":true,"href":"https:\/\/wp.unil.ch\/biss2\/wp-json\/wp\/v2\/comments?post=1403"}],"version-history":[{"count":5,"href":"https:\/\/wp.unil.ch\/biss2\/wp-json\/wp\/v2\/pages\/1403\/revisions"}],"predecessor-version":[{"id":6138,"href":"https:\/\/wp.unil.ch\/biss2\/wp-json\/wp\/v2\/pages\/1403\/revisions\/6138"}],"wp:featuredmedia":[{"embeddable":true,"href":"https:\/\/wp.unil.ch\/biss2\/wp-json\/wp\/v2\/media\/3889"}],"wp:attachment":[{"href":"https:\/\/wp.unil.ch\/biss2\/wp-json\/wp\/v2\/media?parent=1403"}],"curies":[{"name":"wp","href":"https:\/\/api.w.org\/{rel}","templated":true}]}}