{"id":1073,"date":"2021-09-23T10:38:24","date_gmt":"2021-09-23T08:38:24","guid":{"rendered":"https:\/\/wp.unil.ch\/biss2\/?page_id=1073"},"modified":"2026-03-16T09:15:37","modified_gmt":"2026-03-16T08:15:37","slug":"home","status":"publish","type":"page","link":"https:\/\/wp.unil.ch\/biss2\/","title":{"rendered":"Bienvenue sur le BISS !"},"content":{"rendered":"\n<h2 class=\"wp-block-heading has-text-align-center\">Le blog de l&rsquo;Institut des sciences sociales <\/h2>\n\n\n\n<div class=\"wp-block-group\"><div class=\"wp-block-group__inner-container is-layout-flow wp-block-group-is-layout-flow\">\n<h4 class=\"wp-block-heading has-text-align-center\" style=\"font-style:normal;font-weight:200\">Pens\u00e9 comme un espace de diffusion, de circulation des id\u00e9es et de valorisation des exp\u00e9riences qui animent les sciences sociales. Le blog met en lumi\u00e8re les travaux des \u00e9tudiantexs. Vous y d\u00e9couvrirez \u00e9galement notre podcast \u00c9tage 5, qui explore les coulisses et les enjeux des sciences sociales, ainsi que les diff\u00e9rentes activit\u00e9s de l&rsquo;Institut.<br><br><strong>Bonne visite !<\/strong><\/h4>\n\n\n\n<div style=\"height:100px\" aria-hidden=\"true\" class=\"wp-block-spacer\"><\/div>\n<\/div><\/div>\n\n\n\n<h2 class=\"wp-block-heading\">Publications r\u00e9centes<\/h2>\n\n\n\n<div class=\"wp-block-group\"><div class=\"wp-block-group__inner-container is-layout-constrained wp-block-group-is-layout-constrained\"><ul class=\"wp-block-latest-posts__list is-grid columns-3 wp-block-latest-posts\"><li><a class=\"wp-block-latest-posts__post-title\" href=\"https:\/\/wp.unil.ch\/biss2\/politique-suisse-en-matiere-de-drogues-remise-en-cause-du-modele-des-4-piliers\/\">Politique suisse en mati\u00e8re de drogues\u00a0: remise en cause du mod\u00e8le des 4 piliers<\/a><\/li>\n<li><a class=\"wp-block-latest-posts__post-title\" href=\"https:\/\/wp.unil.ch\/biss2\/former-a-linclusion-quels-defis-pour-les-futur%c2%b7es-enseignant%c2%b7es-ordinaires\/\">Former \u00e0 l\u2019inclusion : quels d\u00e9fis pour les futur\u00b7es enseignant\u00b7es ordinaires ?<\/a><\/li>\n<li><a class=\"wp-block-latest-posts__post-title\" href=\"https:\/\/wp.unil.ch\/biss2\/vers-une-sexotherapie-inclusive-reconnaissance-des-identites-et-des-relations-non-normatives\/\">Vers une sexoth\u00e9rapie inclusive : reconnaissance des identit\u00e9s et des relations non normatives<\/a><\/li>\n<li><a class=\"wp-block-latest-posts__post-title\" href=\"https:\/\/wp.unil.ch\/biss2\/quand-loutil-faconne-le-regard-le-handicap-visuel-sous-la-loupe\/\">Quand l\u2019outil fa\u00e7onne le regard : le handicap visuel sous la loupe<\/a><\/li>\n<li><a class=\"wp-block-latest-posts__post-title\" href=\"https:\/\/wp.unil.ch\/biss2\/le-handicap-visuel-en-vitrine-perceptions-des-commercant%c2%b7e%c2%b7s-de-lavenue-de-france\/\">Le handicap visuel en vitrine : perceptions des commer\u00e7ant\u00b7e\u00b7s de l\u2019Avenue de France\u00a0\u00a0<\/a><\/li>\n<\/ul>\n\n\n<figure class=\"wp-block-image size-full is-style-default\"><img alt=\"\" loading=\"lazy\" decoding=\"async\" width=\"917\" height=\"459\" src=\"https:\/\/wp.unil.ch\/biss2\/files\/2026\/03\/plan-de-travail-1.png.png\" alt=\"\" class=\"wp-image-6268\" style=\"aspect-ratio:16\/9;object-fit:cover\" srcset=\"https:\/\/wp.unil.ch\/biss2\/files\/2026\/03\/plan-de-travail-1.png.png 917w, https:\/\/wp.unil.ch\/biss2\/files\/2026\/03\/plan-de-travail-1.png-300x150.png 300w, https:\/\/wp.unil.ch\/biss2\/files\/2026\/03\/plan-de-travail-1.png-768x384.png 768w\" sizes=\"auto, (max-width: 917px) 100vw, 917px\" \/><\/figure>\n<\/div><\/div>\n\n\n\n<div class=\"wp-block-group is-nowrap is-layout-flex wp-container-core-group-is-layout-ad2f72ca wp-block-group-is-layout-flex\">\n<div class=\"wp-block-group\"><div class=\"wp-block-group__inner-container is-layout-constrained wp-block-group-is-layout-constrained\">\n<div class=\"wp-block-columns is-layout-flex wp-container-core-columns-is-layout-9d6595d7 wp-block-columns-is-layout-flex\">\n<div class=\"wp-block-column is-layout-flow wp-block-column-is-layout-flow\">\n<div class=\"wp-block-cover is-light\"><img alt=\"\" loading=\"lazy\" decoding=\"async\" width=\"1346\" height=\"1200\" class=\"wp-block-cover__image-background wp-image-3889\" alt=\"\" src=\"https:\/\/wp.unil.ch\/biss2\/files\/2023\/09\/Sans-titre-1-3.png\" style=\"object-position:4% 47%\" data-object-fit=\"cover\" data-object-position=\"4% 47%\" srcset=\"https:\/\/wp.unil.ch\/biss2\/files\/2023\/09\/Sans-titre-1-3.png 1346w, https:\/\/wp.unil.ch\/biss2\/files\/2023\/09\/Sans-titre-1-3-300x267.png 300w, https:\/\/wp.unil.ch\/biss2\/files\/2023\/09\/Sans-titre-1-3-768x685.png 768w, https:\/\/wp.unil.ch\/biss2\/files\/2023\/09\/Sans-titre-1-3-1120x999.png 1120w, https:\/\/wp.unil.ch\/biss2\/files\/2023\/09\/Sans-titre-1-3-540x481.png 540w, https:\/\/wp.unil.ch\/biss2\/files\/2023\/09\/Sans-titre-1-3-1080x963.png 1080w\" sizes=\"auto, (max-width: 1346px) 100vw, 1346px\" \/><span aria-hidden=\"true\" class=\"wp-block-cover__background has-background-background-color has-background-dim\"><\/span><div class=\"wp-block-cover__inner-container is-layout-flow wp-block-cover-is-layout-flow\">\n<h1 class=\"wp-block-heading has-text-align-center has-accent-color has-text-color has-larger-font-size\" style=\"font-style:normal;font-weight:900\"><a href=\"https:\/\/wp.unil.ch\/biss2\/etage-5\/\" data-type=\"page\" data-id=\"1403\">Podcast -Etage 5<\/a><\/h1>\n<\/div><\/div>\n<\/div>\n\n\n\n<div class=\"wp-block-column is-layout-flow wp-block-column-is-layout-flow\">\n<div class=\"wp-block-cover is-light\"><img alt=\"\" loading=\"lazy\" decoding=\"async\" width=\"948\" height=\"811\" class=\"wp-block-cover__image-background wp-image-3882\" alt=\"\" src=\"https:\/\/wp.unil.ch\/biss2\/files\/2023\/09\/poster-manges-quoi-A3-a-1-4-e1694636563786.png\" style=\"object-position:38% 36%\" data-object-fit=\"cover\" data-object-position=\"38% 36%\" srcset=\"https:\/\/wp.unil.ch\/biss2\/files\/2023\/09\/poster-manges-quoi-A3-a-1-4-e1694636563786.png 948w, https:\/\/wp.unil.ch\/biss2\/files\/2023\/09\/poster-manges-quoi-A3-a-1-4-e1694636563786-300x257.png 300w, https:\/\/wp.unil.ch\/biss2\/files\/2023\/09\/poster-manges-quoi-A3-a-1-4-e1694636563786-768x657.png 768w, https:\/\/wp.unil.ch\/biss2\/files\/2023\/09\/poster-manges-quoi-A3-a-1-4-e1694636563786-540x462.png 540w\" sizes=\"auto, (max-width: 948px) 100vw, 948px\" \/><span aria-hidden=\"true\" class=\"wp-block-cover__background has-background-background-color has-background-dim-60 has-background-dim\"><\/span><div class=\"wp-block-cover__inner-container is-layout-flow wp-block-cover-is-layout-flow\">\n<h1 class=\"wp-block-heading has-text-align-center has-buttons-background-color has-text-color has-larger-font-size\"><a href=\"https:\/\/wp.unil.ch\/biss2\/activites-de-liss\/\" data-type=\"page\" data-id=\"1863\">Activit\u00e9s de l&rsquo;ISS<\/a><\/h1>\n<\/div><\/div>\n<\/div>\n\n\n\n<div class=\"wp-block-column is-layout-flow wp-block-column-is-layout-flow\">\n<div class=\"wp-block-cover is-light\"><img alt=\"\" loading=\"lazy\" decoding=\"async\" width=\"1801\" height=\"1041\" class=\"wp-block-cover__image-background wp-image-3896\" alt=\"\" src=\"https:\/\/wp.unil.ch\/biss2\/files\/2023\/09\/base-3.png\" style=\"object-position:14% 26%\" data-object-fit=\"cover\" data-object-position=\"14% 26%\" srcset=\"https:\/\/wp.unil.ch\/biss2\/files\/2023\/09\/base-3.png 1801w, https:\/\/wp.unil.ch\/biss2\/files\/2023\/09\/base-3-300x173.png 300w, https:\/\/wp.unil.ch\/biss2\/files\/2023\/09\/base-3-768x444.png 768w, https:\/\/wp.unil.ch\/biss2\/files\/2023\/09\/base-3-1536x888.png 1536w, https:\/\/wp.unil.ch\/biss2\/files\/2023\/09\/base-3-1120x647.png 1120w, https:\/\/wp.unil.ch\/biss2\/files\/2023\/09\/base-3-540x312.png 540w, https:\/\/wp.unil.ch\/biss2\/files\/2023\/09\/base-3-1080x624.png 1080w\" sizes=\"auto, (max-width: 1801px) 100vw, 1801px\" \/><span aria-hidden=\"true\" class=\"wp-block-cover__background has-background-background-color has-background-dim\"><\/span><div class=\"wp-block-cover__inner-container is-layout-flow wp-block-cover-is-layout-flow\">\n<h1 class=\"wp-block-heading has-text-align-center has-accent-color has-text-color has-larger-font-size\" style=\"font-style:normal;font-weight:900\"><a href=\"https:\/\/wp.unil.ch\/biss2\/contact\/participer\/\">Infos pratiques<\/a><\/h1>\n<\/div><\/div>\n<\/div>\n<\/div>\n<\/div><\/div>\n<\/div>\n","protected":false},"excerpt":{"rendered":"<p>Le blog de l&rsquo;Institut des sciences sociales Pens\u00e9 comme un espace de diffusion, de circulation des id\u00e9es et de valorisation des exp\u00e9riences qui animent les sciences sociales. Le blog met en lumi\u00e8re les travaux des \u00e9tudiantexs. Vous y d\u00e9couvrirez \u00e9galement notre podcast \u00c9tage 5, qui explore les coulisses et les enjeux des sciences sociales, ainsi [&hellip;]<\/p>\n","protected":false},"author":1002689,"featured_media":6270,"parent":0,"menu_order":0,"comment_status":"closed","ping_status":"closed","template":"","meta":{"_seopress_robots_primary_cat":"","_seopress_titles_title":"","_seopress_titles_desc":"","_seopress_robots_index":"","footnotes":""},"class_list":["post-1073","page","type-page","status-publish","has-post-thumbnail"],"_links":{"self":[{"href":"https:\/\/wp.unil.ch\/biss2\/wp-json\/wp\/v2\/pages\/1073","targetHints":{"allow":["GET"]}}],"collection":[{"href":"https:\/\/wp.unil.ch\/biss2\/wp-json\/wp\/v2\/pages"}],"about":[{"href":"https:\/\/wp.unil.ch\/biss2\/wp-json\/wp\/v2\/types\/page"}],"author":[{"embeddable":true,"href":"https:\/\/wp.unil.ch\/biss2\/wp-json\/wp\/v2\/users\/1002689"}],"replies":[{"embeddable":true,"href":"https:\/\/wp.unil.ch\/biss2\/wp-json\/wp\/v2\/comments?post=1073"}],"version-history":[{"count":6,"href":"https:\/\/wp.unil.ch\/biss2\/wp-json\/wp\/v2\/pages\/1073\/revisions"}],"predecessor-version":[{"id":6273,"href":"https:\/\/wp.unil.ch\/biss2\/wp-json\/wp\/v2\/pages\/1073\/revisions\/6273"}],"wp:featuredmedia":[{"embeddable":true,"href":"https:\/\/wp.unil.ch\/biss2\/wp-json\/wp\/v2\/media\/6270"}],"wp:attachment":[{"href":"https:\/\/wp.unil.ch\/biss2\/wp-json\/wp\/v2\/media?parent=1073"}],"curies":[{"name":"wp","href":"https:\/\/api.w.org\/{rel}","templated":true}]}}