{"id":6243,"date":"2026-03-14T00:15:34","date_gmt":"2026-03-13T23:15:34","guid":{"rendered":"https:\/\/wp.unil.ch\/biss\/?page_id=6243"},"modified":"2026-03-19T00:37:19","modified_gmt":"2026-03-18T23:37:19","slug":"socio-histoire-de-la-medecine-et-du-corps","status":"publish","type":"page","link":"https:\/\/wp.unil.ch\/biss\/socio-histoire-de-la-medecine-et-du-corps\/","title":{"rendered":"Socio-Histoire de la M\u00e9decine et du corps"},"content":{"rendered":"\n<p id=\"block-dfc9a4d6-4186-4ba2-9154-46e50c1668cb\">Propos\u00e9 par Prof. Francesco Panese, cet enseignement vise \u00e0 d\u00e9velopper une compr\u00e9hension critique des relations entre corps, subjectivit\u00e9, m\u00e9decine et soci\u00e9t\u00e9, dans une perspective \u00e0 la fois historique et contemporaine. \u00c0 travers un parcours couvrant pr\u00e8s de quatre si\u00e8cles d\u2019histoire, il examine comment les savoirs et les pratiques m\u00e9dicales ont contribu\u00e9 \u00e0 fa\u00e7onner les conceptions du corps, de l\u2019esprit, de la sant\u00e9 et de la maladie, tout en participant \u00e0 la construction du monde social ainsi que des subjectivit\u00e9s individuelles et collectives.<\/p>\n\n\n\n<div class=\"wp-block-columns is-layout-flex wp-container-core-columns-is-layout-9d6595d7 wp-block-columns-is-layout-flex\">\n<div class=\"wp-block-column is-layout-flow wp-block-column-is-layout-flow\">\n<figure class=\"wp-block-image size-full\"><img loading=\"lazy\" decoding=\"async\" width=\"320\" height=\"229\" src=\"https:\/\/wp.unil.ch\/biss\/files\/2026\/03\/premiere-page-1.jpeg\" alt=\"premie\u0300re page\" class=\"wp-image-6267\" srcset=\"https:\/\/wp.unil.ch\/biss\/files\/2026\/03\/premiere-page-1.jpeg 320w, https:\/\/wp.unil.ch\/biss\/files\/2026\/03\/premiere-page-1-300x215.jpeg 300w\" sizes=\"auto, (max-width: 320px) 100vw, 320px\" \/><\/figure>\n<\/div>\n\n\n\n<div class=\"wp-block-column is-layout-flow wp-block-column-is-layout-flow\">\n<h6 class=\"wp-block-heading\"><a href=\"https:\/\/wp.unil.ch\/biss\/?p=6248&amp;preview=true&amp;_thumbnail_id=6262\" data-type=\"link\" data-id=\"https:\/\/wp.unil.ch\/biss\/?p=6248&amp;preview=true&amp;_thumbnail_id=6262\">Contr\u00f4ler ou soigner ? Le poids de l\u2019histoire tumultueuse de l\u2019\u00e9lectrochoc<\/a><\/h6>\n\n\n\n<p>L\u2019\u00e9lectroconvulsivoth\u00e9rapie (ECT) suscite encore aujourd&rsquo;hui un d\u00e9bat passionn\u00e9. Longtemps d\u00e9cri\u00e9e, cette th\u00e9rapie fait son retour dans certains milieux psychiatriques. Entre controverses, avanc\u00e9es scientifiques et r\u00e9sistances id\u00e9ologiques.<\/p>\n<\/div>\n<\/div>\n\n\n\n<div class=\"wp-block-columns is-layout-flex wp-container-core-columns-is-layout-9d6595d7 wp-block-columns-is-layout-flex\">\n<div class=\"wp-block-column is-layout-flow wp-block-column-is-layout-flow\">\n<figure class=\"wp-block-image size-full\"><img alt=\"\" loading=\"lazy\" decoding=\"async\" width=\"1333\" height=\"966\" src=\"https:\/\/wp.unil.ch\/biss\/files\/2026\/03\/image_1-1.jpg\" alt=\"\" class=\"wp-image-6285\" srcset=\"https:\/\/wp.unil.ch\/biss\/files\/2026\/03\/image_1-1.jpg 1333w, https:\/\/wp.unil.ch\/biss\/files\/2026\/03\/image_1-1-300x217.jpg 300w, https:\/\/wp.unil.ch\/biss\/files\/2026\/03\/image_1-1-768x557.jpg 768w, https:\/\/wp.unil.ch\/biss\/files\/2026\/03\/image_1-1-1120x812.jpg 1120w, https:\/\/wp.unil.ch\/biss\/files\/2026\/03\/image_1-1-540x391.jpg 540w, https:\/\/wp.unil.ch\/biss\/files\/2026\/03\/image_1-1-1080x783.jpg 1080w\" sizes=\"auto, (max-width: 1333px) 100vw, 1333px\" \/><\/figure>\n<\/div>\n\n\n\n<div class=\"wp-block-column is-layout-flow wp-block-column-is-layout-flow\">\n<h6 class=\"wp-block-heading\"><a href=\"https:\/\/wp.unil.ch\/biss\/la-fabrique-dun-homme-nouveau-reflexion-sur-les-gueules-cassees\/\" data-type=\"link\" data-id=\"https:\/\/wp.unil.ch\/biss\/?p=6248&amp;preview=true&amp;_thumbnail_id=6262\" target=\"_blank\" rel=\"noreferrer noopener\">La fabrique d\u2019un homme nouveau : r\u00e9flexion sur les gueules cass\u00e9es<\/a><\/h6>\n\n\n\n<p>Figures embl\u00e9matiques de la violence technologique de la Grande Guerre (1914 \u2013 1918), les gueules cass\u00e9es \u2013 sont des hommes aux visages mutil\u00e9s, repr\u00e9sentatifs des figures mouvantes sp\u00e9cifiques au XXe si\u00e8cle.<\/p>\n<\/div>\n<\/div>\n\n\n\n<p><\/p>\n","protected":false},"excerpt":{"rendered":"<p>Propos\u00e9 par Prof. Francesco Panese, cet enseignement vise \u00e0 d\u00e9velopper une compr\u00e9hension critique des relations entre corps, subjectivit\u00e9, m\u00e9decine et soci\u00e9t\u00e9, dans une perspective \u00e0 la fois historique&hellip;<\/p>\n","protected":false},"author":1002689,"featured_media":6246,"parent":0,"menu_order":0,"comment_status":"closed","ping_status":"closed","template":"template-full-width-cover.php","meta":{"_seopress_robots_primary_cat":"","_seopress_titles_title":"","_seopress_titles_desc":"","_seopress_robots_index":"","footnotes":""},"class_list":["post-6243","page","type-page","status-publish","has-post-thumbnail"],"_links":{"self":[{"href":"https:\/\/wp.unil.ch\/biss\/wp-json\/wp\/v2\/pages\/6243","targetHints":{"allow":["GET"]}}],"collection":[{"href":"https:\/\/wp.unil.ch\/biss\/wp-json\/wp\/v2\/pages"}],"about":[{"href":"https:\/\/wp.unil.ch\/biss\/wp-json\/wp\/v2\/types\/page"}],"author":[{"embeddable":true,"href":"https:\/\/wp.unil.ch\/biss\/wp-json\/wp\/v2\/users\/1002689"}],"replies":[{"embeddable":true,"href":"https:\/\/wp.unil.ch\/biss\/wp-json\/wp\/v2\/comments?post=6243"}],"version-history":[{"count":5,"href":"https:\/\/wp.unil.ch\/biss\/wp-json\/wp\/v2\/pages\/6243\/revisions"}],"predecessor-version":[{"id":6294,"href":"https:\/\/wp.unil.ch\/biss\/wp-json\/wp\/v2\/pages\/6243\/revisions\/6294"}],"wp:featuredmedia":[{"embeddable":true,"href":"https:\/\/wp.unil.ch\/biss\/wp-json\/wp\/v2\/media\/6246"}],"wp:attachment":[{"href":"https:\/\/wp.unil.ch\/biss\/wp-json\/wp\/v2\/media?parent=6243"}],"curies":[{"name":"wp","href":"https:\/\/api.w.org\/{rel}","templated":true}]}}