{"id":5844,"date":"2025-06-26T23:04:06","date_gmt":"2025-06-26T21:04:06","guid":{"rendered":"https:\/\/wp.unil.ch\/biss\/?page_id=5844"},"modified":"2025-06-27T11:00:01","modified_gmt":"2025-06-27T09:00:01","slug":"numero-9-juin-2025","status":"publish","type":"page","link":"https:\/\/wp.unil.ch\/biss\/numero-9-juin-2025\/","title":{"rendered":"Num\u00e9ro 9 &#8211; Juin 2025"},"content":{"rendered":"\n<h2 class=\"wp-block-heading\">Arriv\u00e9es et d\u00e9parts<\/h2>\n\n\n\n<p>Entre mars et juillet 2025, les collaborateur\u00b7ices et chercheur\u00b7euses suivant\u00b7es ont quitt\u00e9 ou quitteront prochainement leurs fonctions actuelles au sein de l\u2019ISS. Nous les remercions chaleureusement pour leur investissement et leur travail au sein de l\u2019institut et leur adressons nos meilleurs v\u0153ux pour la suite de leur parcours&nbsp;: <strong>Muriel Bruttin<\/strong>, <strong>Yesim Iyig\u00fcven<\/strong>, <strong>Katy Morris<\/strong>, <strong>Kevin Duc<\/strong>, <strong>Anne-Sophie Delval<\/strong>, <strong>Lucas Gatignol<\/strong>, <strong>Ainhoa Saenz Morales<\/strong>, <strong>Maite Regina Beramendi<\/strong>, <strong>Matt\u00e9o Lacalamita<\/strong>, <strong>Elisa Verga<\/strong>, <strong>Anouk Antonin<\/strong>, <strong>Aur\u00e9lien Baud<\/strong>, <strong>Cl\u00e9ment Bindschaedler<\/strong>, <strong>Morgane Brunner<\/strong>, <strong>Fabio Cornelio<\/strong>, <strong>Lena Hassani Nezhad<\/strong>, <strong>Emilie Martini<\/strong>, <strong>Gaspard Rey<\/strong>, <strong>Elisa Rossi<\/strong>, <strong>Yara Barrense-Dias<\/strong>, <strong>Alejandra del Rocio Bello Urego<\/strong>, <strong>Samuel Coavoux<\/strong>, <strong>Corentin Dupont<\/strong>, <strong>Viviane Gasser-Grandjean<\/strong>, <strong>Ma\u00eblle Grandjean<\/strong>, <strong>Dinah Gross<\/strong>, <strong>Justine Hirschy<\/strong>, <strong>Sellima Kebaili<\/strong>, <strong>Sarah Mazouz<\/strong>, <strong>El\u00e9onore Petit<\/strong>, <strong>Mischa Piraud<\/strong>, <strong>Axel Ravier<\/strong>, <strong>Bruno Suchaut<\/strong>, <strong>Kevin Toffel<\/strong>, <strong>Dominique Vinck<\/strong>, <strong>Isabelle Zinn<\/strong>.<\/p>\n\n\n\n<p>Durant cette m\u00eame p\u00e9riode, les personnes suivantes ont rejoint ou rejoindront l\u2019institut&nbsp;:<\/p>\n\n\n\n<ul class=\"wp-block-list\">\n<li><strong>Clara Almeida Lozar<\/strong> \u2013 chercheuse invit\u00e9e<\/li>\n\n\n\n<li><strong>Marc Asensio Manjon<\/strong> \u2013 chercheur FNS senior<\/li>\n\n\n\n<li><strong>Edm\u00e9e Ballif <\/strong>\u2013 charg\u00e9e de mission, coordinatrice PLAGE<\/li>\n\n\n\n<li><strong>Selim El Madani<\/strong> \u2013 chercheur FNS junior<\/li>\n\n\n\n<li><strong>Yulia Kukles<\/strong> \u2013 chercheuse FNS junior<\/li>\n\n\n\n<li><strong>Kalina Anguelova<\/strong> \u2013 sp\u00e9cialiste en communication (CIR LIVES)<\/li>\n\n\n\n<li><strong>Nino Zhghenti<\/strong> \u2013 collaboratrice scientifique externe<\/li>\n\n\n\n<li><strong>Patricia Ferreira dos Santos <\/strong>\u2013 assistante \u00e9tudiante<\/li>\n\n\n\n<li><strong>Rapha\u00ebl Martin-Penon<\/strong> \u2013 stagiaire<\/li>\n\n\n\n<li><strong>Alain Kaufmann<\/strong> \u2013 chercheur invit\u00e9 (Collaboratoire)<\/li>\n\n\n\n<li><strong>Thomas Louail <\/strong>\u2013 collaborateur scientifique externe<\/li>\n\n\n\n<li><strong>Pierre Gauthier<\/strong> \u2013 charg\u00e9 de recherche<\/li>\n\n\n\n<li><strong>Benjamin Moles Kalt <\/strong>\u2013 assistant dipl\u00f4m\u00e9 (retour mobilit\u00e9)<\/li>\n\n\n\n<li><strong>Lucrezia Perrig<\/strong> \u2013 assistante dipl\u00f4m\u00e9e (retour mobilit\u00e9)<\/li>\n<\/ul>\n\n\n\n<p>Finalement, les personnes suivantes ont effectu\u00e9 un s\u00e9jour de courte dur\u00e9e au sein de l\u2019institut\u00a0: <strong>Roberta Cipriano<\/strong>, <strong>Aitor Garcia Aguirre<\/strong>, <strong>Alice Minder<\/strong>,<strong> Nils Ramseyer<\/strong>, <strong>Loeva La Ragione<\/strong>, <strong>Mayca Minichino<\/strong>, <strong>Clara Otto<\/strong>.<\/p>\n\n\n\n<h2 class=\"wp-block-heading\"><strong>\u00c9<\/strong>v\u00e8nements<\/h2>\n\n\n\n<div class=\"wp-block-columns is-layout-flex wp-container-core-columns-is-layout-9d6595d7 wp-block-columns-is-layout-flex\">\n<div class=\"wp-block-column is-layout-flow wp-block-column-is-layout-flow\" style=\"flex-basis:33.33%\">\n<h5 class=\"wp-block-heading has-text-align-right\">12 juin 2025<em><br><br><\/em><\/h5>\n\n\n<div class=\"wp-block-image is-style-rounded\">\n<figure class=\"aligncenter size-full is-resized\"><img alt=\"\" loading=\"lazy\" decoding=\"async\" width=\"649\" height=\"459\" src=\"https:\/\/wp.unil.ch\/biss\/files\/2025\/06\/mitra-edited-2.jpeg\" alt=\"\" class=\"wp-image-5831\" style=\"object-fit:cover;width:169px;height:169px\" srcset=\"https:\/\/wp.unil.ch\/biss\/files\/2025\/06\/mitra-edited-2.jpeg 649w, https:\/\/wp.unil.ch\/biss\/files\/2025\/06\/mitra-edited-2-300x212.jpeg 300w, https:\/\/wp.unil.ch\/biss\/files\/2025\/06\/mitra-edited-2-540x382.jpeg 540w\" sizes=\"auto, (max-width: 649px) 100vw, 649px\" \/><\/figure>\n<\/div><\/div>\n\n\n\n<div class=\"wp-block-column is-layout-flow wp-block-column-is-layout-flow\" style=\"flex-basis:66.66%\">\n<div class=\"wp-block-group is-nowrap is-layout-flex wp-container-core-group-is-layout-ad2f72ca wp-block-group-is-layout-flex\">\n<p>Table ronde organis\u00e9e par Dominique Vinck autour de la sortie de sa BD \u00ab Mitra \u00bb et de son prochain d\u00e9part \u00e0 la retraite. La BD est disponible aupr\u00e8s de la librairie Basta ou directement aupr\u00e8s de l\u2019auteur.<\/p>\n<\/div>\n\n\n\n<div class=\"wp-block-buttons is-content-justification-right is-layout-flex wp-container-core-buttons-is-layout-765c4724 wp-block-buttons-is-layout-flex\">\n<div class=\"wp-block-button\"><a class=\"wp-block-button__link has-text-align-center wp-element-button\" href=\"https:\/\/www.unil.ch\/events\/1747330760686\">Lien<\/a><\/div>\n<\/div>\n<\/div>\n<\/div>\n\n\n\n<div class=\"wp-block-columns is-layout-flex wp-container-core-columns-is-layout-9d6595d7 wp-block-columns-is-layout-flex\">\n<div class=\"wp-block-column is-layout-flow wp-block-column-is-layout-flow\" style=\"flex-basis:33.33%\">\n<h5 class=\"wp-block-heading has-text-align-right\">3-4 juillet 2025<\/h5>\n<\/div>\n\n\n\n<div class=\"wp-block-column is-layout-flow wp-block-column-is-layout-flow\" style=\"flex-basis:66.66%\">\n<p>Colloque international Anatomy of Protestant Fundamentalism: Roots, networks and controversies (19th-21st centuries).<\/p>\n\n\n\n<div class=\"wp-block-buttons is-content-justification-right is-layout-flex wp-container-core-buttons-is-layout-765c4724 wp-block-buttons-is-layout-flex\">\n<div class=\"wp-block-button\"><a class=\"wp-block-button__link wp-element-button\" href=\"https:\/\/www.unil.ch\/events\/1749210709805\">Lien<\/a><\/div>\n<\/div>\n<\/div>\n<\/div>\n\n\n\n<h2 class=\"wp-block-heading\">Soutenance de th\u00e8se<\/h2>\n\n\n\n<p>La soutenance publique de th\u00e8se suivante est agend\u00e9e :<\/p>\n\n\n\n<div class=\"wp-block-columns is-layout-flex wp-container-core-columns-is-layout-9d6595d7 wp-block-columns-is-layout-flex\">\n<div class=\"wp-block-column is-layout-flow wp-block-column-is-layout-flow\" style=\"flex-basis:33.33%\">\n<h5 class=\"wp-block-heading has-text-align-right\">12 juin 2025<\/h5>\n<\/div>\n\n\n\n<div class=\"wp-block-column is-layout-flow wp-block-column-is-layout-flow\" style=\"flex-basis:66.66%\">\n<p><strong>Ana Isabel Alves Barbeiro<\/strong> : Experiences of discrimination and the management of identities among Portuguese migrants in Switzerland.<\/p>\n\n\n\n<div class=\"wp-block-buttons is-content-justification-right is-layout-flex wp-container-core-buttons-is-layout-765c4724 wp-block-buttons-is-layout-flex\">\n<div class=\"wp-block-button\"><a class=\"wp-block-button__link wp-element-button\" href=\"https:\/\/www.unil.ch\/events\/1744720289999\">Lien<\/a><\/div>\n<\/div>\n<\/div>\n<\/div>\n\n\n\n<h2 class=\"wp-block-heading\">Infos officielles<\/h2>\n\n\n\n<div class=\"wp-block-columns is-layout-flex wp-container-core-columns-is-layout-9d6595d7 wp-block-columns-is-layout-flex\">\n<div class=\"wp-block-column is-layout-flow wp-block-column-is-layout-flow\" style=\"flex-basis:33.33%\">\n<h5 class=\"wp-block-heading has-text-align-right\">12 juin 2025<\/h5>\n<\/div>\n\n\n\n<div class=\"wp-block-column is-layout-flow wp-block-column-is-layout-flow\" style=\"flex-basis:66.66%\">\n<p>Rencontre d\u2019\u00e9t\u00e9 2025 de l\u2019UNIL Mme <strong>Nolwenn B\u00fchler<\/strong> a \u00e9t\u00e9 nomm\u00e9e professeure associ\u00e9e en STS au sein de l\u2019ISS et elle d\u00e9butera le 1er ao\u00fbt 2025 dans sa nouvelle fonction.<\/p>\n<\/div>\n<\/div>\n\n\n\n<h2 class=\"wp-block-heading\">Valorisation <\/h2>\n\n\n\n<p>Nous f\u00e9licitons <strong>M\u00e9lody Pralong<\/strong>, <strong>Matthieu Thomas<\/strong>, <strong>Loeva La Ragione<\/strong>, <strong>Christina Bornatici<\/strong> et <strong>Serjara Aleman<\/strong> qui ont soutenu publiquement leur th\u00e8se en sciences sociales.<\/p>\n\n\n\n<p>Nous f\u00e9licitons \u00e9galement <strong>Jean-Marie Le Goff<\/strong> pour sa nomination au rang de professeur titulaire, ainsi que <strong>Dominique Vinck<\/strong> pour sa nomination au rang de professeur honoraire de notre Facult\u00e9.<\/p>\n\n\n\n<div class=\"wp-block-columns is-layout-flex wp-container-core-columns-is-layout-9d6595d7 wp-block-columns-is-layout-flex\">\n<div class=\"wp-block-column is-layout-flow wp-block-column-is-layout-flow\" style=\"flex-basis:66.66%\">\n<p>Intervention de <strong>Marc Perrenoud<\/strong> \u00e0 l\u2019occasion de la f\u00eate du Travail.<\/p>\n<\/div>\n\n\n\n<div class=\"wp-block-column is-layout-flow wp-block-column-is-layout-flow\" style=\"flex-basis:33.33%\">\n<div class=\"wp-block-buttons is-content-justification-right is-layout-flex wp-container-core-buttons-is-layout-765c4724 wp-block-buttons-is-layout-flex\">\n<div class=\"wp-block-button\"><a class=\"wp-block-button__link wp-element-button\" href=\"https:\/\/www.unil.ch\/news\/1746608948632\">Lien<\/a><\/div>\n<\/div>\n<\/div>\n<\/div>\n\n\n\n<p>Les <strong>projets de recherche<\/strong> et <strong>financements<\/strong> suivants ont \u00e9t\u00e9 obtenus par des membres de l\u2019ISS :<\/p>\n\n\n\n<ul class=\"wp-block-list\">\n<li>Stephanie Steinmetz, (ISS), \u00ab<strong>(Un)changing gender relations and family diversity in Switzerland: causes, consequences, and challenges from a compartive perspective (GenFam)<\/strong>\u00bb, co-requ\u00e9rant\u00b7e\u00b7s : Cl\u00e9mentine Rossier, Jean-Marie Le Goff, N\u00faria S\u00e1nchez-Mira, Isabelle Zinn, Gesine Fuchs, Marco Giesselmann, Katja Rost, Irene Kriesi, J\u00f6rg R\u00f6ssel. D\u00e9but 01.05.2025, Budget CHF 2\u2019585\u2019211.<\/li>\n<\/ul>\n\n\n\n<ul class=\"wp-block-list\">\n<li>Olivier Glassey, \u00ab <strong>Performing Artificial Intelligence: Governance, Agency, Action-An Interdisciplinary Inquiry<\/strong> \u00bb, co-requ\u00e9rant\u00b7e\u00b7s : Anna Jobin, Takashi Ikegami, Christoph Salter. D\u00e9but 01.03.2025, Budget CHF 3&rsquo;617\u2019719.<\/li>\n<\/ul>\n\n\n\n<ul class=\"wp-block-list\">\n<li>Caroline Roberts, \u00ab <strong>Performing Artificial Intelligence: Governance, Agency, Action-An Interdisciplinary Inquiry <\/strong>\u00bb. D\u00e9but 01.03.2025, Budget CHF 661\u2019405.<\/li>\n<\/ul>\n\n\n\n<ul class=\"wp-block-list\">\n<li>Marco Motta, \u00ab <strong>Exiled in Detention: Conditions of Confinement, the Mental Health of Migrant Children and Adolescents, and their Ordinary Life <\/strong>\u00bb. D\u00e9but \u00e0 l\u2019automne 2025, Budget CHF 1&rsquo;650\u2019402.<\/li>\n<\/ul>\n\n\n\n<h2 class=\"wp-block-heading\">Infos de la Direction ISS<\/h2>\n\n\n\n<p>Apr\u00e8s quatre ann\u00e9es en tant que directeur de l\u2019ISS, le temps est venu pour moi de passer la main. Je suis heureux d\u2019avoir pu me mettre \u00e0 votre service et j\u2019esp\u00e8re avoir oeuvr\u00e9 dans le sens d\u2019une meilleure inclusion de toutes et tous dans l\u2019institut. Cette p\u00e9riode aura \u00e9t\u00e9 tr\u00e8s riche en d\u00e9couvertes et apprentissages, mais en \u00e9motions aussi et j\u2019en conserverai d\u2019excellents souvenirs.<\/p>\n\n\n\n<p>Je remercie toutes les personnes au sein de l\u2019ISS et de la Facult\u00e9 avec qui j\u2019ai eu la chance de travailler durant ces derni\u00e8res ann\u00e9es, avec une reconnaissance toute particuli\u00e8re pour l\u2019ensemble du secr\u00e9tariat et du Team Communication.<\/p>\n\n\n<div class=\"wp-block-image is-style-rounded\">\n<figure class=\"alignright size-full is-resized\"><img alt=\"\" loading=\"lazy\" decoding=\"async\" width=\"1153\" height=\"1119\" src=\"https:\/\/wp.unil.ch\/biss\/files\/2025\/06\/camping-car-edited.jpg\" alt=\"\" class=\"wp-image-5836\" style=\"object-fit:cover;width:169px;height:169px\" srcset=\"https:\/\/wp.unil.ch\/biss\/files\/2025\/06\/camping-car-edited.jpg 1153w, https:\/\/wp.unil.ch\/biss\/files\/2025\/06\/camping-car-edited-300x291.jpg 300w, https:\/\/wp.unil.ch\/biss\/files\/2025\/06\/camping-car-edited-768x745.jpg 768w, https:\/\/wp.unil.ch\/biss\/files\/2025\/06\/camping-car-edited-1120x1087.jpg 1120w, https:\/\/wp.unil.ch\/biss\/files\/2025\/06\/camping-car-edited-540x524.jpg 540w, https:\/\/wp.unil.ch\/biss\/files\/2025\/06\/camping-car-edited-1080x1048.jpg 1080w\" sizes=\"auto, (max-width: 1153px) 100vw, 1153px\" \/><\/figure>\n<\/div>\n\n\n<p>Je souhaite \u00e0 pr\u00e9sent bonne chance \u00e0 Laurence Kaufmann pour les ann\u00e9es \u00e0 venir.<\/p>\n\n\n\n<p>Bon \u00e9t\u00e9 \u00e0 toutes et \u00e0 tous. <\/p>\n\n\n\n<p>Andr\u00e9 Berchtold<\/p>\n\n\n\n<p><\/p>\n\n\n\n<p><strong>R\u00e9daction et diffusion :<\/strong> Andr\u00e9 Berchtold, Philippe Gonzalez, Priya Ducommun<\/p>\n\n\n\n<p><\/p>\n","protected":false},"excerpt":{"rendered":"<p>Arriv\u00e9es et d\u00e9parts Entre mars et juillet 2025, les collaborateur\u00b7ices et chercheur\u00b7euses suivant\u00b7es ont quitt\u00e9 ou quitteront prochainement leurs fonctions actuelles au sein de l\u2019ISS. Nous les remercions&hellip;<\/p>\n","protected":false},"author":1002689,"featured_media":5840,"parent":0,"menu_order":0,"comment_status":"closed","ping_status":"closed","template":"template-full-width-cover.php","meta":{"_seopress_robots_primary_cat":"","_seopress_titles_title":"","_seopress_titles_desc":"","_seopress_robots_index":"","footnotes":""},"class_list":["post-5844","page","type-page","status-publish","has-post-thumbnail"],"_links":{"self":[{"href":"https:\/\/wp.unil.ch\/biss\/wp-json\/wp\/v2\/pages\/5844","targetHints":{"allow":["GET"]}}],"collection":[{"href":"https:\/\/wp.unil.ch\/biss\/wp-json\/wp\/v2\/pages"}],"about":[{"href":"https:\/\/wp.unil.ch\/biss\/wp-json\/wp\/v2\/types\/page"}],"author":[{"embeddable":true,"href":"https:\/\/wp.unil.ch\/biss\/wp-json\/wp\/v2\/users\/1002689"}],"replies":[{"embeddable":true,"href":"https:\/\/wp.unil.ch\/biss\/wp-json\/wp\/v2\/comments?post=5844"}],"version-history":[{"count":5,"href":"https:\/\/wp.unil.ch\/biss\/wp-json\/wp\/v2\/pages\/5844\/revisions"}],"predecessor-version":[{"id":5852,"href":"https:\/\/wp.unil.ch\/biss\/wp-json\/wp\/v2\/pages\/5844\/revisions\/5852"}],"wp:featuredmedia":[{"embeddable":true,"href":"https:\/\/wp.unil.ch\/biss\/wp-json\/wp\/v2\/media\/5840"}],"wp:attachment":[{"href":"https:\/\/wp.unil.ch\/biss\/wp-json\/wp\/v2\/media?parent=5844"}],"curies":[{"name":"wp","href":"https:\/\/api.w.org\/{rel}","templated":true}]}}