{"id":5592,"date":"2025-02-28T08:16:41","date_gmt":"2025-02-28T07:16:41","guid":{"rendered":"https:\/\/wp.unil.ch\/biss\/?page_id=5592"},"modified":"2025-03-07T13:54:51","modified_gmt":"2025-03-07T12:54:51","slug":"numero-8-mars-2025","status":"publish","type":"page","link":"https:\/\/wp.unil.ch\/biss\/numero-8-mars-2025\/","title":{"rendered":"Num\u00e9ro 8 &#8211; Mars 2025"},"content":{"rendered":"\n<h2 class=\"wp-block-heading\">Arriv\u00e9es et d\u00e9parts<\/h2>\n\n\n\n<p>Nous souhaitons la bienvenue \u00e0 toutes les personnes qui ont rejoint r\u00e9cemment notre Institut&nbsp;: <strong>Mattia Guarnerio<\/strong>, <strong>Elisa Rossi<\/strong>, <strong>Juliette Torabian<\/strong>, <strong>Aur\u00e9lien Baud<\/strong>, <strong>Alejandra del Rocio Bello Urrego<\/strong>, <strong>Fabio Cornelio<\/strong>, <strong>Nad\u00e8ge de Graffenried<\/strong>, <strong>Viviane Gasser-Grandjean<\/strong>, <strong>Ma\u00eblle Grandjean<\/strong>, <strong>Adar Hoffman<\/strong>, <strong>Alexandre Pereira Da Silva<\/strong>, <strong>Elisa Verga<\/strong>, <strong>Diluo Zhou<\/strong>, <strong>Anouk Antonin<\/strong>, <strong>Morgane Brunner<\/strong>, <strong>Roberta Cipriano<\/strong>, <strong>Morgane Gafner<\/strong>, <strong>Aitor Garcia Aguirre<\/strong>, <strong>Matt\u00e9o Lacalamita<\/strong>, <strong>Michael Lund<\/strong>, <strong>Anahita Mehrpour<\/strong>, <strong>Jil Zanolin<\/strong>, <strong>Davide Ziino<\/strong>, <strong>Marc Scott<\/strong>, <strong>Samuel Coavoux, Mischa Piraud, Kevin Toffel<\/strong>. Nous accueillons \u00e9galement : <\/p>\n\n\n\n<div class=\"wp-block-columns is-layout-flex wp-container-core-columns-is-layout-9d6595d7 wp-block-columns-is-layout-flex\">\n<div class=\"wp-block-column is-layout-flow wp-block-column-is-layout-flow\" style=\"flex-basis:33.33%\">\n<figure class=\"wp-block-image size-full is-resized is-style-rounded\"><img alt=\"\" loading=\"lazy\" decoding=\"async\" width=\"800\" height=\"1200\" src=\"https:\/\/wp.unil.ch\/biss\/files\/2025\/02\/YaraBarrense-Dias_MG_9587.jpg\" alt=\"\" class=\"wp-image-5594\" style=\"object-fit:cover;width:169px;height:169px\" srcset=\"https:\/\/wp.unil.ch\/biss\/files\/2025\/02\/YaraBarrense-Dias_MG_9587.jpg 800w, https:\/\/wp.unil.ch\/biss\/files\/2025\/02\/YaraBarrense-Dias_MG_9587-200x300.jpg 200w, https:\/\/wp.unil.ch\/biss\/files\/2025\/02\/YaraBarrense-Dias_MG_9587-768x1152.jpg 768w, https:\/\/wp.unil.ch\/biss\/files\/2025\/02\/YaraBarrense-Dias_MG_9587-540x810.jpg 540w\" sizes=\"auto, (max-width: 800px) 100vw, 800px\" \/><\/figure>\n<\/div>\n\n\n\n<div class=\"wp-block-column is-layout-flow wp-block-column-is-layout-flow\" style=\"flex-basis:66.66%\">\n<p><strong><strong>Yara Barrense-Dias<\/strong><\/strong>, Charg\u00e9e de cours<\/p>\n<\/div>\n<\/div>\n\n\n\n<div class=\"wp-block-columns is-layout-flex wp-container-core-columns-is-layout-9d6595d7 wp-block-columns-is-layout-flex\">\n<div class=\"wp-block-column is-layout-flow wp-block-column-is-layout-flow\" style=\"flex-basis:33.33%\">\n<figure class=\"wp-block-image size-full is-resized is-style-rounded\"><img alt=\"\" loading=\"lazy\" decoding=\"async\" width=\"225\" height=\"225\" src=\"https:\/\/wp.unil.ch\/biss\/files\/2025\/02\/5451a924-58af-4326-8e1e-41c5e4eb2472.jpg\" alt=\"\" class=\"wp-image-5595\" style=\"object-fit:cover;width:169px;height:169px\" srcset=\"https:\/\/wp.unil.ch\/biss\/files\/2025\/02\/5451a924-58af-4326-8e1e-41c5e4eb2472.jpg 225w, https:\/\/wp.unil.ch\/biss\/files\/2025\/02\/5451a924-58af-4326-8e1e-41c5e4eb2472-150x150.jpg 150w\" sizes=\"auto, (max-width: 225px) 100vw, 225px\" \/><\/figure>\n<\/div>\n\n\n\n<div class=\"wp-block-column is-layout-flow wp-block-column-is-layout-flow\" style=\"flex-basis:66.66%\">\n<p><strong><strong>Nolwenn B\u00fchler<\/strong><\/strong>, Charg\u00e9e de cours<\/p>\n<\/div>\n<\/div>\n\n\n\n<div class=\"wp-block-columns is-layout-flex wp-container-core-columns-is-layout-9d6595d7 wp-block-columns-is-layout-flex\">\n<div class=\"wp-block-column is-layout-flow wp-block-column-is-layout-flow\" style=\"flex-basis:33.33%\">\n<figure class=\"wp-block-image size-full is-resized is-style-rounded\"><img alt=\"\" loading=\"lazy\" decoding=\"async\" width=\"849\" height=\"1200\" src=\"https:\/\/wp.unil.ch\/biss\/files\/2025\/02\/Isabelle.ZINN_2.png\" alt=\"\" class=\"wp-image-5596\" style=\"aspect-ratio:1;object-fit:cover;width:169px\" srcset=\"https:\/\/wp.unil.ch\/biss\/files\/2025\/02\/Isabelle.ZINN_2.png 849w, https:\/\/wp.unil.ch\/biss\/files\/2025\/02\/Isabelle.ZINN_2-212x300.png 212w, https:\/\/wp.unil.ch\/biss\/files\/2025\/02\/Isabelle.ZINN_2-768x1086.png 768w, https:\/\/wp.unil.ch\/biss\/files\/2025\/02\/Isabelle.ZINN_2-540x763.png 540w\" sizes=\"auto, (max-width: 849px) 100vw, 849px\" \/><\/figure>\n<\/div>\n\n\n\n<div class=\"wp-block-column is-layout-flow wp-block-column-is-layout-flow\" style=\"flex-basis:66.66%\">\n<p><strong>Isabelle Zinn<\/strong>, Professeure invit\u00e9e<\/p>\n<\/div>\n<\/div>\n\n\n\n<p>Par ailleurs, les personnes suivantes ont r\u00e9cemment quitt\u00e9 l\u2019ISS. Nous les remercions pour leur engagement et nous leur souhaitons le meilleur pour la suite de leur carri\u00e8re&nbsp;: <strong>Jean Ceppi<\/strong>, <strong>C\u00e9cile Fasel<\/strong>, <strong>Leonora Gkiotsa<\/strong>, <strong>Valdete Ilazi<\/strong>, <strong>Eden Kahane<\/strong>, <strong>L\u00e9o M\u00e9groz<\/strong>, <strong>L\u00e9a Mouchailov<\/strong>, <strong>Philippe Sormani<\/strong>, <strong>Natacha Domingos Malva<\/strong>, <strong>Fiona Friedli<\/strong>, <strong>Elise Lappert<\/strong>, <strong>Alice Minder<\/strong>, <strong>Sarah Vigo Cacho<\/strong>, <strong>Edm\u00e9e Ballif<\/strong>, <strong>Anne-Sophie Delval<\/strong>, <strong>Anna Katharina Keil<\/strong>, <strong>Matteo Pellegrini<\/strong>, <strong>David Schroeter<\/strong>, <strong>Marc Aud\u00e9tat<\/strong>, <strong>Bilel Benbouzid<\/strong>, <strong>Aur\u00e9lie Coulon<\/strong>, <strong>David Pichonnaz<\/strong>, <strong>Delphine Preissmann<\/strong>, <strong>Sabrina Roduit<\/strong>.<\/p>\n\n\n\n<h2 class=\"wp-block-heading\"><strong>\u00c9v\u00e9nements<\/strong><\/h2>\n\n\n\n<div class=\"wp-block-group is-nowrap is-layout-flex wp-container-core-group-is-layout-ad2f72ca wp-block-group-is-layout-flex\">\n<p>Lors de sa s\u00e9ance du 6 f\u00e9vrier 2025, le Conseil de l\u2019ISS a \u00e9lu \u00e0 l\u2019unanimit\u00e9 la professeure <strong>Laurence Kaufmann <\/strong>comme nouvelle Directrice de l\u2019ISS pour la p\u00e9riode allant du 1<sup>er<\/sup> ao\u00fbt 2025 au 31 juillet 2027. Toutes nos f\u00e9licitations&nbsp;!<\/p>\n\n\n\n<figure class=\"wp-block-image size-full is-resized is-style-rounded\"><img alt=\"\" loading=\"lazy\" decoding=\"async\" width=\"849\" height=\"1200\" src=\"https:\/\/wp.unil.ch\/biss\/files\/2025\/02\/Laurence.png\" alt=\"\" class=\"wp-image-5603\" style=\"aspect-ratio:1;object-fit:cover;width:340px;height:auto\" srcset=\"https:\/\/wp.unil.ch\/biss\/files\/2025\/02\/Laurence.png 849w, https:\/\/wp.unil.ch\/biss\/files\/2025\/02\/Laurence-212x300.png 212w, https:\/\/wp.unil.ch\/biss\/files\/2025\/02\/Laurence-768x1086.png 768w, https:\/\/wp.unil.ch\/biss\/files\/2025\/02\/Laurence-540x763.png 540w\" sizes=\"auto, (max-width: 849px) 100vw, 849px\" \/><\/figure>\n<\/div>\n\n\n\n<div class=\"wp-block-columns is-layout-flex wp-container-core-columns-is-layout-9d6595d7 wp-block-columns-is-layout-flex\">\n<div class=\"wp-block-column is-layout-flow wp-block-column-is-layout-flow\" style=\"flex-basis:33.33%\">\n<h5 class=\"wp-block-heading has-text-align-right\">2 au 6 juin 2025<\/h5>\n<\/div>\n\n\n\n<div class=\"wp-block-column is-layout-flow wp-block-column-is-layout-flow\" style=\"flex-basis:66.66%\">\n<p><strong>BruLau &#8211; <\/strong>Ecole d&rsquo;\u00e9t\u00e9 internationale francophone de recherche en \u00e9tudes de genre<\/p>\n\n\n\n<div class=\"wp-block-buttons is-content-justification-right is-layout-flex wp-container-core-buttons-is-layout-765c4724 wp-block-buttons-is-layout-flex\">\n<div class=\"wp-block-button\"><a class=\"wp-block-button__link wp-element-button\" href=\"https:\/\/www.unil.ch\/news\/1736937360842\">Lien<\/a><\/div>\n<\/div>\n<\/div>\n<\/div>\n\n\n\n<p>Prochaines s\u00e9ances du <strong>s\u00e9minaire de l\u2019ISS<\/strong>&nbsp;:<\/p>\n\n\n\n<div class=\"wp-block-columns is-layout-flex wp-container-core-columns-is-layout-9d6595d7 wp-block-columns-is-layout-flex\">\n<div class=\"wp-block-column is-layout-flow wp-block-column-is-layout-flow\" style=\"flex-basis:33.33%\">\n<h5 class=\"wp-block-heading has-text-align-right\">18 mars 2025<em><br><br><\/em><\/h5>\n<\/div>\n\n\n\n<div class=\"wp-block-column is-layout-flow wp-block-column-is-layout-flow\" style=\"flex-basis:66.66%\">\n<p><strong>Gender Equality, Employment and Fertility Decisions: A Couple Approach in EU comparative perspective<\/strong><br>Stefani Scherer, University of Trento<em><br><\/em><\/p>\n\n\n\n<div class=\"wp-block-buttons is-content-justification-right is-layout-flex wp-container-core-buttons-is-layout-765c4724 wp-block-buttons-is-layout-flex\">\n<div class=\"wp-block-button\"><a class=\"wp-block-button__link has-text-align-center wp-element-button\" href=\"https:\/\/www.unil.ch\/events\/1736774701469\">Lien<\/a><\/div>\n<\/div>\n<\/div>\n<\/div>\n\n\n\n<div class=\"wp-block-columns is-layout-flex wp-container-core-columns-is-layout-9d6595d7 wp-block-columns-is-layout-flex\">\n<div class=\"wp-block-column is-layout-flow wp-block-column-is-layout-flow\" style=\"flex-basis:33.33%\">\n<h5 class=\"wp-block-heading has-text-align-right\">1<sup>er<\/sup> avril 2025<\/h5>\n<\/div>\n\n\n\n<div class=\"wp-block-column is-layout-flow wp-block-column-is-layout-flow\" style=\"flex-basis:66.66%\">\n<p><strong>The Fetish of Order: Anthropology, Colonialism, Mess<\/strong><br>George-Paul Meiu, University of Basel<\/p>\n\n\n\n<div class=\"wp-block-buttons is-content-justification-right is-layout-flex wp-container-core-buttons-is-layout-765c4724 wp-block-buttons-is-layout-flex\">\n<div class=\"wp-block-button\"><a class=\"wp-block-button__link wp-element-button\" href=\"https:\/\/www.unil.ch\/events\/1737118377751\">Lien<\/a><\/div>\n<\/div>\n<\/div>\n<\/div>\n\n\n\n<h2 class=\"wp-block-heading\"><strong>Soutenances de th\u00e8ses<\/strong><\/h2>\n\n\n\n<p>Les soutenances publiques de th\u00e8ses suivantes :<\/p>\n\n\n\n<ul class=\"wp-block-list\">\n<li><strong><em>Loeva La Ragione<\/em><\/strong><em>&nbsp;: 21 mars 2025 &#8211; 14h &#8211; ANT 2120<\/em><br><strong>Sociabilit\u00e9 et identit\u00e9(s) dans les mondes virtuels : Le jeu de r\u00f4le dans Guild Wars 2<\/strong><\/li>\n<\/ul>\n\n\n\n<ul class=\"wp-block-list\">\n<li><strong><em>Matthieu Thomas<\/em><\/strong><em>&nbsp;: 30 avril 2025 &#8211; 13h30 &#8211; GEO 1620<\/em><br><strong>Gen\u00e8se d\u2019une loi antiraciste : sociologie d&rsquo;une exp\u00e9rience politique suisse (1965-1995)<\/strong><\/li>\n<\/ul>\n\n\n\n<h2 class=\"wp-block-heading\">Valorisation <\/h2>\n\n\n\n<div class=\"wp-block-columns is-layout-flex wp-container-core-columns-is-layout-9d6595d7 wp-block-columns-is-layout-flex\">\n<div class=\"wp-block-column is-vertically-aligned-bottom is-layout-flow wp-block-column-is-layout-flow\" style=\"flex-basis:100%\">\n<ul class=\"wp-block-list\">\n<li>Parution aux \u00e9ditions Karthala de l\u2019ouvrage <strong><em>Voyager pour procr\u00e9er au Maghreb. Exp\u00e9riences au sein d&rsquo;une nouvelle industrie m\u00e9dicale<\/em><\/strong>, co-dirig\u00e9 par Betty Rouland (Institut Convergences Migrations, CNRS) et <strong>Irene Maffi <\/strong>(ISS).<\/li>\n<\/ul>\n<\/div>\n\n\n\n<div class=\"wp-block-column is-layout-flow wp-block-column-is-layout-flow\" style=\"flex-basis:33.33%\"><div class=\"wp-block-image is-style-rounded\">\n<figure class=\"alignright size-full is-resized\"><img alt=\"\" loading=\"lazy\" decoding=\"async\" width=\"1186\" height=\"808\" src=\"https:\/\/wp.unil.ch\/biss\/files\/2025\/02\/Capture-decran-2025-02-28-a-11.38.14.png\" alt=\"\" class=\"wp-image-5632\" style=\"aspect-ratio:1;object-fit:cover;width:300px\" srcset=\"https:\/\/wp.unil.ch\/biss\/files\/2025\/02\/Capture-decran-2025-02-28-a-11.38.14.png 1186w, https:\/\/wp.unil.ch\/biss\/files\/2025\/02\/Capture-decran-2025-02-28-a-11.38.14-300x204.png 300w, https:\/\/wp.unil.ch\/biss\/files\/2025\/02\/Capture-decran-2025-02-28-a-11.38.14-768x523.png 768w, https:\/\/wp.unil.ch\/biss\/files\/2025\/02\/Capture-decran-2025-02-28-a-11.38.14-1120x763.png 1120w, https:\/\/wp.unil.ch\/biss\/files\/2025\/02\/Capture-decran-2025-02-28-a-11.38.14-540x368.png 540w, https:\/\/wp.unil.ch\/biss\/files\/2025\/02\/Capture-decran-2025-02-28-a-11.38.14-1080x736.png 1080w\" sizes=\"auto, (max-width: 1186px) 100vw, 1186px\" \/><\/figure>\n<\/div><\/div>\n<\/div>\n\n\n\n<ul class=\"wp-block-list\">\n<li>Nous f\u00e9licitons <strong>Ana Laura Rodriguez Quinones<\/strong>, <strong>Marc Asensio Manjon<\/strong> et <strong>Laura Amaro Galhano<\/strong> qui ont soutenu publiquement leurs th\u00e8ses de doctorat.<\/li>\n\n\n\n<li><strong>Laura Bernardi<\/strong> a obtenu le projet DIFAMHE \u2013 Diverse families and mental health.<\/li>\n\n\n\n<li>Interventions dans les m\u00e9dias&nbsp;:<ul><li>4 octobre 2024 : <strong>Irene Maffi<\/strong> est intervenue \u00e0 La Matinale (RTS) dans \u00ab\u00a0La Sicile au centre des routes migratoires\u00a0\u00bb.<\/li><\/ul><ul><li>25 octobre 2024 : <strong>Farinaz Fassa<\/strong> est intervenue au 12h30 (RTS) dans \u00ab\u00a0Vieillir en Suisse, du priv\u00e9 au politique\u00a0\u00bb.<\/li><\/ul><ul><li>30 octobre 2024 : <strong>Guillaume G\u00e9nat<\/strong> est intervenu, avec Coline M\u00e9trailler, au 12h45 (RTS) dans \u00ab\u00a0Rendez-vous Gaming, les sorties \u00ab\u00a0Neva\u00a0\u00bb et \u00ab\u00a0Le vaillant petit Page\u00a0\u00bb.<\/li><\/ul><ul><li>11 novembre 2024 : <strong>Olivier Glassey<\/strong> est intervenu au 19h30 (RTS) dans \u00ab\u00a0Dans un monde ultra-connect\u00e9, les \u00ab\u00a0dumbphones\u00a0\u00bb font leur retour\u00a0\u00bb.<\/li><\/ul><ul><li>18 novembre 2024 : <strong>Ren\u00e9 Kn\u00fcsel <\/strong>est intervenu dans l\u2019\u00e9mission Basik (RTS) dans \u00ab\u00a0Au boulot les retrait\u00e9s\u00a0\u00bb.<\/li><\/ul><ul><li>30 d\u00e9cembre 2025 : <strong>Olivier Glassey<\/strong> est intervenu au 12h30 (RTS) dans \u00ab\u00a0La \u00ab\u00a0bienfaisance obsc\u00e8ne\u00a0\u00bb, ces dons mis en sc\u00e8ne dont les r\u00e9seaux sociaux raffolent\u00a0\u00bb.<\/li><\/ul><ul><li>17 janvier 2026&nbsp;: <strong>Laurence Kaufmann<\/strong> est intervenue au dans l\u2019\u00e9mission Tribu (RTS) dans \u00ab&nbsp;Ce qui a chang\u00e9 en dix ans: la m\u00e9fiance envers les institutions&nbsp;\u00bb.<\/li><\/ul><ul><li>21 janvier 2026&nbsp;: <strong>Ren\u00e9 Kn\u00fcsel<\/strong> est intervenu \u00e0 La Matinale (RTS) dans \u00ab&nbsp;Pourquoi la fonction de conseiller f\u00e9d\u00e9ral ne fait plus r\u00eaver ?&nbsp;\u00bb.<\/li><\/ul>\n<ul class=\"wp-block-list\">\n<li>12 f\u00e9vrier 2026&nbsp;: <strong>Marta Roca Escoda<\/strong> est intervenue dans l\u2019\u00e9mission Le Point J dans \u00ab&nbsp;C&rsquo;est quoi, le devoir conjugal ?&nbsp;\u00bb.<\/li>\n<\/ul>\n<\/li>\n<\/ul>\n\n\n\n<h2 class=\"wp-block-heading\">Infos officielles <\/h2>\n\n\n\n<p><strong>20 mars 2025<\/strong>&nbsp;: Commission de l\u2019enseignement des sciences sociales<\/p>\n\n\n\n<p><strong>20 &amp; 21 mars 2025<\/strong>&nbsp;: Auditions pour le poste de professeur\u00b7e en STS<\/p>\n\n\n\n<p><strong>25 mars 2025<\/strong>&nbsp;: Visite de la Direction UNIL \u00e0 l\u2019ISS<\/p>\n\n\n\n<p><strong>1<sup>er<\/sup> mai 2025<\/strong>&nbsp;: Conseil de l\u2019ISS.<\/p>\n\n\n\n<p><strong>8 mai 2025<\/strong>&nbsp;: Commission de l\u2019enseignement des sciences sociales<\/p>\n\n\n\n<p><strong>23 mai<\/strong> 2025&nbsp;: Dies Academicus<\/p>\n\n\n\n<p><strong>R\u00e9daction et diffusion :<\/strong> Andr\u00e9 Berchtold, Philippe Gonzalez, Pauline Blaser<\/p>\n","protected":false},"excerpt":{"rendered":"<p>Arriv\u00e9es et d\u00e9parts Nous souhaitons la bienvenue \u00e0 toutes les personnes qui ont rejoint r\u00e9cemment notre Institut&nbsp;: Mattia Guarnerio, Elisa Rossi, Juliette Torabian, Aur\u00e9lien Baud, Alejandra del Rocio&hellip;<\/p>\n","protected":false},"author":1002820,"featured_media":5616,"parent":0,"menu_order":0,"comment_status":"closed","ping_status":"closed","template":"template-full-width-cover.php","meta":{"_seopress_robots_primary_cat":"","_seopress_titles_title":"","_seopress_titles_desc":"","_seopress_robots_index":"","footnotes":""},"class_list":["post-5592","page","type-page","status-publish","has-post-thumbnail"],"_links":{"self":[{"href":"https:\/\/wp.unil.ch\/biss\/wp-json\/wp\/v2\/pages\/5592","targetHints":{"allow":["GET"]}}],"collection":[{"href":"https:\/\/wp.unil.ch\/biss\/wp-json\/wp\/v2\/pages"}],"about":[{"href":"https:\/\/wp.unil.ch\/biss\/wp-json\/wp\/v2\/types\/page"}],"author":[{"embeddable":true,"href":"https:\/\/wp.unil.ch\/biss\/wp-json\/wp\/v2\/users\/1002820"}],"replies":[{"embeddable":true,"href":"https:\/\/wp.unil.ch\/biss\/wp-json\/wp\/v2\/comments?post=5592"}],"version-history":[{"count":4,"href":"https:\/\/wp.unil.ch\/biss\/wp-json\/wp\/v2\/pages\/5592\/revisions"}],"predecessor-version":[{"id":5648,"href":"https:\/\/wp.unil.ch\/biss\/wp-json\/wp\/v2\/pages\/5592\/revisions\/5648"}],"wp:featuredmedia":[{"embeddable":true,"href":"https:\/\/wp.unil.ch\/biss\/wp-json\/wp\/v2\/media\/5616"}],"wp:attachment":[{"href":"https:\/\/wp.unil.ch\/biss\/wp-json\/wp\/v2\/media?parent=5592"}],"curies":[{"name":"wp","href":"https:\/\/api.w.org\/{rel}","templated":true}]}}