{"id":5542,"date":"2024-12-13T13:29:44","date_gmt":"2024-12-13T12:29:44","guid":{"rendered":"https:\/\/wp.unil.ch\/biss\/?page_id=5542"},"modified":"2024-12-18T15:57:12","modified_gmt":"2024-12-18T14:57:12","slug":"numero-7-decembre-2024","status":"publish","type":"page","link":"https:\/\/wp.unil.ch\/biss\/numero-7-decembre-2024\/","title":{"rendered":"Num\u00e9ro 7 \u2013 D\u00e9cembre 2024"},"content":{"rendered":"\n<h2 class=\"wp-block-heading\"><strong>D\u00e9claration des Valeurs de l\u2019ISS<\/strong><\/h2>\n\n\n\n<p>La pr\u00e9sente&nbsp;<em><mark><mark style=\"background-color:#ffffff\" class=\"has-inline-color has-accent-color\">D\u00e9claration<\/mark><\/mark><\/em>&nbsp;se veut compl\u00e9mentaire de la&nbsp;<em><mark><mark style=\"background-color:#ffffff\" class=\"has-inline-color has-accent-color\">Charte de l\u2019Universit\u00e9 de Lausanne<\/mark><\/mark><\/em>&nbsp;qui pr\u00e9sente les valeurs fondamentales de notre Universit\u00e9. Elle a pour objectif de pr\u00e9ciser les r\u00e8gles essentielles permettant aux membres de l\u2019Institut des Sciences Sociales (ISS) de vivre ensemble. Sa port\u00e9e est morale, mais non contraignante.<\/p>\n\n\n\n<p>Chaque membre de l\u2019ISS a droit \u00e0 un respect plein et entier de sa personnalit\u00e9 et de son int\u00e9grit\u00e9 physique, psychique, sexuelle et intellectuelle, ceci ind\u00e9pendamment des statuts, des fonctions et des relations hi\u00e9rarchiques.<\/p>\n\n\n\n<p>Les membres de l\u2019ISS s\u2019engagent \u00e0 ne pas r\u00e9pandre de rumeurs, quels que soient les moyens de diffusion, et \u00e0 toujours signer personnellement les messages envoy\u00e9s. L\u2019\u00e9galit\u00e9 entre personnes est activement promue et toute forme de discrimination ou de m\u00e9pris est rejet\u00e9e.<\/p>\n\n\n\n<p>Les membres de l\u2019ISS ont droit \u00e0 un respect absolu de leur vie priv\u00e9e et rien ne peut leur \u00eatre reproch\u00e9 de celle-ci, du moment que cela ne porte pas pr\u00e9judice \u00e0 d\u2019autres membres de l\u2019ISS ou \u00e0 l\u2019Institut lui-m\u00eame.<\/p>\n\n\n\n<p>Les attentes envers chaque membre de l\u2019ISS doivent \u00eatre clairement \u00e9nonc\u00e9es, connues, comprises et accept\u00e9es par toutes les parties concern\u00e9es. Dans la mesure du possible, des documents \u00e9crits de r\u00e9f\u00e9rence sont utilis\u00e9s pour d\u00e9crire ces attentes.<\/p>\n\n\n\n<p>En cas de conflits li\u00e9s au travail et\/ou aux personnes, les membres de l\u2019ISS utilisent les proc\u00e9dures et ressources mises en place par l\u2019UNIL et la Facult\u00e9 des SSP et pouvant \u00eatre consult\u00e9es sur internet. Aucune d\u00e9cision d\u00e9finitive ne peut \u00eatre rendue sans que toutes les parties aient pu exposer leur point de vue et la pr\u00e9somption d\u2019innocence est garantie. Cependant, des mesures urgentes peuvent \u00eatre prises afin de respecter le principe de pr\u00e9caution.&nbsp;<\/p>\n\n\n\n<p>Les principes \u00e9nonc\u00e9s dans la pr\u00e9sente D\u00e9claration s\u2019\u00e9tendent \u00e9galement \u00e0 toutes les personnes entretenant des liens professionnels ou p\u00e9dagogiques avec l\u2019ISS.<\/p>\n\n\n\n<p>Les membres de l\u2019ISS s\u2019engagent \u00e0 traduire dans les faits, par leurs actes, les principes de cette D\u00e9claration.<\/p>\n\n\n\n<p class=\"has-text-align-right\"><em>Texte adopt\u00e9 par l\u2019Assembl\u00e9e G\u00e9n\u00e9rale de l\u2019ISS en date du 28 novembre 2024<\/em><\/p>\n\n\n\n<h2 class=\"wp-block-heading\">Valorisation <\/h2>\n\n\n\n<p>Nous f\u00e9licitons&nbsp;<strong>Charl\u00e8ne Calderaro<\/strong>&nbsp;et&nbsp;<strong>Vincent Fornerod<\/strong>&nbsp;qui ont soutenu publiquement leurs th\u00e8ses de doctorat.<\/p>\n\n\n\n<div class=\"wp-block-columns is-layout-flex wp-container-core-columns-is-layout-9d6595d7 wp-block-columns-is-layout-flex\">\n<div class=\"wp-block-column is-layout-flow wp-block-column-is-layout-flow\" style=\"flex-basis:66.66%\">\n<p>Nos f\u00e9licitations vont \u00e9galement \u00e0 nos \u00e9tudiant\u00b7es qui se sont vu d\u00e9cerner un prix de la Facult\u00e9 des SSP pour l\u2019excellence de leur travail&nbsp;:<strong>&nbsp;Lena Ajdacic<\/strong>,&nbsp;<strong>Mengling Cheng<\/strong>,&nbsp;<strong>Carole Christe<\/strong>,&nbsp;<strong>Cl\u00e9mence Danesi<\/strong>,&nbsp;<strong>Bruno Da Silva Coelho<\/strong>,&nbsp;<strong>Marine Kneub\u00fchler<\/strong>, et&nbsp;<strong>Marie Reynard<\/strong>, ainsi qu\u2019\u00e0 l\u2019ensemble des \u00e9tudiant\u00b7es ayant re\u00e7u leur Bachelor ou leur Master lors des c\u00e9r\u00e9monies des 21 et 22 novembre.<\/p>\n<\/div>\n\n\n\n<div class=\"wp-block-column is-layout-flow wp-block-column-is-layout-flow\" style=\"flex-basis:33.33%\">\n<figure class=\"wp-block-image size-full is-resized is-style-rounded\"><img alt=\"\" loading=\"lazy\" decoding=\"async\" width=\"550\" height=\"311\" src=\"https:\/\/wp.unil.ch\/biss\/files\/2024\/12\/remise-bachelor.jpg\" alt=\"\" class=\"wp-image-5530\" style=\"aspect-ratio:1;object-fit:cover;width:170px;height:auto\" srcset=\"https:\/\/wp.unil.ch\/biss\/files\/2024\/12\/remise-bachelor.jpg 550w, https:\/\/wp.unil.ch\/biss\/files\/2024\/12\/remise-bachelor-300x170.jpg 300w, https:\/\/wp.unil.ch\/biss\/files\/2024\/12\/remise-bachelor-540x305.jpg 540w\" sizes=\"auto, (max-width: 550px) 100vw, 550px\" \/><\/figure>\n<\/div>\n<\/div>\n\n\n\n<p>Les projets de recherche et financements suivants ont \u00e9t\u00e9 obtenus r\u00e9cemment par des membres de l\u2019ISS&nbsp;:<\/p>\n\n\n\n<ul class=\"wp-block-list\">\n<li><strong>SNSF Starting Grants<\/strong>&nbsp;: Exiled in Detention: Conditions of Confinement, the Mental Health of Migrant Children and Adolescents, and their Ordinary Life \u2013&nbsp;<mark><mark style=\"background-color:#ffffff\" class=\"has-inline-color has-accent-color\">Marco Motta<\/mark><\/mark><\/li>\n\n\n\n<li><strong>FNS<\/strong>&nbsp;: Health &amp; Ageing at Work (HAWK): A Study of Menopause in Switzerland \u2013&nbsp;<mark><mark style=\"background-color:#ffffff\" class=\"has-inline-color has-accent-color\">Nicky Le Feuvre &amp; Isabelle Zinn<\/mark><\/mark>&nbsp;(HES Berne)<\/li>\n\n\n\n<li><strong>FNS<\/strong>&nbsp;: Digital Trust: Understanding and addressing its impact on digital data collection in surveys \u2013&nbsp;<mark><mark style=\"background-color:#ffffff\" class=\"has-inline-color has-accent-color\">Caroline Roberts<\/mark><\/mark><\/li>\n\n\n\n<li><strong>FNS<\/strong>&nbsp;: TIDE \u2013 What happens when the tide recedes? Transformations and Impacts of the Dynamics \u2013&nbsp;<mark><mark style=\"background-color:#ffffff\" class=\"has-inline-color has-accent-color\">Olivier Fillieule (IEP) &amp; Davide Morselli<\/mark><\/mark><\/li>\n\n\n\n<li><strong>NCCR Catalysis<\/strong>&nbsp;: Systematic literature review on the ethical, social and political dimensions of sustainable chemistry \u2013<mark style=\"background-color:#ffffff\" class=\"has-inline-color\">&nbsp;<\/mark><mark><mark style=\"background-color:#ffffff\" class=\"has-inline-color has-accent-color\">Francesco Panese &amp; Luca Chiapperino<\/mark><\/mark><\/li>\n\n\n\n<li><strong>Generations and Gender Programme (GGP)<\/strong>&nbsp;\u2013&nbsp;<mark><mark style=\"background-color:#ffffff\" class=\"has-inline-color has-accent-color\">Stephanie Steinmetz &amp; Jean-Marie LeGoff<\/mark><\/mark><\/li>\n\n\n\n<li><strong>Bourse Mobi.Doc<\/strong>&nbsp;: Rethinking Land and Power: Environmental shifts in France\u2019s rural \u201cLand Parliaments\u201d \u2013&nbsp;<mark><mark style=\"background-color:#ffffff\" class=\"has-inline-color has-accent-color\">Amelia Veitch<\/mark><\/mark><\/li>\n\n\n\n<li><strong>Bourse Mobi.Doc<\/strong>&nbsp;: Studying Vulnerability Processes in Lone Parents Trajectories: A Mixed-Methods Analysis \u2013&nbsp;<mark><mark style=\"background-color:#ffffff\" class=\"has-inline-color has-accent-color\">Benjamin Moles Kalt<\/mark><\/mark><\/li>\n\n\n\n<li><strong>Mandats<\/strong>\u00a0: Unisant\u00e9 \u2013\u00a0<mark><mark style=\"background-color:#ffffff\" class=\"has-inline-color has-accent-color\">C\u00e9line Mavrot<\/mark><\/mark>, Ville de Nyon \u2013<mark style=\"background-color:#ffffff\" class=\"has-inline-color\">\u00a0<\/mark><mark><mark style=\"background-color:#ffffff\" class=\"has-inline-color has-accent-color\">Jean-Marie Le Goff<\/mark><\/mark>, Violence dans le sport vaudois \u2013\u00a0<mark><mark style=\"background-color:#ffffff\" class=\"has-inline-color has-accent-color\">OME<\/mark><\/mark><\/li>\n<\/ul>\n\n\n\n<h2 class=\"wp-block-heading\">Infos officielles <\/h2>\n\n\n\n<p><strong>6 f\u00e9vrier 2025<\/strong>&nbsp;: <strong>Conseil de l\u2019ISS<\/strong>, \u00e9lection de la direction de l\u2019institut pour la p\u00e9riode ao\u00fbt 2025 \u2013 juillet 2027.<\/p>\n\n\n\n<p><strong><mark style=\"background-color:#ffffff\" class=\"has-inline-color has-accent-color\">Vacances<\/mark><\/strong><\/p>\n\n\n\n<p>Nous souhaitons de tr\u00e8s belles f\u00eates de fin d\u2019ann\u00e9e \u00e0 l\u2019ensemble des membres de l\u2019ISS.<\/p>\n\n\n<div class=\"wp-block-image\">\n<figure class=\"aligncenter size-full is-resized\"><img alt=\"\" loading=\"lazy\" decoding=\"async\" width=\"687\" height=\"516\" src=\"https:\/\/wp.unil.ch\/biss\/files\/2024\/12\/boule-noel.jpg\" alt=\"\" class=\"wp-image-5532\" style=\"width:400px\" srcset=\"https:\/\/wp.unil.ch\/biss\/files\/2024\/12\/boule-noel.jpg 687w, https:\/\/wp.unil.ch\/biss\/files\/2024\/12\/boule-noel-300x225.jpg 300w, https:\/\/wp.unil.ch\/biss\/files\/2024\/12\/boule-noel-540x406.jpg 540w\" sizes=\"auto, (max-width: 687px) 100vw, 687px\" \/><\/figure>\n<\/div>\n\n\n<p><strong>R\u00e9daction et diffusion :<\/strong> Andr\u00e9 Berchtold, Philippe Gonzalez, Pauline Blaser<\/p>\n","protected":false},"excerpt":{"rendered":"<p>D\u00e9claration des Valeurs de l\u2019ISS La pr\u00e9sente&nbsp;D\u00e9claration&nbsp;se veut compl\u00e9mentaire de la&nbsp;Charte de l\u2019Universit\u00e9 de Lausanne&nbsp;qui pr\u00e9sente les valeurs fondamentales de notre Universit\u00e9. Elle a pour objectif de pr\u00e9ciser&hellip;<\/p>\n","protected":false},"author":1002387,"featured_media":5528,"parent":0,"menu_order":0,"comment_status":"closed","ping_status":"closed","template":"template-full-width-cover.php","meta":{"_seopress_robots_primary_cat":"","_seopress_titles_title":"","_seopress_titles_desc":"","_seopress_robots_index":"","footnotes":""},"class_list":["post-5542","page","type-page","status-publish","has-post-thumbnail"],"_links":{"self":[{"href":"https:\/\/wp.unil.ch\/biss\/wp-json\/wp\/v2\/pages\/5542","targetHints":{"allow":["GET"]}}],"collection":[{"href":"https:\/\/wp.unil.ch\/biss\/wp-json\/wp\/v2\/pages"}],"about":[{"href":"https:\/\/wp.unil.ch\/biss\/wp-json\/wp\/v2\/types\/page"}],"author":[{"embeddable":true,"href":"https:\/\/wp.unil.ch\/biss\/wp-json\/wp\/v2\/users\/1002387"}],"replies":[{"embeddable":true,"href":"https:\/\/wp.unil.ch\/biss\/wp-json\/wp\/v2\/comments?post=5542"}],"version-history":[{"count":5,"href":"https:\/\/wp.unil.ch\/biss\/wp-json\/wp\/v2\/pages\/5542\/revisions"}],"predecessor-version":[{"id":5559,"href":"https:\/\/wp.unil.ch\/biss\/wp-json\/wp\/v2\/pages\/5542\/revisions\/5559"}],"wp:featuredmedia":[{"embeddable":true,"href":"https:\/\/wp.unil.ch\/biss\/wp-json\/wp\/v2\/media\/5528"}],"wp:attachment":[{"href":"https:\/\/wp.unil.ch\/biss\/wp-json\/wp\/v2\/media?parent=5542"}],"curies":[{"name":"wp","href":"https:\/\/api.w.org\/{rel}","templated":true}]}}