{"id":5154,"date":"2024-10-10T10:43:13","date_gmt":"2024-10-10T08:43:13","guid":{"rendered":"https:\/\/wp.unil.ch\/biss\/?page_id=5154"},"modified":"2025-02-28T11:54:57","modified_gmt":"2025-02-28T10:54:57","slug":"numero-6-octobre-2024","status":"publish","type":"page","link":"https:\/\/wp.unil.ch\/biss\/numero-6-octobre-2024\/","title":{"rendered":"Num\u00e9ro 6 &#8211; Octobre 2024"},"content":{"rendered":"\n<h2 class=\"wp-block-heading\">Arriv\u00e9es et d\u00e9part <\/h2>\n\n\n\n<p>Nous souhaitons la bienvenue \u00e0 toutes les personnes qui ont rejoint r\u00e9cemment notre Institut&nbsp;: <strong>C\u00e9lia De Pietro<\/strong>, <strong>No\u00e9 Jollien<\/strong>, <strong>Eden Kahane<\/strong>, <strong>Jimena Sobrino Piazza<\/strong>, <strong>Bilel Benbouzid<\/strong>, <strong>Cl\u00e9ment Bindschaedler<\/strong>, <strong>Flavia Cangi\u00e0<\/strong>, <strong>Aur\u00e9lie Coulon<\/strong>, <strong>Leonora Gkiotsa<\/strong>, <strong>Elise Lappert<\/strong>, <strong>Alexandre Mathys<\/strong>, <strong>Delphine Preissmann<\/strong>, <strong>Sabrina Roduit<\/strong>, <strong>Tina Stahel<\/strong>, <strong>Bruno Suchaut<\/strong>, <strong>Sarah Vigo Cacho<\/strong>, <strong>Filippo Bozzini<\/strong>, <strong>Ibrahima Diatta<\/strong>, <strong>Valentine Girardier<\/strong>, <strong>Crispin Girinshuti<\/strong>, <strong>Amel M\u2019harzi<\/strong>, <strong>Alice Minder<\/strong>, <strong>Selma Mouchel<\/strong>, <strong>Tom\u00e0s Ojeda G\u00fcemes<\/strong>, <strong>Mica Palaz<\/strong>, <strong>Matteo Pellegrini<\/strong>, <strong>Julia Sauter<\/strong>, <strong>Chlo\u00e9 Schaer<\/strong>, <strong>Emilie Tinti<\/strong>, <strong>Flavien Bonelli<\/strong>, ainsi que :<\/p>\n\n\n\n<div class=\"wp-block-columns is-layout-flex wp-container-core-columns-is-layout-9d6595d7 wp-block-columns-is-layout-flex\">\n<div class=\"wp-block-column is-layout-flow wp-block-column-is-layout-flow\" style=\"flex-basis:33.33%\">\n<figure class=\"wp-block-image size-full is-resized is-style-rounded\"><img alt=\"\" loading=\"lazy\" decoding=\"async\" width=\"494\" height=\"514\" src=\"https:\/\/wp.unil.ch\/biss\/files\/2023\/04\/Mona.jpg\" alt=\"\" class=\"wp-image-5160\" style=\"object-fit:cover;width:169px;height:169px\" srcset=\"https:\/\/wp.unil.ch\/biss\/files\/2023\/04\/Mona.jpg 494w, https:\/\/wp.unil.ch\/biss\/files\/2023\/04\/Mona-288x300.jpg 288w\" sizes=\"auto, (max-width: 494px) 100vw, 494px\" \/><\/figure>\n<\/div>\n\n\n\n<div class=\"wp-block-column is-layout-flow wp-block-column-is-layout-flow\" style=\"flex-basis:66.66%\">\n<p><strong>Mona G\u00e9raldin-Laverge<\/strong>, Boursi\u00e8re Marie Curie<\/p>\n<\/div>\n<\/div>\n\n\n\n<div class=\"wp-block-columns is-layout-flex wp-container-core-columns-is-layout-9d6595d7 wp-block-columns-is-layout-flex\">\n<div class=\"wp-block-column is-layout-flow wp-block-column-is-layout-flow\" style=\"flex-basis:33.33%\">\n<figure class=\"wp-block-image size-full is-resized is-style-rounded\"><img alt=\"\" loading=\"lazy\" decoding=\"async\" width=\"768\" height=\"1024\" src=\"https:\/\/wp.unil.ch\/biss\/files\/2023\/04\/clara.jpg\" alt=\"\" class=\"wp-image-5162\" style=\"object-fit:cover;width:169px;height:169px\" srcset=\"https:\/\/wp.unil.ch\/biss\/files\/2023\/04\/clara.jpg 768w, https:\/\/wp.unil.ch\/biss\/files\/2023\/04\/clara-225x300.jpg 225w, https:\/\/wp.unil.ch\/biss\/files\/2023\/04\/clara-540x720.jpg 540w\" sizes=\"auto, (max-width: 768px) 100vw, 768px\" \/><\/figure>\n<\/div>\n\n\n\n<div class=\"wp-block-column is-layout-flow wp-block-column-is-layout-flow\" style=\"flex-basis:66.66%\">\n<p><strong>Clara Devlieger<\/strong>, Professeure associ\u00e9e<\/p>\n<\/div>\n<\/div>\n\n\n\n<div class=\"wp-block-columns is-layout-flex wp-container-core-columns-is-layout-9d6595d7 wp-block-columns-is-layout-flex\">\n<div class=\"wp-block-column is-layout-flow wp-block-column-is-layout-flow\" style=\"flex-basis:33.33%\">\n<figure class=\"wp-block-image size-full is-resized is-style-rounded\"><img alt=\"\" loading=\"lazy\" decoding=\"async\" width=\"540\" height=\"540\" src=\"https:\/\/wp.unil.ch\/biss\/files\/2023\/04\/david-pichonnaz-1.jpg\" alt=\"\" class=\"wp-image-5168\" style=\"object-fit:cover;width:169px;height:169px\" srcset=\"https:\/\/wp.unil.ch\/biss\/files\/2023\/04\/david-pichonnaz-1.jpg 540w, https:\/\/wp.unil.ch\/biss\/files\/2023\/04\/david-pichonnaz-1-300x300.jpg 300w, https:\/\/wp.unil.ch\/biss\/files\/2023\/04\/david-pichonnaz-1-150x150.jpg 150w\" sizes=\"auto, (max-width: 540px) 100vw, 540px\" \/><\/figure>\n<\/div>\n\n\n\n<div class=\"wp-block-column is-layout-flow wp-block-column-is-layout-flow\" style=\"flex-basis:66.66%\">\n<p><strong>David Pichonnaz<\/strong>, Professeure invit\u00e9<\/p>\n<\/div>\n<\/div>\n\n\n\n<div class=\"wp-block-columns is-layout-flex wp-container-core-columns-is-layout-9d6595d7 wp-block-columns-is-layout-flex\">\n<div class=\"wp-block-column is-layout-flow wp-block-column-is-layout-flow\" style=\"flex-basis:33.33%\">\n<figure class=\"wp-block-image size-full is-resized is-style-rounded\"><img alt=\"\" loading=\"lazy\" decoding=\"async\" width=\"800\" height=\"1200\" src=\"https:\/\/wp.unil.ch\/biss\/files\/2023\/04\/X6A094366-1.jpg\" alt=\"\" class=\"wp-image-5169\" style=\"object-fit:cover;width:169px;height:169px\" srcset=\"https:\/\/wp.unil.ch\/biss\/files\/2023\/04\/X6A094366-1.jpg 800w, https:\/\/wp.unil.ch\/biss\/files\/2023\/04\/X6A094366-1-200x300.jpg 200w, https:\/\/wp.unil.ch\/biss\/files\/2023\/04\/X6A094366-1-768x1152.jpg 768w, https:\/\/wp.unil.ch\/biss\/files\/2023\/04\/X6A094366-1-540x810.jpg 540w\" sizes=\"auto, (max-width: 800px) 100vw, 800px\" \/><\/figure>\n<\/div>\n\n\n\n<div class=\"wp-block-column is-layout-flow wp-block-column-is-layout-flow\" style=\"flex-basis:66.66%\">\n<p><strong>Emmanuel Sylvestre<\/strong>, Professeure titulaire<\/p>\n<\/div>\n<\/div>\n\n\n\n<div class=\"wp-block-columns is-layout-flex wp-container-core-columns-is-layout-9d6595d7 wp-block-columns-is-layout-flex\">\n<div class=\"wp-block-column is-layout-flow wp-block-column-is-layout-flow\" style=\"flex-basis:33.33%\">\n<figure class=\"wp-block-image size-full is-resized is-style-rounded\"><img alt=\"\" loading=\"lazy\" decoding=\"async\" width=\"325\" height=\"356\" src=\"https:\/\/wp.unil.ch\/biss\/files\/2023\/04\/anatolia_batruch-3718-copie-325-1.jpeg\" alt=\"\" class=\"wp-image-5170\" style=\"object-fit:cover;width:169px;height:169px\" srcset=\"https:\/\/wp.unil.ch\/biss\/files\/2023\/04\/anatolia_batruch-3718-copie-325-1.jpeg 325w, https:\/\/wp.unil.ch\/biss\/files\/2023\/04\/anatolia_batruch-3718-copie-325-1-274x300.jpeg 274w\" sizes=\"auto, (max-width: 325px) 100vw, 325px\" \/><\/figure>\n<\/div>\n\n\n\n<div class=\"wp-block-column is-layout-flow wp-block-column-is-layout-flow\" style=\"flex-basis:66.66%\">\n<p><strong>Anatolia Batruch<\/strong>, MA Ambizione<\/p>\n<\/div>\n<\/div>\n\n\n\n<h2 class=\"wp-block-heading\">\u00c9v\u00e9nement<\/h2>\n\n\n\n<p>Le nouveau s\u00e9minaire de l\u2019ISS d\u00e9bute ce semestre avec 3 s\u00e9ances\u00a0:<\/p>\n\n\n\n<div class=\"wp-block-columns is-layout-flex wp-container-core-columns-is-layout-9d6595d7 wp-block-columns-is-layout-flex\">\n<div class=\"wp-block-column is-layout-flow wp-block-column-is-layout-flow\" style=\"flex-basis:33.33%\">\n<h5 class=\"wp-block-heading has-text-align-right\">17 octobre 2024 <em><br><br><\/em><\/h5>\n<\/div>\n\n\n\n<div class=\"wp-block-column is-layout-flow wp-block-column-is-layout-flow\" style=\"flex-basis:66.66%\">\n<p><strong>Female: Epistemic Violence and Gendered Impunity in International Sport<\/strong><em><br><\/em>Madeleine Pape,<strong> <\/strong>UNIL<em><br><br><\/em><\/p>\n\n\n\n<div class=\"wp-block-buttons is-content-justification-right is-layout-flex wp-container-core-buttons-is-layout-765c4724 wp-block-buttons-is-layout-flex\">\n<div class=\"wp-block-button\"><a class=\"wp-block-button__link has-text-align-center wp-element-button\" href=\"https:\/\/agenda.unil.ch\/display\/1725021072951\">Lien<\/a><\/div>\n<\/div>\n<\/div>\n<\/div>\n\n\n\n<div class=\"wp-block-columns is-layout-flex wp-container-core-columns-is-layout-9d6595d7 wp-block-columns-is-layout-flex\">\n<div class=\"wp-block-column is-layout-flow wp-block-column-is-layout-flow\" style=\"flex-basis:33.33%\">\n<h5 class=\"wp-block-heading has-text-align-right\">21 novembre 2024<\/h5>\n<\/div>\n\n\n\n<div class=\"wp-block-column is-layout-flow wp-block-column-is-layout-flow\" style=\"flex-basis:66.66%\">\n<p><strong>Le sans-papiers, le travail et l&rsquo;Etat : contradictions, conflits du travail et bricolages politiques<\/strong><br>Emeline Zougb\u00e9d\u00e9,\u00a0Institut Convergences Migrations (ICM)<\/p>\n<\/div>\n<\/div>\n\n\n\n<div class=\"wp-block-columns is-layout-flex wp-container-core-columns-is-layout-9d6595d7 wp-block-columns-is-layout-flex\">\n<div class=\"wp-block-column is-layout-flow wp-block-column-is-layout-flow\" style=\"flex-basis:33.33%\">\n<h5 class=\"wp-block-heading has-text-align-right\">12 d\u00e9cembre 2024<\/h5>\n<\/div>\n\n\n\n<div class=\"wp-block-column is-layout-flow wp-block-column-is-layout-flow\" style=\"flex-basis:66.66%\">\n<p><strong>La guerre en t\u00eate<\/strong><em><br><\/em>Romain Hu\u00ebt, Universit\u00e9 de Rennes<\/p>\n<\/div>\n<\/div>\n\n\n\n<p>Votre participation, quel que soit votre domaine d\u2019expertise, enrichira nos \u00e9changes. Nous nous r\u00e9jouissons de vous y retrouver nombreuses et nombreux.<\/p>\n\n\n\n<p>Les laboratoires de l\u2019ISS proposent les \u00e9v\u00e9nements suivants&nbsp;:<\/p>\n\n\n\n<div class=\"wp-block-columns is-layout-flex wp-container-core-columns-is-layout-9d6595d7 wp-block-columns-is-layout-flex\">\n<div class=\"wp-block-column is-layout-flow wp-block-column-is-layout-flow\" style=\"flex-basis:33.33%\">\n<h5 class=\"wp-block-heading has-text-align-right\">12 novembre 2024 <em><br><br><\/em><\/h5>\n<\/div>\n\n\n\n<div class=\"wp-block-column is-layout-flow wp-block-column-is-layout-flow\" style=\"flex-basis:66.66%\">\n<p><strong>Workplace Authority, Autonomy, and Deservingness Perceptions<\/strong><em><br><br><\/em><\/p>\n\n\n\n<div class=\"wp-block-buttons is-content-justification-right is-layout-flex wp-container-core-buttons-is-layout-765c4724 wp-block-buttons-is-layout-flex\">\n<div class=\"wp-block-button\"><a class=\"wp-block-button__link has-text-align-center wp-element-button\" href=\"https:\/\/agenda.unil.ch\/display\/1725263409213\">Lien<\/a><\/div>\n<\/div>\n<\/div>\n<\/div>\n\n\n\n<div class=\"wp-block-columns is-layout-flex wp-container-core-columns-is-layout-9d6595d7 wp-block-columns-is-layout-flex\">\n<div class=\"wp-block-column is-layout-flow wp-block-column-is-layout-flow\" style=\"flex-basis:33.33%\">\n<h5 class=\"wp-block-heading has-text-align-right\">14 novembre 2024<br><br><\/h5>\n<\/div>\n\n\n\n<div class=\"wp-block-column is-layout-flow wp-block-column-is-layout-flow\" style=\"flex-basis:66.66%\">\n<p><strong>Vers une histoire du jeu vid\u00e9o (en) Suisse : enjeux, approches et perspectives<\/strong><em><br><br><\/em><\/p>\n\n\n\n<div class=\"wp-block-buttons is-content-justification-right is-layout-flex wp-container-core-buttons-is-layout-765c4724 wp-block-buttons-is-layout-flex\">\n<div class=\"wp-block-button\"><a class=\"wp-block-button__link has-text-align-center wp-element-button\" href=\"https:\/\/agenda.unil.ch\/display\/1725021575087\">Lien<\/a><\/div>\n<\/div>\n<\/div>\n<\/div>\n\n\n\n<div class=\"wp-block-columns is-layout-flex wp-container-core-columns-is-layout-9d6595d7 wp-block-columns-is-layout-flex\">\n<div class=\"wp-block-column is-layout-flow wp-block-column-is-layout-flow\" style=\"flex-basis:33.33%\">\n<h5 class=\"wp-block-heading has-text-align-right\">10 d\u00e9cembre 2024<br><br><\/h5>\n<\/div>\n\n\n\n<div class=\"wp-block-column is-layout-flow wp-block-column-is-layout-flow\" style=\"flex-basis:66.66%\">\n<p><strong>The Interaction between Socioeconomic Status and Genetic Propensity for Education: A Systematic Review and Meta-Analysis of Molecular Studies<\/strong><em><br><br><\/em><\/p>\n\n\n\n<div class=\"wp-block-buttons is-content-justification-right is-layout-flex wp-container-core-buttons-is-layout-765c4724 wp-block-buttons-is-layout-flex\">\n<div class=\"wp-block-button\"><a class=\"wp-block-button__link has-text-align-center wp-element-button\" href=\"https:\/\/agenda.unil.ch\/display\/1725263891288\">Lien<\/a><\/div>\n<\/div>\n<\/div>\n<\/div>\n\n\n\n<h2 class=\"wp-block-heading\">Valorisation <\/h2>\n\n\n\n<p>Nous f\u00e9licitons <strong>Fei Bian<\/strong> et <strong>Salikou Kouyat\u00e9<\/strong> qui ont soutenu publiquement leurs th\u00e8ses de doctorat.<\/p>\n\n\n\n<div class=\"wp-block-group is-nowrap is-layout-flex wp-container-core-group-is-layout-ad2f72ca wp-block-group-is-layout-flex\">\n<div class=\"wp-block-columns is-layout-flex wp-container-core-columns-is-layout-9d6595d7 wp-block-columns-is-layout-flex\">\n<div class=\"wp-block-column is-layout-flow wp-block-column-is-layout-flow\" style=\"flex-basis:66.66%\">\n<p>Focus sur l\u2019\u00e9quipe communication de l\u2019ISS, actuellement compos\u00e9e de Pauline Blaser (responsable), Priya Ducommun et El\u00e9onore Petit. C\u2019est \u00e0 cette \u00e9quipe que nous devons la r\u00e9alisation d\u2019affiches pour nos diff\u00e9rentes manifestations, la gestion des r\u00e9seaux sociaux, la cr\u00e9ation de contenus visibilisant l\u2019ISS, etc. Un tout grand merci \u00e0 l\u2019\u00e9quipe&nbsp;!<\/p>\n<\/div>\n\n\n\n<div class=\"wp-block-column is-layout-flow wp-block-column-is-layout-flow\" style=\"flex-basis:33.33%\">\n<figure class=\"wp-block-image size-full is-resized is-style-rounded\"><img alt=\"\" loading=\"lazy\" decoding=\"async\" width=\"1804\" height=\"1200\" src=\"https:\/\/wp.unil.ch\/biss\/files\/2024\/10\/DSC_7902.jpg\" alt=\"\" class=\"wp-image-5201\" style=\"aspect-ratio:1;object-fit:cover;width:186px;height:auto\" srcset=\"https:\/\/wp.unil.ch\/biss\/files\/2024\/10\/DSC_7902.jpg 1804w, https:\/\/wp.unil.ch\/biss\/files\/2024\/10\/DSC_7902-300x200.jpg 300w, https:\/\/wp.unil.ch\/biss\/files\/2024\/10\/DSC_7902-768x511.jpg 768w, https:\/\/wp.unil.ch\/biss\/files\/2024\/10\/DSC_7902-1536x1022.jpg 1536w, https:\/\/wp.unil.ch\/biss\/files\/2024\/10\/DSC_7902-1120x745.jpg 1120w, https:\/\/wp.unil.ch\/biss\/files\/2024\/10\/DSC_7902-540x359.jpg 540w, https:\/\/wp.unil.ch\/biss\/files\/2024\/10\/DSC_7902-1080x718.jpg 1080w\" sizes=\"auto, (max-width: 1804px) 100vw, 1804px\" \/><\/figure>\n<\/div>\n<\/div>\n\n\n\n<div class=\"wp-block-columns is-layout-flex wp-container-core-columns-is-layout-9d6595d7 wp-block-columns-is-layout-flex\">\n<div class=\"wp-block-column is-layout-flow wp-block-column-is-layout-flow\" style=\"flex-basis:100%\"><\/div>\n<\/div>\n<\/div>\n\n\n\n<div class=\"wp-block-columns is-layout-flex wp-container-core-columns-is-layout-9d6595d7 wp-block-columns-is-layout-flex\">\n<div class=\"wp-block-column is-layout-flow wp-block-column-is-layout-flow\" style=\"flex-basis:66.66%\">\n<p>Publication du livre \u00ab\u00a0Handbook of Public Policy Implementation\u201d co-\u00e9dit\u00e9 par C\u00e9line Mavrot. <\/p>\n<\/div>\n\n\n\n<div class=\"wp-block-column is-layout-flow wp-block-column-is-layout-flow\" style=\"flex-basis:33.33%\">\n<div class=\"wp-block-buttons is-layout-flex wp-block-buttons-is-layout-flex\">\n<div class=\"wp-block-button\"><a class=\"wp-block-button__link wp-element-button\" href=\"https:\/\/news.unil.ch\/display\/1723017801597\">Lien<\/a><\/div>\n<\/div>\n<\/div>\n<\/div>\n\n\n\n<div class=\"wp-block-columns is-layout-flex wp-container-core-columns-is-layout-9d6595d7 wp-block-columns-is-layout-flex\">\n<div class=\"wp-block-column is-layout-flow wp-block-column-is-layout-flow\" style=\"flex-basis:33.34%\">\n<p>Remise du prix Widmer-Beaud&nbsp;: Le 19 septembre, dans le cadre de la c\u00e9r\u00e9monie d\u2019ouverture des cours de la Facult\u00e9 des SSP, Marine Kneub\u00fchler s\u2019est vue d\u00e9cern\u00e9e le premier prix Widmer-Beaud pour son article \u00ab&nbsp;L\u2019enseignement disloqu\u00e9 : ethnographie d\u2019un cours universitaire en temps de pand\u00e9mie&nbsp;\u00bb paru dans le revue R\u00e9seaux. Ce prix honore la m\u00e9moire des sociologues Jean Widmer et Paul Beaud, ainsi que de leurs travaux dans les domaines des m\u00e9dias, de la communication, de la culture et de l\u2019espace public.<\/p>\n<\/div>\n\n\n\n<div class=\"wp-block-column is-layout-flow wp-block-column-is-layout-flow\" style=\"flex-basis:33.33%\">\n<figure class=\"wp-block-image size-full is-resized is-style-rounded\"><img alt=\"\" loading=\"lazy\" decoding=\"async\" width=\"1447\" height=\"1200\" src=\"https:\/\/wp.unil.ch\/biss\/files\/2024\/10\/Capture-decran-2024-10-10-a-11.32.25.png\" alt=\"\" class=\"wp-image-5198\" style=\"object-fit:cover;width:169px;height:169px\" srcset=\"https:\/\/wp.unil.ch\/biss\/files\/2024\/10\/Capture-decran-2024-10-10-a-11.32.25.png 1447w, https:\/\/wp.unil.ch\/biss\/files\/2024\/10\/Capture-decran-2024-10-10-a-11.32.25-300x249.png 300w, https:\/\/wp.unil.ch\/biss\/files\/2024\/10\/Capture-decran-2024-10-10-a-11.32.25-768x637.png 768w, https:\/\/wp.unil.ch\/biss\/files\/2024\/10\/Capture-decran-2024-10-10-a-11.32.25-1120x929.png 1120w, https:\/\/wp.unil.ch\/biss\/files\/2024\/10\/Capture-decran-2024-10-10-a-11.32.25-540x448.png 540w, https:\/\/wp.unil.ch\/biss\/files\/2024\/10\/Capture-decran-2024-10-10-a-11.32.25-1080x896.png 1080w\" sizes=\"auto, (max-width: 1447px) 100vw, 1447px\" \/><\/figure>\n<\/div>\n<\/div>\n\n\n\n<h2 class=\"wp-block-heading\">Infos officielles <\/h2>\n\n\n\n<p>3 octobre 2024&nbsp;: Conseil de l\u2019ISS, \u00e9lection de la direction de l\u2019institut pour la p\u00e9riode janvier-juillet 2025<\/p>\n\n\n\n<p>31 octobre 2024&nbsp;: Journ\u00e9e de l\u2019enseignement SSP<\/p>\n\n\n\n<p>28 novembre&nbsp;2024 : Assembl\u00e9e G\u00e9n\u00e9rale de l\u2019ISS<\/p>\n\n\n\n<p><strong>R\u00e9daction et diffusion :<\/strong> Andr\u00e9 Berchtold, Philippe Gonzalez<\/p>\n","protected":false},"excerpt":{"rendered":"<p>Arriv\u00e9es et d\u00e9part Nous souhaitons la bienvenue \u00e0 toutes les personnes qui ont rejoint r\u00e9cemment notre Institut&nbsp;: C\u00e9lia De Pietro, No\u00e9 Jollien, Eden Kahane, Jimena Sobrino Piazza, Bilel&hellip;<\/p>\n","protected":false},"author":1002820,"featured_media":5204,"parent":0,"menu_order":0,"comment_status":"closed","ping_status":"closed","template":"template-full-width-cover.php","meta":{"_seopress_robots_primary_cat":"","_seopress_titles_title":"","_seopress_titles_desc":"","_seopress_robots_index":"","footnotes":""},"class_list":["post-5154","page","type-page","status-publish","has-post-thumbnail"],"_links":{"self":[{"href":"https:\/\/wp.unil.ch\/biss\/wp-json\/wp\/v2\/pages\/5154","targetHints":{"allow":["GET"]}}],"collection":[{"href":"https:\/\/wp.unil.ch\/biss\/wp-json\/wp\/v2\/pages"}],"about":[{"href":"https:\/\/wp.unil.ch\/biss\/wp-json\/wp\/v2\/types\/page"}],"author":[{"embeddable":true,"href":"https:\/\/wp.unil.ch\/biss\/wp-json\/wp\/v2\/users\/1002820"}],"replies":[{"embeddable":true,"href":"https:\/\/wp.unil.ch\/biss\/wp-json\/wp\/v2\/comments?post=5154"}],"version-history":[{"count":5,"href":"https:\/\/wp.unil.ch\/biss\/wp-json\/wp\/v2\/pages\/5154\/revisions"}],"predecessor-version":[{"id":5639,"href":"https:\/\/wp.unil.ch\/biss\/wp-json\/wp\/v2\/pages\/5154\/revisions\/5639"}],"wp:featuredmedia":[{"embeddable":true,"href":"https:\/\/wp.unil.ch\/biss\/wp-json\/wp\/v2\/media\/5204"}],"wp:attachment":[{"href":"https:\/\/wp.unil.ch\/biss\/wp-json\/wp\/v2\/media?parent=5154"}],"curies":[{"name":"wp","href":"https:\/\/api.w.org\/{rel}","templated":true}]}}