{"id":5106,"date":"2024-09-26T07:23:06","date_gmt":"2024-09-26T05:23:06","guid":{"rendered":"https:\/\/wp.unil.ch\/biss\/?page_id=5106"},"modified":"2024-10-10T16:38:18","modified_gmt":"2024-10-10T14:38:18","slug":"numero-5-juin-2024","status":"publish","type":"page","link":"https:\/\/wp.unil.ch\/biss\/numero-5-juin-2024\/","title":{"rendered":"Num\u00e9ro 5 &#8211; Juin 2024"},"content":{"rendered":"\n<h2 class=\"wp-block-heading\">Arriv\u00e9es et d\u00e9part <\/h2>\n\n\n\n<p>Entre mars et cet \u00e9t\u00e9, les collaborateur\u00b7ices suivant\u00b7es ont quitt\u00e9 ou quitteront l\u2019ISS. Nous les remercions chaleureusement pour leur investissement et leur travail au sein de l\u2019institut, et leur souhaitons le meilleur pour la suite de leur parcours&nbsp;: <strong>Ibrahima Diatta<\/strong>, <strong>Elisa Verga<\/strong>, <strong>Edm\u00e9e Ballif<\/strong>, <strong>Mengling Cheng<\/strong>, <strong>Morgane D\u00e9jussel<\/strong>, <strong>Tomaso Solari<\/strong>, <strong>Bruno Da Silva Coelho<\/strong>, <strong>Rocio Palomeque Recio<\/strong>, <strong>Alexandre Pereira Da Silva<\/strong>, <strong>Coralie Tony\u00e9<\/strong>, <strong>Yara Barrense-Dias<\/strong>, <strong>Laurent Bovey<\/strong>, <strong>Nolwenn B\u00fchler<\/strong>, <strong>Lucia Candelise<\/strong>, <strong>Flavia Cangia<\/strong>, <strong>Samuel Coavoux<\/strong>, <strong>Ga\u00e9 Colussi<\/strong>, <strong>No\u00e9llie Genre<\/strong>, <strong>Crispin Girinshuti<\/strong>, <strong>Dinah Gross<\/strong>, <strong>Florian Jaton<\/strong>, F<strong>abien Moll-Fran\u00e7ois<\/strong>, <strong>Mischa Piraud<\/strong>, <strong>Bruno Suchaut<\/strong>, <strong>Kevin Toffel<\/strong>, J<strong>\u00e9r\u00e9mie Voirol<\/strong>, <strong>Isabelle Zinn<\/strong>.<\/p>\n\n\n\n<p>Durant cette m\u00eame p\u00e9riode, les personnes suivantes ont rejoint l\u2019institut&nbsp;:<\/p>\n\n\n\n<div class=\"wp-block-columns is-layout-flex wp-container-core-columns-is-layout-9d6595d7 wp-block-columns-is-layout-flex\">\n<div class=\"wp-block-column is-layout-flow wp-block-column-is-layout-flow\" style=\"flex-basis:33.33%\">\n<figure class=\"wp-block-image size-full is-resized is-style-rounded\"><img alt=\"\" loading=\"lazy\" decoding=\"async\" width=\"800\" height=\"1200\" src=\"https:\/\/wp.unil.ch\/biss\/files\/2024\/09\/SB-photo.jpg\" alt=\"\" class=\"wp-image-5111\" style=\"object-fit:cover;width:169px;height:169px\" srcset=\"https:\/\/wp.unil.ch\/biss\/files\/2024\/09\/SB-photo.jpg 800w, https:\/\/wp.unil.ch\/biss\/files\/2024\/09\/SB-photo-200x300.jpg 200w, https:\/\/wp.unil.ch\/biss\/files\/2024\/09\/SB-photo-768x1152.jpg 768w, https:\/\/wp.unil.ch\/biss\/files\/2024\/09\/SB-photo-540x810.jpg 540w\" sizes=\"auto, (max-width: 800px) 100vw, 800px\" \/><\/figure>\n<\/div>\n\n\n\n<div class=\"wp-block-column is-layout-flow wp-block-column-is-layout-flow\" style=\"flex-basis:66.66%\">\n<p><strong>Bochatay S\u00e9verine<\/strong>,  PAT horaire<\/p>\n<\/div>\n<\/div>\n\n\n\n<div class=\"wp-block-columns is-layout-flex wp-container-core-columns-is-layout-9d6595d7 wp-block-columns-is-layout-flex\">\n<div class=\"wp-block-column is-layout-flow wp-block-column-is-layout-flow\" style=\"flex-basis:33.33%\">\n<figure class=\"wp-block-image size-full is-resized is-style-rounded\"><img alt=\"\" loading=\"lazy\" decoding=\"async\" width=\"184\" height=\"230\" src=\"https:\/\/wp.unil.ch\/biss\/files\/2024\/09\/LM.jpg\" alt=\"\" class=\"wp-image-5115\" style=\"object-fit:cover;width:169px;height:169px\" \/><\/figure>\n<\/div>\n\n\n\n<div class=\"wp-block-column is-layout-flow wp-block-column-is-layout-flow\" style=\"flex-basis:66.66%\">\n<p><strong>L\u00e9a Mouchailov<\/strong>, assistante \u00e9tudiante<\/p>\n<\/div>\n<\/div>\n\n\n\n<div class=\"wp-block-columns is-layout-flex wp-container-core-columns-is-layout-9d6595d7 wp-block-columns-is-layout-flex\">\n<div class=\"wp-block-column is-layout-flow wp-block-column-is-layout-flow\" style=\"flex-basis:33.33%\">\n<figure class=\"wp-block-image size-full is-resized is-style-rounded\"><img alt=\"\" loading=\"lazy\" decoding=\"async\" width=\"226\" height=\"282\" src=\"https:\/\/wp.unil.ch\/biss\/files\/2024\/09\/AT.jpg\" alt=\"\" class=\"wp-image-5116\" style=\"object-fit:cover;width:169px;height:169px\" \/><\/figure>\n<\/div>\n\n\n\n<div class=\"wp-block-column is-layout-flow wp-block-column-is-layout-flow\" style=\"flex-basis:66.66%\">\n<p><strong>Amal Tawfik<\/strong>, administrateur de base de donn\u00e9es<\/p>\n<\/div>\n<\/div>\n\n\n\n<div class=\"wp-block-columns is-layout-flex wp-container-core-columns-is-layout-9d6595d7 wp-block-columns-is-layout-flex\">\n<div class=\"wp-block-column is-layout-flow wp-block-column-is-layout-flow\" style=\"flex-basis:33.33%\">\n<figure class=\"wp-block-image size-full is-resized is-style-rounded\"><img alt=\"\" loading=\"lazy\" decoding=\"async\" width=\"528\" height=\"661\" src=\"https:\/\/wp.unil.ch\/biss\/files\/2024\/09\/MV.jpg\" alt=\"\" class=\"wp-image-5113\" style=\"object-fit:cover;width:169px;height:169px\" srcset=\"https:\/\/wp.unil.ch\/biss\/files\/2024\/09\/MV.jpg 528w, https:\/\/wp.unil.ch\/biss\/files\/2024\/09\/MV-240x300.jpg 240w\" sizes=\"auto, (max-width: 528px) 100vw, 528px\" \/><\/figure>\n<\/div>\n\n\n\n<div class=\"wp-block-column is-layout-flow wp-block-column-is-layout-flow\" style=\"flex-basis:66.66%\">\n<p><strong>Marta Veljkovic<\/strong>, collaboratrice scientifique externe<\/p>\n\n\n\n<p><a id=\"_msocom_1\"><\/a><\/p>\n<\/div>\n<\/div>\n\n\n\n<p>Finalement, les personnes suivantes ont travaill\u00e9 durant une courte p\u00e9riode \u00e0 l\u2019ISS&nbsp;: <strong>Emil Boehme<\/strong>, <strong>Valentine Girardier<\/strong>, <strong>Ariane M\u00e9rillat<\/strong>, <strong>Yingxin Tan<\/strong>, <strong>Kadidja Boussaid<\/strong>, <strong>No\u00e9 Jollien<\/strong>, <strong>Sandrine Morel<\/strong>.<\/p>\n\n\n\n<h2 class=\"wp-block-heading\">Ev\u00e9nements <\/h2>\n\n\n\n<div class=\"wp-block-columns is-layout-flex wp-container-core-columns-is-layout-9d6595d7 wp-block-columns-is-layout-flex\">\n<div class=\"wp-block-column is-layout-flow wp-block-column-is-layout-flow\" style=\"flex-basis:33.33%\">\n<h5 class=\"wp-block-heading has-text-align-right\">6 juin 2024<\/h5>\n<\/div>\n\n\n\n<div class=\"wp-block-column is-layout-flow wp-block-column-is-layout-flow\" style=\"flex-basis:66.66%\">\n<p><strong>Pesticides, le confort de l\u2019ignorance<\/strong><br>Le STS Lab re\u00e7oit Fran\u00e7ois Dedieu de l&rsquo;Institut de la recherche agronomique (INRA), Paris.<\/p>\n\n\n\n<div class=\"wp-block-buttons is-content-justification-right is-layout-flex wp-container-core-buttons-is-layout-765c4724 wp-block-buttons-is-layout-flex\">\n<div class=\"wp-block-button\"><a class=\"wp-block-button__link has-text-align-center wp-element-button\" href=\"https:\/\/agenda.unil.ch\/display\/1706538156051\">Lien<\/a><\/div>\n<\/div>\n<\/div>\n<\/div>\n\n\n\n<div class=\"wp-block-columns is-layout-flex wp-container-core-columns-is-layout-9d6595d7 wp-block-columns-is-layout-flex\">\n<div class=\"wp-block-column is-layout-flow wp-block-column-is-layout-flow\" style=\"flex-basis:33.33%\">\n<h5 class=\"wp-block-heading has-text-align-right\">11 juin 2024<\/h5>\n<\/div>\n\n\n\n<div class=\"wp-block-column is-layout-flow wp-block-column-is-layout-flow\" style=\"flex-basis:66.66%\">\n<p><strong>Forum Sant\u00e9 et Soci\u00e9t\u00e9&nbsp;: Sant\u00e9 une urgence d\u00e9mocratique<\/strong><br>Troisi\u00e8me \u00e9dition du Forum Sant\u00e9 et Soci\u00e9t\u00e9, organis\u00e9 en collaboration entre la Facult\u00e9 des sciences sociales et politiques (SSP) de l&rsquo;UNIL, Unisant\u00e9, le ColLaboratoire de l&rsquo;UNIL et l&rsquo;Institut des humanit\u00e9s en m\u00e9decine (IHM) du CHUV\/UNIL.<\/p>\n\n\n\n<div class=\"wp-block-buttons is-content-justification-right is-layout-flex wp-container-core-buttons-is-layout-765c4724 wp-block-buttons-is-layout-flex\">\n<div class=\"wp-block-button\"><a class=\"wp-block-button__link wp-element-button\" href=\"https:\/\/agenda.unil.ch\/display\/1708420678942\">Lien<\/a><\/div>\n<\/div>\n<\/div>\n<\/div>\n\n\n\n<div class=\"wp-block-columns is-layout-flex wp-container-core-columns-is-layout-9d6595d7 wp-block-columns-is-layout-flex\">\n<div class=\"wp-block-column is-layout-flow wp-block-column-is-layout-flow\" style=\"flex-basis:33.33%\">\n<h5 class=\"wp-block-heading has-text-align-right\">20-21 juin 2024<\/h5>\n<\/div>\n\n\n\n<div class=\"wp-block-column is-layout-flow wp-block-column-is-layout-flow\" style=\"flex-basis:66.66%\">\n<p><strong>Capitalization and the Start-Up Economy&nbsp;: Critical Perspectives on Innovation, Entrepreneurship and Venture Capitalism<\/strong><br>The workshop aims to explore the start-up economy and venture capital funding practices through the lens of financialization, focusing on how things are turned into assets. It seeks to foster in-depth discussions on capitalization and bring together scholars from various fields, including sociology, economics, and science and technology studies.<\/p>\n\n\n\n<div class=\"wp-block-buttons is-content-justification-right is-layout-flex wp-container-core-buttons-is-layout-765c4724 wp-block-buttons-is-layout-flex\">\n<div class=\"wp-block-button\"><a class=\"wp-block-button__link wp-element-button\" href=\"https:\/\/news.unil.ch\/display\/1713517553445\">Lien<\/a><\/div>\n<\/div>\n<\/div>\n<\/div>\n\n\n\n<div class=\"wp-block-columns is-layout-flex wp-container-core-columns-is-layout-9d6595d7 wp-block-columns-is-layout-flex\">\n<div class=\"wp-block-column is-layout-flow wp-block-column-is-layout-flow\" style=\"flex-basis:33.33%\">\n<h5 class=\"wp-block-heading has-text-align-right\">20-21 juin 2024<\/h5>\n<\/div>\n\n\n\n<div class=\"wp-block-column is-layout-flow wp-block-column-is-layout-flow\" style=\"flex-basis:66.66%\">\n<p><strong>Traditions, r\u00e9volutions, imaginaires : repenser le commun avec Michel de Certeau<\/strong><br>Ces journ\u00e9es d&rsquo;\u00e9tudes internationales et interdisciplinaires se concentrent sur Michel de Certeau. Elles questionnent la pertinence de son \u0153uvre, qui s\u2019est voulue attentive aux situations de crise sociale, pour repenser la constitution du commun dans nos soci\u00e9t\u00e9s contemporaines.<\/p>\n\n\n\n<div class=\"wp-block-buttons is-content-justification-right is-layout-flex wp-container-core-buttons-is-layout-765c4724 wp-block-buttons-is-layout-flex\">\n<div class=\"wp-block-button\"><a class=\"wp-block-button__link wp-element-button\" href=\"https:\/\/news.unil.ch\/display\/1713517553445\">Lien<\/a><\/div>\n<\/div>\n<\/div>\n<\/div>\n\n\n\n<div class=\"wp-block-columns is-layout-flex wp-container-core-columns-is-layout-9d6595d7 wp-block-columns-is-layout-flex\">\n<div class=\"wp-block-column is-layout-flow wp-block-column-is-layout-flow\" style=\"flex-basis:33.33%\">\n<h5 class=\"wp-block-heading has-text-align-right\">1<sup>er<\/sup> juillet 2024<\/h5>\n<\/div>\n\n\n\n<div class=\"wp-block-column is-layout-flow wp-block-column-is-layout-flow\" style=\"flex-basis:66.66%\">\n<p><strong>Traditions, r\u00e9volutions, imaginaires : repenser le commun avec Michel de Certeau<\/strong><br>Ces journ\u00e9es d&rsquo;\u00e9tudes internationales et interdisciplinaires se concentrent sur Michel de Certeau. Elles questionnent la pertinence de son \u0153uvre, qui s\u2019est voulue attentive aux situations de crise sociale, pour repenser la constitution du commun dans nos soci\u00e9t\u00e9s contemporaines.<\/p>\n\n\n\n<div class=\"wp-block-buttons is-content-justification-right is-layout-flex wp-container-core-buttons-is-layout-765c4724 wp-block-buttons-is-layout-flex\">\n<div class=\"wp-block-button\"><a class=\"wp-block-button__link wp-element-button\" href=\"https:\/\/news.unil.ch\/display\/1713517553445\">Lien<\/a><\/div>\n<\/div>\n<\/div>\n<\/div>\n\n\n\n<h2 class=\"wp-block-heading\">Valorisation <\/h2>\n\n\n\n<p>Nous f\u00e9licitons <strong>Mengling Cheng<\/strong> et <strong>Nathalie Vigna<\/strong> qui ont soutenu publiquement leur th\u00e8se.<\/p>\n\n\n\n<div class=\"wp-block-group is-nowrap is-layout-flex wp-container-core-group-is-layout-ad2f72ca wp-block-group-is-layout-flex\">\n<p>Nous f\u00e9licitons \u00e9galement <strong>Marta Roca<\/strong> pour sa promotion au rang de Professeure Associ\u00e9e.<\/p>\n\n\n\n<figure class=\"wp-block-image size-full is-resized is-style-rounded\"><img alt=\"\" loading=\"lazy\" decoding=\"async\" width=\"640\" height=\"641\" src=\"https:\/\/wp.unil.ch\/biss\/files\/2024\/09\/marta.jpg\" alt=\"\" class=\"wp-image-5114\" style=\"object-fit:cover;width:169px;height:169px\" srcset=\"https:\/\/wp.unil.ch\/biss\/files\/2024\/09\/marta.jpg 640w, https:\/\/wp.unil.ch\/biss\/files\/2024\/09\/marta-300x300.jpg 300w, https:\/\/wp.unil.ch\/biss\/files\/2024\/09\/marta-150x150.jpg 150w, https:\/\/wp.unil.ch\/biss\/files\/2024\/09\/marta-540x541.jpg 540w\" sizes=\"auto, (max-width: 640px) 100vw, 640px\" \/><\/figure>\n<\/div>\n\n\n\n<p>Les projets de recherche et financements suivants ont \u00e9t\u00e9 obtenus par des membres de l\u2019ISS&nbsp;:<\/p>\n\n\n\n<ul class=\"wp-block-list\">\n<li><strong>Projet Agora<\/strong> \u00ab\u00a0Toxic. Environmental pollution past and present\u00a0\u00bb \u2013 <strong><mark style=\"background-color:#ffffff\" class=\"has-inline-color has-accent-color\">C\u00e9line Mavrot<\/mark><\/strong>.<\/li>\n\n\n\n<li><strong>Bourse Marie Curie<\/strong> \u2013 <strong><mark style=\"background-color:#ffffff\" class=\"has-inline-color has-accent-color\">Mona G\u00e9rardin-Laverge<\/mark><\/strong>.<\/li>\n\n\n\n<li><strong>Projet Horizon<\/strong> \u00ab\u00a0LEARN: Longitudinal Educational Achievements: Reducing iNequalities\u00a0\u00bb \u2013 <strong><mark style=\"background-color:#ffffff\" class=\"has-inline-color has-accent-color\">Laura Bernardi<\/mark><\/strong>.<\/li>\n\n\n\n<li><strong>Bourse Mobi.Doc<\/strong> pour le projet \u00ab Mariages queer en Suisse, de l&rsquo;intime au politique \u00bb \u2013 <strong><mark style=\"background-color:#ffffff\" class=\"has-inline-color has-accent-color\">Lucrezia Perrig<\/mark><\/strong>.<\/li>\n\n\n\n<li><strong>Bourse Mobi.Doc<\/strong> pour le projet \u00ab\u00a0Contesting the Future: The Role of Competing Future Imaginaries in Activist Groups&rsquo;Responses to Lithium Mining in Bolivia \u00bb \u2013 <strong><mark style=\"background-color:#ffffff\" class=\"has-inline-color has-accent-color\">David Schr\u00f6ter<\/mark><\/strong>.<\/li>\n<\/ul>\n\n\n\n<h2 class=\"wp-block-heading\">Infos officielles <\/h2>\n\n\n\n<p>13 juin 2024&nbsp;: Rencontre d\u2019\u00e9t\u00e9 2024 de l\u2019UNIL<\/p>\n\n\n\n<h2 class=\"wp-block-heading\"><strong>Informations de la direction ISS<\/strong><\/h2>\n\n\n\n<p>Le trombinoscope de l\u2019ISS a commenc\u00e9 \u00e0 \u00eatre install\u00e9 sur le mur faisant face aux ascenseurs au 5<sup>\u00e8me<\/sup> \u00e9tage. Il sera compl\u00e9t\u00e9 au fur et \u00e0 mesure de la disponibilit\u00e9 des photos.<\/p>\n\n\n\n<p>Les personnes d\u00e9sirant domicilier \u00e0 l\u2019ISS une bourse de type Ambizione, Starting Grant ou similaire doivent absolument respecter les d\u00e9lais de d\u00e9p\u00f4t des demandes aupr\u00e8s de la direction de l\u2019ISS tels qu\u2019ils figurent sur notre site internet. Merci de transmettre cette information aux personnes concern\u00e9es.<\/p>\n\n\n\n<p>Nous remercions toutes les personnes qui contribuent \u00e0 la bonne marche de notre institut et nous vous souhaitons \u00e0 toutes et tous de tr\u00e8s belles vacances estivales.<\/p>\n\n\n\n<p><a id=\"_msocom_1\"><\/a><\/p>\n\n\n\n<p><strong>R\u00e9daction et diffusion :<\/strong> Andr\u00e9 Berchtold, Philippe Gonzalez<\/p>\n","protected":false},"excerpt":{"rendered":"<p>Arriv\u00e9es et d\u00e9part Entre mars et cet \u00e9t\u00e9, les collaborateur\u00b7ices suivant\u00b7es ont quitt\u00e9 ou quitteront l\u2019ISS. Nous les remercions chaleureusement pour leur investissement et leur travail au sein&hellip;<\/p>\n","protected":false},"author":1002387,"featured_media":5122,"parent":0,"menu_order":0,"comment_status":"closed","ping_status":"closed","template":"template-full-width-cover.php","meta":{"_seopress_robots_primary_cat":"","_seopress_titles_title":"","_seopress_titles_desc":"","_seopress_robots_index":"","footnotes":""},"class_list":["post-5106","page","type-page","status-publish","has-post-thumbnail"],"_links":{"self":[{"href":"https:\/\/wp.unil.ch\/biss\/wp-json\/wp\/v2\/pages\/5106","targetHints":{"allow":["GET"]}}],"collection":[{"href":"https:\/\/wp.unil.ch\/biss\/wp-json\/wp\/v2\/pages"}],"about":[{"href":"https:\/\/wp.unil.ch\/biss\/wp-json\/wp\/v2\/types\/page"}],"author":[{"embeddable":true,"href":"https:\/\/wp.unil.ch\/biss\/wp-json\/wp\/v2\/users\/1002387"}],"replies":[{"embeddable":true,"href":"https:\/\/wp.unil.ch\/biss\/wp-json\/wp\/v2\/comments?post=5106"}],"version-history":[{"count":5,"href":"https:\/\/wp.unil.ch\/biss\/wp-json\/wp\/v2\/pages\/5106\/revisions"}],"predecessor-version":[{"id":5210,"href":"https:\/\/wp.unil.ch\/biss\/wp-json\/wp\/v2\/pages\/5106\/revisions\/5210"}],"wp:featuredmedia":[{"embeddable":true,"href":"https:\/\/wp.unil.ch\/biss\/wp-json\/wp\/v2\/media\/5122"}],"wp:attachment":[{"href":"https:\/\/wp.unil.ch\/biss\/wp-json\/wp\/v2\/media?parent=5106"}],"curies":[{"name":"wp","href":"https:\/\/api.w.org\/{rel}","templated":true}]}}