{"id":4854,"date":"2024-03-25T13:52:02","date_gmt":"2024-03-25T12:52:02","guid":{"rendered":"https:\/\/wp.unil.ch\/biss\/?page_id=4854"},"modified":"2024-03-26T10:57:37","modified_gmt":"2024-03-26T09:57:37","slug":"numero-4-mars-2024","status":"publish","type":"page","link":"https:\/\/wp.unil.ch\/biss\/numero-4-mars-2024\/","title":{"rendered":"Num\u00e9ro 4 &#8211; Mars 2024"},"content":{"rendered":"\n<h2 class=\"wp-block-heading\">Arriv\u00e9es et d\u00e9part <\/h2>\n\n\n\n<p>Entre janvier et mars 2024, plusieurs collaborateur\u00b7trice\u00b7s et chercheur\u00b7euse\u00b7s ont quitt\u00e9 l\u2019ISS. Nous les remercions chaleureusement pour leur investissement et leur travail au sein de l\u2019institut et nous leur souhaitons le meilleur pour la suite de leur parcours : <strong>Luana Goviea Marx, H\u00e9l\u00e8ne Widmann, Kwaku Adomako, Sol\u00e8ne Barb\u00e9, Fei Bian, Alain Bovet, Aur\u00e9lie Coulon, Nad\u00e8ge de Graffenried, Kevin Duc, S\u00e9bastien Gru\u0308ter, Anne Lavanchy, Rita Schmutz, Fabienne Malbois, C\u00e9cile Mathou, Giulia Mensitieri, Ariane M\u00e9rillat, David Pichonnaz, Lea Sgier, Joan Stavo-Debauge, Annie Sulzer, C\u00e9dric Terzi, Imane Tounsi, Yohannes Delomet<\/strong>.<\/p>\n\n\n\n<p>Durant la m\u00eame p\u00e9riode, nous avons accueilli deux assistantes-\u00e9tudiantes, <strong>Coralie Tony\u00e9 et Elisa Verga<\/strong>, deux assistants suppl\u00e9ants, <strong>Bruno Da Silva Coelho et Alexandre Pereira da Silva<\/strong>, ainsi que de nombreu\u00b7e\u00b7x\u00b7s charg\u00e9\u00b7e\u00b7s de cours : <strong>Laurent Bovey, Nolwenn Bu\u0308hler, Samuel Coavoux, Crispin Girinshuti, Dinah Gross, Florian Jaton, Mischa Piraud, Delphine Preissmann, Kevin Toffel<\/strong>.<br>Nous avons \u00e9galement accueilli <strong>Morgane D\u00e9jussel<\/strong>, Chercheuse FNS junior, ainsi que :<\/p>\n\n\n\n<div class=\"wp-block-columns is-layout-flex wp-container-core-columns-is-layout-9d6595d7 wp-block-columns-is-layout-flex\">\n<div class=\"wp-block-column is-vertically-aligned-top is-layout-flow wp-block-column-is-layout-flow\" style=\"flex-basis:33.33%\"><div class=\"wp-block-image is-style-rounded\">\n<figure class=\"aligncenter size-full is-resized\"><img alt=\"\" loading=\"lazy\" decoding=\"async\" width=\"800\" height=\"800\" src=\"https:\/\/wp.unil.ch\/biss\/files\/2024\/03\/1678398131600.jpg\" alt=\"\" class=\"wp-image-4858\" style=\"object-fit:cover;width:169px;height:169px\" srcset=\"https:\/\/wp.unil.ch\/biss\/files\/2024\/03\/1678398131600.jpg 800w, https:\/\/wp.unil.ch\/biss\/files\/2024\/03\/1678398131600-300x300.jpg 300w, https:\/\/wp.unil.ch\/biss\/files\/2024\/03\/1678398131600-150x150.jpg 150w, https:\/\/wp.unil.ch\/biss\/files\/2024\/03\/1678398131600-768x768.jpg 768w, https:\/\/wp.unil.ch\/biss\/files\/2024\/03\/1678398131600-540x540.jpg 540w\" sizes=\"auto, (max-width: 800px) 100vw, 800px\" \/><\/figure>\n<\/div><\/div>\n\n\n\n<div class=\"wp-block-column is-vertically-aligned-center is-layout-flow wp-block-column-is-layout-flow\" style=\"flex-basis:66.66%\">\n<p><strong>Baptiste Novet<\/strong>, Charg\u00e9 de recherche<br><\/p>\n<\/div>\n<\/div>\n\n\n\n<div class=\"wp-block-columns is-layout-flex wp-container-core-columns-is-layout-9d6595d7 wp-block-columns-is-layout-flex\">\n<div class=\"wp-block-column is-layout-flow wp-block-column-is-layout-flow\" style=\"flex-basis:33.33%\"><div class=\"wp-block-image is-style-rounded\">\n<figure class=\"aligncenter size-full is-resized\"><img alt=\"\" loading=\"lazy\" decoding=\"async\" width=\"200\" height=\"200\" src=\"https:\/\/wp.unil.ch\/biss\/files\/2024\/03\/s200_ivan.sainsaulieu.jpg\" alt=\"\" class=\"wp-image-4859\" style=\"object-fit:cover;width:169px;height:auto\" srcset=\"https:\/\/wp.unil.ch\/biss\/files\/2024\/03\/s200_ivan.sainsaulieu.jpg 200w, https:\/\/wp.unil.ch\/biss\/files\/2024\/03\/s200_ivan.sainsaulieu-150x150.jpg 150w\" sizes=\"auto, (max-width: 200px) 100vw, 200px\" \/><\/figure>\n<\/div><\/div>\n\n\n\n<div class=\"wp-block-column is-vertically-aligned-center is-layout-flow wp-block-column-is-layout-flow\" style=\"flex-basis:66.66%\">\n<p><strong>Ivan Sainsaulieu<\/strong>, Professeur invit\u00e9<\/p>\n<\/div>\n<\/div>\n\n\n\n<div class=\"wp-block-columns is-layout-flex wp-container-core-columns-is-layout-9d6595d7 wp-block-columns-is-layout-flex\">\n<div class=\"wp-block-column is-vertically-aligned-center is-layout-flow wp-block-column-is-layout-flow\" style=\"flex-basis:33.33%\"><div class=\"wp-block-image is-style-rounded\">\n<figure class=\"aligncenter size-full is-resized\"><img alt=\"\" loading=\"lazy\" decoding=\"async\" width=\"1799\" height=\"1200\" src=\"https:\/\/wp.unil.ch\/biss\/files\/2024\/03\/IMG_7558-5.jpg\" alt=\"\" class=\"wp-image-4861\" style=\"object-fit:cover;width:169px;height:169px\" srcset=\"https:\/\/wp.unil.ch\/biss\/files\/2024\/03\/IMG_7558-5.jpg 1799w, https:\/\/wp.unil.ch\/biss\/files\/2024\/03\/IMG_7558-5-300x200.jpg 300w, https:\/\/wp.unil.ch\/biss\/files\/2024\/03\/IMG_7558-5-768x512.jpg 768w, https:\/\/wp.unil.ch\/biss\/files\/2024\/03\/IMG_7558-5-1536x1025.jpg 1536w, https:\/\/wp.unil.ch\/biss\/files\/2024\/03\/IMG_7558-5-1120x747.jpg 1120w, https:\/\/wp.unil.ch\/biss\/files\/2024\/03\/IMG_7558-5-540x360.jpg 540w, https:\/\/wp.unil.ch\/biss\/files\/2024\/03\/IMG_7558-5-1080x720.jpg 1080w\" sizes=\"auto, (max-width: 1799px) 100vw, 1799px\" \/><\/figure>\n<\/div><\/div>\n\n\n\n<div class=\"wp-block-column is-vertically-aligned-center is-layout-flow wp-block-column-is-layout-flow\" style=\"flex-basis:66.66%\">\n<p><strong>Edm\u00e9e Ballif<\/strong>, Charg\u00e9e de recherche<\/p>\n<\/div>\n<\/div>\n\n\n\n<div class=\"wp-block-columns is-layout-flex wp-container-core-columns-is-layout-9d6595d7 wp-block-columns-is-layout-flex\">\n<div class=\"wp-block-column is-layout-flow wp-block-column-is-layout-flow\" style=\"flex-basis:33.33%\"><div class=\"wp-block-image is-style-rounded\">\n<figure class=\"aligncenter size-full is-resized\"><img alt=\"\" loading=\"lazy\" decoding=\"async\" width=\"609\" height=\"768\" src=\"https:\/\/wp.unil.ch\/biss\/files\/2024\/03\/Fabien.jpg\" alt=\"\" class=\"wp-image-4860\" style=\"aspect-ratio:1;object-fit:cover;width:168px;height:auto\" srcset=\"https:\/\/wp.unil.ch\/biss\/files\/2024\/03\/Fabien.jpg 609w, https:\/\/wp.unil.ch\/biss\/files\/2024\/03\/Fabien-238x300.jpg 238w, https:\/\/wp.unil.ch\/biss\/files\/2024\/03\/Fabien-540x681.jpg 540w\" sizes=\"auto, (max-width: 609px) 100vw, 609px\" \/><\/figure>\n<\/div><\/div>\n\n\n\n<div class=\"wp-block-column is-vertically-aligned-center is-layout-flow wp-block-column-is-layout-flow\" style=\"flex-basis:66.66%\">\n<p><strong>Moll-Fran\u00e7ois Fabien<\/strong>, Chercheur FNS senior<\/p>\n<\/div>\n<\/div>\n\n\n\n<div class=\"wp-block-columns is-layout-flex wp-container-core-columns-is-layout-9d6595d7 wp-block-columns-is-layout-flex\">\n<div class=\"wp-block-column is-layout-flow wp-block-column-is-layout-flow\" style=\"flex-basis:33.33%\"><div class=\"wp-block-image is-style-rounded\">\n<figure class=\"aligncenter size-full is-resized\"><img alt=\"\" loading=\"lazy\" decoding=\"async\" width=\"106\" height=\"145\" src=\"https:\/\/wp.unil.ch\/biss\/files\/2024\/03\/image001.jpg\" alt=\"\" class=\"wp-image-4862\" style=\"object-fit:cover;width:169px;height:169px\" \/><\/figure>\n<\/div><\/div>\n\n\n\n<div class=\"wp-block-column is-vertically-aligned-center is-layout-flow wp-block-column-is-layout-flow\" style=\"flex-basis:66.66%\">\n<p><strong>Anne Siggen<\/strong>, Doctorante FNS<\/p>\n<\/div>\n<\/div>\n\n\n\n<div class=\"wp-block-columns is-layout-flex wp-container-core-columns-is-layout-9d6595d7 wp-block-columns-is-layout-flex\">\n<div class=\"wp-block-column is-layout-flow wp-block-column-is-layout-flow\" style=\"flex-basis:33.33%\"><div class=\"wp-block-image is-style-rounded\">\n<figure class=\"aligncenter size-full is-resized\"><img alt=\"\" loading=\"lazy\" decoding=\"async\" width=\"437\" height=\"555\" src=\"https:\/\/wp.unil.ch\/biss\/files\/2024\/03\/Sormani_photo.jpg\" alt=\"\" class=\"wp-image-4863\" style=\"object-fit:cover;width:169px;height:169px\" srcset=\"https:\/\/wp.unil.ch\/biss\/files\/2024\/03\/Sormani_photo.jpg 437w, https:\/\/wp.unil.ch\/biss\/files\/2024\/03\/Sormani_photo-236x300.jpg 236w\" sizes=\"auto, (max-width: 437px) 100vw, 437px\" \/><\/figure>\n<\/div><\/div>\n\n\n\n<div class=\"wp-block-column is-vertically-aligned-center is-layout-flow wp-block-column-is-layout-flow\" style=\"flex-basis:66.66%\">\n<p><strong>Philippe Sormani<\/strong>, Charg\u00e9 de recherche<\/p>\n<\/div>\n<\/div>\n\n\n\n<div class=\"wp-block-columns is-layout-flex wp-container-core-columns-is-layout-9d6595d7 wp-block-columns-is-layout-flex\">\n<div class=\"wp-block-column is-layout-flow wp-block-column-is-layout-flow\" style=\"flex-basis:33.33%\"><div class=\"wp-block-image is-style-rounded\">\n<figure class=\"aligncenter size-full is-resized\"><img alt=\"\" loading=\"lazy\" decoding=\"async\" width=\"897\" height=\"1200\" src=\"https:\/\/wp.unil.ch\/biss\/files\/2024\/03\/IMG_20221117_122704__01-1.jpg\" alt=\"\" class=\"wp-image-4864\" style=\"object-fit:cover;width:169px;height:169px\" srcset=\"https:\/\/wp.unil.ch\/biss\/files\/2024\/03\/IMG_20221117_122704__01-1.jpg 897w, https:\/\/wp.unil.ch\/biss\/files\/2024\/03\/IMG_20221117_122704__01-1-224x300.jpg 224w, https:\/\/wp.unil.ch\/biss\/files\/2024\/03\/IMG_20221117_122704__01-1-768x1027.jpg 768w, https:\/\/wp.unil.ch\/biss\/files\/2024\/03\/IMG_20221117_122704__01-1-540x722.jpg 540w\" sizes=\"auto, (max-width: 897px) 100vw, 897px\" \/><\/figure>\n<\/div><\/div>\n\n\n\n<div class=\"wp-block-column is-vertically-aligned-center is-layout-flow wp-block-column-is-layout-flow\" style=\"flex-basis:66.66%\">\n<p><strong>Ma\u00eblys Tirehote Corbin<\/strong>, Assistante dipl\u00f4m\u00e9e (retour mobilit\u00e9)<\/p>\n<\/div>\n<\/div>\n\n\n\n<div class=\"wp-block-columns is-layout-flex wp-container-core-columns-is-layout-9d6595d7 wp-block-columns-is-layout-flex\">\n<div class=\"wp-block-column is-layout-flow wp-block-column-is-layout-flow\" style=\"flex-basis:33.33%\"><div class=\"wp-block-image is-style-rounded\">\n<figure class=\"aligncenter size-full is-resized\"><img alt=\"\" loading=\"lazy\" decoding=\"async\" width=\"573\" height=\"573\" src=\"https:\/\/wp.unil.ch\/biss\/files\/2024\/03\/laurent-audetat.jpg\" alt=\"\" class=\"wp-image-4865\" style=\"object-fit:cover;width:169px;height:169px\" srcset=\"https:\/\/wp.unil.ch\/biss\/files\/2024\/03\/laurent-audetat.jpg 573w, https:\/\/wp.unil.ch\/biss\/files\/2024\/03\/laurent-audetat-300x300.jpg 300w, https:\/\/wp.unil.ch\/biss\/files\/2024\/03\/laurent-audetat-150x150.jpg 150w, https:\/\/wp.unil.ch\/biss\/files\/2024\/03\/laurent-audetat-540x540.jpg 540w\" sizes=\"auto, (max-width: 573px) 100vw, 573px\" \/><\/figure>\n<\/div><\/div>\n\n\n\n<div class=\"wp-block-column is-vertically-aligned-center is-layout-flow wp-block-column-is-layout-flow\" style=\"flex-basis:66.66%\">\n<p><strong>Laurent Aud\u00e9tat<\/strong>, Assistant dipl\u00f4m\u00e9<\/p>\n<\/div>\n<\/div>\n\n\n\n<h2 class=\"wp-block-heading\">Ev\u00e9nements <\/h2>\n\n\n\n<div class=\"wp-block-columns is-layout-flex wp-container-core-columns-is-layout-9d6595d7 wp-block-columns-is-layout-flex\">\n<div class=\"wp-block-column is-layout-flow wp-block-column-is-layout-flow\" style=\"flex-basis:33.33%\">\n<h5 class=\"wp-block-heading has-text-align-right\">19-20 mars 2024<\/h5>\n<\/div>\n\n\n\n<div class=\"wp-block-column is-layout-flow wp-block-column-is-layout-flow\" style=\"flex-basis:66.66%\">\n<p>Colloque International \u00ab <strong><mark style=\"background-color:#ffffff\" class=\"has-inline-color has-accent-color\">Les sc\u00e8nes de la d\u00e9nonciation publique. M\u00e9dias, Langages et Soci\u00e9t\u00e9s<\/mark><\/strong> \u00bb (Paris). Ce colloque, coorganis\u00e9 par l\u2019ISS et le Centre d\u2019Analyse et de Recherche Interdisciplinaires sur les M\u00e9dias (CARISM, Paris-Panth\u00e9on Assas), aborde les formes anthropologiques et s\u00e9miotiques que prend aujourd\u2019hui la d\u00e9nonciation publique.<\/p>\n<\/div>\n<\/div>\n\n\n\n<div class=\"wp-block-columns is-layout-flex wp-container-core-columns-is-layout-9d6595d7 wp-block-columns-is-layout-flex\">\n<div class=\"wp-block-column is-layout-flow wp-block-column-is-layout-flow\" style=\"flex-basis:33.33%\">\n<h5 class=\"wp-block-heading has-text-align-right\">21 mars 2024<\/h5>\n<\/div>\n\n\n\n<div class=\"wp-block-column is-layout-flow wp-block-column-is-layout-flow\" style=\"flex-basis:66.66%\">\n<p><mark style=\"background-color:#ffffff\" class=\"has-inline-color has-accent-color\"><strong>Ma th\u00e8se en 180 secondes<\/strong><\/mark> : Finale UNIL<br>\u00ab Ma th\u00e8se en 180 secondes \u00bb est un concours de communication scientifique r\u00e9unissant plus de 20 pays francophones.<\/p>\n<\/div>\n<\/div>\n\n\n\n<div class=\"wp-block-group\"><div class=\"wp-block-group__inner-container is-layout-constrained wp-block-group-is-layout-constrained\">\n<div class=\"wp-block-columns is-layout-flex wp-container-core-columns-is-layout-9d6595d7 wp-block-columns-is-layout-flex\">\n<div class=\"wp-block-column is-layout-flow wp-block-column-is-layout-flow\" style=\"flex-basis:33.33%\">\n<h5 class=\"wp-block-heading has-text-align-right\">6 juin 2024<\/h5>\n<\/div>\n\n\n\n<div class=\"wp-block-column is-layout-flow wp-block-column-is-layout-flow\" style=\"flex-basis:66.67%\">\n<p>Symposium Adolescence 2024<br>\u00ab <strong><mark style=\"background-color:#ffffff\" class=\"has-inline-color has-accent-color\">Adolescences en tous genres<\/mark><\/strong> \u00bb<br>La journ\u00e9e comprend deux conf\u00e9rences pl\u00e9ni\u00e8res par Caroline Dayer et Christine Morin-Messabel, ainsi que des ateliers au choix.<\/p>\n\n\n\n<div class=\"wp-block-buttons is-content-justification-right is-nowrap is-layout-flex wp-container-core-buttons-is-layout-f5f3ae2a wp-block-buttons-is-layout-flex\">\n<div class=\"wp-block-button\"><a class=\"wp-block-button__link wp-element-button\" href=\"https:\/\/news.unil.ch\/display\/1709711322994\" target=\"_blank\" rel=\"noreferrer noopener\">Infos<\/a><\/div>\n<\/div>\n\n\n\n<figure class=\"wp-block-image size-full is-resized is-style-default\"><img alt=\"\" loading=\"lazy\" decoding=\"async\" width=\"1600\" height=\"1200\" src=\"https:\/\/wp.unil.ch\/biss\/files\/2024\/03\/f.jpg\" alt=\"\" class=\"wp-image-4880\" style=\"width:400px\" srcset=\"https:\/\/wp.unil.ch\/biss\/files\/2024\/03\/f.jpg 1600w, https:\/\/wp.unil.ch\/biss\/files\/2024\/03\/f-300x225.jpg 300w, https:\/\/wp.unil.ch\/biss\/files\/2024\/03\/f-768x576.jpg 768w, https:\/\/wp.unil.ch\/biss\/files\/2024\/03\/f-1536x1152.jpg 1536w, https:\/\/wp.unil.ch\/biss\/files\/2024\/03\/f-1120x840.jpg 1120w, https:\/\/wp.unil.ch\/biss\/files\/2024\/03\/f-540x405.jpg 540w, https:\/\/wp.unil.ch\/biss\/files\/2024\/03\/f-1080x810.jpg 1080w\" sizes=\"auto, (max-width: 1600px) 100vw, 1600px\" \/><\/figure>\n<\/div>\n<\/div>\n<\/div><\/div>\n\n\n\n<h2 class=\"wp-block-heading\">Valorisation <\/h2>\n\n\n\n<p>Nous f\u00e9licitons <strong>Jo\u00ebl Vacheron<\/strong> et <strong>Softic Wanwarang<\/strong> qui ont soutenu publiquement leur th\u00e8se.<\/p>\n\n\n\n<p>Les <strong>projets de recherche<\/strong> suivants ont \u00e9t\u00e9 obtenus par des membres de l\u2019ISS :<\/p>\n\n\n\n<ul class=\"wp-block-list\">\n<li>Mandat d\u2019Unisant\u00e9 \u2013 <mark style=\"background-color:#ffffff\" class=\"has-inline-color has-accent-color\">C\u00e9line Mavrot<\/mark><\/li>\n\n\n\n<li>Mandat de la Ville de Nyon \u2013 <mark style=\"background-color:#ffffff\" class=\"has-inline-color has-accent-color\">Jean-Marie Le Goff<\/mark><\/li>\n\n\n\n<li>Generations and Gender Programme (GGP) \u2013 <mark style=\"background-color:#ffffff\" class=\"has-inline-color has-accent-color\">Stephanie Steinmetz &amp; Jean-Marie LeGoff<\/mark><\/li>\n\n\n\n<li>Systematic literature review on the ethical, social and political dimensions of sustainable chemistry (dans le cadre du projet NCCR Catalysis) \u2013 <mark style=\"background-color:#ffffff\" class=\"has-inline-color has-accent-color\">Francesco Panese &amp; Luca Chiapperino<\/mark><\/li>\n\n\n\n<li>Violence dans le sport Vaudois \u2013 <mark style=\"background-color:#ffffff\" class=\"has-inline-color has-accent-color\">OME<\/mark><\/li>\n<\/ul>\n\n\n\n<p><strong>Publications d\u2019ouvrages<\/strong> :<\/p>\n\n\n\n<ul class=\"wp-block-list\">\n<li><mark style=\"background-color:#ffffff\" class=\"has-inline-color has-accent-color\"><a href=\"https:\/\/news.unil.ch\/display\/1705405761903\" target=\"_blank\" rel=\"noreferrer noopener\">New Horizons for Innovation Studies \u2212 Doing Without, Doing With Less<\/a><\/mark> \u2013 Dominique Vinck (ISS-UNIL) et Fr\u00e9d\u00e9ric Goulet (CIRAD) aux Editions Edward Elgar.<\/li>\n\n\n\n<li><mark style=\"background-color:#ffffff\" class=\"has-inline-color has-accent-color\"><a href=\"https:\/\/news.unil.ch\/display\/1709799630155\" target=\"_blank\" rel=\"noreferrer noopener\">F\u00e9minisme<\/a><\/mark> \u2013 El\u00e9onore L\u00e9pinard (ISS-UNIL) aux Editions Anamosa.<\/li>\n<\/ul>\n\n\n\n<p><strong>R\u00e9seaux sociaux<\/strong><\/p>\n\n\n\n<p>L\u2019institut des sciences sociales est pr\u00e9sent sur les r\u00e9seaux sociaux. Suivez-nous et n\u2019h\u00e9sitez pas \u00e0 utiliser les fonctionnalit\u00e9s de tag pour identifier et mentionner l\u2019institut dans vos publications.<\/p>\n\n\n\n<ul class=\"wp-block-social-links aligncenter has-huge-icon-size is-content-justification-center is-layout-flex wp-container-core-social-links-is-layout-16018d1d wp-block-social-links-is-layout-flex\"><li class=\"wp-social-link wp-social-link-instagram  wp-block-social-link\"><a href=\"https:\/\/www.instagram.com\/sciencessociales_unil\/\" class=\"wp-block-social-link-anchor\"><svg width=\"24\" height=\"24\" viewBox=\"0 0 24 24\" version=\"1.1\" xmlns=\"http:\/\/www.w3.org\/2000\/svg\" aria-hidden=\"true\" focusable=\"false\"><path d=\"M12,4.622c2.403,0,2.688,0.009,3.637,0.052c0.877,0.04,1.354,0.187,1.671,0.31c0.42,0.163,0.72,0.358,1.035,0.673 c0.315,0.315,0.51,0.615,0.673,1.035c0.123,0.317,0.27,0.794,0.31,1.671c0.043,0.949,0.052,1.234,0.052,3.637 s-0.009,2.688-0.052,3.637c-0.04,0.877-0.187,1.354-0.31,1.671c-0.163,0.42-0.358,0.72-0.673,1.035 c-0.315,0.315-0.615,0.51-1.035,0.673c-0.317,0.123-0.794,0.27-1.671,0.31c-0.949,0.043-1.233,0.052-3.637,0.052 s-2.688-0.009-3.637-0.052c-0.877-0.04-1.354-0.187-1.671-0.31c-0.42-0.163-0.72-0.358-1.035-0.673 c-0.315-0.315-0.51-0.615-0.673-1.035c-0.123-0.317-0.27-0.794-0.31-1.671C4.631,14.688,4.622,14.403,4.622,12 s0.009-2.688,0.052-3.637c0.04-0.877,0.187-1.354,0.31-1.671c0.163-0.42,0.358-0.72,0.673-1.035 c0.315-0.315,0.615-0.51,1.035-0.673c0.317-0.123,0.794-0.27,1.671-0.31C9.312,4.631,9.597,4.622,12,4.622 M12,3 C9.556,3,9.249,3.01,8.289,3.054C7.331,3.098,6.677,3.25,6.105,3.472C5.513,3.702,5.011,4.01,4.511,4.511 c-0.5,0.5-0.808,1.002-1.038,1.594C3.25,6.677,3.098,7.331,3.054,8.289C3.01,9.249,3,9.556,3,12c0,2.444,0.01,2.751,0.054,3.711 c0.044,0.958,0.196,1.612,0.418,2.185c0.23,0.592,0.538,1.094,1.038,1.594c0.5,0.5,1.002,0.808,1.594,1.038 c0.572,0.222,1.227,0.375,2.185,0.418C9.249,20.99,9.556,21,12,21s2.751-0.01,3.711-0.054c0.958-0.044,1.612-0.196,2.185-0.418 c0.592-0.23,1.094-0.538,1.594-1.038c0.5-0.5,0.808-1.002,1.038-1.594c0.222-0.572,0.375-1.227,0.418-2.185 C20.99,14.751,21,14.444,21,12s-0.01-2.751-0.054-3.711c-0.044-0.958-0.196-1.612-0.418-2.185c-0.23-0.592-0.538-1.094-1.038-1.594 c-0.5-0.5-1.002-0.808-1.594-1.038c-0.572-0.222-1.227-0.375-2.185-0.418C14.751,3.01,14.444,3,12,3L12,3z M12,7.378 c-2.552,0-4.622,2.069-4.622,4.622S9.448,16.622,12,16.622s4.622-2.069,4.622-4.622S14.552,7.378,12,7.378z M12,15 c-1.657,0-3-1.343-3-3s1.343-3,3-3s3,1.343,3,3S13.657,15,12,15z M16.804,6.116c-0.596,0-1.08,0.484-1.08,1.08 s0.484,1.08,1.08,1.08c0.596,0,1.08-0.484,1.08-1.08S17.401,6.116,16.804,6.116z\"><\/path><\/svg><span class=\"wp-block-social-link-label screen-reader-text\">Instagram<\/span><\/a><\/li>\n\n<li class=\"wp-social-link wp-social-link-facebook  wp-block-social-link\"><a href=\"https:\/\/www.facebook.com\/sciencessocialesUNIL\" class=\"wp-block-social-link-anchor\"><svg width=\"24\" height=\"24\" viewBox=\"0 0 24 24\" version=\"1.1\" xmlns=\"http:\/\/www.w3.org\/2000\/svg\" aria-hidden=\"true\" focusable=\"false\"><path d=\"M12 2C6.5 2 2 6.5 2 12c0 5 3.7 9.1 8.4 9.9v-7H7.9V12h2.5V9.8c0-2.5 1.5-3.9 3.8-3.9 1.1 0 2.2.2 2.2.2v2.5h-1.3c-1.2 0-1.6.8-1.6 1.6V12h2.8l-.4 2.9h-2.3v7C18.3 21.1 22 17 22 12c0-5.5-4.5-10-10-10z\"><\/path><\/svg><span class=\"wp-block-social-link-label screen-reader-text\">Facebook<\/span><\/a><\/li>\n\n<li class=\"wp-social-link wp-social-link-x  wp-block-social-link\"><a href=\"https:\/\/twitter.com\/DesSociales\" class=\"wp-block-social-link-anchor\"><svg width=\"24\" height=\"24\" viewBox=\"0 0 24 24\" version=\"1.1\" xmlns=\"http:\/\/www.w3.org\/2000\/svg\" aria-hidden=\"true\" focusable=\"false\"><path d=\"M13.982 10.622 20.54 3h-1.554l-5.693 6.618L8.745 3H3.5l6.876 10.007L3.5 21h1.554l6.012-6.989L15.868 21h5.245l-7.131-10.378Zm-2.128 2.474-.697-.997-5.543-7.93H8l4.474 6.4.697.996 5.815 8.318h-2.387l-4.745-6.787Z\" \/><\/svg><span class=\"wp-block-social-link-label screen-reader-text\">X<\/span><\/a><\/li>\n\n<li class=\"wp-social-link wp-social-link-linkedin  wp-block-social-link\"><a href=\"https:\/\/www.linkedin.com\/company\/institut-des-sciences-sociales-unil\" class=\"wp-block-social-link-anchor\"><svg width=\"24\" height=\"24\" viewBox=\"0 0 24 24\" version=\"1.1\" xmlns=\"http:\/\/www.w3.org\/2000\/svg\" aria-hidden=\"true\" focusable=\"false\"><path d=\"M19.7,3H4.3C3.582,3,3,3.582,3,4.3v15.4C3,20.418,3.582,21,4.3,21h15.4c0.718,0,1.3-0.582,1.3-1.3V4.3 C21,3.582,20.418,3,19.7,3z M8.339,18.338H5.667v-8.59h2.672V18.338z M7.004,8.574c-0.857,0-1.549-0.694-1.549-1.548 c0-0.855,0.691-1.548,1.549-1.548c0.854,0,1.547,0.694,1.547,1.548C8.551,7.881,7.858,8.574,7.004,8.574z M18.339,18.338h-2.669 v-4.177c0-0.996-0.017-2.278-1.387-2.278c-1.389,0-1.601,1.086-1.601,2.206v4.249h-2.667v-8.59h2.559v1.174h0.037 c0.356-0.675,1.227-1.387,2.526-1.387c2.703,0,3.203,1.779,3.203,4.092V18.338z\"><\/path><\/svg><span class=\"wp-block-social-link-label screen-reader-text\">LinkedIn<\/span><\/a><\/li><\/ul>\n\n\n\n<h2 class=\"wp-block-heading\">Infos officielles <\/h2>\n\n\n\n<p><strong><mark style=\"background-color:#ffffff\" class=\"has-inline-color has-accent-color\">18-22 mars<\/mark><\/strong> : <strong>Semaine d\u2019actions contre le racisme<\/strong><br>Avec l\u2019exposition \u00ab Invisibles\/Survisibles. \u00c0 nos histoires \u00bb, des ateliers, une conf\u00e9rence, une table ronde et d\u2019autres \u00e9v\u00e8nements qui animeront le campus durant cette semaine.<\/p>\n\n\n\n<p><mark style=\"background-color:#ffffff\" class=\"has-inline-color has-accent-color\"><strong>31 mai 2024<\/strong><\/mark> : Dies Academicus<\/p>\n\n\n\n<p><strong>R\u00e9daction et diffusion :<\/strong> Andr\u00e9 Berchtold, Philippe Gonzalez et Pauline Blaser<\/p>\n","protected":false},"excerpt":{"rendered":"<p>Arriv\u00e9es et d\u00e9part Entre janvier et mars 2024, plusieurs collaborateur\u00b7trice\u00b7s et chercheur\u00b7euse\u00b7s ont quitt\u00e9 l\u2019ISS. Nous les remercions chaleureusement pour leur investissement et leur travail au sein de&hellip;<\/p>\n","protected":false},"author":1002387,"featured_media":4857,"parent":0,"menu_order":0,"comment_status":"closed","ping_status":"closed","template":"template-full-width-cover.php","meta":{"_seopress_robots_primary_cat":"","_seopress_titles_title":"","_seopress_titles_desc":"","_seopress_robots_index":"","footnotes":""},"class_list":["post-4854","page","type-page","status-publish","has-post-thumbnail"],"_links":{"self":[{"href":"https:\/\/wp.unil.ch\/biss\/wp-json\/wp\/v2\/pages\/4854","targetHints":{"allow":["GET"]}}],"collection":[{"href":"https:\/\/wp.unil.ch\/biss\/wp-json\/wp\/v2\/pages"}],"about":[{"href":"https:\/\/wp.unil.ch\/biss\/wp-json\/wp\/v2\/types\/page"}],"author":[{"embeddable":true,"href":"https:\/\/wp.unil.ch\/biss\/wp-json\/wp\/v2\/users\/1002387"}],"replies":[{"embeddable":true,"href":"https:\/\/wp.unil.ch\/biss\/wp-json\/wp\/v2\/comments?post=4854"}],"version-history":[{"count":4,"href":"https:\/\/wp.unil.ch\/biss\/wp-json\/wp\/v2\/pages\/4854\/revisions"}],"predecessor-version":[{"id":4898,"href":"https:\/\/wp.unil.ch\/biss\/wp-json\/wp\/v2\/pages\/4854\/revisions\/4898"}],"wp:featuredmedia":[{"embeddable":true,"href":"https:\/\/wp.unil.ch\/biss\/wp-json\/wp\/v2\/media\/4857"}],"wp:attachment":[{"href":"https:\/\/wp.unil.ch\/biss\/wp-json\/wp\/v2\/media?parent=4854"}],"curies":[{"name":"wp","href":"https:\/\/api.w.org\/{rel}","templated":true}]}}