{"id":4353,"date":"2024-01-09T11:51:07","date_gmt":"2024-01-09T10:51:07","guid":{"rendered":"https:\/\/wp.unil.ch\/biss\/?page_id=4353"},"modified":"2024-01-19T12:32:13","modified_gmt":"2024-01-19T11:32:13","slug":"intersectionnalite-religion","status":"publish","type":"page","link":"https:\/\/wp.unil.ch\/biss\/intersectionnalite-religion\/","title":{"rendered":"Intersectionnalit\u00e9 : Religion"},"content":{"rendered":"\n<div class=\"wp-block-query is-layout-flow wp-block-query-is-layout-flow\"><ul class=\"wp-block-post-template is-layout-flow wp-block-post-template-is-layout-flow\"><li class=\"wp-block-post post-4431 post type-post status-publish format-standard has-post-thumbnail category-intersectionnalite tag-militantismes tag-religion\">\n\n<div class=\"wp-block-columns alignwide is-layout-flex wp-container-core-columns-is-layout-9d6595d7 wp-block-columns-is-layout-flex\">\n<div class=\"wp-block-column is-layout-flow wp-block-column-is-layout-flow\" style=\"flex-basis:20%\"><figure class=\"wp-block-post-featured-image\"><a href=\"https:\/\/wp.unil.ch\/biss\/iman\/\" target=\"_self\"  ><img loading=\"lazy\" decoding=\"async\" width=\"1120\" height=\"703\" src=\"https:\/\/wp.unil.ch\/biss\/files\/2024\/01\/Iman-1120x703.png\" class=\"attachment-post-thumbnail size-post-thumbnail wp-post-image\" alt=\"Iman\" style=\"object-fit:cover;\" srcset=\"https:\/\/wp.unil.ch\/biss\/files\/2024\/01\/Iman-1120x703.png 1120w, https:\/\/wp.unil.ch\/biss\/files\/2024\/01\/Iman-300x188.png 300w, https:\/\/wp.unil.ch\/biss\/files\/2024\/01\/Iman-768x482.png 768w, https:\/\/wp.unil.ch\/biss\/files\/2024\/01\/Iman-1536x964.png 1536w, https:\/\/wp.unil.ch\/biss\/files\/2024\/01\/Iman-540x339.png 540w, https:\/\/wp.unil.ch\/biss\/files\/2024\/01\/Iman-1080x677.png 1080w, https:\/\/wp.unil.ch\/biss\/files\/2024\/01\/Iman.png 1913w\" sizes=\"auto, (max-width: 1120px) 100vw, 1120px\" \/><\/a><\/figure><\/div>\n\n\n\n<div class=\"wp-block-column is-layout-flow wp-block-column-is-layout-flow\" style=\"flex-basis:60%\"><h2 class=\"wp-block-post-title\"><a href=\"https:\/\/wp.unil.ch\/biss\/iman\/\" target=\"_self\" >Iman<\/a><\/h2>\n\n<div class=\"wp-block-post-excerpt\"><p class=\"wp-block-post-excerpt__excerpt\">Militante f\u00e9ministe et d\u00e9coloniale, Iman Wasser lutte contre l\u2019islamophobie. C\u2019est \u00e0 travers la cr\u00e9ation du mouvement culturel et artistique qu\u2019Iman et sa meilleure amie In\u00e8s, toutes deux musulmanes et maghr\u00e9bines, mettent en avant un espace safe et bienveillant accueillant toutes les femme.x.s, racis\u00e9es ou non. <\/p><\/div><\/div>\n<\/div>\n\n<\/li><li class=\"wp-block-post post-4428 post type-post status-publish format-standard has-post-thumbnail category-intersectionnalite tag-militantismes tag-religion\">\n\n<div class=\"wp-block-columns alignwide is-layout-flex wp-container-core-columns-is-layout-9d6595d7 wp-block-columns-is-layout-flex\">\n<div class=\"wp-block-column is-layout-flow wp-block-column-is-layout-flow\" style=\"flex-basis:20%\"><figure class=\"wp-block-post-featured-image\"><a href=\"https:\/\/wp.unil.ch\/biss\/mona\/\" target=\"_self\"  ><img loading=\"lazy\" decoding=\"async\" width=\"1120\" height=\"735\" src=\"https:\/\/wp.unil.ch\/biss\/files\/2024\/01\/Mona-1120x735.png\" class=\"attachment-post-thumbnail size-post-thumbnail wp-post-image\" alt=\"Mona\" style=\"object-fit:cover;\" srcset=\"https:\/\/wp.unil.ch\/biss\/files\/2024\/01\/Mona-1120x735.png 1120w, https:\/\/wp.unil.ch\/biss\/files\/2024\/01\/Mona-300x197.png 300w, https:\/\/wp.unil.ch\/biss\/files\/2024\/01\/Mona-768x504.png 768w, https:\/\/wp.unil.ch\/biss\/files\/2024\/01\/Mona-540x354.png 540w, https:\/\/wp.unil.ch\/biss\/files\/2024\/01\/Mona-1080x709.png 1080w, https:\/\/wp.unil.ch\/biss\/files\/2024\/01\/Mona.png 1384w\" sizes=\"auto, (max-width: 1120px) 100vw, 1120px\" \/><\/a><\/figure><\/div>\n\n\n\n<div class=\"wp-block-column is-layout-flow wp-block-column-is-layout-flow\" style=\"flex-basis:60%\"><h2 class=\"wp-block-post-title\"><a href=\"https:\/\/wp.unil.ch\/biss\/mona\/\" target=\"_self\" >Mona<\/a><\/h2>\n\n<div class=\"wp-block-post-excerpt\"><p class=\"wp-block-post-excerpt__excerpt\">Impliqu\u00e9e dans la lutte contre l\u2019oppression isra\u00e9lienne et pour une Palestine libre, le militantisme de Mona Dennaoui s\u2019exprime \u00e0 travers une prise de parole volontaire qui vise \u00e0 visibiliser son combat. Son parcours de vie met en lumi\u00e8re l\u2019intersectionnalit\u00e9 de ses luttes, autant personnelles que militantes. <\/p><\/div><\/div>\n<\/div>\n\n<\/li><li class=\"wp-block-post post-4425 post type-post status-publish format-standard has-post-thumbnail category-intersectionnalite tag-migrations tag-race tag-religion\">\n\n<div class=\"wp-block-columns alignwide is-layout-flex wp-container-core-columns-is-layout-9d6595d7 wp-block-columns-is-layout-flex\">\n<div class=\"wp-block-column is-layout-flow wp-block-column-is-layout-flow\" style=\"flex-basis:20%\"><figure class=\"wp-block-post-featured-image\"><a href=\"https:\/\/wp.unil.ch\/biss\/dahaba\/\" target=\"_self\"  ><img loading=\"lazy\" decoding=\"async\" width=\"1120\" height=\"695\" src=\"https:\/\/wp.unil.ch\/biss\/files\/2024\/01\/Dahaba-1120x695.png\" class=\"attachment-post-thumbnail size-post-thumbnail wp-post-image\" alt=\"Dahaba\" style=\"object-fit:cover;\" srcset=\"https:\/\/wp.unil.ch\/biss\/files\/2024\/01\/Dahaba-1120x695.png 1120w, https:\/\/wp.unil.ch\/biss\/files\/2024\/01\/Dahaba-300x186.png 300w, https:\/\/wp.unil.ch\/biss\/files\/2024\/01\/Dahaba-768x477.png 768w, https:\/\/wp.unil.ch\/biss\/files\/2024\/01\/Dahaba-1536x954.png 1536w, https:\/\/wp.unil.ch\/biss\/files\/2024\/01\/Dahaba-540x335.png 540w, https:\/\/wp.unil.ch\/biss\/files\/2024\/01\/Dahaba-1080x671.png 1080w, https:\/\/wp.unil.ch\/biss\/files\/2024\/01\/Dahaba.png 1920w\" sizes=\"auto, (max-width: 1120px) 100vw, 1120px\" \/><\/a><\/figure><\/div>\n\n\n\n<div class=\"wp-block-column is-layout-flow wp-block-column-is-layout-flow\" style=\"flex-basis:60%\"><h2 class=\"wp-block-post-title\"><a href=\"https:\/\/wp.unil.ch\/biss\/dahaba\/\" target=\"_self\" >Dahaba<\/a><\/h2>\n\n<div class=\"wp-block-post-excerpt\"><p class=\"wp-block-post-excerpt__excerpt\">\u00ab\u00a0Alors moi je m\u2019appelle Dahaba, je suis une femme noire musulmane, ou une femme musulmane noire, ou une noire femme musulmane.\u00a0\u00bb. Ces mots prononc\u00e9s par Dahaba Abdirahman permettent de r\u00e9sumer les diff\u00e9rentes identit\u00e9s qui structurent son parcours de vie. Dans cet entretien, elle interroge notamment les cons\u00e9quences du choix de se voiler en Suisse en\u2026 <\/p><\/div><\/div>\n<\/div>\n\n<\/li><li class=\"wp-block-post post-4417 post type-post status-publish format-standard has-post-thumbnail category-intersectionnalite tag-militantismes tag-race tag-religion\">\n\n<div class=\"wp-block-columns alignwide is-layout-flex wp-container-core-columns-is-layout-9d6595d7 wp-block-columns-is-layout-flex\">\n<div class=\"wp-block-column is-layout-flow wp-block-column-is-layout-flow\" style=\"flex-basis:20%\"><figure class=\"wp-block-post-featured-image\"><a href=\"https:\/\/wp.unil.ch\/biss\/ines\/\" target=\"_self\"  ><img loading=\"lazy\" decoding=\"async\" width=\"1120\" height=\"857\" src=\"https:\/\/wp.unil.ch\/biss\/files\/2024\/01\/Ine\u0300s-1120x857.png\" class=\"attachment-post-thumbnail size-post-thumbnail wp-post-image\" alt=\"In\u00e8s\" style=\"object-fit:cover;\" srcset=\"https:\/\/wp.unil.ch\/biss\/files\/2024\/01\/Ine\u0300s-1120x857.png 1120w, https:\/\/wp.unil.ch\/biss\/files\/2024\/01\/Ine\u0300s-300x230.png 300w, https:\/\/wp.unil.ch\/biss\/files\/2024\/01\/Ine\u0300s-768x588.png 768w, https:\/\/wp.unil.ch\/biss\/files\/2024\/01\/Ine\u0300s-1536x1176.png 1536w, https:\/\/wp.unil.ch\/biss\/files\/2024\/01\/Ine\u0300s-540x413.png 540w, https:\/\/wp.unil.ch\/biss\/files\/2024\/01\/Ine\u0300s-1080x827.png 1080w, https:\/\/wp.unil.ch\/biss\/files\/2024\/01\/Ine\u0300s.png 1568w\" sizes=\"auto, (max-width: 1120px) 100vw, 1120px\" \/><\/a><\/figure><\/div>\n\n\n\n<div class=\"wp-block-column is-layout-flow wp-block-column-is-layout-flow\" style=\"flex-basis:60%\"><h2 class=\"wp-block-post-title\"><a href=\"https:\/\/wp.unil.ch\/biss\/ines\/\" target=\"_self\" >In\u00e8s<\/a><\/h2>\n\n<div class=\"wp-block-post-excerpt\"><p class=\"wp-block-post-excerpt__excerpt\">In\u00e8s El-Shikh est co-fondatrice d&rsquo;un collectif de femmes musulmanes ou non, portant le foulard ou non, solidaires de la cause des femmes le portant en Suisse et militant contre l\u2019hostilit\u00e9 et les discriminations islamophobes genr\u00e9es. Ayant une formation en astrophysique, son parcours estudiantin ne la pr\u00e9destinait pas \u00e0 un engagement aussi passionn\u00e9 dans le militantisme. <\/p><\/div><\/div>\n<\/div>\n\n<\/li><li class=\"wp-block-post post-4408 post type-post status-publish format-standard has-post-thumbnail category-intersectionnalite tag-discriminations tag-intersectionnalite tag-migrations tag-race tag-religion\">\n\n<div class=\"wp-block-columns alignwide is-layout-flex wp-container-core-columns-is-layout-9d6595d7 wp-block-columns-is-layout-flex\">\n<div class=\"wp-block-column is-layout-flow wp-block-column-is-layout-flow\" style=\"flex-basis:20%\"><figure class=\"wp-block-post-featured-image\"><a href=\"https:\/\/wp.unil.ch\/biss\/sofia\/\" target=\"_self\"  ><img loading=\"lazy\" decoding=\"async\" width=\"1120\" height=\"842\" src=\"https:\/\/wp.unil.ch\/biss\/files\/2024\/01\/Sofia-1120x842.png\" class=\"attachment-post-thumbnail size-post-thumbnail wp-post-image\" alt=\"Sofia\" style=\"object-fit:cover;\" srcset=\"https:\/\/wp.unil.ch\/biss\/files\/2024\/01\/Sofia-1120x842.png 1120w, https:\/\/wp.unil.ch\/biss\/files\/2024\/01\/Sofia-300x225.png 300w, https:\/\/wp.unil.ch\/biss\/files\/2024\/01\/Sofia-768x577.png 768w, https:\/\/wp.unil.ch\/biss\/files\/2024\/01\/Sofia-540x406.png 540w, https:\/\/wp.unil.ch\/biss\/files\/2024\/01\/Sofia-1080x812.png 1080w, https:\/\/wp.unil.ch\/biss\/files\/2024\/01\/Sofia.png 1357w\" sizes=\"auto, (max-width: 1120px) 100vw, 1120px\" \/><\/a><\/figure><\/div>\n\n\n\n<div class=\"wp-block-column is-layout-flow wp-block-column-is-layout-flow\" style=\"flex-basis:60%\"><h2 class=\"wp-block-post-title\"><a href=\"https:\/\/wp.unil.ch\/biss\/sofia\/\" target=\"_self\" >Sofia<\/a><\/h2>\n\n<div class=\"wp-block-post-excerpt\"><p class=\"wp-block-post-excerpt__excerpt\">Sofia nous a offert de son temps et de son intimit\u00e9 pour nous partager son histoire de mani\u00e8re r\u00e9flexive, dans le rire et la discussion, et ses nombreux questionnements, entre introspections et revendications li\u00e9es \u00e0 son exp\u00e9rience. <\/p><\/div><\/div>\n<\/div>\n\n<\/li><li class=\"wp-block-post post-4395 post type-post status-publish format-standard has-post-thumbnail category-intersectionnalite tag-discriminations tag-genre tag-migrations tag-race tag-religion\">\n\n<div class=\"wp-block-columns alignwide is-layout-flex wp-container-core-columns-is-layout-9d6595d7 wp-block-columns-is-layout-flex\">\n<div class=\"wp-block-column is-layout-flow wp-block-column-is-layout-flow\" style=\"flex-basis:20%\"><figure class=\"wp-block-post-featured-image\"><a href=\"https:\/\/wp.unil.ch\/biss\/khaddouj\/\" target=\"_self\"  ><img loading=\"lazy\" decoding=\"async\" width=\"1120\" height=\"895\" src=\"https:\/\/wp.unil.ch\/biss\/files\/2024\/01\/Khaddouj-1120x895.png\" class=\"attachment-post-thumbnail size-post-thumbnail wp-post-image\" alt=\"Khaddouj\" style=\"object-fit:cover;\" srcset=\"https:\/\/wp.unil.ch\/biss\/files\/2024\/01\/Khaddouj-1120x895.png 1120w, https:\/\/wp.unil.ch\/biss\/files\/2024\/01\/Khaddouj-300x240.png 300w, https:\/\/wp.unil.ch\/biss\/files\/2024\/01\/Khaddouj-768x614.png 768w, https:\/\/wp.unil.ch\/biss\/files\/2024\/01\/Khaddouj-540x431.png 540w, https:\/\/wp.unil.ch\/biss\/files\/2024\/01\/Khaddouj-1080x863.png 1080w, https:\/\/wp.unil.ch\/biss\/files\/2024\/01\/Khaddouj.png 1452w\" sizes=\"auto, (max-width: 1120px) 100vw, 1120px\" \/><\/a><\/figure><\/div>\n\n\n\n<div class=\"wp-block-column is-layout-flow wp-block-column-is-layout-flow\" style=\"flex-basis:60%\"><h2 class=\"wp-block-post-title\"><a href=\"https:\/\/wp.unil.ch\/biss\/khaddouj\/\" target=\"_self\" >Khaddouj<\/a><\/h2>\n\n<div class=\"wp-block-post-excerpt\"><p class=\"wp-block-post-excerpt__excerpt\">Khaddouj nous raconte quelques unes des histoires marquantes de sa vie. \u00c0 travers des exemples d\u2019agressions dans la rue, au travail ou au sein de sa famille, elle nous explique comment son statut de femme musulmane et marocaine issue de l\u2019immigration l\u2019a amen\u00e9e \u00e0 \u00eatre confront\u00e9e \u00e0 des attitudes parfois stigmatisantes et discriminantes. <\/p><\/div><\/div>\n<\/div>\n\n<\/li><li class=\"wp-block-post post-4389 post type-post status-publish format-standard has-post-thumbnail category-intersectionnalite tag-discriminations tag-genre tag-migrations tag-religion\">\n\n<div class=\"wp-block-columns alignwide is-layout-flex wp-container-core-columns-is-layout-9d6595d7 wp-block-columns-is-layout-flex\">\n<div class=\"wp-block-column is-layout-flow wp-block-column-is-layout-flow\" style=\"flex-basis:20%\"><figure class=\"wp-block-post-featured-image\"><a href=\"https:\/\/wp.unil.ch\/biss\/abir\/\" target=\"_self\"  ><img loading=\"lazy\" decoding=\"async\" width=\"1120\" height=\"895\" src=\"https:\/\/wp.unil.ch\/biss\/files\/2024\/01\/Abir-1120x895.png\" class=\"attachment-post-thumbnail size-post-thumbnail wp-post-image\" alt=\"Abir\" style=\"object-fit:cover;\" srcset=\"https:\/\/wp.unil.ch\/biss\/files\/2024\/01\/Abir-1120x895.png 1120w, https:\/\/wp.unil.ch\/biss\/files\/2024\/01\/Abir-300x240.png 300w, https:\/\/wp.unil.ch\/biss\/files\/2024\/01\/Abir-768x614.png 768w, https:\/\/wp.unil.ch\/biss\/files\/2024\/01\/Abir-540x431.png 540w, https:\/\/wp.unil.ch\/biss\/files\/2024\/01\/Abir-1080x863.png 1080w, https:\/\/wp.unil.ch\/biss\/files\/2024\/01\/Abir.png 1452w\" sizes=\"auto, (max-width: 1120px) 100vw, 1120px\" \/><\/a><\/figure><\/div>\n\n\n\n<div class=\"wp-block-column is-layout-flow wp-block-column-is-layout-flow\" style=\"flex-basis:60%\"><h2 class=\"wp-block-post-title\"><a href=\"https:\/\/wp.unil.ch\/biss\/abir\/\" target=\"_self\" >Abir<\/a><\/h2>\n\n<div class=\"wp-block-post-excerpt\"><p class=\"wp-block-post-excerpt__excerpt\">Abir est n\u00e9e en Suisse, de nationalit\u00e9 tunisienne et de confession musulmane. Elle a d\u00e9cid\u00e9 de se voiler \u00e0 l&rsquo;adolescence &#8211; une d\u00e9cision qui impactera grandement sa vie. Son t\u00e9moignage nous permet de constater la r\u00e9alit\u00e9 des femmes voil\u00e9es en Suisse, mais \u00e9galement en Tunisie. <\/p><\/div><\/div>\n<\/div>\n\n<\/li><\/ul>\n\n\n<p class=\"has-text-align-right\"><a href=\"https:\/\/wp.unil.ch\/biss\/intersectionnalites\/\">Retour \u00e0 la page Intersectionnalit\u00e9<\/a><\/p>\n<\/div>\n","protected":false},"excerpt":{"rendered":"","protected":false},"author":1002387,"featured_media":0,"parent":0,"menu_order":0,"comment_status":"closed","ping_status":"closed","template":"template-full-width.php","meta":{"_seopress_robots_primary_cat":"","_seopress_titles_title":"","_seopress_titles_desc":"","_seopress_robots_index":"","footnotes":""},"class_list":["post-4353","page","type-page","status-publish","has-post-thumbnail"],"_links":{"self":[{"href":"https:\/\/wp.unil.ch\/biss\/wp-json\/wp\/v2\/pages\/4353","targetHints":{"allow":["GET"]}}],"collection":[{"href":"https:\/\/wp.unil.ch\/biss\/wp-json\/wp\/v2\/pages"}],"about":[{"href":"https:\/\/wp.unil.ch\/biss\/wp-json\/wp\/v2\/types\/page"}],"author":[{"embeddable":true,"href":"https:\/\/wp.unil.ch\/biss\/wp-json\/wp\/v2\/users\/1002387"}],"replies":[{"embeddable":true,"href":"https:\/\/wp.unil.ch\/biss\/wp-json\/wp\/v2\/comments?post=4353"}],"version-history":[{"count":4,"href":"https:\/\/wp.unil.ch\/biss\/wp-json\/wp\/v2\/pages\/4353\/revisions"}],"predecessor-version":[{"id":4752,"href":"https:\/\/wp.unil.ch\/biss\/wp-json\/wp\/v2\/pages\/4353\/revisions\/4752"}],"wp:attachment":[{"href":"https:\/\/wp.unil.ch\/biss\/wp-json\/wp\/v2\/media?parent=4353"}],"curies":[{"name":"wp","href":"https:\/\/api.w.org\/{rel}","templated":true}]}}