{"id":4209,"date":"2023-11-28T12:46:31","date_gmt":"2023-11-28T11:46:31","guid":{"rendered":"https:\/\/wp.unil.ch\/biss\/?page_id=4209"},"modified":"2023-12-06T09:34:04","modified_gmt":"2023-12-06T08:34:04","slug":"numero-3-decembre-2023","status":"publish","type":"page","link":"https:\/\/wp.unil.ch\/biss\/numero-3-decembre-2023\/","title":{"rendered":"Num\u00e9ro 3 &#8211; D\u00e9cembre 2023"},"content":{"rendered":"\n<h2 class=\"wp-block-heading\">Arriv\u00e9es et d\u00e9parts <\/h2>\n\n\n\n<p>Entre octobre et d\u00e9cembre 2023, diff\u00e9rent\u00b7es collaborateur\u00b7ices et chercheur\u00b7euses ont quitt\u00e9 ou vont quitter l\u2019ISS. Nous les remercions chaleureusement pour leur investissement et leur travail au sein de l\u2019institut et nous leur souhaitons le meilleur pour la suite de leur parcours&nbsp;: <strong>Dinah Gross<\/strong>,<strong> Marine Kneub\u00fchler<\/strong>,<strong> Pascal Maeder<\/strong>,<strong> Neil S\u00e9lim Ben Amor<\/strong>,<strong> Ocyna Rudmann<\/strong>,<strong> Elena Kordo<\/strong>,<strong> Yang Li<\/strong>,<strong> Valentine Mach-Perrot<\/strong>,<strong> Michael Meyer<\/strong>,<strong> Z\u00e9lie P\u00e9tremand<\/strong>,<strong> L\u00e9a Schori<\/strong>.<\/p>\n\n\n\n<p>Durant la m\u00eame p\u00e9riode, plusieurs assistant\u00b7es \u00e9tudiant\u00b7es ont rejoint&nbsp;l\u2019ISS : <strong>Sol\u00e8ne Barb\u00e9<\/strong>,<strong> Gabriela Certal Rodrigues<\/strong>,<strong> Nad\u00e8ge de Graffenried<\/strong>,<strong> Priya Ducommun<\/strong>,<strong> Francisco Ferreira de Melo<\/strong>,<strong> Valentine Girardier<\/strong>,<strong> Leonora Gkiotsa<\/strong>,<strong> Coralie Gothuey<\/strong>,<strong> L\u00e9o M\u00e9groz<\/strong>,<strong> Nils Ramseyer<\/strong>.<\/p>\n\n\n\n<p>Nous avons \u00e9galement accueilli&nbsp;:<\/p>\n\n\n\n<div class=\"wp-block-columns is-layout-flex wp-container-core-columns-is-layout-9d6595d7 wp-block-columns-is-layout-flex\">\n<div class=\"wp-block-column is-layout-flow wp-block-column-is-layout-flow\" style=\"flex-basis:33.33%\">\n<figure class=\"wp-block-image size-full is-resized is-style-rounded\"><img alt=\"\" loading=\"lazy\" decoding=\"async\" width=\"304\" height=\"304\" src=\"https:\/\/wp.unil.ch\/biss\/files\/2023\/11\/lena-edited.jpg\" alt=\"\" class=\"wp-image-4228\" style=\"object-fit:cover;width:169px;height:169px\" srcset=\"https:\/\/wp.unil.ch\/biss\/files\/2023\/11\/lena-edited.jpg 304w, https:\/\/wp.unil.ch\/biss\/files\/2023\/11\/lena-edited-300x300.jpg 300w, https:\/\/wp.unil.ch\/biss\/files\/2023\/11\/lena-edited-150x150.jpg 150w\" sizes=\"auto, (max-width: 304px) 100vw, 304px\" \/><\/figure>\n<\/div>\n\n\n\n<div class=\"wp-block-column is-layout-flow wp-block-column-is-layout-flow\" style=\"flex-basis:66.66%\">\n<p><strong>Lena Ajdacic,<\/strong> Chercheuse FNS senior <\/p>\n<\/div>\n<\/div>\n\n\n\n<div class=\"wp-block-columns is-layout-flex wp-container-core-columns-is-layout-9d6595d7 wp-block-columns-is-layout-flex\">\n<div class=\"wp-block-column is-layout-flow wp-block-column-is-layout-flow\" style=\"flex-basis:33.33%\">\n<figure class=\"wp-block-image size-full is-resized is-style-rounded\"><img alt=\"\" loading=\"lazy\" decoding=\"async\" width=\"1200\" height=\"1200\" src=\"https:\/\/wp.unil.ch\/biss\/files\/2023\/11\/Johanna-edited.png\" alt=\"\" class=\"wp-image-4231\" style=\"object-fit:cover;width:169px;height:169px\" srcset=\"https:\/\/wp.unil.ch\/biss\/files\/2023\/11\/Johanna-edited.png 1200w, https:\/\/wp.unil.ch\/biss\/files\/2023\/11\/Johanna-edited-300x300.png 300w, https:\/\/wp.unil.ch\/biss\/files\/2023\/11\/Johanna-edited-150x150.png 150w, https:\/\/wp.unil.ch\/biss\/files\/2023\/11\/Johanna-edited-768x768.png 768w, https:\/\/wp.unil.ch\/biss\/files\/2023\/11\/Johanna-edited-1120x1120.png 1120w, https:\/\/wp.unil.ch\/biss\/files\/2023\/11\/Johanna-edited-540x540.png 540w, https:\/\/wp.unil.ch\/biss\/files\/2023\/11\/Johanna-edited-1080x1080.png 1080w\" sizes=\"auto, (max-width: 1200px) 100vw, 1200px\" \/><\/figure>\n<\/div>\n\n\n\n<div class=\"wp-block-column is-layout-flow wp-block-column-is-layout-flow\" style=\"flex-basis:66.66%\">\n<p><strong>Johanna Behr,<\/strong> Doctorante FNS<\/p>\n<\/div>\n<\/div>\n\n\n\n<div class=\"wp-block-columns is-layout-flex wp-container-core-columns-is-layout-9d6595d7 wp-block-columns-is-layout-flex\">\n<div class=\"wp-block-column is-layout-flow wp-block-column-is-layout-flow\" style=\"flex-basis:33.33%\">\n<figure class=\"wp-block-image size-full is-resized is-style-rounded\"><img alt=\"\" loading=\"lazy\" decoding=\"async\" width=\"1200\" height=\"1200\" src=\"https:\/\/wp.unil.ch\/biss\/files\/2023\/11\/gae-edited.jpg\" alt=\"\" class=\"wp-image-4232\" style=\"object-fit:cover;width:169px;height:169px\" srcset=\"https:\/\/wp.unil.ch\/biss\/files\/2023\/11\/gae-edited.jpg 1200w, https:\/\/wp.unil.ch\/biss\/files\/2023\/11\/gae-edited-300x300.jpg 300w, https:\/\/wp.unil.ch\/biss\/files\/2023\/11\/gae-edited-150x150.jpg 150w, https:\/\/wp.unil.ch\/biss\/files\/2023\/11\/gae-edited-768x768.jpg 768w, https:\/\/wp.unil.ch\/biss\/files\/2023\/11\/gae-edited-1120x1120.jpg 1120w, https:\/\/wp.unil.ch\/biss\/files\/2023\/11\/gae-edited-540x540.jpg 540w, https:\/\/wp.unil.ch\/biss\/files\/2023\/11\/gae-edited-1080x1080.jpg 1080w\" sizes=\"auto, (max-width: 1200px) 100vw, 1200px\" \/><\/figure>\n<\/div>\n\n\n\n<div class=\"wp-block-column is-layout-flow wp-block-column-is-layout-flow\" style=\"flex-basis:66.66%\">\n<p><strong>Ga\u00e9 Colussi,<\/strong> Charg\u00e9 de recherche<\/p>\n<\/div>\n<\/div>\n\n\n\n<div class=\"wp-block-columns is-layout-flex wp-container-core-columns-is-layout-9d6595d7 wp-block-columns-is-layout-flex\">\n<div class=\"wp-block-column is-layout-flow wp-block-column-is-layout-flow\" style=\"flex-basis:33.33%\">\n<figure class=\"wp-block-image size-full is-resized is-style-rounded\"><img alt=\"\" loading=\"lazy\" decoding=\"async\" width=\"150\" height=\"150\" src=\"https:\/\/wp.unil.ch\/biss\/files\/2023\/11\/ibrahima-edited.jpg\" alt=\"\" class=\"wp-image-4233\" style=\"object-fit:cover;width:169px;height:169px\" \/><\/figure>\n<\/div>\n\n\n\n<div class=\"wp-block-column is-layout-flow wp-block-column-is-layout-flow\" style=\"flex-basis:66.66%\">\n<p><strong>Ibrahima Diatta,<\/strong> Charg\u00e9 de recherche<\/p>\n<\/div>\n<\/div>\n\n\n\n<div class=\"wp-block-columns is-layout-flex wp-container-core-columns-is-layout-9d6595d7 wp-block-columns-is-layout-flex\">\n<div class=\"wp-block-column is-layout-flow wp-block-column-is-layout-flow\" style=\"flex-basis:33.33%\">\n<figure class=\"wp-block-image size-full is-resized is-style-rounded\"><img alt=\"\" loading=\"lazy\" decoding=\"async\" width=\"951\" height=\"951\" src=\"https:\/\/wp.unil.ch\/biss\/files\/2023\/11\/Vasilena-Lachkovska-edited.jpg\" alt=\"\" class=\"wp-image-4236\" style=\"object-fit:cover;width:169px;height:169px\" srcset=\"https:\/\/wp.unil.ch\/biss\/files\/2023\/11\/Vasilena-Lachkovska-edited.jpg 951w, https:\/\/wp.unil.ch\/biss\/files\/2023\/11\/Vasilena-Lachkovska-edited-300x300.jpg 300w, https:\/\/wp.unil.ch\/biss\/files\/2023\/11\/Vasilena-Lachkovska-edited-150x150.jpg 150w, https:\/\/wp.unil.ch\/biss\/files\/2023\/11\/Vasilena-Lachkovska-edited-768x768.jpg 768w, https:\/\/wp.unil.ch\/biss\/files\/2023\/11\/Vasilena-Lachkovska-edited-540x540.jpg 540w\" sizes=\"auto, (max-width: 951px) 100vw, 951px\" \/><\/figure>\n<\/div>\n\n\n\n<div class=\"wp-block-column is-layout-flow wp-block-column-is-layout-flow\" style=\"flex-basis:66.66%\">\n<p><strong>Vasilena Lachkovska,<\/strong> Assistante dipl\u00f4m\u00e9e<\/p>\n<\/div>\n<\/div>\n\n\n\n<div class=\"wp-block-columns is-layout-flex wp-container-core-columns-is-layout-9d6595d7 wp-block-columns-is-layout-flex\">\n<div class=\"wp-block-column is-layout-flow wp-block-column-is-layout-flow\" style=\"flex-basis:33.33%\">\n<figure class=\"wp-block-image size-full is-resized is-style-rounded\"><img alt=\"\" loading=\"lazy\" decoding=\"async\" width=\"389\" height=\"389\" src=\"https:\/\/wp.unil.ch\/biss\/files\/2023\/11\/mathieu.png\" alt=\"\" class=\"wp-image-4221\" style=\"object-fit:cover;width:169px;height:169px\" srcset=\"https:\/\/wp.unil.ch\/biss\/files\/2023\/11\/mathieu.png 389w, https:\/\/wp.unil.ch\/biss\/files\/2023\/11\/mathieu-300x300.png 300w, https:\/\/wp.unil.ch\/biss\/files\/2023\/11\/mathieu-150x150.png 150w\" sizes=\"auto, (max-width: 389px) 100vw, 389px\" \/><\/figure>\n<\/div>\n\n\n\n<div class=\"wp-block-column is-layout-flow wp-block-column-is-layout-flow\" style=\"flex-basis:66.66%\">\n<p><strong>Mathieu Pavageau,<\/strong> Concepteur-d\u00e9veloppeur<\/p>\n<\/div>\n<\/div>\n\n\n\n<div class=\"wp-block-columns is-layout-flex wp-container-core-columns-is-layout-9d6595d7 wp-block-columns-is-layout-flex\">\n<div class=\"wp-block-column is-layout-flow wp-block-column-is-layout-flow\" style=\"flex-basis:33.33%\">\n<figure class=\"wp-block-image size-full is-resized is-style-rounded\"><img alt=\"\" loading=\"lazy\" decoding=\"async\" width=\"768\" height=\"768\" src=\"https:\/\/wp.unil.ch\/biss\/files\/2023\/11\/photo_Petrini-edited.png\" alt=\"\" class=\"wp-image-4237\" style=\"object-fit:cover;width:169px;height:169px\" srcset=\"https:\/\/wp.unil.ch\/biss\/files\/2023\/11\/photo_Petrini-edited.png 768w, https:\/\/wp.unil.ch\/biss\/files\/2023\/11\/photo_Petrini-edited-300x300.png 300w, https:\/\/wp.unil.ch\/biss\/files\/2023\/11\/photo_Petrini-edited-150x150.png 150w, https:\/\/wp.unil.ch\/biss\/files\/2023\/11\/photo_Petrini-edited-540x540.png 540w\" sizes=\"auto, (max-width: 768px) 100vw, 768px\" \/><\/figure>\n<\/div>\n\n\n\n<div class=\"wp-block-column is-layout-flow wp-block-column-is-layout-flow\" style=\"flex-basis:66.66%\">\n<p><strong>Sonia Petrini,<\/strong> Doctorante FNS<\/p>\n<\/div>\n<\/div>\n\n\n\n<div class=\"wp-block-columns is-layout-flex wp-container-core-columns-is-layout-9d6595d7 wp-block-columns-is-layout-flex\">\n<div class=\"wp-block-column is-layout-flow wp-block-column-is-layout-flow\" style=\"flex-basis:33.33%\">\n<figure class=\"wp-block-image size-full is-resized is-style-rounded\"><img alt=\"\" loading=\"lazy\" decoding=\"async\" width=\"1200\" height=\"1200\" src=\"https:\/\/wp.unil.ch\/biss\/files\/2023\/11\/Thierry-edited.png\" alt=\"\" class=\"wp-image-4238\" style=\"object-fit:cover;width:169px;height:169px\" srcset=\"https:\/\/wp.unil.ch\/biss\/files\/2023\/11\/Thierry-edited.png 1200w, https:\/\/wp.unil.ch\/biss\/files\/2023\/11\/Thierry-edited-300x300.png 300w, https:\/\/wp.unil.ch\/biss\/files\/2023\/11\/Thierry-edited-150x150.png 150w, https:\/\/wp.unil.ch\/biss\/files\/2023\/11\/Thierry-edited-768x768.png 768w, https:\/\/wp.unil.ch\/biss\/files\/2023\/11\/Thierry-edited-1120x1120.png 1120w, https:\/\/wp.unil.ch\/biss\/files\/2023\/11\/Thierry-edited-540x540.png 540w, https:\/\/wp.unil.ch\/biss\/files\/2023\/11\/Thierry-edited-1080x1080.png 1080w\" sizes=\"auto, (max-width: 1200px) 100vw, 1200px\" \/><\/figure>\n<\/div>\n\n\n\n<div class=\"wp-block-column is-layout-flow wp-block-column-is-layout-flow\" style=\"flex-basis:66.66%\">\n<p><strong>Thierry Rossier,<\/strong> Charg\u00e9 de recherche<\/p>\n<\/div>\n<\/div>\n\n\n\n<div class=\"wp-block-columns is-layout-flex wp-container-core-columns-is-layout-9d6595d7 wp-block-columns-is-layout-flex\">\n<div class=\"wp-block-column is-layout-flow wp-block-column-is-layout-flow\" style=\"flex-basis:33.33%\">\n<figure class=\"wp-block-image size-full is-resized is-style-rounded\"><img alt=\"\" loading=\"lazy\" decoding=\"async\" width=\"786\" height=\"786\" src=\"https:\/\/wp.unil.ch\/biss\/files\/2023\/11\/Photo-Rebecca-Strebel-edited.png\" alt=\"\" class=\"wp-image-4239\" style=\"object-fit:cover;width:169px;height:169px\" srcset=\"https:\/\/wp.unil.ch\/biss\/files\/2023\/11\/Photo-Rebecca-Strebel-edited.png 786w, https:\/\/wp.unil.ch\/biss\/files\/2023\/11\/Photo-Rebecca-Strebel-edited-300x300.png 300w, https:\/\/wp.unil.ch\/biss\/files\/2023\/11\/Photo-Rebecca-Strebel-edited-150x150.png 150w, https:\/\/wp.unil.ch\/biss\/files\/2023\/11\/Photo-Rebecca-Strebel-edited-768x768.png 768w, https:\/\/wp.unil.ch\/biss\/files\/2023\/11\/Photo-Rebecca-Strebel-edited-540x540.png 540w\" sizes=\"auto, (max-width: 786px) 100vw, 786px\" \/><\/figure>\n<\/div>\n\n\n\n<div class=\"wp-block-column is-layout-flow wp-block-column-is-layout-flow\" style=\"flex-basis:66.66%\">\n<p><strong>Rebecca Strebel, <\/strong>Assistante dipl\u00f4m\u00e9e<\/p>\n<\/div>\n<\/div>\n\n\n\n<h2 class=\"wp-block-heading\">Ev\u00e9nements <\/h2>\n\n\n\n<div class=\"wp-block-columns is-layout-flex wp-container-core-columns-is-layout-9d6595d7 wp-block-columns-is-layout-flex\">\n<div class=\"wp-block-column is-layout-flow wp-block-column-is-layout-flow\" style=\"flex-basis:33.33%\">\n<h5 class=\"wp-block-heading has-text-align-right\">6 d\u00e9cembre 2023<\/h5>\n<\/div>\n\n\n\n<div class=\"wp-block-column is-layout-flow wp-block-column-is-layout-flow\" style=\"flex-basis:66.66%\">\n<p>Le <strong>souper de l\u2019ISS<\/strong> aura lieu le <strong>mercredi 6 d\u00e9cembre<\/strong> au restaurant le Bleu L\u00e9zard.<\/p>\n<\/div>\n<\/div>\n\n\n\n<div class=\"wp-block-columns is-layout-flex wp-container-core-columns-is-layout-9d6595d7 wp-block-columns-is-layout-flex\">\n<div class=\"wp-block-column is-layout-flow wp-block-column-is-layout-flow\" style=\"flex-basis:33.33%\">\n<h5 class=\"wp-block-heading has-text-align-right\">8 d\u00e9cembre 2023<\/h5>\n<\/div>\n\n\n\n<div class=\"wp-block-column is-layout-flow wp-block-column-is-layout-flow\" style=\"flex-basis:66.66%\">\n<p>Le <strong>8 d\u00e9cembre<\/strong> aura lieu la journ\u00e9e d\u2019\u00e9tudes <strong><em>Diversit\u00e9s africaines&nbsp;: Une relation entre l\u2019ici et l\u2019ailleurs<\/em><\/strong>. Cette journ\u00e9e s\u2019inscrit dans le cadre du projet Interact \u00ab&nbsp;l\u2019Afrique d\u2019aujourd\u2019hui, le Monde de demain&nbsp;\u00bb.<\/p>\n\n\n\n<div class=\"wp-block-buttons is-content-justification-right is-layout-flex wp-container-core-buttons-is-layout-765c4724 wp-block-buttons-is-layout-flex\">\n<div class=\"wp-block-button\"><a class=\"wp-block-button__link wp-element-button\" href=\"https:\/\/agenda.unil.ch\/display\/1699345756080\" target=\"_blank\" rel=\"noreferrer noopener\">Informations<\/a><\/div>\n<\/div>\n<\/div>\n<\/div>\n\n\n<div class=\"wp-block-image is-style-default\">\n<figure class=\"aligncenter size-full is-resized\"><img alt=\"\" loading=\"lazy\" decoding=\"async\" width=\"1600\" height=\"1200\" src=\"https:\/\/wp.unil.ch\/biss\/files\/2023\/11\/event8decembre.jpg\" alt=\"\" class=\"wp-image-4216\" style=\"object-fit:cover;width:600px;height:400px\" srcset=\"https:\/\/wp.unil.ch\/biss\/files\/2023\/11\/event8decembre.jpg 1600w, https:\/\/wp.unil.ch\/biss\/files\/2023\/11\/event8decembre-300x225.jpg 300w, https:\/\/wp.unil.ch\/biss\/files\/2023\/11\/event8decembre-768x576.jpg 768w, https:\/\/wp.unil.ch\/biss\/files\/2023\/11\/event8decembre-1536x1152.jpg 1536w, https:\/\/wp.unil.ch\/biss\/files\/2023\/11\/event8decembre-1120x840.jpg 1120w, https:\/\/wp.unil.ch\/biss\/files\/2023\/11\/event8decembre-540x405.jpg 540w, https:\/\/wp.unil.ch\/biss\/files\/2023\/11\/event8decembre-1080x810.jpg 1080w\" sizes=\"auto, (max-width: 1600px) 100vw, 1600px\" \/><\/figure>\n<\/div>\n\n\n<h2 class=\"wp-block-heading\">Valorisation <\/h2>\n\n\n\n<p>Nous f\u00e9licitons l\u2019ensemble des personnes ayant soutenu publiquement leur th\u00e8se durant l\u2019automne&nbsp;:<strong> Leandro Ivan Canzio<\/strong>,<strong> Carole Christe<\/strong>,<strong> Fran\u00e7ois<a> <\/a>Schoenberger<\/strong>.<\/p>\n\n\n\n<p>De nombreux <strong>nouveaux projets de recherch<\/strong>e ont \u00e9t\u00e9 obtenu cette ann\u00e9e par des membres de l\u2019ISS&nbsp;:<\/p>\n\n\n\n<ul class=\"wp-block-list\">\n<li><strong>FNS : <\/strong>Transformation of Swiss Finance : an Analysis of three Power Configurations<strong> \u2013 <mark style=\"background-color:#ffffff\" class=\"has-inline-color has-accent-color\">Felix B\u00fchlmann<\/mark><\/strong><\/li>\n\n\n\n<li><strong>FNS : <\/strong>Fundamentalism and foundationalism : crossed perspectives<strong> \u2013 <mark style=\"background-color:#ffffff\" class=\"has-inline-color has-accent-color\">Philippe Gonzalez<\/mark><\/strong><\/li>\n\n\n\n<li><strong>Sinergia : <\/strong>FamyCH : Family Custody Arrangements and Child Well-Being in Switzerland<strong> \u2013 <mark style=\"background-color:#ffffff\" class=\"has-inline-color has-accent-color\">Jo\u00eblle Darwiche (IP) &amp; Laura Bernardi<\/mark><\/strong><\/li>\n\n\n\n<li><strong>SNSF Starting Grant : <\/strong>Liberal and Radical Equality of Opportunity (EQUALOPP)<strong> \u2013 <mark style=\"background-color:#ffffff\" class=\"has-inline-color has-accent-color\">Micha\u00ebl Gr\u00e4tz<\/mark><\/strong><\/li>\n\n\n\n<li><strong>Ambizione : <\/strong>Social Class Intergroup Model : An Identity-Based Framework to Reduce Anti-Immigration Attitudes<strong> \u2013 <mark style=\"background-color:#ffffff\" class=\"has-inline-color has-accent-color\">Anatolia Batruch<\/mark><\/strong><\/li>\n\n\n\n<li><strong>SEFRI : <\/strong>Generations and Gender Programme<strong> \u2013 <mark style=\"background-color:#ffffff\" class=\"has-inline-color has-accent-color\">Stephanie Steinmetz<\/mark><\/strong><\/li>\n\n\n\n<li><strong>CROSS : <\/strong>Making it Together : Interfacing Human-Robot Teams for Collaborative Construction<strong> \u2013 <mark style=\"background-color:#ffffff\" class=\"has-inline-color has-accent-color\">Marc Aud\u00e9tat<\/mark><\/strong><\/li>\n\n\n\n<li><strong>Mandat OFSP : <\/strong>Metastudie im Rahmen der Pilotversuche mit Cannabis<strong> \u2013 <mark style=\"background-color:#ffffff\" class=\"has-inline-color has-accent-color\">C\u00e9line Mavrot<\/mark><\/strong><\/li>\n<\/ul>\n\n\n\n<h2 class=\"wp-block-heading\">Infos officielles <\/h2>\n\n\n\n<p>Je vous souhaite de tr\u00e8s belles f\u00eates de fin d\u2019ann\u00e9e et je me r\u00e9jouis de vous retrouver en 2024 afin de continuer \u00e0 r\u00e9fl\u00e9chir et travailler, dans le respect de toutes et tous.<\/p>\n\n\n\n<p class=\"has-text-align-right\"><em>Andr\u00e9 Berchtold<\/em><\/p>\n\n\n<div class=\"wp-block-image\">\n<figure class=\"aligncenter size-full is-resized\"><img alt=\"\" loading=\"lazy\" decoding=\"async\" width=\"1406\" height=\"937\" src=\"https:\/\/wp.unil.ch\/biss\/files\/2023\/11\/Image_NL_Decembre24-edited-3.png\" alt=\"\" class=\"wp-image-4267\" style=\"object-fit:cover;width:800px;height:400px\" srcset=\"https:\/\/wp.unil.ch\/biss\/files\/2023\/11\/Image_NL_Decembre24-edited-3.png 1406w, https:\/\/wp.unil.ch\/biss\/files\/2023\/11\/Image_NL_Decembre24-edited-3-300x200.png 300w, https:\/\/wp.unil.ch\/biss\/files\/2023\/11\/Image_NL_Decembre24-edited-3-768x512.png 768w, https:\/\/wp.unil.ch\/biss\/files\/2023\/11\/Image_NL_Decembre24-edited-3-1120x746.png 1120w, https:\/\/wp.unil.ch\/biss\/files\/2023\/11\/Image_NL_Decembre24-edited-3-540x360.png 540w, https:\/\/wp.unil.ch\/biss\/files\/2023\/11\/Image_NL_Decembre24-edited-3-1080x720.png 1080w\" sizes=\"auto, (max-width: 1406px) 100vw, 1406px\" \/><\/figure>\n<\/div>\n\n\n<p><strong>R\u00e9daction et diffusion :<\/strong> Andr\u00e9 Berchtold, Philippe Gonzalez et Pauline Blaser<\/p>\n","protected":false},"excerpt":{"rendered":"<p>Arriv\u00e9es et d\u00e9parts Entre octobre et d\u00e9cembre 2023, diff\u00e9rent\u00b7es collaborateur\u00b7ices et chercheur\u00b7euses ont quitt\u00e9 ou vont quitter l\u2019ISS. Nous les remercions chaleureusement pour leur investissement et leur travail&hellip;<\/p>\n","protected":false},"author":1002387,"featured_media":4212,"parent":0,"menu_order":0,"comment_status":"closed","ping_status":"closed","template":"template-full-width-cover.php","meta":{"_seopress_robots_primary_cat":"","_seopress_titles_title":"","_seopress_titles_desc":"","_seopress_robots_index":"","footnotes":""},"class_list":["post-4209","page","type-page","status-publish","has-post-thumbnail"],"_links":{"self":[{"href":"https:\/\/wp.unil.ch\/biss\/wp-json\/wp\/v2\/pages\/4209","targetHints":{"allow":["GET"]}}],"collection":[{"href":"https:\/\/wp.unil.ch\/biss\/wp-json\/wp\/v2\/pages"}],"about":[{"href":"https:\/\/wp.unil.ch\/biss\/wp-json\/wp\/v2\/types\/page"}],"author":[{"embeddable":true,"href":"https:\/\/wp.unil.ch\/biss\/wp-json\/wp\/v2\/users\/1002387"}],"replies":[{"embeddable":true,"href":"https:\/\/wp.unil.ch\/biss\/wp-json\/wp\/v2\/comments?post=4209"}],"version-history":[{"count":5,"href":"https:\/\/wp.unil.ch\/biss\/wp-json\/wp\/v2\/pages\/4209\/revisions"}],"predecessor-version":[{"id":4289,"href":"https:\/\/wp.unil.ch\/biss\/wp-json\/wp\/v2\/pages\/4209\/revisions\/4289"}],"wp:featuredmedia":[{"embeddable":true,"href":"https:\/\/wp.unil.ch\/biss\/wp-json\/wp\/v2\/media\/4212"}],"wp:attachment":[{"href":"https:\/\/wp.unil.ch\/biss\/wp-json\/wp\/v2\/media?parent=4209"}],"curies":[{"name":"wp","href":"https:\/\/api.w.org\/{rel}","templated":true}]}}