{"id":4147,"date":"2023-11-22T09:52:30","date_gmt":"2023-11-22T08:52:30","guid":{"rendered":"https:\/\/wp.unil.ch\/biss\/?page_id=4147"},"modified":"2024-01-19T08:46:59","modified_gmt":"2024-01-19T07:46:59","slug":"intersectionnalite-genre","status":"publish","type":"page","link":"https:\/\/wp.unil.ch\/biss\/intersectionnalite-genre\/","title":{"rendered":"Intersectionnalit\u00e9 : LGBTQI+"},"content":{"rendered":"\n<div class=\"wp-block-query is-layout-flow wp-block-query-is-layout-flow\"><ul class=\"wp-block-post-template is-layout-flow wp-block-post-template-is-layout-flow\"><li class=\"wp-block-post post-4444 post type-post status-publish format-standard has-post-thumbnail category-intersectionnalite tag-lgbtqi tag-militantismes\">\n\n<div class=\"wp-block-columns alignwide is-layout-flex wp-container-core-columns-is-layout-9d6595d7 wp-block-columns-is-layout-flex\">\n<div class=\"wp-block-column is-layout-flow wp-block-column-is-layout-flow\" style=\"flex-basis:20%\"><figure class=\"wp-block-post-featured-image\"><a href=\"https:\/\/wp.unil.ch\/biss\/heloise\/\" target=\"_self\"  ><img loading=\"lazy\" decoding=\"async\" width=\"1120\" height=\"716\" src=\"https:\/\/wp.unil.ch\/biss\/files\/2024\/01\/Heloise-1120x716.png\" class=\"attachment-post-thumbnail size-post-thumbnail wp-post-image\" alt=\"H\u00e9lo\u00efse\" style=\"object-fit:cover;\" srcset=\"https:\/\/wp.unil.ch\/biss\/files\/2024\/01\/Heloise-1120x716.png 1120w, https:\/\/wp.unil.ch\/biss\/files\/2024\/01\/Heloise-300x192.png 300w, https:\/\/wp.unil.ch\/biss\/files\/2024\/01\/Heloise-768x491.png 768w, https:\/\/wp.unil.ch\/biss\/files\/2024\/01\/Heloise-540x345.png 540w, https:\/\/wp.unil.ch\/biss\/files\/2024\/01\/Heloise-1080x690.png 1080w, https:\/\/wp.unil.ch\/biss\/files\/2024\/01\/Heloise.png 1368w\" sizes=\"auto, (max-width: 1120px) 100vw, 1120px\" \/><\/a><\/figure><\/div>\n\n\n\n<div class=\"wp-block-column is-layout-flow wp-block-column-is-layout-flow\" style=\"flex-basis:60%\"><h2 class=\"wp-block-post-title\"><a href=\"https:\/\/wp.unil.ch\/biss\/heloise\/\" target=\"_self\" >H\u00e9lo\u00efse<\/a><\/h2>\n\n<div class=\"wp-block-post-excerpt\"><p class=\"wp-block-post-excerpt__excerpt\">H\u00e9lo\u00efse Roman est charg\u00e9e de projet \u00e9galit\u00e9 au sein du service Agenda 21 Ville durable \u00e0 Gen\u00e8ve. \u00c0 travers ce cas sp\u00e9cifique et l\u2019analyse au prisme de l\u2019intersectionnalit\u00e9, nous observons le croisement de discriminations, notamment sexistes, racistes, lesbophobes, grossophobes, transphobes ou autres, \u00e0 diff\u00e9rents niveaux : personnel, institutionnel et associatif. <\/p><\/div><\/div>\n<\/div>\n\n<\/li><li class=\"wp-block-post post-4436 post type-post status-publish format-standard has-post-thumbnail category-intersectionnalite tag-handicaps tag-lgbtqi tag-migrations tag-militantismes tag-race\">\n\n<div class=\"wp-block-columns alignwide is-layout-flex wp-container-core-columns-is-layout-9d6595d7 wp-block-columns-is-layout-flex\">\n<div class=\"wp-block-column is-layout-flow wp-block-column-is-layout-flow\" style=\"flex-basis:20%\"><figure class=\"wp-block-post-featured-image\"><a href=\"https:\/\/wp.unil.ch\/biss\/francesca\/\" target=\"_self\"  ><img loading=\"lazy\" decoding=\"async\" width=\"1120\" height=\"868\" src=\"https:\/\/wp.unil.ch\/biss\/files\/2024\/01\/Francesca-1120x868.png\" class=\"attachment-post-thumbnail size-post-thumbnail wp-post-image\" alt=\"Francesca\" style=\"object-fit:cover;\" srcset=\"https:\/\/wp.unil.ch\/biss\/files\/2024\/01\/Francesca-1120x868.png 1120w, https:\/\/wp.unil.ch\/biss\/files\/2024\/01\/Francesca-300x233.png 300w, https:\/\/wp.unil.ch\/biss\/files\/2024\/01\/Francesca-768x595.png 768w, https:\/\/wp.unil.ch\/biss\/files\/2024\/01\/Francesca-1536x1191.png 1536w, https:\/\/wp.unil.ch\/biss\/files\/2024\/01\/Francesca-540x419.png 540w, https:\/\/wp.unil.ch\/biss\/files\/2024\/01\/Francesca-1080x837.png 1080w, https:\/\/wp.unil.ch\/biss\/files\/2024\/01\/Francesca.png 1548w\" sizes=\"auto, (max-width: 1120px) 100vw, 1120px\" \/><\/a><\/figure><\/div>\n\n\n\n<div class=\"wp-block-column is-layout-flow wp-block-column-is-layout-flow\" style=\"flex-basis:60%\"><h2 class=\"wp-block-post-title\"><a href=\"https:\/\/wp.unil.ch\/biss\/francesca\/\" target=\"_self\" >Francesca<\/a><\/h2>\n\n<div class=\"wp-block-post-excerpt\"><p class=\"wp-block-post-excerpt__excerpt\">\u00catre une tchoin \u00e9pileptique. C\u2019est le statut que Francesca revendique. Elle raconte son rapport au corps, \u00e0 la sexualit\u00e9, \u00e0 la maladie, \u00e0 ses origines et aux milieux militants.Dans cet entretien, elle aborde sa rencontre avec le militantisme ainsi que son exp\u00e9rience du racisme. <\/p><\/div><\/div>\n<\/div>\n\n<\/li><li class=\"wp-block-post post-4419 post type-post status-publish format-standard has-post-thumbnail category-intersectionnalite tag-lgbtqi tag-migrations tag-militantismes tag-race\">\n\n<div class=\"wp-block-columns alignwide is-layout-flex wp-container-core-columns-is-layout-9d6595d7 wp-block-columns-is-layout-flex\">\n<div class=\"wp-block-column is-layout-flow wp-block-column-is-layout-flow\" style=\"flex-basis:20%\"><figure class=\"wp-block-post-featured-image\"><a href=\"https:\/\/wp.unil.ch\/biss\/eve-marie\/\" target=\"_self\"  ><img loading=\"lazy\" decoding=\"async\" width=\"1120\" height=\"717\" src=\"https:\/\/wp.unil.ch\/biss\/files\/2024\/01\/Eva-Marie-1120x717.png\" class=\"attachment-post-thumbnail size-post-thumbnail wp-post-image\" alt=\"\u00c8ve Marie\" style=\"object-fit:cover;\" srcset=\"https:\/\/wp.unil.ch\/biss\/files\/2024\/01\/Eva-Marie-1120x717.png 1120w, https:\/\/wp.unil.ch\/biss\/files\/2024\/01\/Eva-Marie-300x192.png 300w, https:\/\/wp.unil.ch\/biss\/files\/2024\/01\/Eva-Marie-768x492.png 768w, https:\/\/wp.unil.ch\/biss\/files\/2024\/01\/Eva-Marie-1536x983.png 1536w, https:\/\/wp.unil.ch\/biss\/files\/2024\/01\/Eva-Marie-540x346.png 540w, https:\/\/wp.unil.ch\/biss\/files\/2024\/01\/Eva-Marie-1080x692.png 1080w, https:\/\/wp.unil.ch\/biss\/files\/2024\/01\/Eva-Marie.png 1668w\" sizes=\"auto, (max-width: 1120px) 100vw, 1120px\" \/><\/a><\/figure><\/div>\n\n\n\n<div class=\"wp-block-column is-layout-flow wp-block-column-is-layout-flow\" style=\"flex-basis:60%\"><h2 class=\"wp-block-post-title\"><a href=\"https:\/\/wp.unil.ch\/biss\/eve-marie\/\" target=\"_self\" >\u00c8ve Marie<\/a><\/h2>\n\n<div class=\"wp-block-post-excerpt\"><p class=\"wp-block-post-excerpt__excerpt\">\u00c8ve\u00a0Marie Perrin s\u2019identifie en tant que femme, ha\u00eftienne et lesbienne. s, puis a cr\u00e9er des projets artistiques pour visibiliser les personnes noires et queer. Elle mentionne dans cet entretien les difficult\u00e9s \u00e0 trouver des ressources pour se construire en tant que personne noire et LGBT, notamment dans le domaine de la sant\u00e9 mentale, qui est\u2026 <\/p><\/div><\/div>\n<\/div>\n\n<\/li><li class=\"wp-block-post post-4405 post type-post status-publish format-standard has-post-thumbnail category-intersectionnalite tag-genre tag-lgbtqi tag-sexualite tag-travail\">\n\n<div class=\"wp-block-columns alignwide is-layout-flex wp-container-core-columns-is-layout-9d6595d7 wp-block-columns-is-layout-flex\">\n<div class=\"wp-block-column is-layout-flow wp-block-column-is-layout-flow\" style=\"flex-basis:20%\"><figure class=\"wp-block-post-featured-image\"><a href=\"https:\/\/wp.unil.ch\/biss\/laure\/\" target=\"_self\"  ><img loading=\"lazy\" decoding=\"async\" width=\"1120\" height=\"912\" src=\"https:\/\/wp.unil.ch\/biss\/files\/2024\/01\/Laure-1120x912.png\" class=\"attachment-post-thumbnail size-post-thumbnail wp-post-image\" alt=\"Laure\" style=\"object-fit:cover;\" srcset=\"https:\/\/wp.unil.ch\/biss\/files\/2024\/01\/Laure-1120x912.png 1120w, https:\/\/wp.unil.ch\/biss\/files\/2024\/01\/Laure-300x244.png 300w, https:\/\/wp.unil.ch\/biss\/files\/2024\/01\/Laure-768x625.png 768w, https:\/\/wp.unil.ch\/biss\/files\/2024\/01\/Laure-540x440.png 540w, https:\/\/wp.unil.ch\/biss\/files\/2024\/01\/Laure-1080x879.png 1080w, https:\/\/wp.unil.ch\/biss\/files\/2024\/01\/Laure.png 1452w\" sizes=\"auto, (max-width: 1120px) 100vw, 1120px\" \/><\/a><\/figure><\/div>\n\n\n\n<div class=\"wp-block-column is-layout-flow wp-block-column-is-layout-flow\" style=\"flex-basis:60%\"><h2 class=\"wp-block-post-title\"><a href=\"https:\/\/wp.unil.ch\/biss\/laure\/\" target=\"_self\" >Laure<\/a><\/h2>\n\n<div class=\"wp-block-post-excerpt\"><p class=\"wp-block-post-excerpt__excerpt\">Laure est une femme queer originaire de Belgique. A travers son t\u00e9moignage, les exp\u00e9riences subies par Laure dans le contexte m\u00e9dical ont permis de mettre en lumi\u00e8re les discriminations v\u00e9cues par celle-ci en tant que \u201cfemme dans un monde de chirurgiens\u201d. <\/p><\/div><\/div>\n<\/div>\n\n<\/li><li class=\"wp-block-post post-4398 post type-post status-publish format-standard has-post-thumbnail category-intersectionnalite tag-lgbtqi tag-migrations tag-race tag-sexualite tag-transidentite\">\n\n<div class=\"wp-block-columns alignwide is-layout-flex wp-container-core-columns-is-layout-9d6595d7 wp-block-columns-is-layout-flex\">\n<div class=\"wp-block-column is-layout-flow wp-block-column-is-layout-flow\" style=\"flex-basis:20%\"><figure class=\"wp-block-post-featured-image\"><a href=\"https:\/\/wp.unil.ch\/biss\/tokyo\/\" target=\"_self\"  ><img loading=\"lazy\" decoding=\"async\" width=\"1120\" height=\"912\" src=\"https:\/\/wp.unil.ch\/biss\/files\/2024\/01\/Tokyo-1120x912.png\" class=\"attachment-post-thumbnail size-post-thumbnail wp-post-image\" alt=\"Tokyo\" style=\"object-fit:cover;\" srcset=\"https:\/\/wp.unil.ch\/biss\/files\/2024\/01\/Tokyo-1120x912.png 1120w, https:\/\/wp.unil.ch\/biss\/files\/2024\/01\/Tokyo-300x244.png 300w, https:\/\/wp.unil.ch\/biss\/files\/2024\/01\/Tokyo-768x625.png 768w, https:\/\/wp.unil.ch\/biss\/files\/2024\/01\/Tokyo-540x440.png 540w, https:\/\/wp.unil.ch\/biss\/files\/2024\/01\/Tokyo-1080x879.png 1080w, https:\/\/wp.unil.ch\/biss\/files\/2024\/01\/Tokyo.png 1452w\" sizes=\"auto, (max-width: 1120px) 100vw, 1120px\" \/><\/a><\/figure><\/div>\n\n\n\n<div class=\"wp-block-column is-layout-flow wp-block-column-is-layout-flow\" style=\"flex-basis:60%\"><h2 class=\"wp-block-post-title\"><a href=\"https:\/\/wp.unil.ch\/biss\/tokyo\/\" target=\"_self\" >Tokyo<\/a><\/h2>\n\n<div class=\"wp-block-post-excerpt\"><p class=\"wp-block-post-excerpt__excerpt\">Tokyo est une jeune femme trans\u2019 originaire du Laos qui est n\u00e9e en Suisse et qui y a effectu\u00e9 toute sa scolarit\u00e9. Ne parlant pas encore le fran\u00e7ais, la jeune femme va rapidement se rendre compte de la pression qui lui est impos\u00e9e pour s\u2019int\u00e9grer. En transitionnant, Tokyo va alors prendre conscience des liens entre\u2026 <\/p><\/div><\/div>\n<\/div>\n\n<\/li><li class=\"wp-block-post post-4392 post type-post status-publish format-standard has-post-thumbnail category-intersectionnalite tag-adoption tag-lgbtqi tag-migrations tag-race\">\n\n<div class=\"wp-block-columns alignwide is-layout-flex wp-container-core-columns-is-layout-9d6595d7 wp-block-columns-is-layout-flex\">\n<div class=\"wp-block-column is-layout-flow wp-block-column-is-layout-flow\" style=\"flex-basis:20%\"><figure class=\"wp-block-post-featured-image\"><a href=\"https:\/\/wp.unil.ch\/biss\/xavier\/\" target=\"_self\"  ><img loading=\"lazy\" decoding=\"async\" width=\"1120\" height=\"895\" src=\"https:\/\/wp.unil.ch\/biss\/files\/2024\/01\/Xavier-1120x895.png\" class=\"attachment-post-thumbnail size-post-thumbnail wp-post-image\" alt=\"Xavier\" style=\"object-fit:cover;\" srcset=\"https:\/\/wp.unil.ch\/biss\/files\/2024\/01\/Xavier-1120x895.png 1120w, https:\/\/wp.unil.ch\/biss\/files\/2024\/01\/Xavier-300x240.png 300w, https:\/\/wp.unil.ch\/biss\/files\/2024\/01\/Xavier-768x614.png 768w, https:\/\/wp.unil.ch\/biss\/files\/2024\/01\/Xavier-540x431.png 540w, https:\/\/wp.unil.ch\/biss\/files\/2024\/01\/Xavier-1080x863.png 1080w, https:\/\/wp.unil.ch\/biss\/files\/2024\/01\/Xavier.png 1452w\" sizes=\"auto, (max-width: 1120px) 100vw, 1120px\" \/><\/a><\/figure><\/div>\n\n\n\n<div class=\"wp-block-column is-layout-flow wp-block-column-is-layout-flow\" style=\"flex-basis:60%\"><h2 class=\"wp-block-post-title\"><a href=\"https:\/\/wp.unil.ch\/biss\/xavier\/\" target=\"_self\" >Xavier<\/a><\/h2>\n\n<div class=\"wp-block-post-excerpt\"><p class=\"wp-block-post-excerpt__excerpt\">Xavier nous parle de son adoption. \u00ab j\u2019ai su que j\u2019\u00e9tais adopt\u00e9 en apprenant les couleurs, parce que moi j\u2019\u00e9tais brown et mes parents \u00e9taient white \u00bb. Il \u00e9voque notamment la mani\u00e8re dont l\u2019h\u00e9t\u00e9rog\u00e9n\u00e9it\u00e9 raciale intrafamiliale fait \u00e9merger de nombreux questionnements sur soi-m\u00eame et sur les autres. <\/p><\/div><\/div>\n<\/div>\n\n<\/li><li class=\"wp-block-post post-4382 post type-post status-publish format-standard has-post-thumbnail category-intersectionnalite tag-handicaps tag-lgbtqi tag-militantismes tag-non-binarite\">\n\n<div class=\"wp-block-columns alignwide is-layout-flex wp-container-core-columns-is-layout-9d6595d7 wp-block-columns-is-layout-flex\">\n<div class=\"wp-block-column is-layout-flow wp-block-column-is-layout-flow\" style=\"flex-basis:20%\"><figure class=\"wp-block-post-featured-image\"><a href=\"https:\/\/wp.unil.ch\/biss\/nat\/\" target=\"_self\"  ><img loading=\"lazy\" decoding=\"async\" width=\"1120\" height=\"895\" src=\"https:\/\/wp.unil.ch\/biss\/files\/2024\/01\/nat-1120x895.png\" class=\"attachment-post-thumbnail size-post-thumbnail wp-post-image\" alt=\"Nat\" style=\"object-fit:cover;\" srcset=\"https:\/\/wp.unil.ch\/biss\/files\/2024\/01\/nat-1120x895.png 1120w, https:\/\/wp.unil.ch\/biss\/files\/2024\/01\/nat-300x240.png 300w, https:\/\/wp.unil.ch\/biss\/files\/2024\/01\/nat-768x614.png 768w, https:\/\/wp.unil.ch\/biss\/files\/2024\/01\/nat-540x431.png 540w, https:\/\/wp.unil.ch\/biss\/files\/2024\/01\/nat-1080x863.png 1080w, https:\/\/wp.unil.ch\/biss\/files\/2024\/01\/nat.png 1452w\" sizes=\"auto, (max-width: 1120px) 100vw, 1120px\" \/><\/a><\/figure><\/div>\n\n\n\n<div class=\"wp-block-column is-layout-flow wp-block-column-is-layout-flow\" style=\"flex-basis:60%\"><h2 class=\"wp-block-post-title\"><a href=\"https:\/\/wp.unil.ch\/biss\/nat\/\" target=\"_self\" >Nat<\/a><\/h2>\n\n<div class=\"wp-block-post-excerpt\"><p class=\"wp-block-post-excerpt__excerpt\">En tant que personne non-binaire, atteint.e.x de nanisme achrondoplasique, membre de la communaut\u00e9 LGBTQIA+ et militant.e.x au sein de diff\u00e9rents organismes, Nat est \u00e0 la crois\u00e9e de diverses discriminations. Dans cet entretien, iel revient sur son parcours ainsi que sur les difficult\u00e9s auxquelles iel s\u2019av\u00e8re confront\u00e9.e.x au quotidien. <\/p><\/div><\/div>\n<\/div>\n\n<\/li><li class=\"wp-block-post post-4134 post type-post status-publish format-standard has-post-thumbnail category-intersectionnalite tag-genre tag-lgbtqi tag-non-binarite\">\n\n<div class=\"wp-block-columns alignwide is-layout-flex wp-container-core-columns-is-layout-9d6595d7 wp-block-columns-is-layout-flex\">\n<div class=\"wp-block-column is-layout-flow wp-block-column-is-layout-flow\" style=\"flex-basis:20%\"><figure class=\"wp-block-post-featured-image\"><a href=\"https:\/\/wp.unil.ch\/biss\/al\/\" target=\"_self\"  ><img loading=\"lazy\" decoding=\"async\" width=\"1120\" height=\"912\" src=\"https:\/\/wp.unil.ch\/biss\/files\/2024\/01\/AI-1120x912.png\" class=\"attachment-post-thumbnail size-post-thumbnail wp-post-image\" alt=\"Al\" style=\"object-fit:cover;\" srcset=\"https:\/\/wp.unil.ch\/biss\/files\/2024\/01\/AI-1120x912.png 1120w, https:\/\/wp.unil.ch\/biss\/files\/2024\/01\/AI-300x244.png 300w, https:\/\/wp.unil.ch\/biss\/files\/2024\/01\/AI-768x625.png 768w, https:\/\/wp.unil.ch\/biss\/files\/2024\/01\/AI-540x440.png 540w, https:\/\/wp.unil.ch\/biss\/files\/2024\/01\/AI-1080x879.png 1080w, https:\/\/wp.unil.ch\/biss\/files\/2024\/01\/AI.png 1452w\" sizes=\"auto, (max-width: 1120px) 100vw, 1120px\" \/><\/a><\/figure><\/div>\n\n\n\n<div class=\"wp-block-column is-layout-flow wp-block-column-is-layout-flow\" style=\"flex-basis:60%\"><h2 class=\"wp-block-post-title\"><a href=\"https:\/\/wp.unil.ch\/biss\/al\/\" target=\"_self\" >Al<\/a><\/h2>\n\n<div class=\"wp-block-post-excerpt\"><p class=\"wp-block-post-excerpt__excerpt\">Al est \u00e9tudiantxe en master d\u2019arts visuels et beaucoup de ses travaux tournent autour des th\u00e9matiques queer, trans et\/ou non-binaires afin de mettre en lumi\u00e8re les discriminations qui y sont li\u00e9es. Cet entretien raconte son quotidien, entre sexisme, enbyphobie (se dit des discriminations qui touchent sp\u00e9cifiquement les personnes non-binaires), pr\u00e9carit\u00e9, sant\u00e9 physique et mentale, Al\u2026 <\/p><\/div><\/div>\n<\/div>\n\n<\/li><\/ul><\/div>\n\n\n\n<p class=\"has-text-align-right\"><a href=\"https:\/\/wp.unil.ch\/biss\/intersectionnalites\/\">Retour \u00e0 la page Intersectionnalit\u00e9<\/a><\/p>\n","protected":false},"excerpt":{"rendered":"<p>Retour \u00e0 la page Intersectionnalit\u00e9<\/p>\n","protected":false},"author":1002387,"featured_media":0,"parent":0,"menu_order":0,"comment_status":"closed","ping_status":"closed","template":"template-full-width.php","meta":{"_seopress_robots_primary_cat":"","_seopress_titles_title":"","_seopress_titles_desc":"","_seopress_robots_index":"","footnotes":""},"class_list":["post-4147","page","type-page","status-publish","has-post-thumbnail"],"_links":{"self":[{"href":"https:\/\/wp.unil.ch\/biss\/wp-json\/wp\/v2\/pages\/4147","targetHints":{"allow":["GET"]}}],"collection":[{"href":"https:\/\/wp.unil.ch\/biss\/wp-json\/wp\/v2\/pages"}],"about":[{"href":"https:\/\/wp.unil.ch\/biss\/wp-json\/wp\/v2\/types\/page"}],"author":[{"embeddable":true,"href":"https:\/\/wp.unil.ch\/biss\/wp-json\/wp\/v2\/users\/1002387"}],"replies":[{"embeddable":true,"href":"https:\/\/wp.unil.ch\/biss\/wp-json\/wp\/v2\/comments?post=4147"}],"version-history":[{"count":5,"href":"https:\/\/wp.unil.ch\/biss\/wp-json\/wp\/v2\/pages\/4147\/revisions"}],"predecessor-version":[{"id":4736,"href":"https:\/\/wp.unil.ch\/biss\/wp-json\/wp\/v2\/pages\/4147\/revisions\/4736"}],"wp:attachment":[{"href":"https:\/\/wp.unil.ch\/biss\/wp-json\/wp\/v2\/media?parent=4147"}],"curies":[{"name":"wp","href":"https:\/\/api.w.org\/{rel}","templated":true}]}}