{"id":4106,"date":"2023-11-21T09:58:28","date_gmt":"2023-11-21T08:58:28","guid":{"rendered":"https:\/\/wp.unil.ch\/biss\/?page_id=4106"},"modified":"2024-01-19T12:35:16","modified_gmt":"2024-01-19T11:35:16","slug":"intersectionnalites","status":"publish","type":"page","link":"https:\/\/wp.unil.ch\/biss\/intersectionnalites\/","title":{"rendered":"Intersectionnalit\u00e9s : Trajectoires de vies \u00e0 l&rsquo;intersection des oppressions en Suisse"},"content":{"rendered":"\n<p><strong>\u00catre \u00e0 l\u2019intersection des rapports sociaux c\u2019est faire une exp\u00e9rience singuli\u00e8re qui fa\u00e7onne une trajectoire de vie. Alors quoi de mieux pour illustrer ce concept des sciences sociales, l\u2019intersectionnalit\u00e9, que d\u2019\u00e9couter celles et ceux qui, en Suisse, vivent \u00e0 l\u2019intersection de plusieurs oppressions?<\/strong><\/p>\n\n\n\n<p>Dans le cadre du cours \u00ab Pouvoirs, genre et in\u00e9galit\u00e9s \u00bb, les \u00e9tudiant\u00b7e\u00b7s ont r\u00e9alis\u00e9 une s\u00e9rie d\u2019entretiens audiovisuels sur le th\u00e8me de l\u2019intersectionnalit\u00e9. Forg\u00e9 en 1989 par la juriste \u00e9tatsunienne Kimberl\u00e9 Crenshaw, le concept d\u2019intersectionnalit\u00e9 permet de penser l\u2019imbrication des diff\u00e9rents r\u00e9gimes d\u2019oppression dans la production des in\u00e9galit\u00e9s sociales et des subjectivit\u00e9s. Prenant le contrepied d\u2019une analyse fig\u00e9e des rapports sociaux qui pense le genre, la race, la classe, la sexualit\u00e9 ou l\u2019\u00e2ge comme des rapports distincts, il vise \u00e0 penser leur commune matrice afin de rendre compte de l\u2019exp\u00e9rience sociale de celles et de ceux qui se situent \u00e0 l\u2019intersection de diff\u00e9rentes formes de discriminations. Dans ces entretiens, les \u00e9tudiant\u00b7e\u00b7s \u00e9changent avec des militant\u00b7e\u00b7s, intellectuel\u00b7le\u00b7s, responsables politiques, travailleur\u00b7se\u00b7s associatif\u00b7ve\u00b7s, ou citoyenn\u00b7e\u00b7s et immigr\u00e9\u00b7e\u00b7s ordinaires dont la trajectoire sociale et\/ou l\u2019activit\u00e9 politique peut \u00eatre analys\u00e9e au prisme de l\u2019intersectionnalit\u00e9. Ce site a l\u2019ambition de diffuser les savoirs sur l\u2019intersectionnalit\u00e9 dans la cit\u00e9 et de rendre compte de la mani\u00e8re dont ce concept renouvelle l\u2019analyse des rapports de pouvoir et des in\u00e9galit\u00e9s ainsi que les pratiques de la recherche en sciences sociales. Ce projet, soutenu par l\u2019Institut des sciences sociales, se poursuivra sur plusieurs ann\u00e9es. <\/p>\n\n\n\n<p>Cet enseignement a \u00e9t\u00e9 propos\u00e9 dans le cadre du cursus de Master en sciences sociales \u00e0 l\u2019ISS par la Professeure <a href=\"https:\/\/Cet enseignement a \u00e9t\u00e9 propos\u00e9 dans le cadre du cursus de Master en sciences sociales \u00e0 l\u2019ISS par la Professeure El\u00e9onore L\u00e9pinard, et \u00e9labor\u00e9 conjointement avec Sarah Mazouz, charg\u00e9e de recherche au CNRS rattach\u00e9e au CERAPS et Ilana Eloit, Professeure assistante en \u00e9tudes de genre et des sexualit\u00e9s \u00e0 l\u2019Universit\u00e9 de Gen\u00e8ve. Depuis 2023 l\u2019\u00e9quipe est compos\u00e9e d\u2019El\u00e9onore L\u00e9pinard et Ghaliya Djelloul (premi\u00e8re assistante au Centre en \u00e9tudes genre\" target=\"_blank\" rel=\"noreferrer noopener\">El\u00e9onore L\u00e9pinard<\/a>, et \u00e9labor\u00e9 conjointement avec&nbsp;<a href=\"https:\/\/pro.univ-lille.fr\/sarah-mazouz\/\" target=\"_blank\" rel=\"noreferrer noopener\">Sarah Mazouz<\/a>, charg\u00e9e de recherche au CNRS rattach\u00e9e au CERAPS et&nbsp;<a href=\"https:\/\/www.unige.ch\/etudes-genre\/fr\/equipe\/ilana-eloit\/\" target=\"_blank\" rel=\"noreferrer noopener\">Ilana Eloit<\/a>,&nbsp;Professeure assistante en \u00e9tudes de genre et des sexualit\u00e9s \u00e0 l\u2019Universit\u00e9 de Gen\u00e8ve.&nbsp;Depuis 2023 l\u2019\u00e9quipe est compos\u00e9e d\u2019El\u00e9onore L\u00e9pinard et Ghaliya Djelloul (premi\u00e8re assistante au Centre en \u00e9tudes genre.<\/p>\n\n\n\n<p>D\u00e9couvrez ci-dessous les vid\u00e9os r\u00e9alis\u00e9es par les \u00e9tudiant.e.s du Master de Sciences Sociales de l\u2019ISS dans le cadre du cours \u00ab Genre, pouvoir, in\u00e9galit\u00e9s \u00bb et du cours \u00ab Approches intersectionnelles en \u00e9tudes de genre \u00bb. Pour un visionnage optimal des vid\u00e9os, merci d&rsquo;utiliser le navigateur Firefox.<\/p>\n\n\n\n<h5 class=\"wp-block-heading\">Visionnez les entretiens par th\u00e9matique<\/h5>\n\n\n\n<div class=\"wp-block-columns is-layout-flex wp-container-core-columns-is-layout-9d6595d7 wp-block-columns-is-layout-flex\">\n<div class=\"wp-block-column is-layout-flow wp-block-column-is-layout-flow\">\n<div class=\"wp-block-cover\" style=\"min-height:300px;aspect-ratio:unset;\"><span aria-hidden=\"true\" class=\"wp-block-cover__background has-background-dim-20 has-background-dim\"><\/span><img alt=\"\" loading=\"lazy\" decoding=\"async\" width=\"1920\" height=\"1186\" class=\"wp-block-cover__image-background wp-image-4307\" alt=\"\" src=\"https:\/\/wp.unil.ch\/biss\/files\/2023\/12\/LGBTQI.png\" data-object-fit=\"cover\" srcset=\"https:\/\/wp.unil.ch\/biss\/files\/2023\/12\/LGBTQI.png 1920w, https:\/\/wp.unil.ch\/biss\/files\/2023\/12\/LGBTQI-300x185.png 300w, https:\/\/wp.unil.ch\/biss\/files\/2023\/12\/LGBTQI-768x474.png 768w, https:\/\/wp.unil.ch\/biss\/files\/2023\/12\/LGBTQI-1536x949.png 1536w, https:\/\/wp.unil.ch\/biss\/files\/2023\/12\/LGBTQI-1120x692.png 1120w, https:\/\/wp.unil.ch\/biss\/files\/2023\/12\/LGBTQI-540x334.png 540w, https:\/\/wp.unil.ch\/biss\/files\/2023\/12\/LGBTQI-1080x667.png 1080w\" sizes=\"auto, (max-width: 1920px) 100vw, 1920px\" \/><div class=\"wp-block-cover__inner-container is-layout-flow wp-block-cover-is-layout-flow\">\n<p class=\"has-text-align-center has-large-font-size\"><a href=\"https:\/\/wp.unil.ch\/biss\/intersectionnalite-genre\/\">LGBTQI+<\/a><\/p>\n<\/div><\/div>\n<\/div>\n\n\n\n<div class=\"wp-block-column is-layout-flow wp-block-column-is-layout-flow\">\n<div class=\"wp-block-cover\" style=\"min-height:300px;aspect-ratio:unset;\"><span aria-hidden=\"true\" class=\"wp-block-cover__background has-background-dim-20 has-background-dim\"><\/span><img alt=\"\" loading=\"lazy\" decoding=\"async\" width=\"1920\" height=\"1081\" class=\"wp-block-cover__image-background wp-image-4306\" alt=\"\" src=\"https:\/\/wp.unil.ch\/biss\/files\/2023\/12\/religion.png\" style=\"object-position:25% 62%\" data-object-fit=\"cover\" data-object-position=\"25% 62%\" srcset=\"https:\/\/wp.unil.ch\/biss\/files\/2023\/12\/religion.png 1920w, https:\/\/wp.unil.ch\/biss\/files\/2023\/12\/religion-300x169.png 300w, https:\/\/wp.unil.ch\/biss\/files\/2023\/12\/religion-768x432.png 768w, https:\/\/wp.unil.ch\/biss\/files\/2023\/12\/religion-1536x865.png 1536w, https:\/\/wp.unil.ch\/biss\/files\/2023\/12\/religion-1120x631.png 1120w, https:\/\/wp.unil.ch\/biss\/files\/2023\/12\/religion-540x304.png 540w, https:\/\/wp.unil.ch\/biss\/files\/2023\/12\/religion-1080x608.png 1080w\" sizes=\"auto, (max-width: 1920px) 100vw, 1920px\" \/><div class=\"wp-block-cover__inner-container is-layout-flow wp-block-cover-is-layout-flow\">\n<p class=\"has-text-align-center has-large-font-size\"><a href=\"https:\/\/wp.unil.ch\/biss\/intersectionnalite-religion\/\">Religion<\/a><\/p>\n<\/div><\/div>\n<\/div>\n<\/div>\n\n\n\n<div class=\"wp-block-columns is-layout-flex wp-container-core-columns-is-layout-9d6595d7 wp-block-columns-is-layout-flex\">\n<div class=\"wp-block-column is-layout-flow wp-block-column-is-layout-flow\">\n<div class=\"wp-block-cover\" style=\"min-height:300px;aspect-ratio:unset;\"><span aria-hidden=\"true\" class=\"wp-block-cover__background has-background-dim-20 has-background-dim\"><\/span><img alt=\"\" loading=\"lazy\" decoding=\"async\" width=\"1920\" height=\"1083\" class=\"wp-block-cover__image-background wp-image-4305\" alt=\"\" src=\"https:\/\/wp.unil.ch\/biss\/files\/2023\/12\/militantismes.png\" style=\"object-position:15% 48%\" data-object-fit=\"cover\" data-object-position=\"15% 48%\" srcset=\"https:\/\/wp.unil.ch\/biss\/files\/2023\/12\/militantismes.png 1920w, https:\/\/wp.unil.ch\/biss\/files\/2023\/12\/militantismes-300x169.png 300w, https:\/\/wp.unil.ch\/biss\/files\/2023\/12\/militantismes-768x433.png 768w, https:\/\/wp.unil.ch\/biss\/files\/2023\/12\/militantismes-1536x866.png 1536w, https:\/\/wp.unil.ch\/biss\/files\/2023\/12\/militantismes-1120x632.png 1120w, https:\/\/wp.unil.ch\/biss\/files\/2023\/12\/militantismes-540x305.png 540w, https:\/\/wp.unil.ch\/biss\/files\/2023\/12\/militantismes-1080x609.png 1080w\" sizes=\"auto, (max-width: 1920px) 100vw, 1920px\" \/><div class=\"wp-block-cover__inner-container is-layout-flow wp-block-cover-is-layout-flow\">\n<p class=\"has-text-align-center has-large-font-size\"><a href=\"https:\/\/wp.unil.ch\/biss\/intersectionnalite-militantismes\/\">Militantismes<\/a><\/p>\n<\/div><\/div>\n<\/div>\n\n\n\n<div class=\"wp-block-column is-layout-flow wp-block-column-is-layout-flow\">\n<div class=\"wp-block-cover\" style=\"min-height:300px;aspect-ratio:unset;\"><span aria-hidden=\"true\" class=\"wp-block-cover__background has-background-dim-20 has-background-dim\"><\/span><img alt=\"\" loading=\"lazy\" decoding=\"async\" width=\"1725\" height=\"1081\" class=\"wp-block-cover__image-background wp-image-4304\" alt=\"\" src=\"https:\/\/wp.unil.ch\/biss\/files\/2023\/12\/race.png\" style=\"object-position:88% 50%\" data-object-fit=\"cover\" data-object-position=\"88% 50%\" srcset=\"https:\/\/wp.unil.ch\/biss\/files\/2023\/12\/race.png 1725w, https:\/\/wp.unil.ch\/biss\/files\/2023\/12\/race-300x188.png 300w, https:\/\/wp.unil.ch\/biss\/files\/2023\/12\/race-768x481.png 768w, https:\/\/wp.unil.ch\/biss\/files\/2023\/12\/race-1536x963.png 1536w, https:\/\/wp.unil.ch\/biss\/files\/2023\/12\/race-1120x702.png 1120w, https:\/\/wp.unil.ch\/biss\/files\/2023\/12\/race-540x338.png 540w, https:\/\/wp.unil.ch\/biss\/files\/2023\/12\/race-1080x677.png 1080w\" sizes=\"auto, (max-width: 1725px) 100vw, 1725px\" \/><div class=\"wp-block-cover__inner-container is-layout-flow wp-block-cover-is-layout-flow\">\n<p class=\"has-text-align-center has-large-font-size\"><a href=\"https:\/\/wp.unil.ch\/biss\/intersectionnalite-race\/\">Race<\/a><\/p>\n<\/div><\/div>\n<\/div>\n<\/div>\n\n\n\n<div class=\"wp-block-columns is-layout-flex wp-container-core-columns-is-layout-9d6595d7 wp-block-columns-is-layout-flex\">\n<div class=\"wp-block-column is-layout-flow wp-block-column-is-layout-flow\">\n<div class=\"wp-block-cover\" style=\"min-height:300px;aspect-ratio:unset;\"><span aria-hidden=\"true\" class=\"wp-block-cover__background has-background-dim-20 has-background-dim\"><\/span><img alt=\"\" loading=\"lazy\" decoding=\"async\" width=\"1686\" height=\"1200\" class=\"wp-block-cover__image-background wp-image-4303\" alt=\"\" src=\"https:\/\/wp.unil.ch\/biss\/files\/2023\/12\/migrations.png\" style=\"object-position:53% 71%\" data-object-fit=\"cover\" data-object-position=\"53% 71%\" srcset=\"https:\/\/wp.unil.ch\/biss\/files\/2023\/12\/migrations.png 1686w, https:\/\/wp.unil.ch\/biss\/files\/2023\/12\/migrations-300x214.png 300w, https:\/\/wp.unil.ch\/biss\/files\/2023\/12\/migrations-768x547.png 768w, https:\/\/wp.unil.ch\/biss\/files\/2023\/12\/migrations-1536x1093.png 1536w, https:\/\/wp.unil.ch\/biss\/files\/2023\/12\/migrations-1120x797.png 1120w, https:\/\/wp.unil.ch\/biss\/files\/2023\/12\/migrations-540x384.png 540w, https:\/\/wp.unil.ch\/biss\/files\/2023\/12\/migrations-1080x769.png 1080w\" sizes=\"auto, (max-width: 1686px) 100vw, 1686px\" \/><div class=\"wp-block-cover__inner-container is-layout-flow wp-block-cover-is-layout-flow\">\n<p class=\"has-text-align-center has-large-font-size\"><a href=\"https:\/\/wp.unil.ch\/biss\/intersectionnalite-migrations\/\">Migrations<\/a><\/p>\n<\/div><\/div>\n<\/div>\n\n\n\n<div class=\"wp-block-column is-layout-flow wp-block-column-is-layout-flow\">\n<div class=\"wp-block-cover\" style=\"min-height:300px;aspect-ratio:unset;\"><span aria-hidden=\"true\" class=\"wp-block-cover__background has-background-dim-20 has-background-dim\"><\/span><img alt=\"\" loading=\"lazy\" decoding=\"async\" width=\"1394\" height=\"872\" class=\"wp-block-cover__image-background wp-image-4302\" alt=\"\" src=\"https:\/\/wp.unil.ch\/biss\/files\/2023\/12\/Handicaps.png\" style=\"object-position:11% 46%\" data-object-fit=\"cover\" data-object-position=\"11% 46%\" srcset=\"https:\/\/wp.unil.ch\/biss\/files\/2023\/12\/Handicaps.png 1394w, https:\/\/wp.unil.ch\/biss\/files\/2023\/12\/Handicaps-300x188.png 300w, https:\/\/wp.unil.ch\/biss\/files\/2023\/12\/Handicaps-768x480.png 768w, https:\/\/wp.unil.ch\/biss\/files\/2023\/12\/Handicaps-1120x701.png 1120w, https:\/\/wp.unil.ch\/biss\/files\/2023\/12\/Handicaps-540x338.png 540w, https:\/\/wp.unil.ch\/biss\/files\/2023\/12\/Handicaps-1080x676.png 1080w\" sizes=\"auto, (max-width: 1394px) 100vw, 1394px\" \/><div class=\"wp-block-cover__inner-container is-layout-flow wp-block-cover-is-layout-flow\">\n<p class=\"has-text-align-center has-large-font-size\"><a href=\"https:\/\/wp.unil.ch\/biss\/intersectionnalite-handicaps\/\">Handicaps<\/a><\/p>\n<\/div><\/div>\n<\/div>\n<\/div>\n\n\n\n<div class=\"wp-block-group\"><div class=\"wp-block-group__inner-container is-layout-constrained wp-block-group-is-layout-constrained\">\n<div class=\"wp-block-columns is-layout-flex wp-container-core-columns-is-layout-9d6595d7 wp-block-columns-is-layout-flex\">\n<div class=\"wp-block-column is-layout-flow wp-block-column-is-layout-flow\">\n<div class=\"wp-block-file alignleft\"><a id=\"wp-block-file--media-6e5c4ea1-1be5-4e24-b80b-a932207836b4\" href=\"https:\/\/wp.unil.ch\/biss\/files\/2024\/01\/bio_intersec.pdf\" target=\"_blank\" rel=\"noreferrer noopener\"><strong>Bibliographie indicative<\/strong><\/a><a href=\"https:\/\/wp.unil.ch\/biss\/files\/2024\/01\/bio_intersec.pdf\" class=\"wp-block-file__button wp-element-button\" download aria-describedby=\"wp-block-file--media-6e5c4ea1-1be5-4e24-b80b-a932207836b4\">T\u00e9l\u00e9charger<\/a><\/div>\n<\/div>\n<\/div>\n<\/div><\/div>\n","protected":false},"excerpt":{"rendered":"<p>\u00catre \u00e0 l\u2019intersection des rapports sociaux c\u2019est faire une exp\u00e9rience singuli\u00e8re qui fa\u00e7onne une trajectoire de vie. Alors quoi de mieux pour illustrer ce concept des sciences sociales,&hellip;<\/p>\n","protected":false},"author":1002387,"featured_media":4118,"parent":0,"menu_order":0,"comment_status":"closed","ping_status":"closed","template":"template-full-width-cover.php","meta":{"_seopress_robots_primary_cat":"","_seopress_titles_title":"","_seopress_titles_desc":"","_seopress_robots_index":"","footnotes":""},"class_list":["post-4106","page","type-page","status-publish","has-post-thumbnail"],"_links":{"self":[{"href":"https:\/\/wp.unil.ch\/biss\/wp-json\/wp\/v2\/pages\/4106","targetHints":{"allow":["GET"]}}],"collection":[{"href":"https:\/\/wp.unil.ch\/biss\/wp-json\/wp\/v2\/pages"}],"about":[{"href":"https:\/\/wp.unil.ch\/biss\/wp-json\/wp\/v2\/types\/page"}],"author":[{"embeddable":true,"href":"https:\/\/wp.unil.ch\/biss\/wp-json\/wp\/v2\/users\/1002387"}],"replies":[{"embeddable":true,"href":"https:\/\/wp.unil.ch\/biss\/wp-json\/wp\/v2\/comments?post=4106"}],"version-history":[{"count":5,"href":"https:\/\/wp.unil.ch\/biss\/wp-json\/wp\/v2\/pages\/4106\/revisions"}],"predecessor-version":[{"id":4753,"href":"https:\/\/wp.unil.ch\/biss\/wp-json\/wp\/v2\/pages\/4106\/revisions\/4753"}],"wp:featuredmedia":[{"embeddable":true,"href":"https:\/\/wp.unil.ch\/biss\/wp-json\/wp\/v2\/media\/4118"}],"wp:attachment":[{"href":"https:\/\/wp.unil.ch\/biss\/wp-json\/wp\/v2\/media?parent=4106"}],"curies":[{"name":"wp","href":"https:\/\/api.w.org\/{rel}","templated":true}]}}