{"id":4056,"date":"2023-09-28T09:56:45","date_gmt":"2023-09-28T07:56:45","guid":{"rendered":"https:\/\/wp.unil.ch\/biss\/?page_id=4056"},"modified":"2025-11-27T15:46:18","modified_gmt":"2025-11-27T14:46:18","slug":"sciences-sociales-de-la-medecine-et-de-la-sante","status":"publish","type":"page","link":"https:\/\/wp.unil.ch\/biss\/sciences-sociales-de-la-medecine-et-de-la-sante\/","title":{"rendered":"Sciences sociales de la m\u00e9decine et de la sant\u00e9"},"content":{"rendered":"\n<p>Propos\u00e9 par Prof. C\u00e9line Mavrot, Prof. Francesco Panese et Laetitia Della Bianca, cet enseignement vise \u00e0 d\u00e9velopper une compr\u00e9hensio critique de la m\u00e9decine, de la sant\u00e9, des maladies et des syst\u00e8mes de soins et de sant\u00e9 dans leurs contextes \u00e9pist\u00e9miques (connaissances), mat\u00e9riels (techniques, infrastructures, traitements), pratiques (professionnelles et des usagers et usag\u00e8res), institutionnels (lois, normes, gouvernance, politiques) et moraux (valeurs, jugements, sentiments, \u00e9motions).<\/p>\n\n\n\n<p>Dans le cadre de l&rsquo;\u00e9valuation de cet enseignement, les \u00e9tudiant\u00b7es ont r\u00e9dig\u00e9 des articles que vous pouvez consulter aux liens indiqu\u00e9s ci-dessous. <\/p>\n\n\n<ul class=\"wp-block-latest-posts__list wp-block-latest-posts\"><li><div class=\"wp-block-latest-posts__featured-image alignright\"><img loading=\"lazy\" decoding=\"async\" width=\"269\" height=\"300\" src=\"https:\/\/wp.unil.ch\/biss\/files\/2025\/11\/image_mottier_krieg_ziegler-269x300.png\" class=\"attachment-medium size-medium wp-post-image\" alt=\"\" style=\"\" srcset=\"https:\/\/wp.unil.ch\/biss\/files\/2025\/11\/image_mottier_krieg_ziegler-269x300.png 269w, https:\/\/wp.unil.ch\/biss\/files\/2025\/11\/image_mottier_krieg_ziegler-768x856.png 768w, https:\/\/wp.unil.ch\/biss\/files\/2025\/11\/image_mottier_krieg_ziegler-540x602.png 540w, https:\/\/wp.unil.ch\/biss\/files\/2025\/11\/image_mottier_krieg_ziegler-e1764176415385.png 350w\" sizes=\"auto, (max-width: 269px) 100vw, 269px\" \/><\/div><a class=\"wp-block-latest-posts__post-title\" href=\"https:\/\/wp.unil.ch\/biss\/politique-suisse-en-matiere-de-drogues-remise-en-cause-du-modele-des-4-piliers\/\">Politique suisse en mati\u00e8re de drogues\u00a0: remise en cause du mod\u00e8le des 4 piliers<\/a><div class=\"wp-block-latest-posts__post-excerpt\">L\u2019apparition de nouvelles drogues et de nouveaux types de consommation vient reprobl\u00e9matiser la politique suisse en mati\u00e8re de drogues. Les 4 piliers, \u00e0 savoir la pr\u00e9vention, la r\u00e9duction des risques, la th\u00e9rapie et la r\u00e9pression doivent coop\u00e9rer pour r\u00e9pondre \u00e0 la visibilisation de ces probl\u00e9matiques dans l\u2019espace public.\u00a0<\/div><\/li>\n<li><div class=\"wp-block-latest-posts__featured-image alignright\"><img loading=\"lazy\" decoding=\"async\" width=\"300\" height=\"200\" src=\"https:\/\/wp.unil.ch\/biss\/files\/2025\/05\/towfiqu-barbhuiya-j1dzpfts4gu-unsplash-300x200.jpg\" class=\"attachment-medium size-medium wp-post-image\" alt=\"towfiqu barbhuiya j1dzpfts4gu unsplash\" style=\"\" srcset=\"https:\/\/wp.unil.ch\/biss\/files\/2025\/05\/towfiqu-barbhuiya-j1dzpfts4gu-unsplash-300x200.jpg 300w, https:\/\/wp.unil.ch\/biss\/files\/2025\/05\/towfiqu-barbhuiya-j1dzpfts4gu-unsplash-768x512.jpg 768w, https:\/\/wp.unil.ch\/biss\/files\/2025\/05\/towfiqu-barbhuiya-j1dzpfts4gu-unsplash-1536x1024.jpg 1536w, https:\/\/wp.unil.ch\/biss\/files\/2025\/05\/towfiqu-barbhuiya-j1dzpfts4gu-unsplash-1120x747.jpg 1120w, https:\/\/wp.unil.ch\/biss\/files\/2025\/05\/towfiqu-barbhuiya-j1dzpfts4gu-unsplash-540x360.jpg 540w, https:\/\/wp.unil.ch\/biss\/files\/2025\/05\/towfiqu-barbhuiya-j1dzpfts4gu-unsplash-1080x720.jpg 1080w, https:\/\/wp.unil.ch\/biss\/files\/2025\/05\/towfiqu-barbhuiya-j1dzpfts4gu-unsplash.jpg 1800w\" sizes=\"auto, (max-width: 300px) 100vw, 300px\" \/><\/div><a class=\"wp-block-latest-posts__post-title\" href=\"https:\/\/wp.unil.ch\/biss\/la-vaccination-des-invisibles-dans-le-canton-de-vaud-public-cible-vs-public-empirique-2\/\">La vaccination des \u201cinvisibles\u201d dans le Canton de Vaud : Public cible vs public empirique (2)<\/a><div class=\"wp-block-latest-posts__post-excerpt\">17 ao\u00fbt 2023 Exp\u00e9rience de la pand\u00e9mieLors du cours-s\u00e9minaire \u00ab Sciences sociales de la m\u00e9decine et de la sant\u00e9 \u00bb qui s\u2019est d\u00e9roul\u00e9 en 2022\/23 \u00e0 l\u2019UNIL sous la houlette de Laetitia Della Bianca, C\u00e9line Mavrot et Francesco Panese, une classe de master de l\u2019UNIL en sociologie de la m\u00e9decine et de la sant\u00e9 a men\u00e9 des enqu\u00eates au plus pr\u00e8s du quotidien d\u2019une vari\u00e9t\u00e9 de m\u00e9tiers, de communaut\u00e9s, de milieux autour de la th\u00e9matique cruciale des vaccins. Les paroles recueillies et\/ou les probl\u00e9matiques abord\u00e9es composent la trame d\u2019exp\u00e9riences partag\u00e9es et\/ou de v\u00e9cus intimes en lien avec cette probl\u00e9matique. Une&hellip;<\/div><\/li>\n<li><div class=\"wp-block-latest-posts__featured-image alignright\"><img loading=\"lazy\" decoding=\"async\" width=\"300\" height=\"233\" src=\"https:\/\/wp.unil.ch\/biss\/files\/2025\/05\/8-300x233.png\" class=\"attachment-medium size-medium wp-post-image\" alt=\"8\" style=\"\" srcset=\"https:\/\/wp.unil.ch\/biss\/files\/2025\/05\/8-300x233.png 300w, https:\/\/wp.unil.ch\/biss\/files\/2025\/05\/8-768x595.png 768w, https:\/\/wp.unil.ch\/biss\/files\/2025\/05\/8-540x419.png 540w, https:\/\/wp.unil.ch\/biss\/files\/2025\/05\/8.png 943w\" sizes=\"auto, (max-width: 300px) 100vw, 300px\" \/><\/div><a class=\"wp-block-latest-posts__post-title\" href=\"https:\/\/wp.unil.ch\/biss\/la-vaccination-des-invisibles-dans-le-canton-de-vaud-vers-un-acces-aux-soins-pour-tous%c2%b7tes-1\/\">La vaccination des \u201cinvisibles\u201d dans le Canton de Vaud : vers un acc\u00e8s aux soins pour tous\u00b7tes ? (1)<\/a><div class=\"wp-block-latest-posts__post-excerpt\">10 ao\u00fbt 2023 Exp\u00e9rience de la pand\u00e9mieLors du cours-s\u00e9minaire \u00ab Sciences sociales de la m\u00e9decine et de la sant\u00e9 \u00bb qui s\u2019est d\u00e9roul\u00e9 en 2022\/23 \u00e0 l\u2019UNIL sous la houlette de Laetitia Della Bianca, C\u00e9line Mavrot et Francesco Panese, une classe de master de l\u2019UNIL en sociologie de la m\u00e9decine et de la sant\u00e9 a men\u00e9 des enqu\u00eates au plus pr\u00e8s du quotidien d\u2019une vari\u00e9t\u00e9 de m\u00e9tiers, de communaut\u00e9s, de milieux autour de la th\u00e9matique cruciale des vaccins. Les paroles recueillies et\/ou les probl\u00e9matiques abord\u00e9es composent la trame d\u2019exp\u00e9riences partag\u00e9es et\/ou de v\u00e9cus intimes en lien avec cette probl\u00e9matique. Une&hellip;<\/div><\/li>\n<li><div class=\"wp-block-latest-posts__featured-image alignright\"><img loading=\"lazy\" decoding=\"async\" width=\"300\" height=\"222\" src=\"https:\/\/wp.unil.ch\/biss\/files\/2025\/05\/jeshoots-com-l0j0dhvwcie-unsplash-300x222.jpg\" class=\"attachment-medium size-medium wp-post-image\" alt=\"jeshoots com l0j0dhvwcie unsplash\" style=\"\" srcset=\"https:\/\/wp.unil.ch\/biss\/files\/2025\/05\/jeshoots-com-l0j0dhvwcie-unsplash-300x222.jpg 300w, https:\/\/wp.unil.ch\/biss\/files\/2025\/05\/jeshoots-com-l0j0dhvwcie-unsplash-768x570.jpg 768w, https:\/\/wp.unil.ch\/biss\/files\/2025\/05\/jeshoots-com-l0j0dhvwcie-unsplash-1536x1139.jpg 1536w, https:\/\/wp.unil.ch\/biss\/files\/2025\/05\/jeshoots-com-l0j0dhvwcie-unsplash-1120x831.jpg 1120w, https:\/\/wp.unil.ch\/biss\/files\/2025\/05\/jeshoots-com-l0j0dhvwcie-unsplash-540x400.jpg 540w, https:\/\/wp.unil.ch\/biss\/files\/2025\/05\/jeshoots-com-l0j0dhvwcie-unsplash-1080x801.jpg 1080w, https:\/\/wp.unil.ch\/biss\/files\/2025\/05\/jeshoots-com-l0j0dhvwcie-unsplash.jpg 1618w\" sizes=\"auto, (max-width: 300px) 100vw, 300px\" \/><\/div><a class=\"wp-block-latest-posts__post-title\" href=\"https:\/\/wp.unil.ch\/biss\/mefiance-vaccinale-le-cas-des-infirmier%c2%b7ere%c2%b7s-partie-2-tensions-et-dimensions-morales\/\">M\u00e9fiance vaccinale\u00a0: le cas des infirmier\u00b7\u00e8re\u00b7s. Partie 2\u00a0: tensions et dimensions morales<\/a><div class=\"wp-block-latest-posts__post-excerpt\">24 ao\u00fbt 2023 Exp\u00e9rience de la pand\u00e9mieLors du cours-s\u00e9minaire \u00ab Sciences sociales de la m\u00e9decine et de la sant\u00e9 \u00bb qui s\u2019est d\u00e9roul\u00e9 en 2022\/23 \u00e0 l\u2019UNIL sous la houlette de Laetitia Della Bianca, C\u00e9line Mavrot et Francesco Panese, une classe de master de l\u2019UNIL en sociologie de la m\u00e9decine et de la sant\u00e9 a men\u00e9 des enqu\u00eates au plus pr\u00e8s du quotidien d\u2019une vari\u00e9t\u00e9 de m\u00e9tiers, de communaut\u00e9s, de milieux autour de la th\u00e9matique cruciale des vaccins. Les paroles recueillies et\/ou les probl\u00e9matiques abord\u00e9es composent la trame d\u2019exp\u00e9riences partag\u00e9es et\/ou de v\u00e9cus intimes en lien avec cette probl\u00e9matique. Une&hellip;<\/div><\/li>\n<li><div class=\"wp-block-latest-posts__featured-image alignright\"><img loading=\"lazy\" decoding=\"async\" width=\"300\" height=\"204\" src=\"https:\/\/wp.unil.ch\/biss\/files\/2025\/04\/10-300x204.png\" class=\"attachment-medium size-medium wp-post-image\" alt=\"10\" style=\"\" srcset=\"https:\/\/wp.unil.ch\/biss\/files\/2025\/04\/10-300x204.png 300w, https:\/\/wp.unil.ch\/biss\/files\/2025\/04\/10-768x522.png 768w, https:\/\/wp.unil.ch\/biss\/files\/2025\/04\/10-540x367.png 540w, https:\/\/wp.unil.ch\/biss\/files\/2025\/04\/10.png 935w\" sizes=\"auto, (max-width: 300px) 100vw, 300px\" \/><\/div><a class=\"wp-block-latest-posts__post-title\" href=\"https:\/\/wp.unil.ch\/biss\/mefiance-vaccinale-le-cas-des-infirmier%c2%b7ere%c2%b7s-partie-1-les-raisons-de-la-mefiance\/\">M\u00e9fiance vaccinale\u00a0: le cas des infirmier\u00b7\u00e8re\u00b7s. Partie 1\u00a0: Les raisons de la m\u00e9fiance<\/a><div class=\"wp-block-latest-posts__post-excerpt\">24 ao\u00fbt 2023 Exp\u00e9rience de la pand\u00e9mieLors du cours-s\u00e9minaire \u00ab Sciences sociales de la m\u00e9decine et de la sant\u00e9 \u00bb qui s\u2019est d\u00e9roul\u00e9 en 2022\/23 \u00e0 l\u2019UNIL sous la houlette de Laetitia Della Bianca, C\u00e9line Mavrot et Francesco Panese, une classe de master de l\u2019UNIL en sociologie de la m\u00e9decine et de la sant\u00e9 a men\u00e9 des enqu\u00eates au plus pr\u00e8s du quotidien d\u2019une vari\u00e9t\u00e9 de m\u00e9tiers, de communaut\u00e9s, de milieux autour de la th\u00e9matique cruciale des vaccins. Les paroles recueillies et\/ou les probl\u00e9matiques abord\u00e9es composent la trame d\u2019exp\u00e9riences partag\u00e9es et\/ou de v\u00e9cus intimes en lien avec cette probl\u00e9matique. Une&hellip;<\/div><\/li>\n<li><div class=\"wp-block-latest-posts__featured-image alignright\"><img loading=\"lazy\" decoding=\"async\" width=\"300\" height=\"185\" src=\"https:\/\/wp.unil.ch\/biss\/files\/2025\/04\/mat-napo-8nptxcv1yva-unsplash-348x215-1-300x185.jpg\" class=\"attachment-medium size-medium wp-post-image\" alt=\"mat napo 8nptxcv1yva unsplash 348x215\" style=\"\" srcset=\"https:\/\/wp.unil.ch\/biss\/files\/2025\/04\/mat-napo-8nptxcv1yva-unsplash-348x215-1-300x185.jpg 300w, https:\/\/wp.unil.ch\/biss\/files\/2025\/04\/mat-napo-8nptxcv1yva-unsplash-348x215-1.jpg 348w\" sizes=\"auto, (max-width: 300px) 100vw, 300px\" \/><\/div><a class=\"wp-block-latest-posts__post-title\" href=\"https:\/\/wp.unil.ch\/biss\/a-lorigine-de-la-mefiance-vaccinale-2-linfluence-du-parcours-de-vie-sur-le-choix-vaccinal\/\">\u00c0 l\u2019origine de la m\u00e9fiance vaccinale (2): l\u2019influence du parcours de vie sur le choix vaccinal<\/a><div class=\"wp-block-latest-posts__post-excerpt\">31 ao\u00fbt 2023 Exp\u00e9rience de la pand\u00e9mieLors du cours-s\u00e9minaire \u00ab Sciences sociales de la m\u00e9decine et de la sant\u00e9 \u00bb qui s\u2019est d\u00e9roul\u00e9 en 2022\/23 \u00e0 l\u2019UNIL sous la houlette de Laetitia Della Bianca, C\u00e9line Mavrot et Francesco Panese, une classe de master de l\u2019UNIL en sociologie de la m\u00e9decine et de la sant\u00e9 a men\u00e9 des enqu\u00eates au plus pr\u00e8s du quotidien d\u2019une vari\u00e9t\u00e9 de m\u00e9tiers, de communaut\u00e9s, de milieux autour de la th\u00e9matique cruciale des vaccins. Les paroles recueillies et\/ou les probl\u00e9matiques abord\u00e9es composent la trame d\u2019exp\u00e9riences partag\u00e9es et\/ou de v\u00e9cus intimes en lien avec cette probl\u00e9matique. Une&hellip;<\/div><\/li>\n<li><div class=\"wp-block-latest-posts__featured-image alignright\"><img loading=\"lazy\" decoding=\"async\" width=\"300\" height=\"163\" src=\"https:\/\/wp.unil.ch\/biss\/files\/2025\/04\/14-735x400-1-300x163.png\" class=\"attachment-medium size-medium wp-post-image\" alt=\"14 735x400\" style=\"\" srcset=\"https:\/\/wp.unil.ch\/biss\/files\/2025\/04\/14-735x400-1-300x163.png 300w, https:\/\/wp.unil.ch\/biss\/files\/2025\/04\/14-735x400-1-540x294.png 540w, https:\/\/wp.unil.ch\/biss\/files\/2025\/04\/14-735x400-1.png 735w\" sizes=\"auto, (max-width: 300px) 100vw, 300px\" \/><\/div><a class=\"wp-block-latest-posts__post-title\" href=\"https:\/\/wp.unil.ch\/biss\/a-lorigine-de-la-mefiance-vaccinale-1-entre-continuite-historique-et-rupture-biographique\/\">\u00c0 l\u2019origine de la m\u00e9fiance vaccinale (1) : entre continuit\u00e9 historique et rupture biographique<\/a><div class=\"wp-block-latest-posts__post-excerpt\">31 ao\u00fbt 2023 Exp\u00e9rience de la pand\u00e9mieLors du cours-s\u00e9minaire \u00ab Sciences sociales de la m\u00e9decine et de la sant\u00e9 \u00bb qui s\u2019est d\u00e9roul\u00e9 en 2022\/23 \u00e0 l\u2019UNIL sous la houlette de Laetitia Della Bianca, C\u00e9line Mavrot et Francesco Panese, une classe de master de l\u2019UNIL en sociologie de la m\u00e9decine et de la sant\u00e9 a men\u00e9 des enqu\u00eates au plus pr\u00e8s du quotidien d\u2019une vari\u00e9t\u00e9 de m\u00e9tiers, de communaut\u00e9s, de milieux autour de la th\u00e9matique cruciale des vaccins. Les paroles recueillies et\/ou les probl\u00e9matiques abord\u00e9es composent la trame d\u2019exp\u00e9riences partag\u00e9es et\/ou de v\u00e9cus intimes en lien avec cette probl\u00e9matique. Une&hellip;<\/div><\/li>\n<li><div class=\"wp-block-latest-posts__featured-image alignright\"><img loading=\"lazy\" decoding=\"async\" width=\"300\" height=\"185\" src=\"https:\/\/wp.unil.ch\/biss\/files\/2024\/11\/3-1-348x215-1-300x185.png\" class=\"attachment-medium size-medium wp-post-image\" alt=\"\" style=\"\" srcset=\"https:\/\/wp.unil.ch\/biss\/files\/2024\/11\/3-1-348x215-1-300x185.png 300w, https:\/\/wp.unil.ch\/biss\/files\/2024\/11\/3-1-348x215-1.png 348w\" sizes=\"auto, (max-width: 300px) 100vw, 300px\" \/><\/div><a class=\"wp-block-latest-posts__post-title\" href=\"https:\/\/wp.unil.ch\/biss\/les_cliches_de_la_contestation\/\">Les clich\u00e9s de la contestation<\/a><div class=\"wp-block-latest-posts__post-excerpt\">26 juillet 2023 Exp\u00e9rience de la pand\u00e9mieLors du cours-s\u00e9minaire \u00ab Sciences sociales de la m\u00e9decine et de la sant\u00e9 \u00bb qui s\u2019est d\u00e9roul\u00e9 en 2022\/23 \u00e0 l\u2019UNIL sous la houlette de Laetitia Della Bianca, C\u00e9line Mavrot et Francesco Panese, une classe de master de l\u2019UNIL en sociologie de la m\u00e9decine et de la sant\u00e9 a men\u00e9 des enqu\u00eates au plus pr\u00e8s du quotidien d\u2019une vari\u00e9t\u00e9 de m\u00e9tiers, de communaut\u00e9s, de milieux autour de la th\u00e9matique cruciale des vaccins. Les paroles recueillies et\/ou les probl\u00e9matiques abord\u00e9es composent la trame d\u2019exp\u00e9riences partag\u00e9es et\/ou de v\u00e9cus intimes en lien avec cette probl\u00e9matique. Une&hellip;<\/div><\/li>\n<\/ul>","protected":false},"excerpt":{"rendered":"<p>Propos\u00e9 par Prof. C\u00e9line Mavrot, Prof. Francesco Panese et Laetitia Della Bianca, cet enseignement vise \u00e0 d\u00e9velopper une compr\u00e9hensio critique de la m\u00e9decine, de la sant\u00e9, des maladies&hellip;<\/p>\n","protected":false},"author":1002255,"featured_media":3879,"parent":0,"menu_order":0,"comment_status":"closed","ping_status":"closed","template":"template-full-width-cover.php","meta":{"_seopress_robots_primary_cat":"","_seopress_titles_title":"","_seopress_titles_desc":"","_seopress_robots_index":"","footnotes":""},"class_list":["post-4056","page","type-page","status-publish","has-post-thumbnail"],"_links":{"self":[{"href":"https:\/\/wp.unil.ch\/biss\/wp-json\/wp\/v2\/pages\/4056","targetHints":{"allow":["GET"]}}],"collection":[{"href":"https:\/\/wp.unil.ch\/biss\/wp-json\/wp\/v2\/pages"}],"about":[{"href":"https:\/\/wp.unil.ch\/biss\/wp-json\/wp\/v2\/types\/page"}],"author":[{"embeddable":true,"href":"https:\/\/wp.unil.ch\/biss\/wp-json\/wp\/v2\/users\/1002255"}],"replies":[{"embeddable":true,"href":"https:\/\/wp.unil.ch\/biss\/wp-json\/wp\/v2\/comments?post=4056"}],"version-history":[{"count":6,"href":"https:\/\/wp.unil.ch\/biss\/wp-json\/wp\/v2\/pages\/4056\/revisions"}],"predecessor-version":[{"id":6244,"href":"https:\/\/wp.unil.ch\/biss\/wp-json\/wp\/v2\/pages\/4056\/revisions\/6244"}],"wp:featuredmedia":[{"embeddable":true,"href":"https:\/\/wp.unil.ch\/biss\/wp-json\/wp\/v2\/media\/3879"}],"wp:attachment":[{"href":"https:\/\/wp.unil.ch\/biss\/wp-json\/wp\/v2\/media?parent=4056"}],"curies":[{"name":"wp","href":"https:\/\/api.w.org\/{rel}","templated":true}]}}