{"id":3487,"date":"2023-05-15T13:11:58","date_gmt":"2023-05-15T11:11:58","guid":{"rendered":"https:\/\/wp.unil.ch\/biss\/?page_id=3487"},"modified":"2026-02-04T14:30:17","modified_gmt":"2026-02-04T13:30:17","slug":"entrevues","status":"publish","type":"page","link":"https:\/\/wp.unil.ch\/biss\/entrevues\/","title":{"rendered":"Entrevues"},"content":{"rendered":"\n<p class=\"has-large-font-size\"><strong><em>Entrevues<\/em> est une s\u00e9rie d&rsquo;<em>Etage 5<\/em> qui fait dialoguer et \u00e9changer des interlocuteur\u00b7ices sur des sujets au c\u0153ur des sciences sociales. <\/strong><\/p>\n\n\n\n<p class=\"has-large-font-size\"><strong>Aux amateur\u00b7ices de d\u00e9bats scientifiques, bonne \u00e9coute !<\/strong><\/p>\n\n\n\n<div class=\"wp-block-columns is-layout-flex wp-container-core-columns-is-layout-9d6595d7 wp-block-columns-is-layout-flex\">\n<div class=\"wp-block-column is-layout-flow wp-block-column-is-layout-flow\">\n<figure class=\"wp-block-image size-full\"><img loading=\"lazy\" decoding=\"async\" width=\"1080\" height=\"1080\" src=\"https:\/\/wp.unil.ch\/biss\/files\/2025\/06\/revisiter-les-therapies-de-couple-et-la-norme-monogame1.png\" alt=\"revisiter les the\u0301rapies de couple et la norme monogame(1)\" class=\"wp-image-5801\" srcset=\"https:\/\/wp.unil.ch\/biss\/files\/2025\/06\/revisiter-les-therapies-de-couple-et-la-norme-monogame1.png 1080w, https:\/\/wp.unil.ch\/biss\/files\/2025\/06\/revisiter-les-therapies-de-couple-et-la-norme-monogame1-300x300.png 300w, https:\/\/wp.unil.ch\/biss\/files\/2025\/06\/revisiter-les-therapies-de-couple-et-la-norme-monogame1-150x150.png 150w, https:\/\/wp.unil.ch\/biss\/files\/2025\/06\/revisiter-les-therapies-de-couple-et-la-norme-monogame1-768x768.png 768w, https:\/\/wp.unil.ch\/biss\/files\/2025\/06\/revisiter-les-therapies-de-couple-et-la-norme-monogame1-540x540.png 540w\" sizes=\"auto, (max-width: 1080px) 100vw, 1080px\" \/><\/figure>\n<\/div>\n\n\n\n<div class=\"wp-block-column is-layout-flow wp-block-column-is-layout-flow\">\n<h4 class=\"wp-block-heading\">Par <strong>Gabriel Flores<\/strong><\/h4>\n\n\n\n<p class=\"has-text-align-left\">Dans ce podcast, il est question de relations sentimentales plurielles. En effet, en dehors des relations monogames, il existe d\u2019autres normes relationnelles de plus en plus visibles dans notre soci\u00e9t\u00e9. Celles-ci viennent avec leurs propres questionnements et paradigmes. Mais qu\u2019en est-il lorsqu\u2019il s\u2019agit d\u2019accompagner ces relations dans un cadre th\u00e9rapeutique ? Alors que la th\u00e9rapie de couple s\u2019inspire du mod\u00e8le monogame traditionnel, comment ces mod\u00e8les relationnels \u00ab alternatifs \u00bb sont pris en charge ? Et \u00e0 leur tour transforment-ils les approches th\u00e9rapeutiques ou la monogamie \u00ab traditionnelle \u00bb ? C\u2019est ce que nous allons voir tout au long de cet entretien avec Romy Siegrist. Psychologue et sexologue, elle travaille depuis 8 ans \u00e0 SexopraxiS, centre pluridisciplinaire f\u00e9ministe d\u00e9di\u00e9 aux sexualit\u00e9s. Elle participe par ailleurs \u00e0 la formation des nouveaux\u00b7x\u00b7elles sexologues justement autour de ces questions de relations plurielles.<\/p>\n\n\n\n<figure class=\"wp-block-embed is-type-rich is-provider-spotify wp-block-embed-spotify wp-embed-aspect-21-9 wp-has-aspect-ratio\"><div class=\"wp-block-embed__wrapper\">\n<iframe title=\"Spotify Embed: Revisiter les th\u00e9rapies de couple et la norme monogame\" style=\"border-radius: 12px\" width=\"100%\" height=\"152\" frameborder=\"0\" allowfullscreen allow=\"autoplay; clipboard-write; encrypted-media; fullscreen; picture-in-picture\" loading=\"lazy\" src=\"https:\/\/open.spotify.com\/embed\/episode\/49BQXYEVQanj0qidf3vx8i?si=7c064f8bfe704c30&amp;utm_source=oembed\"><\/iframe>\n<\/div><\/figure>\n\n\n\n<p><\/p>\n<\/div>\n<\/div>\n\n\n\n<div class=\"wp-block-columns is-layout-flex wp-container-core-columns-is-layout-9d6595d7 wp-block-columns-is-layout-flex\">\n<div class=\"wp-block-column is-layout-flow wp-block-column-is-layout-flow\">\n<figure class=\"wp-block-image size-full\"><img loading=\"lazy\" decoding=\"async\" width=\"1080\" height=\"1080\" src=\"https:\/\/wp.unil.ch\/biss\/files\/2025\/06\/produire-une-histoire-de-lantipsychiatrie-2.png\" alt=\"produire une histoire de l\u2019antipsychiatrie 2\" class=\"wp-image-5793\" srcset=\"https:\/\/wp.unil.ch\/biss\/files\/2025\/06\/produire-une-histoire-de-lantipsychiatrie-2.png 1080w, https:\/\/wp.unil.ch\/biss\/files\/2025\/06\/produire-une-histoire-de-lantipsychiatrie-2-300x300.png 300w, https:\/\/wp.unil.ch\/biss\/files\/2025\/06\/produire-une-histoire-de-lantipsychiatrie-2-150x150.png 150w, https:\/\/wp.unil.ch\/biss\/files\/2025\/06\/produire-une-histoire-de-lantipsychiatrie-2-768x768.png 768w, https:\/\/wp.unil.ch\/biss\/files\/2025\/06\/produire-une-histoire-de-lantipsychiatrie-2-540x540.png 540w\" sizes=\"auto, (max-width: 1080px) 100vw, 1080px\" \/><\/figure>\n<\/div>\n\n\n\n<div class=\"wp-block-column is-layout-flow wp-block-column-is-layout-flow\">\n<h4 class=\"wp-block-heading\">Par <strong>Penny Jane Hallas et Jean-Baptiste Fasel<\/strong><\/h4>\n\n\n\n<p>Si tu t\u2019int\u00e9resses aux luttes sociales et aux histoires invisibilis\u00e9es, ce podcast est fait pour toi ! Mais as-tu d\u00e9j\u00e0 entendu parler de l\u2019antipsychiatrie\u202f? Le mouvement antipsychiatrique a \u00e9merg\u00e9 dans un contexte de contestation sociale et politique plus large, critiquant les institutions psychiatriques pour leur r\u00f4le dans le contr\u00f4le social et la pathologisation des comportements dits d\u00e9viants.\u202fDans ce podcast, on te pr\u00e9sente en bref quelques pens\u00e9es critiques fondatrices de l\u2019antipsychiatrie et on interroge la mani\u00e8re dont les savoirs se produisent, se l\u00e9gitiment et, parfois\u2026 restent enferm\u00e9s.&nbsp;&nbsp;<\/p>\n\n\n\n<p>Pour aller plus loin, on t\u2019emm\u00e8ne aux Archives contestataires de Carouge, o\u00f9 Fr\u00e9d\u00e9ric Deshusses, archiviste passionn\u00e9, nous \u00e9claire sur ces m\u00e9moires contestataires et leurs enjeux. Cette approche explore aussi comment la production et la conservation du savoir disent quelque chose sur les rapports de pouvoir. Autrement dit\u202f: Quelles archives existent pour raconter l\u2019histoire de l\u2019antipsychiatrie et quelle histoire racontent-elles\u202f?<\/p>\n\n\n\n<figure class=\"wp-block-embed is-type-rich is-provider-spotify wp-block-embed-spotify wp-embed-aspect-21-9 wp-has-aspect-ratio\"><div class=\"wp-block-embed__wrapper\">\n<iframe title=\"Spotify Embed: Produire une histoire de l&amp;apos;antipsychiatrie\" style=\"border-radius: 12px\" width=\"100%\" height=\"152\" frameborder=\"0\" allowfullscreen allow=\"autoplay; clipboard-write; encrypted-media; fullscreen; picture-in-picture\" loading=\"lazy\" src=\"https:\/\/open.spotify.com\/embed\/episode\/6QoOFLFXSuh0WkoOMU1lcQ?utm_source=oembed\"><\/iframe>\n<\/div><\/figure>\n\n\n\n<p><\/p>\n<\/div>\n<\/div>\n\n\n\n<div class=\"wp-block-columns is-layout-flex wp-container-core-columns-is-layout-9d6595d7 wp-block-columns-is-layout-flex\">\n<div class=\"wp-block-column is-layout-flow wp-block-column-is-layout-flow\">\n<figure class=\"wp-block-image size-full\"><img loading=\"lazy\" decoding=\"async\" width=\"1080\" height=\"1080\" src=\"https:\/\/wp.unil.ch\/biss\/files\/2025\/05\/dans-lombre-de-la-maternite-repenser-la-depression-post-partum.png\" alt=\"dans l\u2019ombre de la maternit\u00e9 repenser la d\u00e9pression post partum\" class=\"wp-image-5782\" srcset=\"https:\/\/wp.unil.ch\/biss\/files\/2025\/05\/dans-lombre-de-la-maternite-repenser-la-depression-post-partum.png 1080w, https:\/\/wp.unil.ch\/biss\/files\/2025\/05\/dans-lombre-de-la-maternite-repenser-la-depression-post-partum-300x300.png 300w, https:\/\/wp.unil.ch\/biss\/files\/2025\/05\/dans-lombre-de-la-maternite-repenser-la-depression-post-partum-150x150.png 150w, https:\/\/wp.unil.ch\/biss\/files\/2025\/05\/dans-lombre-de-la-maternite-repenser-la-depression-post-partum-768x768.png 768w, https:\/\/wp.unil.ch\/biss\/files\/2025\/05\/dans-lombre-de-la-maternite-repenser-la-depression-post-partum-540x540.png 540w\" sizes=\"auto, (max-width: 1080px) 100vw, 1080px\" \/><\/figure>\n<\/div>\n\n\n\n<div class=\"wp-block-column is-layout-flow wp-block-column-is-layout-flow\">\n<h4 class=\"wp-block-heading\">Par <strong>Yamina Anthonipillai et Juliette Treuthardt<\/strong><\/h4>\n\n\n\n<p>Nous nous sommes int\u00e9ress\u00e9es \u00e0 la d\u00e9pression post-partum en explorant les enjeux soci\u00e9taux et politiques souvent sous-estim\u00e9s de ce mal-\u00eatre. Pour cela, nous avons rencontr\u00e9 \u00c9lodie Azoulay, responsable Romandie de l\u2019association D\u00e9pression Postpartale Suisse, qui nous a partag\u00e9 son expertise et son exp\u00e9rience. Ensemble, nous nous interrogeons : comment la conception de la maternit\u00e9 et la pression sociale autour de la procr\u00e9ation influencent-elles la d\u00e9pression post-partum ?<\/p>\n\n\n\n<p>Dans ce podcast, nous abordons une vari\u00e9t\u00e9 de th\u00e8mes, notamment le tabou qui entoure cette maladie, l\u2019instinct maternel, la gestion des \u00e9motions, la performance maternelle ou encore les in\u00e9galit\u00e9s sociales. \u00c0 travers cette discussion, notre objectif est d\u2019\u00e9largir le d\u00e9bat et de repenser la place de la maternit\u00e9 dans notre soci\u00e9t\u00e9, en mettant en lumi\u00e8re des aspects souvent n\u00e9glig\u00e9s et de montrer que la d\u00e9pression post-partum ne se limite pas \u00e0 une exp\u00e9rience individuelle et biologique, mais d\u00e9coule de nombreux facteurs sociaux.<\/p>\n\n\n\n<figure class=\"wp-block-embed is-type-rich is-provider-spotify wp-block-embed-spotify wp-embed-aspect-21-9 wp-has-aspect-ratio\"><div class=\"wp-block-embed__wrapper\">\n<iframe title=\"Spotify Embed: Dans l\u2019ombre de la maternit\u00e9 : repenser la d\u00e9pression post-partum\" style=\"border-radius: 12px\" width=\"100%\" height=\"152\" frameborder=\"0\" allowfullscreen allow=\"autoplay; clipboard-write; encrypted-media; fullscreen; picture-in-picture\" loading=\"lazy\" src=\"https:\/\/open.spotify.com\/embed\/episode\/0tKJzvc6G44at13eYt50rJ?si=24789db1578640b9&amp;utm_source=oembed\"><\/iframe>\n<\/div><\/figure>\n\n\n\n<p><\/p>\n<\/div>\n<\/div>\n\n\n\n<div class=\"wp-block-columns is-layout-flex wp-container-core-columns-is-layout-9d6595d7 wp-block-columns-is-layout-flex\">\n<div class=\"wp-block-column is-layout-flow wp-block-column-is-layout-flow\" style=\"flex-basis:100%\">\n<div class=\"wp-block-columns is-layout-flex wp-container-core-columns-is-layout-9d6595d7 wp-block-columns-is-layout-flex\">\n<div class=\"wp-block-column is-layout-flow wp-block-column-is-layout-flow\">\n<figure class=\"wp-block-image size-full\"><img alt=\"\" loading=\"lazy\" decoding=\"async\" width=\"1080\" height=\"1080\" src=\"https:\/\/wp.unil.ch\/biss\/files\/2024\/01\/Evolution-dune-sexologie-romande-Sexopraxis-une-approche-therapeutique-subversive.png\" alt=\"\" class=\"wp-image-4786\" srcset=\"https:\/\/wp.unil.ch\/biss\/files\/2024\/01\/Evolution-dune-sexologie-romande-Sexopraxis-une-approche-therapeutique-subversive.png 1080w, https:\/\/wp.unil.ch\/biss\/files\/2024\/01\/Evolution-dune-sexologie-romande-Sexopraxis-une-approche-therapeutique-subversive-300x300.png 300w, https:\/\/wp.unil.ch\/biss\/files\/2024\/01\/Evolution-dune-sexologie-romande-Sexopraxis-une-approche-therapeutique-subversive-150x150.png 150w, https:\/\/wp.unil.ch\/biss\/files\/2024\/01\/Evolution-dune-sexologie-romande-Sexopraxis-une-approche-therapeutique-subversive-768x768.png 768w, https:\/\/wp.unil.ch\/biss\/files\/2024\/01\/Evolution-dune-sexologie-romande-Sexopraxis-une-approche-therapeutique-subversive-540x540.png 540w\" sizes=\"auto, (max-width: 1080px) 100vw, 1080px\" \/><\/figure>\n<\/div>\n\n\n\n<div class=\"wp-block-column is-layout-flow wp-block-column-is-layout-flow\">\n<h4 class=\"wp-block-heading\"><strong>Par L\u00e9a Decosterd <\/strong><br><strong>et Clo\u00e9 Iyongo<\/strong><\/h4>\n\n\n\n<p>L\u00e9a Decosterd et Clo\u00e9 Iyongo sont all\u00e9\u2022e\u2022x\u2022s \u00e0 la rencontre de Fiona Bourdon, psychotraumatologue et sexologue au sein du centre Sexopraxis. Ce centre, qui est un espace de th\u00e9rapie, de pr\u00e9vention et d\u2019information autour de tout ce qui touche aux sexualit\u00e9s, aux couples et \u00e0 la p\u00e9rinatalit\u00e9, promeut une forme innovante de sexologie qui se veut inclusive et \u2018sex-positive\u2019. Gr\u00e2ce \u00e0 l\u2019expertise de Fiona, iels ont ensemble tent\u00e9 de replacer l\u2019approche du centre dans l\u2019histoire plus large de la sexologie. Pour poursuivre ces questionnements autour des enjeux socio-politiques qui tournent autour de la sexualit\u00e9 et des pratiques de soin qui y sont li\u00e9es, iels ont \u00e9galement explor\u00e9 les contours du paradigme traumatologique r\u00e9cemment promu par les mouvements f\u00e9ministes comme cl\u00e9 de lecture des probl\u00e9matiques li\u00e9es \u00e0 la sexualit\u00e9.&nbsp;<\/p>\n\n\n\n<figure class=\"wp-block-embed is-type-rich is-provider-spotify wp-block-embed-spotify wp-embed-aspect-21-9 wp-has-aspect-ratio\"><div class=\"wp-block-embed__wrapper\">\n<iframe title=\"Spotify Embed: \u00c9volution d\u2019une sexologie romande : Sexopraxis, une approche th\u00e9rapeutique subversive\" style=\"border-radius: 12px\" width=\"100%\" height=\"152\" frameborder=\"0\" allowfullscreen allow=\"autoplay; clipboard-write; encrypted-media; fullscreen; picture-in-picture\" loading=\"lazy\" src=\"https:\/\/open.spotify.com\/embed\/episode\/5YJGUUmM9aEmUkEumj70eP?utm_source=oembed\"><\/iframe>\n<\/div><\/figure>\n\n\n\n<p><\/p>\n<\/div>\n<\/div>\n\n\n\n<div class=\"wp-block-columns is-layout-flex wp-container-core-columns-is-layout-9d6595d7 wp-block-columns-is-layout-flex\">\n<div class=\"wp-block-column is-layout-flow wp-block-column-is-layout-flow\">\n<figure class=\"wp-block-image size-full\"><img alt=\"\" loading=\"lazy\" decoding=\"async\" width=\"1080\" height=\"1080\" src=\"https:\/\/wp.unil.ch\/biss\/files\/2023\/09\/Podcast-Entrevues-RS-carre\u03011.png\" alt=\"\" class=\"wp-image-4036\" srcset=\"https:\/\/wp.unil.ch\/biss\/files\/2023\/09\/Podcast-Entrevues-RS-carre\u03011.png 1080w, https:\/\/wp.unil.ch\/biss\/files\/2023\/09\/Podcast-Entrevues-RS-carre\u03011-300x300.png 300w, https:\/\/wp.unil.ch\/biss\/files\/2023\/09\/Podcast-Entrevues-RS-carre\u03011-150x150.png 150w, https:\/\/wp.unil.ch\/biss\/files\/2023\/09\/Podcast-Entrevues-RS-carre\u03011-768x768.png 768w, https:\/\/wp.unil.ch\/biss\/files\/2023\/09\/Podcast-Entrevues-RS-carre\u03011-540x540.png 540w\" sizes=\"auto, (max-width: 1080px) 100vw, 1080px\" \/><\/figure>\n<\/div>\n\n\n\n<div class=\"wp-block-column is-layout-flow wp-block-column-is-layout-flow\">\n<h4 class=\"wp-block-heading\">Par Nina Rodriguez, Julie Simonet et Elise Jaccottet <\/h4>\n\n\n\n<p>C\u2019est dans les ann\u00e9es 1990 que le terme de genre est conceptuellement introduit en m\u00e9decine en distinction avec le sexe. On commence alors \u00e0 parler de \u201cM\u00e9decine de genre\u201d en sant\u00e9. Ce changement a permis de visibiliser les in\u00e9galit\u00e9s qui touchent les femmes et d\u2019apporter un regard plus englobant et compr\u00e9hensif en sant\u00e9.&nbsp;<\/p>\n\n\n\n<p>Dans ce podcast, nous nous entretenons avec Carole Clair, m\u00e9decin et pr\u00e9sidente de la Commission \u201cM\u00e9decine et Genre\u201d d\u2019Unisant\u00e9 \u00e0 Lausanne. Nous nous int\u00e9ressons \u00e0 la question du genre dans le domaine de la m\u00e9decine et \u00e0 son institutionnalisation, via la commission \u201cGenre et M\u00e9decine\u201d. Ainsi, nous discutons de l\u2019\u00e9volution, des enjeux, des obstacles ainsi que des limites du clivage entre le genre et le sexe dans cette discipline.&nbsp;<\/p>\n\n\n\n<figure class=\"wp-block-embed is-type-rich is-provider-spotify wp-block-embed-spotify wp-embed-aspect-21-9 wp-has-aspect-ratio\"><div class=\"wp-block-embed__wrapper\">\n<iframe title=\"Spotify Embed: La m\u00e9decine a-t-elle un genre ?\" style=\"border-radius: 12px\" width=\"100%\" height=\"152\" frameborder=\"0\" allowfullscreen allow=\"autoplay; clipboard-write; encrypted-media; fullscreen; picture-in-picture\" loading=\"lazy\" src=\"https:\/\/open.spotify.com\/embed\/episode\/3FqKyF6BlQku4N77zoyKRH?si=17135413583f453b&amp;utm_source=oembed\"><\/iframe>\n<\/div><\/figure>\n<\/div>\n<\/div>\n\n\n\n<div class=\"wp-block-columns is-layout-flex wp-container-core-columns-is-layout-9d6595d7 wp-block-columns-is-layout-flex\">\n<div class=\"wp-block-column is-layout-flow wp-block-column-is-layout-flow\">\n<figure class=\"wp-block-image size-full\"><img alt=\"\" loading=\"lazy\" decoding=\"async\" width=\"1080\" height=\"1080\" src=\"https:\/\/wp.unil.ch\/biss\/files\/2023\/05\/Etage5-Entrevues1.png\" alt=\"\" class=\"wp-image-3489\" srcset=\"https:\/\/wp.unil.ch\/biss\/files\/2023\/05\/Etage5-Entrevues1.png 1080w, https:\/\/wp.unil.ch\/biss\/files\/2023\/05\/Etage5-Entrevues1-300x300.png 300w, https:\/\/wp.unil.ch\/biss\/files\/2023\/05\/Etage5-Entrevues1-150x150.png 150w, https:\/\/wp.unil.ch\/biss\/files\/2023\/05\/Etage5-Entrevues1-768x768.png 768w, https:\/\/wp.unil.ch\/biss\/files\/2023\/05\/Etage5-Entrevues1-540x540.png 540w\" sizes=\"auto, (max-width: 1080px) 100vw, 1080px\" \/><\/figure>\n<\/div>\n\n\n\n<div class=\"wp-block-column is-layout-flow wp-block-column-is-layout-flow\">\n<h4 class=\"wp-block-heading\">Par Camille Salamin et Aur\u00e9lie Domon <\/h4>\n\n\n\n<p>La contraception masculine est encore m\u00e9connue et se d\u00e9veloppe lentement, laissant la responsabilit\u00e9 de la contraception aux femmes. Nous en parlons avec Maxime Labrit, militant et cr\u00e9ateur de l\u2019Andro-Switch, un anneau testiculaire thermique.&nbsp;<\/p>\n\n\n\n<p>Comment fonctionne la contraception masculine ? Pourquoi son d\u00e9veloppement est-il si lent ? Comment modifier les r\u00f4les de genre qui y sont li\u00e9s ? Dans ce podcast, nous souhaitons mettre en lumi\u00e8re l\u2019utilisation de la contraception masculine, encourager son d\u00e9veloppement, mais \u00e9galement souligner un probl\u00e8me persistant d\u2019in\u00e9galit\u00e9 de genre dans la sph\u00e8re priv\u00e9e.<\/p>\n\n\n\n<figure class=\"wp-block-embed is-type-rich is-provider-spotify wp-block-embed-spotify wp-embed-aspect-21-9 wp-has-aspect-ratio\"><div class=\"wp-block-embed__wrapper\">\n<iframe title=\"Spotify Embed: Contraception masculine : vers un changement des r\u00f4les de genre ?\" style=\"border-radius: 12px\" width=\"100%\" height=\"152\" frameborder=\"0\" allowfullscreen allow=\"autoplay; clipboard-write; encrypted-media; fullscreen; picture-in-picture\" loading=\"lazy\" src=\"https:\/\/open.spotify.com\/embed\/episode\/47lrOWURBw6aoki09vK1mA?utm_source=oembed\"><\/iframe>\n<\/div><\/figure>\n<\/div>\n<\/div>\n\n\n\n<div class=\"wp-block-columns is-layout-flex wp-container-core-columns-is-layout-9d6595d7 wp-block-columns-is-layout-flex\">\n<div class=\"wp-block-column is-layout-flow wp-block-column-is-layout-flow\"><\/div>\n\n\n\n<div class=\"wp-block-column is-layout-flow wp-block-column-is-layout-flow\"><\/div>\n<\/div>\n<\/div>\n<\/div>\n","protected":false},"excerpt":{"rendered":"<p>Entrevues est une s\u00e9rie d&rsquo;Etage 5 qui fait dialoguer et \u00e9changer des interlocuteur\u00b7ices sur des sujets au c\u0153ur des sciences sociales. Aux amateur\u00b7ices de d\u00e9bats scientifiques, bonne \u00e9coute&hellip;<\/p>\n","protected":false},"author":1002255,"featured_media":3493,"parent":0,"menu_order":0,"comment_status":"closed","ping_status":"closed","template":"template-full-width-cover.php","meta":{"_seopress_robots_primary_cat":"","_seopress_titles_title":"","_seopress_titles_desc":"","_seopress_robots_index":"","footnotes":""},"class_list":["post-3487","page","type-page","status-publish","has-post-thumbnail"],"_links":{"self":[{"href":"https:\/\/wp.unil.ch\/biss\/wp-json\/wp\/v2\/pages\/3487","targetHints":{"allow":["GET"]}}],"collection":[{"href":"https:\/\/wp.unil.ch\/biss\/wp-json\/wp\/v2\/pages"}],"about":[{"href":"https:\/\/wp.unil.ch\/biss\/wp-json\/wp\/v2\/types\/page"}],"author":[{"embeddable":true,"href":"https:\/\/wp.unil.ch\/biss\/wp-json\/wp\/v2\/users\/1002255"}],"replies":[{"embeddable":true,"href":"https:\/\/wp.unil.ch\/biss\/wp-json\/wp\/v2\/comments?post=3487"}],"version-history":[{"count":5,"href":"https:\/\/wp.unil.ch\/biss\/wp-json\/wp\/v2\/pages\/3487\/revisions"}],"predecessor-version":[{"id":6179,"href":"https:\/\/wp.unil.ch\/biss\/wp-json\/wp\/v2\/pages\/3487\/revisions\/6179"}],"wp:featuredmedia":[{"embeddable":true,"href":"https:\/\/wp.unil.ch\/biss\/wp-json\/wp\/v2\/media\/3493"}],"wp:attachment":[{"href":"https:\/\/wp.unil.ch\/biss\/wp-json\/wp\/v2\/media?parent=3487"}],"curies":[{"name":"wp","href":"https:\/\/api.w.org\/{rel}","templated":true}]}}