{"id":3396,"date":"2023-04-27T19:46:38","date_gmt":"2023-04-27T17:46:38","guid":{"rendered":"https:\/\/wp.unil.ch\/biss\/?page_id=3396"},"modified":"2023-05-03T08:53:01","modified_gmt":"2023-05-03T06:53:01","slug":"numero-1-mai-2023","status":"publish","type":"page","link":"https:\/\/wp.unil.ch\/biss\/numero-1-mai-2023\/","title":{"rendered":"Num\u00e9ro 1 &#8211; Mai 2023"},"content":{"rendered":"\n<h2 class=\"wp-block-heading\">Arriv\u00e9es et d\u00e9part <\/h2>\n\n\n\n<div class=\"wp-block-columns is-layout-flex wp-container-core-columns-is-layout-9d6595d7 wp-block-columns-is-layout-flex\">\n<div class=\"wp-block-column is-layout-flow wp-block-column-is-layout-flow\" style=\"flex-basis:33.33%\"><div class=\"wp-block-image is-style-rounded\">\n<figure class=\"aligncenter size-full is-resized\"><img alt=\"\" loading=\"lazy\" decoding=\"async\" src=\"https:\/\/wp.unil.ch\/biss\/files\/2023\/04\/roujman-edited.jpg\" alt=\"\" class=\"wp-image-3403\" width=\"146\" height=\"146\" srcset=\"https:\/\/wp.unil.ch\/biss\/files\/2023\/04\/roujman-edited.jpg 194w, https:\/\/wp.unil.ch\/biss\/files\/2023\/04\/roujman-edited-150x150.jpg 150w\" sizes=\"auto, (max-width: 146px) 100vw, 146px\" \/><\/figure>\n<\/div><\/div>\n\n\n\n<div class=\"wp-block-column is-layout-flow wp-block-column-is-layout-flow\" style=\"flex-basis:66.66%\">\n<p><br><strong>Roujman Shahbazian<\/strong>&nbsp;de l\u2019Universit\u00e9 de Munich (Allemagne) est en visite \u00e0 l\u2019ISS jusqu\u2019\u00e0 la fin du mois de juin, \u00e0 l\u2019invitation de Michael Gr\u00e4tz. Il occupe le bureau 5352. Roujman est un sociologue sp\u00e9cialis\u00e9 dans la stratification sociale, la sociologie de la famille et les \u00e9tudes du d\u00e9veloppement.<\/p>\n<\/div>\n<\/div>\n\n\n\n<div class=\"wp-block-columns is-layout-flex wp-container-core-columns-is-layout-9d6595d7 wp-block-columns-is-layout-flex\">\n<div class=\"wp-block-column is-layout-flow wp-block-column-is-layout-flow\" style=\"flex-basis:33.33%\"><div class=\"wp-block-image is-style-rounded\">\n<figure class=\"aligncenter size-full is-resized\"><img alt=\"\" loading=\"lazy\" decoding=\"async\" src=\"https:\/\/wp.unil.ch\/biss\/files\/2023\/04\/olga-edited.jpg\" alt=\"\" class=\"wp-image-3404\" width=\"142\" height=\"142\" srcset=\"https:\/\/wp.unil.ch\/biss\/files\/2023\/04\/olga-edited.jpg 300w, https:\/\/wp.unil.ch\/biss\/files\/2023\/04\/olga-edited-150x150.jpg 150w\" sizes=\"auto, (max-width: 142px) 100vw, 142px\" \/><\/figure>\n<\/div><\/div>\n\n\n\n<div class=\"wp-block-column is-layout-flow wp-block-column-is-layout-flow\" style=\"flex-basis:66.66%\">\n<p><br><br><strong>Olga Gorodetskaya<\/strong>&nbsp;de l\u2019universit\u00e9 de Trento (Italie) est en visite \u00e0 l\u2019ISS jusqu\u2019au 9 juin, \u00e0 l\u2019invitation de Stephanie Steinmetz. Elle occupe le bureau 5613. Olga travaille dans le domaine des carri\u00e8res acad\u00e9miques.&nbsp;<\/p>\n<\/div>\n<\/div>\n\n\n\n<div class=\"wp-block-columns is-layout-flex wp-container-core-columns-is-layout-9d6595d7 wp-block-columns-is-layout-flex\">\n<div class=\"wp-block-column is-layout-flow wp-block-column-is-layout-flow\" style=\"flex-basis:33.33%\"><div class=\"wp-block-image is-style-rounded\">\n<figure class=\"aligncenter size-full is-resized\"><img alt=\"\" loading=\"lazy\" decoding=\"async\" src=\"https:\/\/wp.unil.ch\/biss\/files\/2023\/04\/1118122-edited.jpg\" alt=\"\" class=\"wp-image-3405\" width=\"131\" height=\"131\" srcset=\"https:\/\/wp.unil.ch\/biss\/files\/2023\/04\/1118122-edited.jpg 426w, https:\/\/wp.unil.ch\/biss\/files\/2023\/04\/1118122-edited-300x300.jpg 300w, https:\/\/wp.unil.ch\/biss\/files\/2023\/04\/1118122-edited-150x150.jpg 150w\" sizes=\"auto, (max-width: 131px) 100vw, 131px\" \/><\/figure>\n<\/div><\/div>\n\n\n\n<div class=\"wp-block-column is-layout-flow wp-block-column-is-layout-flow\" style=\"flex-basis:66.66%\">\n<p><br><br><strong>Anne-Christine Tr\u00e9mon<\/strong> quittera l\u2019ISS \u00e0 la fin du mois de juillet apr\u00e8s avoir \u00e9t\u00e9 nomm\u00e9e Directrice d\u2019\u00e9tudes de l\u2019Ecole des hautes \u00e9tudes en sciences sociales [EHESS] de Paris.<\/p>\n<\/div>\n<\/div>\n\n\n\n<div class=\"wp-block-columns is-layout-flex wp-container-core-columns-is-layout-9d6595d7 wp-block-columns-is-layout-flex\">\n<div class=\"wp-block-column is-layout-flow wp-block-column-is-layout-flow\" style=\"flex-basis:33.33%\"><div class=\"wp-block-image is-style-rounded\">\n<figure class=\"aligncenter size-full\"><img alt=\"\" loading=\"lazy\" decoding=\"async\" width=\"125\" height=\"125\" src=\"https:\/\/wp.unil.ch\/biss\/files\/2023\/04\/sautier.jpg\" alt=\"\" class=\"wp-image-3401\" \/><\/figure>\n<\/div><\/div>\n\n\n\n<div class=\"wp-block-column is-layout-flow wp-block-column-is-layout-flow\" style=\"flex-basis:66.66%\">\n<p><br><br><strong>Marie Sautier<\/strong>, doctorante FNS au sein du LACCUS et sp\u00e9cialiste des carri\u00e8res acad\u00e9miques, quittera l\u2019ISS \u00e0 la fin du mois de juillet.<\/p>\n<\/div>\n<\/div>\n\n\n\n<div class=\"wp-block-columns is-layout-flex wp-container-core-columns-is-layout-9d6595d7 wp-block-columns-is-layout-flex\">\n<div class=\"wp-block-column is-layout-flow wp-block-column-is-layout-flow\" style=\"flex-basis:33.33%\"><div class=\"wp-block-image is-style-rounded\">\n<figure class=\"aligncenter size-full is-resized\"><img alt=\"\" loading=\"lazy\" decoding=\"async\" src=\"https:\/\/wp.unil.ch\/biss\/files\/2023\/04\/sormani.jpg\" alt=\"\" class=\"wp-image-3402\" width=\"134\" height=\"134\" srcset=\"https:\/\/wp.unil.ch\/biss\/files\/2023\/04\/sormani.jpg 409w, https:\/\/wp.unil.ch\/biss\/files\/2023\/04\/sormani-300x300.jpg 300w, https:\/\/wp.unil.ch\/biss\/files\/2023\/04\/sormani-150x150.jpg 150w\" sizes=\"auto, (max-width: 134px) 100vw, 134px\" \/><\/figure>\n<\/div><\/div>\n\n\n\n<div class=\"wp-block-column is-layout-flow wp-block-column-is-layout-flow\" style=\"flex-basis:66.66%\">\n<p><br><br><strong>Philippe Sormani<\/strong>, chercheur senior au sein du STSLab et sp\u00e9cialiste de sociologie des sciences, quittera l\u2019ISS \u00e0 la fin du mois de juillet.<\/p>\n<\/div>\n<\/div>\n\n\n\n<h2 class=\"wp-block-heading\">Ev\u00e9nements <\/h2>\n\n\n\n<div class=\"wp-block-columns is-layout-flex wp-container-core-columns-is-layout-9d6595d7 wp-block-columns-is-layout-flex\">\n<div class=\"wp-block-column is-layout-flow wp-block-column-is-layout-flow\" style=\"flex-basis:33.33%\">\n<h5 class=\"wp-block-heading has-text-align-right\">5-6 juin <\/h5>\n<\/div>\n\n\n\n<div class=\"wp-block-column is-layout-flow wp-block-column-is-layout-flow\" style=\"flex-basis:66.66%\">\n<p>Du 5 au 6 juin, le THEMA organise, en collaboration avec la Haute \u00e9cole de travail social et de la sant\u00e9 Lausanne (HETSL), les journ\u00e9es d\u2019\u00e9tude \u00ab&nbsp;D\u00e9crire, documenter, explorer. Des ethnom\u00e9thodes aux ethnographies pratiques&nbsp;\u00bb.<\/p>\n<\/div>\n<\/div>\n\n\n\n<div class=\"wp-block-columns is-layout-flex wp-container-core-columns-is-layout-9d6595d7 wp-block-columns-is-layout-flex\">\n<div class=\"wp-block-column is-layout-flow wp-block-column-is-layout-flow\" style=\"flex-basis:33.33%\">\n<h5 class=\"wp-block-heading has-text-align-right\">5 au 9 juin <\/h5>\n<\/div>\n\n\n\n<div class=\"wp-block-column is-layout-flow wp-block-column-is-layout-flow\" style=\"flex-basis:66.66%\">\n<p>Du 5 au 9 juin, le BruLau \u2013 \u00e9cole doctorale francophone en \u00e9tudes genre \u2013 proposera, en collaboration avec l\u2019Universit\u00e9 Libre de Bruxelles [ULB], un cycle de quatre conf\u00e9rences.<\/p>\n\n\n\n<ul class=\"wp-block-list\">\n<li>05.06 : <em>Espaces publics et rapports de pouvoir&nbsp;: approches intersectionnelles<\/em><\/li>\n\n\n\n<li>06.06 : <em>Genre, race et sexualit\u00e9 dans le cin\u00e9ma, la t\u00e9l\u00e9vision et les s\u00e9ries<\/em><\/li>\n\n\n\n<li>07.06 : <em>Droit et famille au prisme du genre<\/em><\/li>\n\n\n\n<li>08.06 : <em>Genre, sexualit\u00e9 et vieillissement&nbsp;: la d\u00e9prise et apr\u00e8s<\/em><\/li>\n<\/ul>\n\n\n\n<div class=\"wp-block-buttons is-content-justification-right is-layout-flex wp-container-core-buttons-is-layout-765c4724 wp-block-buttons-is-layout-flex\">\n<div class=\"wp-block-button\"><a class=\"wp-block-button__link wp-element-button\" href=\"https:\/\/www.unil.ch\/summerschools\/brulau\">Informations<\/a><\/div>\n<\/div>\n<\/div>\n<\/div>\n\n\n\n<div class=\"wp-block-columns is-layout-flex wp-container-core-columns-is-layout-9d6595d7 wp-block-columns-is-layout-flex\">\n<div class=\"wp-block-column is-layout-flow wp-block-column-is-layout-flow\" style=\"flex-basis:33.33%\">\n<h5 class=\"wp-block-heading has-text-align-right\">8 juin <\/h5>\n<\/div>\n\n\n\n<div class=\"wp-block-column is-layout-flow wp-block-column-is-layout-flow\" style=\"flex-basis:66.66%\">\n<p>Le 8 juin aura lieu le&nbsp;<strong>Symposium Adolescence<\/strong>&nbsp;consacr\u00e9 cette ann\u00e9e \u00e0 la th\u00e9matique \u00ab&nbsp;Lost in translation&nbsp;: promesse et d\u00e9fis de la migration pour la jeunesse&nbsp;\u00bb. <\/p>\n\n\n\n<div class=\"wp-block-buttons is-content-justification-right is-layout-flex wp-container-core-buttons-is-layout-765c4724 wp-block-buttons-is-layout-flex\">\n<div class=\"wp-block-button\"><a class=\"wp-block-button__link wp-element-button\" href=\"https:\/\/wp.unil.ch\/sympados\/\">Informations et inscriptions<\/a><\/div>\n<\/div>\n<\/div>\n<\/div>\n\n\n\n<div class=\"wp-block-columns is-layout-flex wp-container-core-columns-is-layout-9d6595d7 wp-block-columns-is-layout-flex\">\n<div class=\"wp-block-column is-layout-flow wp-block-column-is-layout-flow\" style=\"flex-basis:33.33%\">\n<h5 class=\"wp-block-heading has-text-align-right\">Vendredi 26 mai 2023, 14h00, G\u00e9opolis 2227<\/h5>\n<\/div>\n\n\n\n<div class=\"wp-block-column is-layout-flow wp-block-column-is-layout-flow\" style=\"flex-basis:66.66%\">\n<p><strong>L\u00e9na Adjacic<\/strong>&nbsp;soutiendra sa th\u00e8se, \u00ab&nbsp;Outsider Elites.&nbsp;Wowen and Niche Actors in Finance&nbsp;\u00bb.&nbsp;Directeur de th\u00e8se&nbsp;: Felix B\u00fchlmann.<\/p>\n\n\n\n<div class=\"wp-block-buttons is-content-justification-right is-layout-flex wp-container-core-buttons-is-layout-765c4724 wp-block-buttons-is-layout-flex\">\n<div class=\"wp-block-button\"><a class=\"wp-block-button__link wp-element-button\" href=\"https:\/\/agenda.unil.ch\/display\/1680185437218\">Informations<\/a><\/div>\n<\/div>\n<\/div>\n<\/div>\n\n\n\n<div class=\"wp-block-columns is-layout-flex wp-container-core-columns-is-layout-9d6595d7 wp-block-columns-is-layout-flex\">\n<div class=\"wp-block-column is-layout-flow wp-block-column-is-layout-flow\" style=\"flex-basis:33.33%\">\n<h5 class=\"wp-block-heading has-text-align-right\"><strong>Vendredi 9 juin 2023, 14h00, Anthropole 5021<\/strong><\/h5>\n<\/div>\n\n\n\n<div class=\"wp-block-column is-layout-flow wp-block-column-is-layout-flow\" style=\"flex-basis:66.66%\">\n<p><strong>Carla Vaucher<\/strong>&nbsp;soutiendra sa th\u00e8se, \u00ab&nbsp;R\u00e9parer des c\u0153urs, fa\u00e7onner des enfants. Trajectoires d&rsquo;enfants b\u00e9ninois et togolais b\u00e9n\u00e9ficiant d&rsquo;interventions chirurgicales en Suisse&nbsp;\u00bb. Directeur de th\u00e8se&nbsp;: Francesco Panese.&nbsp;<\/p>\n\n\n\n<div class=\"wp-block-buttons is-content-justification-right is-layout-flex wp-container-core-buttons-is-layout-765c4724 wp-block-buttons-is-layout-flex\">\n<div class=\"wp-block-button\"><a class=\"wp-block-button__link wp-element-button\" href=\"https:\/\/agenda.unil.ch\/display\/1679416465250\">Informations<\/a><\/div>\n<\/div>\n<\/div>\n<\/div>\n\n\n\n<div class=\"wp-block-columns is-layout-flex wp-container-core-columns-is-layout-9d6595d7 wp-block-columns-is-layout-flex\">\n<div class=\"wp-block-column is-layout-flow wp-block-column-is-layout-flow\" style=\"flex-basis:33.33%\">\n<h5 class=\"wp-block-heading has-text-align-right\">Lundi 26 juin 2023, 15h00, G\u00e9opolis 2152<\/h5>\n<\/div>\n\n\n\n<div class=\"wp-block-column is-layout-flow wp-block-column-is-layout-flow\" style=\"flex-basis:66.66%\">\n<p><strong><strong>Vanessa Brandalesi<\/strong>&nbsp;<\/strong>soutiendra sa th\u00e8se, \u00ab&nbsp;\u201cI am not a walking uterus\u201d. How gender norms affect the experience of childless women in Switzerland&nbsp;\u00bb.&nbsp;Directrice de th\u00e8se&nbsp;: Laura Bernardi.&nbsp;<\/p>\n\n\n\n<div class=\"wp-block-buttons is-content-justification-right is-layout-flex wp-container-core-buttons-is-layout-765c4724 wp-block-buttons-is-layout-flex\">\n<div class=\"wp-block-button\"><a class=\"wp-block-button__link wp-element-button\" href=\"https:\/\/agenda.unil.ch\/display\/1679417098801\">Informations<\/a><\/div>\n<\/div>\n<\/div>\n<\/div>\n\n\n\n<div class=\"wp-block-columns is-layout-flex wp-container-core-columns-is-layout-9d6595d7 wp-block-columns-is-layout-flex\">\n<div class=\"wp-block-column is-layout-flow wp-block-column-is-layout-flow\" style=\"flex-basis:33.33%\">\n<h5 class=\"wp-block-heading has-text-align-right\"><strong>Jeudi 29 juin 2023, 15h00, Anthropole 2055<\/strong><\/h5>\n<\/div>\n\n\n\n<div class=\"wp-block-column is-layout-flow wp-block-column-is-layout-flow\" style=\"flex-basis:66.66%\">\n<p><strong><strong>Kevin Emery<\/strong><\/strong>&nbsp;soutiendra sa th\u00e8se, \u00ab&nbsp;Handling missing data in multichannel life course analysis \u00bb. Directeur de th\u00e8se&nbsp;: Andr\u00e9 Berchtold.<\/p>\n\n\n\n<div class=\"wp-block-buttons is-content-justification-right is-layout-flex wp-container-core-buttons-is-layout-765c4724 wp-block-buttons-is-layout-flex\">\n<div class=\"wp-block-button\"><a class=\"wp-block-button__link wp-element-button\">Informations<\/a><\/div>\n<\/div>\n<\/div>\n<\/div>\n\n\n\n<div class=\"wp-block-columns is-layout-flex wp-container-core-columns-is-layout-9d6595d7 wp-block-columns-is-layout-flex\">\n<div class=\"wp-block-column is-layout-flow wp-block-column-is-layout-flow\" style=\"flex-basis:33.33%\">\n<h5 class=\"wp-block-heading has-text-align-right\"><strong><strong>Jeudi 24 ao\u00fbt 2023, 15h, Cubotron Auditoire II<\/strong><\/strong><\/h5>\n<\/div>\n\n\n\n<div class=\"wp-block-column is-layout-flow wp-block-column-is-layout-flow\" style=\"flex-basis:66.66%\">\n<p><strong><strong><strong>Dietrich Choffat<\/strong>\u00a0<\/strong><\/strong>soutiendra sa th\u00e8se, \u00ab\u00a0La famille et la nation. Trajectoires de naturalisation par la voie du mariage en Suisse \u00bb. Directrice de th\u00e8se\u00a0: Marta Roca i Escoda. <\/p>\n<\/div>\n<\/div>\n\n\n\n<div class=\"wp-block-columns is-layout-flex wp-container-core-columns-is-layout-9d6595d7 wp-block-columns-is-layout-flex\">\n<div class=\"wp-block-column is-layout-flow wp-block-column-is-layout-flow\" style=\"flex-basis:33.33%\">\n<h5 class=\"wp-block-heading has-text-align-right\"><strong><strong>Mercredi 30 ao\u00fbt 2023, 16h30, Cubotron Auditoire II<\/strong><\/strong><\/h5>\n<\/div>\n\n\n\n<div class=\"wp-block-column is-layout-flow wp-block-column-is-layout-flow\" style=\"flex-basis:66.66%\">\n<p><strong><strong><strong>Yawa Gueguey<\/strong>&nbsp;<\/strong><\/strong>soutiendra sa th\u00e8se, \u00ab&nbsp;L&rsquo;exp\u00e9rience des enfants face \u00e0 la maladie&nbsp;: le cas du cancer et de la dr\u00e9panocytose au Togo&nbsp;\u00bb. Directrice de th\u00e8se&nbsp;: Laurence Kaufmann.&nbsp;<\/p>\n\n\n\n<div class=\"wp-block-buttons is-content-justification-right is-layout-flex wp-container-core-buttons-is-layout-765c4724 wp-block-buttons-is-layout-flex\">\n<div class=\"wp-block-button\"><a class=\"wp-block-button__link wp-element-button\" href=\"https:\/\/agenda.unil.ch\/display\/1681223368117\">Informations<\/a><\/div>\n<\/div>\n<\/div>\n<\/div>\n\n\n\n<h2 class=\"wp-block-heading\">Valorisation <\/h2>\n\n\n\n<p><strong>Philippe Gonzalez <\/strong>est le co-auteur avec le r\u00e9alisateur Thomas Johnson d\u2019une s\u00e9rie <strong>documentaire consacr\u00e9e \u00e0 l\u2019expansion mondiale et politique l\u2019\u00e9vang\u00e9lisme<\/strong>. Les trois volets, diffus\u00e9s par ARTE, sont disponibles sur le web jusqu\u2019au 9 juin.&nbsp;<\/p>\n\n\n\n<div class=\"wp-block-buttons is-content-justification-right is-layout-flex wp-container-core-buttons-is-layout-765c4724 wp-block-buttons-is-layout-flex\">\n<div class=\"wp-block-button\"><a class=\"wp-block-button__link wp-element-button\" href=\"https:\/\/news.unil.ch\/display\/1680507506462\">En savoir plus<\/a><\/div>\n<\/div>\n\n\n<div class=\"wp-block-image\">\n<figure class=\"aligncenter size-full is-resized\"><a href=\"https:\/\/news.unil.ch\/display\/1680507506462\"><img alt=\"\" loading=\"lazy\" decoding=\"async\" src=\"https:\/\/wp.unil.ch\/biss\/files\/2023\/04\/Capture-decran-2023-04-27-a-19.42.51.png\" alt=\"\" class=\"wp-image-3406\" width=\"824\" height=\"456\" srcset=\"https:\/\/wp.unil.ch\/biss\/files\/2023\/04\/Capture-decran-2023-04-27-a-19.42.51.png 1920w, https:\/\/wp.unil.ch\/biss\/files\/2023\/04\/Capture-decran-2023-04-27-a-19.42.51-300x167.png 300w, https:\/\/wp.unil.ch\/biss\/files\/2023\/04\/Capture-decran-2023-04-27-a-19.42.51-768x426.png 768w, https:\/\/wp.unil.ch\/biss\/files\/2023\/04\/Capture-decran-2023-04-27-a-19.42.51-540x300.png 540w\" sizes=\"auto, (max-width: 824px) 100vw, 824px\" \/><\/a><\/figure>\n<\/div>\n\n\n<p><strong>L\u2019ISS dispose d\u00e9sormais d\u2019une cha\u00eene Youtube. <\/strong>Il est possible d\u2019y diffuser des <strong>conf\u00e9rences<\/strong> donn\u00e9es par des membres de l\u2019ISS ou ayant lieu dans le cadre de nos enseignements. Il est n\u00e9cessaire de demander un enregistrement REC-UNIL \u00e0 l\u2019avance. En cas d\u2019int\u00e9r\u00eat ou de questions, merci de contacter<a href=\"mailto:communication.iss@unil.ch\">communication.iss@unil.ch<\/a>.<\/p>\n\n\n\n<div class=\"wp-block-buttons is-content-justification-right is-layout-flex wp-container-core-buttons-is-layout-765c4724 wp-block-buttons-is-layout-flex\">\n<div class=\"wp-block-button\"><a class=\"wp-block-button__link wp-element-button\" href=\"https:\/\/www.youtube.com\/channel\/UCqqPEpwkE39xf3E-X_Rt8Og\">Voir la cha\u00eene Youtube<\/a><\/div>\n<\/div>\n\n\n\n<p>La fin du semestre est riche de travaux r\u00e9alis\u00e9s par nos \u00e9tudiant\u00b7es.&nbsp;<strong>Profitez de l\u2019opportunit\u00e9 de leur proposer de valoriser leur travail en r\u00e9digeant un article qui sera publi\u00e9 sur le BISS, <\/strong>le Blog de l&rsquo;Institut des Sciences Sociales. Toutes les informations se trouvent en ligne dans la page d\u00e9di\u00e9e. Ils et elles seront ensuite accompagn\u00e9\u00b7es dans la r\u00e9daction et la publication par notre comit\u00e9 \u00e9ditorial.<\/p>\n\n\n\n<div class=\"wp-block-buttons is-content-justification-right is-layout-flex wp-container-core-buttons-is-layout-765c4724 wp-block-buttons-is-layout-flex\">\n<div class=\"wp-block-button\"><a class=\"wp-block-button__link wp-element-button\" href=\"https:\/\/wp.unil.ch\/biss\/contact\/participer\/\">Informations de publication sur le BISS<\/a><\/div>\n<\/div>\n\n\n\n<h2 class=\"wp-block-heading\">Infos officielles <\/h2>\n\n\n\n<p><strong>Le DIES Academicus<\/strong> aura lieu 2 juin 2023, de 10h \u00e0 12h, dans l\u2019auditoire Erna Hamburger d\u2019Amphimax. La th\u00e9matique retenue cette ann\u00e9e est \u00ab&nbsp;Diversit\u00e9s&nbsp;!&nbsp;\u00bb&nbsp;<\/p>\n\n\n\n<div class=\"wp-block-buttons is-content-justification-right is-layout-flex wp-container-core-buttons-is-layout-765c4724 wp-block-buttons-is-layout-flex\">\n<div class=\"wp-block-button\"><a class=\"wp-block-button__link wp-element-button\" href=\"https:\/\/wp.unil.ch\/diesacademicus\/\">Informations et inscriptions<\/a><\/div>\n<\/div>\n\n\n\n<p>S\u2019inscrivant dans le plan d\u2019intentions 2021-2026, <strong>Aide|UNIL <\/strong>est le nouveau dispositif de lutte <strong>contre le harc\u00e8lement et les discriminations <\/strong>mis en place par l\u2019Universit\u00e9 de Lausanne. Toutes les informations sont disponibles sur le site d\u00e9di\u00e9. <\/p>\n\n\n\n<div class=\"wp-block-buttons is-content-justification-right is-layout-flex wp-container-core-buttons-is-layout-765c4724 wp-block-buttons-is-layout-flex\">\n<div class=\"wp-block-button\"><a class=\"wp-block-button__link wp-element-button\" href=\"https:\/\/www.unil.ch\/aide-help\/home.html[AB1]\">Plus d&rsquo;informations<\/a><\/div>\n<\/div>\n\n\n\n<figure class=\"wp-block-image size-full\"><img alt=\"\" loading=\"lazy\" decoding=\"async\" width=\"1200\" height=\"400\" src=\"https:\/\/wp.unil.ch\/biss\/files\/2023\/04\/0123_23_07_Web_1200x400.jpg\" alt=\"\" class=\"wp-image-3397\" srcset=\"https:\/\/wp.unil.ch\/biss\/files\/2023\/04\/0123_23_07_Web_1200x400.jpg 1200w, https:\/\/wp.unil.ch\/biss\/files\/2023\/04\/0123_23_07_Web_1200x400-300x100.jpg 300w, https:\/\/wp.unil.ch\/biss\/files\/2023\/04\/0123_23_07_Web_1200x400-768x256.jpg 768w, https:\/\/wp.unil.ch\/biss\/files\/2023\/04\/0123_23_07_Web_1200x400-1120x373.jpg 1120w, https:\/\/wp.unil.ch\/biss\/files\/2023\/04\/0123_23_07_Web_1200x400-540x180.jpg 540w, https:\/\/wp.unil.ch\/biss\/files\/2023\/04\/0123_23_07_Web_1200x400-1080x360.jpg 1080w\" sizes=\"auto, (max-width: 1200px) 100vw, 1200px\" \/><\/figure>\n\n\n\n<p>Le 5 juin aura lieu un Symposium en l\u2019honneur de Marie Santiago-Delfosse, \u00ab&nbsp;<strong>Au-del\u00e0 des m\u00e9thodes qualitatives, d\u00e9fis actuels dans les&nbsp;domaines&nbsp;de la sant\u00e9, interventions et recherche&nbsp;<\/strong>\u00bb. Inscriptions jusqu\u2019au 26 mai, \u00e0 l\u2019adresse&nbsp;<a href=\"mailto:eventsip@unil.ch\">eventsip@unil.ch<\/a><\/p>\n\n\n\n<p>Du 1<sup>er<\/sup>&nbsp;au 4 juin auront lieu les <strong>Myst\u00e8res de l\u2019UNIL<\/strong> sur la th\u00e9matique de la <strong>sant\u00e9<\/strong>. Quatre ateliers seront propos\u00e9s et anim\u00e9s par des <strong>chercheuses de l\u2019ISS<\/strong>. Vous \u00eates tou\u00b7tes invit\u00e9\u00b7es \u00e0 participer aux activit\u00e9s du week-end. Les inscriptions pour les familles seront accessibles courant mai. <\/p>\n\n\n\n<div class=\"wp-block-buttons is-content-justification-right is-layout-flex wp-container-core-buttons-is-layout-765c4724 wp-block-buttons-is-layout-flex\">\n<div class=\"wp-block-button\"><a class=\"wp-block-button__link wp-element-button\" href=\"https:\/\/wp.unil.ch\/mysteres\/\">Informations sur les Myst\u00e8res<\/a><\/div>\n<\/div>\n\n\n\n<p><br><br><br><br><strong>R\u00e9daction et diffusion :<\/strong> Andr\u00e9 Berchtold, Philippe Gonzalez et Cl\u00e9olia Sabot <\/p>\n","protected":false},"excerpt":{"rendered":"<p>Arriv\u00e9es et d\u00e9part Roujman Shahbazian&nbsp;de l\u2019Universit\u00e9 de Munich (Allemagne) est en visite \u00e0 l\u2019ISS jusqu\u2019\u00e0 la fin du mois de juin, \u00e0 l\u2019invitation de Michael Gr\u00e4tz. Il occupe&hellip;<\/p>\n","protected":false},"author":1002255,"featured_media":3442,"parent":0,"menu_order":0,"comment_status":"closed","ping_status":"closed","template":"template-full-width-cover.php","meta":{"_seopress_robots_primary_cat":"","_seopress_titles_title":"","_seopress_titles_desc":"","_seopress_robots_index":"","footnotes":""},"class_list":["post-3396","page","type-page","status-publish","has-post-thumbnail"],"_links":{"self":[{"href":"https:\/\/wp.unil.ch\/biss\/wp-json\/wp\/v2\/pages\/3396","targetHints":{"allow":["GET"]}}],"collection":[{"href":"https:\/\/wp.unil.ch\/biss\/wp-json\/wp\/v2\/pages"}],"about":[{"href":"https:\/\/wp.unil.ch\/biss\/wp-json\/wp\/v2\/types\/page"}],"author":[{"embeddable":true,"href":"https:\/\/wp.unil.ch\/biss\/wp-json\/wp\/v2\/users\/1002255"}],"replies":[{"embeddable":true,"href":"https:\/\/wp.unil.ch\/biss\/wp-json\/wp\/v2\/comments?post=3396"}],"version-history":[{"count":0,"href":"https:\/\/wp.unil.ch\/biss\/wp-json\/wp\/v2\/pages\/3396\/revisions"}],"wp:featuredmedia":[{"embeddable":true,"href":"https:\/\/wp.unil.ch\/biss\/wp-json\/wp\/v2\/media\/3442"}],"wp:attachment":[{"href":"https:\/\/wp.unil.ch\/biss\/wp-json\/wp\/v2\/media?parent=3396"}],"curies":[{"name":"wp","href":"https:\/\/api.w.org\/{rel}","templated":true}]}}