{"id":2940,"date":"2022-09-23T10:28:21","date_gmt":"2022-09-23T08:28:21","guid":{"rendered":"https:\/\/wp.unil.ch\/biss\/?page_id=2940"},"modified":"2023-09-12T14:49:37","modified_gmt":"2023-09-12T12:49:37","slug":"bangalore","status":"publish","type":"page","link":"https:\/\/wp.unil.ch\/biss\/bangalore\/","title":{"rendered":"Bangalore"},"content":{"rendered":"\n<div class=\"wp-block-columns is-layout-flex wp-container-core-columns-is-layout-9d6595d7 wp-block-columns-is-layout-flex\">\n<div class=\"wp-block-column is-layout-flow wp-block-column-is-layout-flow\" style=\"flex-basis:66.66%\"><\/div>\n\n\n\n<div class=\"wp-block-column is-layout-flow wp-block-column-is-layout-flow\" style=\"flex-basis:33.33%\"><\/div>\n<\/div>\n\n\n\n<div class=\"wp-block-columns is-layout-flex wp-container-core-columns-is-layout-9d6595d7 wp-block-columns-is-layout-flex\">\n<div class=\"wp-block-column is-layout-flow wp-block-column-is-layout-flow\">\n<p>En parall\u00e8le de l&rsquo;\u00e9quipe ayant eu l&rsquo;opportunit\u00e9 d&rsquo;aller sur le terrain \u00e0 Rio, au Br\u00e9sil, un second projet a \u00e9t\u00e9 mis sur pied et soutenu \u00e9galement par la direction g\u00e9n\u00e9rale de l\u2019enseignement sup\u00e9rieur du canton de Vaud (DGES).&nbsp;<\/p>\n\n\n\n<p><\/p>\n\n\n\n<p>Nous sommes 5 \u00e9tudiant-es en seconde partie de Bachelor \u00e0 avoir eu la chance d&rsquo;aller travailler en partenariat d&rsquo;avec le Swissnex de Bangalore, en Inde. Ce dernier, faisant partie d&rsquo;un vaste r\u00e9seau international (tout comme le Swissnex bas\u00e9 \u00e0 Rio), permet ainsi \u00e0 des projets comme celui que nous avons d\u00e9velopp\u00e9 dans le cadre du cours Grands enjeux socio-contemporains de prendre vie.&nbsp;<\/p>\n<\/div>\n\n\n\n<div class=\"wp-block-column is-layout-flow wp-block-column-is-layout-flow\"><div class=\"wp-block-image is-style-rounded\">\n<figure class=\"aligncenter size-full is-resized\"><img alt=\"\" loading=\"lazy\" decoding=\"async\" src=\"https:\/\/wp.unil.ch\/biss\/files\/2022\/09\/03-2.jpg\" alt=\"\" class=\"wp-image-3018\" style=\"width:411px;height:273px\" width=\"411\" height=\"273\" srcset=\"https:\/\/wp.unil.ch\/biss\/files\/2022\/09\/03-2.jpg 1804w, https:\/\/wp.unil.ch\/biss\/files\/2022\/09\/03-2-300x200.jpg 300w, https:\/\/wp.unil.ch\/biss\/files\/2022\/09\/03-2-768x511.jpg 768w, https:\/\/wp.unil.ch\/biss\/files\/2022\/09\/03-2-1536x1022.jpg 1536w, https:\/\/wp.unil.ch\/biss\/files\/2022\/09\/03-2-1120x745.jpg 1120w, https:\/\/wp.unil.ch\/biss\/files\/2022\/09\/03-2-540x359.jpg 540w, https:\/\/wp.unil.ch\/biss\/files\/2022\/09\/03-2-1080x718.jpg 1080w\" sizes=\"auto, (max-width: 411px) 100vw, 411px\" \/><\/figure>\n<\/div><\/div>\n<\/div>\n\n\n\n<p>Au travers des diff\u00e9rents articles que vous pourrez parcourir sur le blog, nous vous invitons ainsi \u00e0 d\u00e9couvrir ce qui fut nos deux semaines de terrain, entre entretiens et d\u00e9couvertes des innovations et projets locaux, dans la th\u00e9matique tournant autour de l&rsquo;eau et de sa gestion.<\/p>\n\n\n\n<div class=\"wp-block-columns is-layout-flex wp-container-core-columns-is-layout-9d6595d7 wp-block-columns-is-layout-flex\">\n<div class=\"wp-block-column is-layout-flow wp-block-column-is-layout-flow\" style=\"flex-basis:66.66%\">\n<div class=\"wp-block-cover is-light\"><span aria-hidden=\"true\" class=\"wp-block-cover__background has-background-dim-30 has-background-dim\"><\/span><img alt=\"\" loading=\"lazy\" decoding=\"async\" width=\"1804\" height=\"1128\" class=\"wp-block-cover__image-background wp-image-2948\" alt=\"\" src=\"https:\/\/wp.unil.ch\/biss\/files\/2022\/09\/DSC_0441-edited.jpg\" data-object-fit=\"cover\" srcset=\"https:\/\/wp.unil.ch\/biss\/files\/2022\/09\/DSC_0441-edited.jpg 1804w, https:\/\/wp.unil.ch\/biss\/files\/2022\/09\/DSC_0441-edited-300x188.jpg 300w, https:\/\/wp.unil.ch\/biss\/files\/2022\/09\/DSC_0441-edited-768x480.jpg 768w, https:\/\/wp.unil.ch\/biss\/files\/2022\/09\/DSC_0441-edited-1536x960.jpg 1536w, https:\/\/wp.unil.ch\/biss\/files\/2022\/09\/DSC_0441-edited-1120x700.jpg 1120w, https:\/\/wp.unil.ch\/biss\/files\/2022\/09\/DSC_0441-edited-540x338.jpg 540w, https:\/\/wp.unil.ch\/biss\/files\/2022\/09\/DSC_0441-edited-1080x675.jpg 1080w\" sizes=\"auto, (max-width: 1804px) 100vw, 1804px\" \/><div class=\"wp-block-cover__inner-container is-layout-flow wp-block-cover-is-layout-flow\">\n<h2 class=\"wp-block-heading has-text-align-center has-buttons-background-color has-text-color has-large-font-size\"><a href=\"https:\/\/wp.unil.ch\/biss\/arrivee-a-bangalore\/\" data-type=\"post\" data-id=\"2944\">Arriv\u00e9e \u00e0 Bangalore<\/a><\/h2>\n<\/div><\/div>\n<\/div>\n\n\n\n<div class=\"wp-block-column is-layout-flow wp-block-column-is-layout-flow\" style=\"flex-basis:33.33%\"><\/div>\n<\/div>\n\n\n\n<div class=\"wp-block-columns is-layout-flex wp-container-core-columns-is-layout-9d6595d7 wp-block-columns-is-layout-flex\">\n<div class=\"wp-block-column is-layout-flow wp-block-column-is-layout-flow\" style=\"flex-basis:33.33%\"><\/div>\n\n\n\n<div class=\"wp-block-column is-layout-flow wp-block-column-is-layout-flow\" style=\"flex-basis:66.66%\">\n<div class=\"wp-block-cover is-light\"><span aria-hidden=\"true\" class=\"wp-block-cover__background has-background-dim-30 has-background-dim\"><\/span><img alt=\"\" loading=\"lazy\" decoding=\"async\" width=\"1804\" height=\"1200\" class=\"wp-block-cover__image-background wp-image-2958\" alt=\"\" src=\"https:\/\/wp.unil.ch\/biss\/files\/2022\/09\/DSC_0551.jpg\" data-object-fit=\"cover\" srcset=\"https:\/\/wp.unil.ch\/biss\/files\/2022\/09\/DSC_0551.jpg 1804w, https:\/\/wp.unil.ch\/biss\/files\/2022\/09\/DSC_0551-300x200.jpg 300w, https:\/\/wp.unil.ch\/biss\/files\/2022\/09\/DSC_0551-768x511.jpg 768w, https:\/\/wp.unil.ch\/biss\/files\/2022\/09\/DSC_0551-1536x1022.jpg 1536w, https:\/\/wp.unil.ch\/biss\/files\/2022\/09\/DSC_0551-1120x745.jpg 1120w, https:\/\/wp.unil.ch\/biss\/files\/2022\/09\/DSC_0551-540x359.jpg 540w, https:\/\/wp.unil.ch\/biss\/files\/2022\/09\/DSC_0551-1080x718.jpg 1080w\" sizes=\"auto, (max-width: 1804px) 100vw, 1804px\" \/><div class=\"wp-block-cover__inner-container is-layout-flow wp-block-cover-is-layout-flow\">\n<h2 class=\"wp-block-heading has-text-align-center has-buttons-background-color has-text-color has-large-font-size\"><a href=\"https:\/\/wp.unil.ch\/biss\/au-fil-de-leau\/\" data-type=\"post\" data-id=\"2960\">Au fil de l&rsquo;eau<\/a><\/h2>\n<\/div><\/div>\n<\/div>\n<\/div>\n\n\n\n<div class=\"wp-block-columns is-layout-flex wp-container-core-columns-is-layout-9d6595d7 wp-block-columns-is-layout-flex\">\n<div class=\"wp-block-column is-layout-flow wp-block-column-is-layout-flow\" style=\"flex-basis:66.66%\">\n<div class=\"wp-block-cover is-light\"><span aria-hidden=\"true\" class=\"wp-block-cover__background has-background-dim-30 has-background-dim\"><\/span><img alt=\"\" loading=\"lazy\" decoding=\"async\" width=\"1920\" height=\"1080\" class=\"wp-block-cover__image-background wp-image-3060\" alt=\"\" src=\"https:\/\/wp.unil.ch\/biss\/files\/2022\/10\/DSC_1484.jpeg\" data-object-fit=\"cover\" srcset=\"https:\/\/wp.unil.ch\/biss\/files\/2022\/10\/DSC_1484.jpeg 1920w, https:\/\/wp.unil.ch\/biss\/files\/2022\/10\/DSC_1484-300x169.jpeg 300w, https:\/\/wp.unil.ch\/biss\/files\/2022\/10\/DSC_1484-768x432.jpeg 768w, https:\/\/wp.unil.ch\/biss\/files\/2022\/10\/DSC_1484-1536x864.jpeg 1536w, https:\/\/wp.unil.ch\/biss\/files\/2022\/10\/DSC_1484-1120x630.jpeg 1120w, https:\/\/wp.unil.ch\/biss\/files\/2022\/10\/DSC_1484-540x304.jpeg 540w, https:\/\/wp.unil.ch\/biss\/files\/2022\/10\/DSC_1484-1080x608.jpeg 1080w\" sizes=\"auto, (max-width: 1920px) 100vw, 1920px\" \/><div class=\"wp-block-cover__inner-container is-layout-flow wp-block-cover-is-layout-flow\">\n<h2 class=\"wp-block-heading has-text-align-center has-buttons-background-color has-text-color has-large-font-size\"><a href=\"https:\/\/wp.unil.ch\/biss\/visite-au-bangalore-creative-circus-%ef%bf%bc\/\" data-type=\"post\" data-id=\"3027\">Visite au Bangalore Creative Circus<\/a><span style=\"font-family: -webkit-standard;font-size: medium;font-weight: 400\"><\/span><\/h2>\n<\/div><\/div>\n<\/div>\n\n\n\n<div class=\"wp-block-column is-layout-flow wp-block-column-is-layout-flow\" style=\"flex-basis:33.33%\"><\/div>\n<\/div>\n\n\n\n<div class=\"wp-block-columns is-layout-flex wp-container-core-columns-is-layout-9d6595d7 wp-block-columns-is-layout-flex\">\n<div class=\"wp-block-column is-layout-flow wp-block-column-is-layout-flow\" style=\"flex-basis:33.33%\"><\/div>\n\n\n\n<div class=\"wp-block-column is-layout-flow wp-block-column-is-layout-flow\" style=\"flex-basis:66.66%\">\n<div class=\"wp-block-cover is-light\"><span aria-hidden=\"true\" class=\"wp-block-cover__background has-background-dim-20 has-background-dim\"><\/span><img alt=\"\" loading=\"lazy\" decoding=\"async\" width=\"1920\" height=\"1080\" class=\"wp-block-cover__image-background wp-image-3077\" alt=\"\" src=\"https:\/\/wp.unil.ch\/biss\/files\/2022\/10\/DSC_1170.jpg\" data-object-fit=\"cover\" srcset=\"https:\/\/wp.unil.ch\/biss\/files\/2022\/10\/DSC_1170.jpg 1920w, https:\/\/wp.unil.ch\/biss\/files\/2022\/10\/DSC_1170-300x169.jpg 300w, https:\/\/wp.unil.ch\/biss\/files\/2022\/10\/DSC_1170-768x432.jpg 768w, https:\/\/wp.unil.ch\/biss\/files\/2022\/10\/DSC_1170-1536x864.jpg 1536w, https:\/\/wp.unil.ch\/biss\/files\/2022\/10\/DSC_1170-1120x630.jpg 1120w, https:\/\/wp.unil.ch\/biss\/files\/2022\/10\/DSC_1170-540x304.jpg 540w, https:\/\/wp.unil.ch\/biss\/files\/2022\/10\/DSC_1170-1080x608.jpg 1080w\" sizes=\"auto, (max-width: 1920px) 100vw, 1920px\" \/><div class=\"wp-block-cover__inner-container is-layout-flow wp-block-cover-is-layout-flow\">\n<h2 class=\"wp-block-heading has-text-align-center has-buttons-background-color has-text-color has-large-font-size\"><a href=\"https:\/\/wp.unil.ch\/biss\/decouverte-du-projet-ecogram\/\" data-type=\"post\" data-id=\"3076\">D\u00e9couverte du projet Ecogram<\/a><\/h2>\n<\/div><\/div>\n<\/div>\n<\/div>\n\n\n\n<div class=\"wp-block-columns is-layout-flex wp-container-core-columns-is-layout-9d6595d7 wp-block-columns-is-layout-flex\">\n<div class=\"wp-block-column is-layout-flow wp-block-column-is-layout-flow\" style=\"flex-basis:66.66%\">\n<div class=\"wp-block-cover is-light\"><span aria-hidden=\"true\" class=\"wp-block-cover__background has-background-dim\"><\/span><img alt=\"\" loading=\"lazy\" decoding=\"async\" width=\"1920\" height=\"1080\" class=\"wp-block-cover__image-background wp-image-3744\" alt=\"\" src=\"https:\/\/wp.unil.ch\/biss\/files\/2023\/09\/DSC_0989.jpg\" data-object-fit=\"cover\" srcset=\"https:\/\/wp.unil.ch\/biss\/files\/2023\/09\/DSC_0989.jpg 1920w, https:\/\/wp.unil.ch\/biss\/files\/2023\/09\/DSC_0989-300x169.jpg 300w, https:\/\/wp.unil.ch\/biss\/files\/2023\/09\/DSC_0989-768x432.jpg 768w, https:\/\/wp.unil.ch\/biss\/files\/2023\/09\/DSC_0989-1536x864.jpg 1536w, https:\/\/wp.unil.ch\/biss\/files\/2023\/09\/DSC_0989-1120x630.jpg 1120w, https:\/\/wp.unil.ch\/biss\/files\/2023\/09\/DSC_0989-540x304.jpg 540w, https:\/\/wp.unil.ch\/biss\/files\/2023\/09\/DSC_0989-1080x608.jpg 1080w\" sizes=\"auto, (max-width: 1920px) 100vw, 1920px\" \/><div class=\"wp-block-cover__inner-container is-layout-flow wp-block-cover-is-layout-flow\">\n<h2 class=\"wp-block-heading has-text-align-center has-buttons-background-color has-text-color has-large-font-size\"><a href=\"https:\/\/wp.unil.ch\/biss\/les-creuseurs-de-puits-de-doddaballapura\/\">Les Creuseurs de puits de Doddaballapura<\/a><\/h2>\n<\/div><\/div>\n<\/div>\n\n\n\n<div class=\"wp-block-column is-layout-flow wp-block-column-is-layout-flow\" style=\"flex-basis:33.33%\"><\/div>\n<\/div>\n","protected":false},"excerpt":{"rendered":"<p>En parall\u00e8le de l&rsquo;\u00e9quipe ayant eu l&rsquo;opportunit\u00e9 d&rsquo;aller sur le terrain \u00e0 Rio, au Br\u00e9sil, un second projet a \u00e9t\u00e9 mis sur pied et soutenu \u00e9galement par la&hellip;<\/p>\n","protected":false},"author":1002255,"featured_media":3745,"parent":0,"menu_order":0,"comment_status":"closed","ping_status":"closed","template":"template-full-width-cover.php","meta":{"_seopress_robots_primary_cat":"","_seopress_titles_title":"","_seopress_titles_desc":"","_seopress_robots_index":"","footnotes":""},"class_list":["post-2940","page","type-page","status-publish","has-post-thumbnail"],"_links":{"self":[{"href":"https:\/\/wp.unil.ch\/biss\/wp-json\/wp\/v2\/pages\/2940","targetHints":{"allow":["GET"]}}],"collection":[{"href":"https:\/\/wp.unil.ch\/biss\/wp-json\/wp\/v2\/pages"}],"about":[{"href":"https:\/\/wp.unil.ch\/biss\/wp-json\/wp\/v2\/types\/page"}],"author":[{"embeddable":true,"href":"https:\/\/wp.unil.ch\/biss\/wp-json\/wp\/v2\/users\/1002255"}],"replies":[{"embeddable":true,"href":"https:\/\/wp.unil.ch\/biss\/wp-json\/wp\/v2\/comments?post=2940"}],"version-history":[{"count":0,"href":"https:\/\/wp.unil.ch\/biss\/wp-json\/wp\/v2\/pages\/2940\/revisions"}],"wp:featuredmedia":[{"embeddable":true,"href":"https:\/\/wp.unil.ch\/biss\/wp-json\/wp\/v2\/media\/3745"}],"wp:attachment":[{"href":"https:\/\/wp.unil.ch\/biss\/wp-json\/wp\/v2\/media?parent=2940"}],"curies":[{"name":"wp","href":"https:\/\/api.w.org\/{rel}","templated":true}]}}