{"id":2891,"date":"2022-09-23T08:15:33","date_gmt":"2022-09-23T06:15:33","guid":{"rendered":"https:\/\/wp.unil.ch\/biss\/?page_id=2891"},"modified":"2022-09-23T10:18:33","modified_gmt":"2022-09-23T08:18:33","slug":"rio-de-janeiro","status":"publish","type":"page","link":"https:\/\/wp.unil.ch\/biss\/rio-de-janeiro\/","title":{"rendered":"Rio de Janeiro"},"content":{"rendered":"\n<h2 class=\"wp-block-heading\">Enqu\u00eate de terrain \u00e0 Rio de Janeiro : violences genr\u00e9es &amp; \u00e9ducations sexuelles<\/h2>\n\n\n\n<div class=\"wp-block-columns is-layout-flex wp-container-core-columns-is-layout-9d6595d7 wp-block-columns-is-layout-flex\">\n<div class=\"wp-block-column is-layout-flow wp-block-column-is-layout-flow\" style=\"flex-basis:66.66%\">\n<p>Dans le cadre des projets internationaux financ\u00e9s et soutenus par la direction g\u00e9n\u00e9rale de l\u2019enseignement sup\u00e9rieur du canton de Vaud (DGES), nous sommes 11 \u00e9tudiant\u00b7e\u00b7s de l\u2019Universit\u00e9 de Lausanne participant \u00e0 un programme d\u2019immersion sur le terrain organis\u00e9 par le Swissnex du Br\u00e9sil, un r\u00e9seau mondial suisse mettant en avant l\u2019\u00e9ducation, la recherche et l\u2019innovation.<\/p>\n\n\n\n<p>Pendant un semestre, nous avons imagin\u00e9 une innovation sociale dans le cadre du cours \u00ab Grand Enjeux Sociaux Contemporains \u00bb.&nbsp;<\/p>\n\n\n\n<p>Du 1 au 16 ao\u00fbt 2022, nous avons eu le privil\u00e8ge de visiter et d\u2019\u00e9changer avec des acteur\u00b7trice\u00b7x\u00b7s locaux\u00b7ales\u00b7x (associations, fondation, municipalit\u00e9 de Rio de Janeiro) sur les pratiques et les exp\u00e9riences de terrain \u00e0 propos des th\u00e8mes de l\u2019\u00e9ducation sexuelle et les violences genr\u00e9es.<\/p>\n\n\n\n<p>Nous avons ainsi r\u00e9dig\u00e9 ce blog afin de partager nos exp\u00e9riences avec vous.<\/p>\n\n\n\n<p>Retrouvez davantage d&rsquo;information sur le <a href=\"https:\/\/www.vd.ch\/toutes-les-autorites\/departements\/departement-de-lenseignement-et-de-la-formation-professionnelle-def\/direction-generale-de-lenseignement-superieur-dges\/affaires-internationales\/#c2028413\">site des affaires internationales du Canton de Vaud<\/a><\/p>\n<\/div>\n\n\n\n<div class=\"wp-block-column is-layout-flow wp-block-column-is-layout-flow\" style=\"flex-basis:33.33%\"><div class=\"wp-block-image\">\n<figure class=\"aligncenter size-full is-resized\"><img alt=\"\" loading=\"lazy\" decoding=\"async\" src=\"https:\/\/wp.unil.ch\/biss\/files\/2022\/07\/Logo_canton_de_Vaud.svg_.png\" alt=\"\" class=\"wp-image-2609\" width=\"41\" height=\"132\" \/><\/figure>\n<\/div><\/div>\n<\/div>\n\n\n\n<h3 class=\"has-text-align-center has-buttons-background-background-color has-background wp-block-heading\"><a href=\"https:\/\/wp.unil.ch\/biss\/tag\/rio-de-janeiro\/\">Voir tous les articles<\/a><\/h3>\n\n\n\n<p><br><\/p>\n\n\n\n<h3 class=\"wp-block-heading\">Journal de bord <\/h3>\n\n\n\n<div class=\"wp-block-columns is-layout-flex wp-container-core-columns-is-layout-9d6595d7 wp-block-columns-is-layout-flex\">\n<div class=\"wp-block-column is-layout-flow wp-block-column-is-layout-flow\">\n<figure class=\"wp-block-image size-full\"><a href=\"https:\/\/wp.unil.ch\/biss\/1er-aout\/\"><img alt=\"\" loading=\"lazy\" decoding=\"async\" width=\"1020\" height=\"637\" src=\"https:\/\/wp.unil.ch\/biss\/files\/2022\/09\/IMG-20220802-WA0064-edited.jpg\" alt=\"\" class=\"wp-image-2907\" srcset=\"https:\/\/wp.unil.ch\/biss\/files\/2022\/09\/IMG-20220802-WA0064-edited.jpg 1020w, https:\/\/wp.unil.ch\/biss\/files\/2022\/09\/IMG-20220802-WA0064-edited-300x187.jpg 300w, https:\/\/wp.unil.ch\/biss\/files\/2022\/09\/IMG-20220802-WA0064-edited-768x480.jpg 768w, https:\/\/wp.unil.ch\/biss\/files\/2022\/09\/IMG-20220802-WA0064-edited-540x337.jpg 540w\" sizes=\"auto, (max-width: 1020px) 100vw, 1020px\" \/><\/a><\/figure>\n\n\n\n<h5 class=\"wp-block-heading\"><a href=\"https:\/\/wp.unil.ch\/biss\/1er-aout\/\" data-type=\"post\" data-id=\"2559\">1er et 2 ao\u00fbt 2022<\/a><\/h5>\n\n\n\n<p>Arriv\u00e9e \u00e0 Rio <\/p>\n<\/div>\n\n\n\n<div class=\"wp-block-column is-layout-flow wp-block-column-is-layout-flow\">\n<figure class=\"wp-block-image size-full\"><a href=\"https:\/\/wp.unil.ch\/biss\/3-aout\/\"><img alt=\"\" loading=\"lazy\" decoding=\"async\" width=\"705\" height=\"444\" src=\"https:\/\/wp.unil.ch\/biss\/files\/2022\/09\/pedro-edited.png\" alt=\"\" class=\"wp-image-2908\" srcset=\"https:\/\/wp.unil.ch\/biss\/files\/2022\/09\/pedro-edited.png 705w, https:\/\/wp.unil.ch\/biss\/files\/2022\/09\/pedro-edited-300x189.png 300w, https:\/\/wp.unil.ch\/biss\/files\/2022\/09\/pedro-edited-540x340.png 540w\" sizes=\"auto, (max-width: 705px) 100vw, 705px\" \/><\/a><\/figure>\n\n\n\n<h5 class=\"wp-block-heading\"><a href=\"https:\/\/wp.unil.ch\/biss\/3-aout\/\" data-type=\"post\" data-id=\"2563\">3 ao\u00fbt <\/a><\/h5>\n\n\n\n<p>Visite de l\u2019association \u00ab\u00a0Viva Rio\u00a0\u00bb : de la recherche \u00e0 distance \u00e0 la distance sur le terrain<\/p>\n<\/div>\n\n\n\n<div class=\"wp-block-column is-layout-flow wp-block-column-is-layout-flow\">\n<figure class=\"wp-block-image size-full\"><a href=\"https:\/\/wp.unil.ch\/biss\/4-aout\/\"><img alt=\"\" loading=\"lazy\" decoding=\"async\" width=\"846\" height=\"532\" src=\"https:\/\/wp.unil.ch\/biss\/files\/2022\/09\/1.jpg_page-0001-edited.jpg\" alt=\"\" class=\"wp-image-2909\" srcset=\"https:\/\/wp.unil.ch\/biss\/files\/2022\/09\/1.jpg_page-0001-edited.jpg 846w, https:\/\/wp.unil.ch\/biss\/files\/2022\/09\/1.jpg_page-0001-edited-300x189.jpg 300w, https:\/\/wp.unil.ch\/biss\/files\/2022\/09\/1.jpg_page-0001-edited-768x483.jpg 768w, https:\/\/wp.unil.ch\/biss\/files\/2022\/09\/1.jpg_page-0001-edited-540x340.jpg 540w\" sizes=\"auto, (max-width: 846px) 100vw, 846px\" \/><\/a><\/figure>\n\n\n\n<h5 class=\"wp-block-heading\"><a href=\"https:\/\/wp.unil.ch\/biss\/4-aout\/\" data-type=\"post\" data-id=\"2565\">4 ao\u00fbt <\/a><\/h5>\n\n\n\n<p>\u00ab\u00a0Mulheres vivas e seguras\u00a0\u00bb<\/p>\n<\/div>\n<\/div>\n\n\n\n<div class=\"wp-block-columns is-layout-flex wp-container-core-columns-is-layout-9d6595d7 wp-block-columns-is-layout-flex\">\n<div class=\"wp-block-column is-layout-flow wp-block-column-is-layout-flow\">\n<figure class=\"wp-block-image size-full\"><a href=\"https:\/\/wp.unil.ch\/biss\/5-aout\/\"><img alt=\"\" loading=\"lazy\" decoding=\"async\" width=\"1076\" height=\"674\" src=\"https:\/\/wp.unil.ch\/biss\/files\/2022\/09\/Screenshot_20220808-231526_Gallery-edited.jpg\" alt=\"\" class=\"wp-image-2910\" srcset=\"https:\/\/wp.unil.ch\/biss\/files\/2022\/09\/Screenshot_20220808-231526_Gallery-edited.jpg 1076w, https:\/\/wp.unil.ch\/biss\/files\/2022\/09\/Screenshot_20220808-231526_Gallery-edited-300x188.jpg 300w, https:\/\/wp.unil.ch\/biss\/files\/2022\/09\/Screenshot_20220808-231526_Gallery-edited-768x481.jpg 768w, https:\/\/wp.unil.ch\/biss\/files\/2022\/09\/Screenshot_20220808-231526_Gallery-edited-540x338.jpg 540w\" sizes=\"auto, (max-width: 1076px) 100vw, 1076px\" \/><\/a><\/figure>\n\n\n\n<h5 class=\"wp-block-heading\"><a href=\"https:\/\/wp.unil.ch\/biss\/5-aout\/\" data-type=\"post\" data-id=\"2571\">5 ao\u00fbt <\/a><\/h5>\n<\/div>\n\n\n\n<div class=\"wp-block-column is-layout-flow wp-block-column-is-layout-flow\">\n<figure class=\"wp-block-image size-full\"><a href=\"https:\/\/wp.unil.ch\/biss\/6-7-aout\/\"><img alt=\"\" loading=\"lazy\" decoding=\"async\" width=\"1594\" height=\"995\" src=\"https:\/\/wp.unil.ch\/biss\/files\/2022\/09\/cann-1-edited.jpg\" alt=\"\" class=\"wp-image-2911\" srcset=\"https:\/\/wp.unil.ch\/biss\/files\/2022\/09\/cann-1-edited.jpg 1594w, https:\/\/wp.unil.ch\/biss\/files\/2022\/09\/cann-1-edited-300x187.jpg 300w, https:\/\/wp.unil.ch\/biss\/files\/2022\/09\/cann-1-edited-768x479.jpg 768w, https:\/\/wp.unil.ch\/biss\/files\/2022\/09\/cann-1-edited-1536x959.jpg 1536w, https:\/\/wp.unil.ch\/biss\/files\/2022\/09\/cann-1-edited-1120x699.jpg 1120w, https:\/\/wp.unil.ch\/biss\/files\/2022\/09\/cann-1-edited-540x337.jpg 540w, https:\/\/wp.unil.ch\/biss\/files\/2022\/09\/cann-1-edited-1080x674.jpg 1080w\" sizes=\"auto, (max-width: 1594px) 100vw, 1594px\" \/><\/a><\/figure>\n\n\n\n<h5 class=\"wp-block-heading\"><a href=\"https:\/\/wp.unil.ch\/biss\/6-7-aout\/\" data-type=\"post\" data-id=\"2573\">6-7 ao\u00fbt <\/a><\/h5>\n<\/div>\n\n\n\n<div class=\"wp-block-column is-layout-flow wp-block-column-is-layout-flow\">\n<figure class=\"wp-block-image size-full\"><a href=\"https:\/\/wp.unil.ch\/biss\/8-aout\/\"><img alt=\"\" loading=\"lazy\" decoding=\"async\" width=\"1275\" height=\"800\" src=\"https:\/\/wp.unil.ch\/biss\/files\/2022\/09\/WhatsApp-Image-2022-08-09-at-12.31.18-AM-1-edited.jpeg\" alt=\"\" class=\"wp-image-2919\" srcset=\"https:\/\/wp.unil.ch\/biss\/files\/2022\/09\/WhatsApp-Image-2022-08-09-at-12.31.18-AM-1-edited.jpeg 1275w, https:\/\/wp.unil.ch\/biss\/files\/2022\/09\/WhatsApp-Image-2022-08-09-at-12.31.18-AM-1-edited-300x188.jpeg 300w, https:\/\/wp.unil.ch\/biss\/files\/2022\/09\/WhatsApp-Image-2022-08-09-at-12.31.18-AM-1-edited-768x482.jpeg 768w, https:\/\/wp.unil.ch\/biss\/files\/2022\/09\/WhatsApp-Image-2022-08-09-at-12.31.18-AM-1-edited-1120x703.jpeg 1120w, https:\/\/wp.unil.ch\/biss\/files\/2022\/09\/WhatsApp-Image-2022-08-09-at-12.31.18-AM-1-edited-540x339.jpeg 540w, https:\/\/wp.unil.ch\/biss\/files\/2022\/09\/WhatsApp-Image-2022-08-09-at-12.31.18-AM-1-edited-1080x678.jpeg 1080w\" sizes=\"auto, (max-width: 1275px) 100vw, 1275px\" \/><\/a><\/figure>\n\n\n\n<h5 class=\"wp-block-heading\"><a href=\"https:\/\/wp.unil.ch\/biss\/8-aout\/\" data-type=\"post\" data-id=\"2575\">8 ao\u00fbt <\/a><\/h5>\n\n\n\n<p>Grandir sans violence<\/p>\n<\/div>\n<\/div>\n\n\n\n<div class=\"wp-block-columns is-layout-flex wp-container-core-columns-is-layout-9d6595d7 wp-block-columns-is-layout-flex\">\n<div class=\"wp-block-column is-layout-flow wp-block-column-is-layout-flow\">\n<figure class=\"wp-block-image size-full\"><a href=\"https:\/\/wp.unil.ch\/biss\/9-aout\/\"><img alt=\"\" loading=\"lazy\" decoding=\"async\" width=\"1215\" height=\"769\" src=\"https:\/\/wp.unil.ch\/biss\/files\/2022\/09\/Schermata-2022-08-17-alle-20.25.23-edited-2.png\" alt=\"\" class=\"wp-image-2918\" srcset=\"https:\/\/wp.unil.ch\/biss\/files\/2022\/09\/Schermata-2022-08-17-alle-20.25.23-edited-2.png 1215w, https:\/\/wp.unil.ch\/biss\/files\/2022\/09\/Schermata-2022-08-17-alle-20.25.23-edited-2-300x190.png 300w, https:\/\/wp.unil.ch\/biss\/files\/2022\/09\/Schermata-2022-08-17-alle-20.25.23-edited-2-768x486.png 768w, https:\/\/wp.unil.ch\/biss\/files\/2022\/09\/Schermata-2022-08-17-alle-20.25.23-edited-2-1120x709.png 1120w, https:\/\/wp.unil.ch\/biss\/files\/2022\/09\/Schermata-2022-08-17-alle-20.25.23-edited-2-540x342.png 540w, https:\/\/wp.unil.ch\/biss\/files\/2022\/09\/Schermata-2022-08-17-alle-20.25.23-edited-2-1080x684.png 1080w\" sizes=\"auto, (max-width: 1215px) 100vw, 1215px\" \/><\/a><\/figure>\n\n\n\n<h5 class=\"wp-block-heading\"><a href=\"https:\/\/wp.unil.ch\/biss\/9-aout\/\" data-type=\"post\" data-id=\"2577\">9 ao\u00fbt <\/a><\/h5>\n\n\n\n<p>NexGen Social Innovation Night<\/p>\n<\/div>\n\n\n\n<div class=\"wp-block-column is-layout-flow wp-block-column-is-layout-flow\">\n<figure class=\"wp-block-image size-full\"><a href=\"https:\/\/wp.unil.ch\/biss\/10-aout\/\"><img alt=\"\" loading=\"lazy\" decoding=\"async\" width=\"894\" height=\"562\" src=\"https:\/\/wp.unil.ch\/biss\/files\/2022\/09\/20220810_165857_04-edited-1.jpg\" alt=\"\" class=\"wp-image-2914\" srcset=\"https:\/\/wp.unil.ch\/biss\/files\/2022\/09\/20220810_165857_04-edited-1.jpg 894w, https:\/\/wp.unil.ch\/biss\/files\/2022\/09\/20220810_165857_04-edited-1-300x189.jpg 300w, https:\/\/wp.unil.ch\/biss\/files\/2022\/09\/20220810_165857_04-edited-1-768x483.jpg 768w, https:\/\/wp.unil.ch\/biss\/files\/2022\/09\/20220810_165857_04-edited-1-540x339.jpg 540w\" sizes=\"auto, (max-width: 894px) 100vw, 894px\" \/><\/a><\/figure>\n\n\n\n<h5 class=\"wp-block-heading\"><a href=\"https:\/\/wp.unil.ch\/biss\/10-aout\/\" data-type=\"post\" data-id=\"2579\">10 ao\u00fbt <\/a><\/h5>\n<\/div>\n\n\n\n<div class=\"wp-block-column is-layout-flow wp-block-column-is-layout-flow\">\n<figure class=\"wp-block-image size-full\"><a href=\"https:\/\/wp.unil.ch\/biss\/11-aout\/\"><img alt=\"\" loading=\"lazy\" decoding=\"async\" width=\"897\" height=\"562\" src=\"https:\/\/wp.unil.ch\/biss\/files\/2022\/09\/RECEPTIONSTARTUP-edited.jpg\" alt=\"\" class=\"wp-image-2915\" srcset=\"https:\/\/wp.unil.ch\/biss\/files\/2022\/09\/RECEPTIONSTARTUP-edited.jpg 897w, https:\/\/wp.unil.ch\/biss\/files\/2022\/09\/RECEPTIONSTARTUP-edited-300x188.jpg 300w, https:\/\/wp.unil.ch\/biss\/files\/2022\/09\/RECEPTIONSTARTUP-edited-768x481.jpg 768w, https:\/\/wp.unil.ch\/biss\/files\/2022\/09\/RECEPTIONSTARTUP-edited-540x338.jpg 540w\" sizes=\"auto, (max-width: 897px) 100vw, 897px\" \/><\/a><\/figure>\n\n\n\n<h5 class=\"wp-block-heading\"><a href=\"https:\/\/wp.unil.ch\/biss\/11-aout\/\" data-type=\"post\" data-id=\"2581\">11 ao\u00fbt <\/a><\/h5>\n\n\n\n<p>Rio et ses multiples facettes<\/p>\n<\/div>\n<\/div>\n\n\n\n<div class=\"wp-block-columns is-layout-flex wp-container-core-columns-is-layout-9d6595d7 wp-block-columns-is-layout-flex\">\n<div class=\"wp-block-column is-layout-flow wp-block-column-is-layout-flow\">\n<figure class=\"wp-block-image size-full\"><a href=\"https:\/\/wp.unil.ch\/biss\/12-aout\/\"><img alt=\"\" loading=\"lazy\" decoding=\"async\" width=\"1594\" height=\"995\" src=\"https:\/\/wp.unil.ch\/biss\/files\/2022\/09\/photo-3-edited-1.jpg\" alt=\"\" class=\"wp-image-2922\" srcset=\"https:\/\/wp.unil.ch\/biss\/files\/2022\/09\/photo-3-edited-1.jpg 1594w, https:\/\/wp.unil.ch\/biss\/files\/2022\/09\/photo-3-edited-1-300x187.jpg 300w, https:\/\/wp.unil.ch\/biss\/files\/2022\/09\/photo-3-edited-1-768x479.jpg 768w, https:\/\/wp.unil.ch\/biss\/files\/2022\/09\/photo-3-edited-1-1536x959.jpg 1536w, https:\/\/wp.unil.ch\/biss\/files\/2022\/09\/photo-3-edited-1-1120x699.jpg 1120w, https:\/\/wp.unil.ch\/biss\/files\/2022\/09\/photo-3-edited-1-540x337.jpg 540w, https:\/\/wp.unil.ch\/biss\/files\/2022\/09\/photo-3-edited-1-1080x674.jpg 1080w\" sizes=\"auto, (max-width: 1594px) 100vw, 1594px\" \/><\/a><\/figure>\n\n\n\n<h5 class=\"wp-block-heading\"><a href=\"https:\/\/wp.unil.ch\/biss\/12-aout\/\" data-type=\"post\" data-id=\"2583\">12 ao\u00fbt<\/a><\/h5>\n<\/div>\n\n\n\n<div class=\"wp-block-column is-layout-flow wp-block-column-is-layout-flow\">\n<figure class=\"wp-block-image size-full\"><a href=\"https:\/\/wp.unil.ch\/biss\/13-14-aout\/\"><img alt=\"\" loading=\"lazy\" decoding=\"async\" width=\"1020\" height=\"637\" src=\"https:\/\/wp.unil.ch\/biss\/files\/2022\/09\/Photo-3-2-edited.jpg\" alt=\"\" class=\"wp-image-2920\" srcset=\"https:\/\/wp.unil.ch\/biss\/files\/2022\/09\/Photo-3-2-edited.jpg 1020w, https:\/\/wp.unil.ch\/biss\/files\/2022\/09\/Photo-3-2-edited-300x187.jpg 300w, https:\/\/wp.unil.ch\/biss\/files\/2022\/09\/Photo-3-2-edited-768x480.jpg 768w, https:\/\/wp.unil.ch\/biss\/files\/2022\/09\/Photo-3-2-edited-540x337.jpg 540w\" sizes=\"auto, (max-width: 1020px) 100vw, 1020px\" \/><\/a><\/figure>\n\n\n\n<h5 class=\"wp-block-heading\"><a href=\"https:\/\/wp.unil.ch\/biss\/13-14-aout\/\" data-type=\"post\" data-id=\"2585\">13-14 ao\u00fbt <\/a><\/h5>\n<\/div>\n\n\n\n<div class=\"wp-block-column is-layout-flow wp-block-column-is-layout-flow\"><\/div>\n<\/div>\n","protected":false},"excerpt":{"rendered":"<p>Enqu\u00eate de terrain \u00e0 Rio de Janeiro : violences genr\u00e9es &amp; \u00e9ducations sexuelles Dans le cadre des projets internationaux financ\u00e9s et soutenus par la direction g\u00e9n\u00e9rale de l\u2019enseignement&hellip;<\/p>\n","protected":false},"author":1002255,"featured_media":2831,"parent":0,"menu_order":0,"comment_status":"closed","ping_status":"closed","template":"template-full-width-cover.php","meta":{"_seopress_robots_primary_cat":"","_seopress_titles_title":"","_seopress_titles_desc":"","_seopress_robots_index":"","footnotes":""},"class_list":["post-2891","page","type-page","status-publish","has-post-thumbnail"],"_links":{"self":[{"href":"https:\/\/wp.unil.ch\/biss\/wp-json\/wp\/v2\/pages\/2891","targetHints":{"allow":["GET"]}}],"collection":[{"href":"https:\/\/wp.unil.ch\/biss\/wp-json\/wp\/v2\/pages"}],"about":[{"href":"https:\/\/wp.unil.ch\/biss\/wp-json\/wp\/v2\/types\/page"}],"author":[{"embeddable":true,"href":"https:\/\/wp.unil.ch\/biss\/wp-json\/wp\/v2\/users\/1002255"}],"replies":[{"embeddable":true,"href":"https:\/\/wp.unil.ch\/biss\/wp-json\/wp\/v2\/comments?post=2891"}],"version-history":[{"count":0,"href":"https:\/\/wp.unil.ch\/biss\/wp-json\/wp\/v2\/pages\/2891\/revisions"}],"wp:featuredmedia":[{"embeddable":true,"href":"https:\/\/wp.unil.ch\/biss\/wp-json\/wp\/v2\/media\/2831"}],"wp:attachment":[{"href":"https:\/\/wp.unil.ch\/biss\/wp-json\/wp\/v2\/media?parent=2891"}],"curies":[{"name":"wp","href":"https:\/\/api.w.org\/{rel}","templated":true}]}}