{"id":2549,"date":"2022-07-29T12:43:02","date_gmt":"2022-07-29T10:43:02","guid":{"rendered":"https:\/\/wp.unil.ch\/biss\/?page_id=2549"},"modified":"2023-09-13T23:12:53","modified_gmt":"2023-09-13T21:12:53","slug":"liss-voyage","status":"publish","type":"page","link":"https:\/\/wp.unil.ch\/biss\/liss-voyage\/","title":{"rendered":"Collaborations avec Swissnex"},"content":{"rendered":"\n<p>Cette page pr\u00e9sente diff\u00e9rents projets ayant pris place en dehors des murs de l&rsquo;Universit\u00e9, par des membres de l&rsquo;Institut des sciences sociales ou par des \u00e9tudiantes et \u00e9tudiants. <\/p>\n\n\n\n<p>Vous d\u00e9couvrirez diverses mani\u00e8res de \u00ab\u00a0faire\u00a0\u00bb des sciences sociales en dehors d&rsquo;un cadre acad\u00e9mique stricte et les liens \u00e9vidents avec divers publics et avec le terrain. <\/p>\n\n\n\n<h3 class=\"wp-block-heading has-text-align-center\">Bon voyage ! <br><\/h3>\n\n\n\n<h5 class=\"wp-block-heading has-text-align-center\"><br><\/h5>\n\n\n\n<div class=\"wp-block-columns is-layout-flex wp-container-core-columns-is-layout-9d6595d7 wp-block-columns-is-layout-flex\">\n<div class=\"wp-block-column is-layout-flow wp-block-column-is-layout-flow\">\n<div class=\"wp-block-cover is-light\"><span aria-hidden=\"true\" class=\"wp-block-cover__background has-background-dim\"><\/span><img alt=\"\" loading=\"lazy\" decoding=\"async\" width=\"1824\" height=\"770\" class=\"wp-block-cover__image-background wp-image-2831\" alt=\"\" src=\"https:\/\/wp.unil.ch\/biss\/files\/2022\/08\/Photo-2.jpg\" data-object-fit=\"cover\" srcset=\"https:\/\/wp.unil.ch\/biss\/files\/2022\/08\/Photo-2.jpg 1824w, https:\/\/wp.unil.ch\/biss\/files\/2022\/08\/Photo-2-300x127.jpg 300w, https:\/\/wp.unil.ch\/biss\/files\/2022\/08\/Photo-2-768x324.jpg 768w, https:\/\/wp.unil.ch\/biss\/files\/2022\/08\/Photo-2-1536x648.jpg 1536w, https:\/\/wp.unil.ch\/biss\/files\/2022\/08\/Photo-2-1120x473.jpg 1120w, https:\/\/wp.unil.ch\/biss\/files\/2022\/08\/Photo-2-540x228.jpg 540w, https:\/\/wp.unil.ch\/biss\/files\/2022\/08\/Photo-2-1080x456.jpg 1080w\" sizes=\"auto, (max-width: 1824px) 100vw, 1824px\" \/><div class=\"wp-block-cover__inner-container is-layout-flow wp-block-cover-is-layout-flow\">\n<h2 class=\"wp-block-heading has-text-align-center has-buttons-background-color has-text-color has-large-font-size\"><a href=\"https:\/\/wp.unil.ch\/biss\/rio-de-janeiro\/\" data-type=\"page\" data-id=\"2891\">Rio de Janeiro<\/a><\/h2>\n<\/div><\/div>\n<\/div>\n\n\n\n<div class=\"wp-block-column is-layout-flow wp-block-column-is-layout-flow\">\n<div class=\"wp-block-cover is-light\"><span aria-hidden=\"true\" class=\"wp-block-cover__background has-background-dim\"><\/span><img alt=\"\" loading=\"lazy\" decoding=\"async\" width=\"1723\" height=\"1080\" class=\"wp-block-cover__image-background wp-image-2935\" alt=\"\" src=\"https:\/\/wp.unil.ch\/biss\/files\/2022\/09\/DSC_0971-edited.jpg\" data-object-fit=\"cover\" srcset=\"https:\/\/wp.unil.ch\/biss\/files\/2022\/09\/DSC_0971-edited.jpg 1723w, https:\/\/wp.unil.ch\/biss\/files\/2022\/09\/DSC_0971-edited-300x188.jpg 300w, https:\/\/wp.unil.ch\/biss\/files\/2022\/09\/DSC_0971-edited-768x481.jpg 768w, https:\/\/wp.unil.ch\/biss\/files\/2022\/09\/DSC_0971-edited-1536x963.jpg 1536w, https:\/\/wp.unil.ch\/biss\/files\/2022\/09\/DSC_0971-edited-1120x702.jpg 1120w, https:\/\/wp.unil.ch\/biss\/files\/2022\/09\/DSC_0971-edited-540x338.jpg 540w, https:\/\/wp.unil.ch\/biss\/files\/2022\/09\/DSC_0971-edited-1080x677.jpg 1080w\" sizes=\"auto, (max-width: 1723px) 100vw, 1723px\" \/><div class=\"wp-block-cover__inner-container is-layout-flow wp-block-cover-is-layout-flow\">\n<h2 class=\"wp-block-heading has-text-align-center has-buttons-background-color has-text-color has-large-font-size\"><a href=\"https:\/\/wp.unil.ch\/biss\/bangalore\/\" data-type=\"page\" data-id=\"2940\">Bangalore<\/a><\/h2>\n<\/div><\/div>\n<\/div>\n<\/div>\n","protected":false},"excerpt":{"rendered":"<p>Cette page pr\u00e9sente diff\u00e9rents projets ayant pris place en dehors des murs de l&rsquo;Universit\u00e9, par des membres de l&rsquo;Institut des sciences sociales ou par des \u00e9tudiantes et \u00e9tudiants.&hellip;<\/p>\n","protected":false},"author":1002255,"featured_media":3881,"parent":0,"menu_order":0,"comment_status":"closed","ping_status":"closed","template":"template-full-width-cover.php","meta":{"_seopress_robots_primary_cat":"","_seopress_titles_title":"","_seopress_titles_desc":"","_seopress_robots_index":"","footnotes":""},"class_list":["post-2549","page","type-page","status-publish","has-post-thumbnail"],"_links":{"self":[{"href":"https:\/\/wp.unil.ch\/biss\/wp-json\/wp\/v2\/pages\/2549","targetHints":{"allow":["GET"]}}],"collection":[{"href":"https:\/\/wp.unil.ch\/biss\/wp-json\/wp\/v2\/pages"}],"about":[{"href":"https:\/\/wp.unil.ch\/biss\/wp-json\/wp\/v2\/types\/page"}],"author":[{"embeddable":true,"href":"https:\/\/wp.unil.ch\/biss\/wp-json\/wp\/v2\/users\/1002255"}],"replies":[{"embeddable":true,"href":"https:\/\/wp.unil.ch\/biss\/wp-json\/wp\/v2\/comments?post=2549"}],"version-history":[{"count":0,"href":"https:\/\/wp.unil.ch\/biss\/wp-json\/wp\/v2\/pages\/2549\/revisions"}],"wp:featuredmedia":[{"embeddable":true,"href":"https:\/\/wp.unil.ch\/biss\/wp-json\/wp\/v2\/media\/3881"}],"wp:attachment":[{"href":"https:\/\/wp.unil.ch\/biss\/wp-json\/wp\/v2\/media?parent=2549"}],"curies":[{"name":"wp","href":"https:\/\/api.w.org\/{rel}","templated":true}]}}