{"id":2284,"date":"2022-07-11T12:48:30","date_gmt":"2022-07-11T10:48:30","guid":{"rendered":"https:\/\/wp.unil.ch\/biss\/?page_id=2284"},"modified":"2026-02-08T20:19:40","modified_gmt":"2026-02-08T19:19:40","slug":"grands-enjeux-sociaux-contemporains-gesc","status":"publish","type":"page","link":"https:\/\/wp.unil.ch\/biss\/grands-enjeux-sociaux-contemporains-gesc\/","title":{"rendered":"Grands Enjeux Sociaux Contemporains (GESC)"},"content":{"rendered":"\n<p>Notre \u00e9poque est marqu\u00e9e par d\u2019importants bouleversements. Que l\u2019on pense par exemple \u00e0 la crise sanitaire et \u00e9conomique d\u00e9coulant de la pand\u00e9mie de covid-19, \u00e0 la crise environnementale li\u00e9e au r\u00e9chauffement climatique ou encore \u00e0 la mont\u00e9e de mouvements nationalistes d\u2019extr\u00eame droite, de nombreux enjeux traversent nos soci\u00e9t\u00e9s. L\u2019objectif de ce cours est de se pencher plus pr\u00e9cis\u00e9ment sur les enjeux sociaux des d\u00e9fis contemporains, ce que nous nommerons par la suite les&nbsp;<em>Grands Enjeux Sociaux Contemporains<\/em>&nbsp;(GESC). <\/p>\n\n\n\n<p>Cet enseignement est propos\u00e9 dans le cadre du cursus de Bachelor en sciences sociales \u00e0 l&rsquo;Universit\u00e9 de Lausanne. Il est anim\u00e9 et organis\u00e9 par Andr\u00e9 Berchtold, Francesco Panese et Laetitia Della Bianca. <br><br><\/p>\n\n\n\n<h2 class=\"wp-block-heading\">A la d\u00e9couverte des travaux des \u00e9tudiant\u00b7es<\/h2>\n\n\n\n<p>Cette page vous pr\u00e9sente les travaux r\u00e9alis\u00e9s par les \u00e9tudiant\u00b7es depuis 2021. Ils sont issus de r\u00e9flexions collectives \u00e9labor\u00e9es au cours du semestre, des \u00e9changes avec les intervenant\u00b7es et de leurs travaux de groupes respectifs.<\/p>\n\n\n\n<p>Vous trouvez trois formats de travaux : <\/p>\n\n\n\n<ul class=\"wp-block-list\">\n<li><strong>Les posters r\u00e9alis\u00e9s par les groupes d&rsquo;\u00e9tudiant\u00b7es <\/strong><\/li>\n\n\n\n<li><strong>Des articles r\u00e9dig\u00e9s \u00e9galement par les \u00e9tudiant\u00b7es <\/strong><\/li>\n\n\n\n<li><strong>Des vid\u00e9os des interventions (\u00e0 venir)<\/strong><\/li>\n<\/ul>\n\n\n\n<p><\/p>\n\n\n\n<p>Vous pouvez \u00e9galement retrouver tous les <a href=\"https:\/\/wp.unil.ch\/biss\/tag\/gesc\/\" data-type=\"post_tag\" data-id=\"123\">travaux r\u00e9alis\u00e9s dans le cadre du GESC ici<\/a>, articles, posters et interventions, des ann\u00e9es pr\u00e9c\u00e9dentes.<\/p>\n\n\n\n<div class=\"wp-block-columns is-layout-flex wp-container-core-columns-is-layout-9d6595d7 wp-block-columns-is-layout-flex\">\n<div class=\"wp-block-column is-layout-flow wp-block-column-is-layout-flow\">\n<h2 class=\"wp-block-heading has-text-align-center has-buttons-background-background-color has-background\"><a href=\"https:\/\/wp.unil.ch\/biss\/gesc\/\" data-type=\"page\" data-id=\"1866\">GESC 2021<\/a><\/h2>\n<\/div>\n\n\n\n<div class=\"wp-block-column is-layout-flow wp-block-column-is-layout-flow\">\n<h2 class=\"wp-block-heading has-text-align-center has-buttons-background-background-color has-background\"><a href=\"https:\/\/wp.unil.ch\/biss\/gesc-2022\/\" data-type=\"page\" data-id=\"2282\">GESC 2022<\/a><\/h2>\n<\/div>\n<\/div>\n\n\n\n<div class=\"wp-block-columns is-layout-flex wp-container-core-columns-is-layout-9d6595d7 wp-block-columns-is-layout-flex\">\n<div class=\"wp-block-column is-layout-flow wp-block-column-is-layout-flow\">\n<h2 class=\"wp-block-heading has-text-align-center has-buttons-background-background-color has-background\"><a href=\"https:\/\/wp.unil.ch\/biss\/gesc-2023\/\" data-type=\"page\" data-id=\"3536\">GESC 2023<\/a><\/h2>\n<\/div>\n\n\n\n<div class=\"wp-block-column is-layout-flow wp-block-column-is-layout-flow\">\n<h2 class=\"wp-block-heading has-text-align-center has-buttons-background-background-color has-background\"><a href=\"https:\/\/wp.unil.ch\/biss\/gesc-2024\/\" data-type=\"page\" data-id=\"3536\" target=\"_blank\" rel=\"noreferrer noopener\">GESC 2024<\/a><\/h2>\n<\/div>\n<\/div>\n","protected":false},"excerpt":{"rendered":"<p>Notre \u00e9poque est marqu\u00e9e par d\u2019importants bouleversements. Que l\u2019on pense par exemple \u00e0 la crise sanitaire et \u00e9conomique d\u00e9coulant de la pand\u00e9mie de covid-19, \u00e0 la crise environnementale&hellip;<\/p>\n","protected":false},"author":1002255,"featured_media":3880,"parent":0,"menu_order":0,"comment_status":"closed","ping_status":"closed","template":"template-full-width-cover.php","meta":{"_seopress_robots_primary_cat":"","_seopress_titles_title":"","_seopress_titles_desc":"","_seopress_robots_index":"","footnotes":""},"class_list":["post-2284","page","type-page","status-publish","has-post-thumbnail"],"_links":{"self":[{"href":"https:\/\/wp.unil.ch\/biss\/wp-json\/wp\/v2\/pages\/2284","targetHints":{"allow":["GET"]}}],"collection":[{"href":"https:\/\/wp.unil.ch\/biss\/wp-json\/wp\/v2\/pages"}],"about":[{"href":"https:\/\/wp.unil.ch\/biss\/wp-json\/wp\/v2\/types\/page"}],"author":[{"embeddable":true,"href":"https:\/\/wp.unil.ch\/biss\/wp-json\/wp\/v2\/users\/1002255"}],"replies":[{"embeddable":true,"href":"https:\/\/wp.unil.ch\/biss\/wp-json\/wp\/v2\/comments?post=2284"}],"version-history":[{"count":4,"href":"https:\/\/wp.unil.ch\/biss\/wp-json\/wp\/v2\/pages\/2284\/revisions"}],"predecessor-version":[{"id":6180,"href":"https:\/\/wp.unil.ch\/biss\/wp-json\/wp\/v2\/pages\/2284\/revisions\/6180"}],"wp:featuredmedia":[{"embeddable":true,"href":"https:\/\/wp.unil.ch\/biss\/wp-json\/wp\/v2\/media\/3880"}],"wp:attachment":[{"href":"https:\/\/wp.unil.ch\/biss\/wp-json\/wp\/v2\/media?parent=2284"}],"curies":[{"name":"wp","href":"https:\/\/api.w.org\/{rel}","templated":true}]}}