{"id":223,"date":"2021-05-07T19:50:28","date_gmt":"2021-05-07T17:50:28","guid":{"rendered":"https:\/\/wp.unil.ch\/biss\/?page_id=223"},"modified":"2025-11-16T22:49:29","modified_gmt":"2025-11-16T21:49:29","slug":"notre-equipe","status":"publish","type":"page","link":"https:\/\/wp.unil.ch\/biss\/contact\/notre-equipe\/","title":{"rendered":"Notre \u00e9quipe \u00e9ditoriale"},"content":{"rendered":"\n<p>Notre \u00e9quipe \u00e9ditoriale refl\u00e8te la diversit\u00e9 des disciplines, des th\u00e9matiques, des m\u00e9thodologies investigu\u00e9es \u00e0 l&rsquo;Institut des sciences sociales, autant que les fonctions occup\u00e9es et des expertises propos\u00e9es. <\/p>\n\n\n\n<p>Cette diversit\u00e9 nous permet de garantir une relecture de qualit\u00e9 des travaux pr\u00e9sent\u00e9s par les \u00e9tudiant\u00b7e\u00b7s au moyen des expertises de chacun et chacune. Vous trouverez ici nos sp\u00e9cialisations. <\/p>\n\n\n\n<p><\/p>\n\n\n\n<p><\/p>\n\n\n\n<div class=\"wp-block-columns is-layout-flex wp-container-core-columns-is-layout-9d6595d7 wp-block-columns-is-layout-flex\">\n<div class=\"wp-block-column is-layout-flow wp-block-column-is-layout-flow\" style=\"flex-basis:66.66%\">\n<h4 class=\"wp-block-heading\">Felix B\u00fchlmann<\/h4>\n\n\n\n<p>Felix est professeur associ\u00e9 \u00e0 l&rsquo;Institut des sciences sociales. Il est associ\u00e9 au laboratoire <a href=\"https:\/\/www.unil.ch\/lines\/home.html\">LINES<\/a>. Il est \u00e9galement engag\u00e9 dans des projets de recherche \u00e0 <a href=\"https:\/\/www.centre-lives.ch\/fr\">LIVES<\/a>. <\/p>\n\n\n\n<p>Ses recherches s&rsquo;axent sur la sociologie des parcours de vie, la sociologie \u00e9conomique et la sociologie politique. Il s&rsquo;int\u00e9resse aux \u00e9lites, aux relations de pouvoir, aux classes sociales et au travail, \u00e0 la pr\u00e9carit\u00e9 et aux vuln\u00e9rabilit\u00e9s ainsi qu&rsquo;\u00e0 l&rsquo;\u00e9ducation sup\u00e9rieure. <\/p>\n\n\n\n<p>Il travaille essentiellement au moyen de m\u00e9thodes quantitatives et plus sp\u00e9cifiquement d&rsquo;analyses de s\u00e9quences. <\/p>\n\n\n\n<p><a href=\"https:\/\/applicationspub.unil.ch\/interpub\/noauth\/php\/Un\/UnPers.php?PerNum=1025622&amp;LanCode=37\">Contact<\/a><\/p>\n<\/div>\n\n\n\n<div class=\"wp-block-column is-layout-flow wp-block-column-is-layout-flow\" style=\"flex-basis:33.33%\">\n<figure class=\"wp-block-image size-full is-resized\"><img alt=\"\" loading=\"lazy\" decoding=\"async\" width=\"849\" height=\"1200\" src=\"https:\/\/wp.unil.ch\/biss\/files\/2024\/11\/Felix_1.png\" alt=\"\" class=\"wp-image-5489\" style=\"object-fit:cover;width:168px;height:225px\" srcset=\"https:\/\/wp.unil.ch\/biss\/files\/2024\/11\/Felix_1.png 849w, https:\/\/wp.unil.ch\/biss\/files\/2024\/11\/Felix_1-212x300.png 212w, https:\/\/wp.unil.ch\/biss\/files\/2024\/11\/Felix_1-768x1086.png 768w, https:\/\/wp.unil.ch\/biss\/files\/2024\/11\/Felix_1-540x763.png 540w\" sizes=\"auto, (max-width: 849px) 100vw, 849px\" \/><\/figure>\n<\/div>\n<\/div>\n\n\n\n<div class=\"wp-block-columns is-layout-flex wp-container-core-columns-is-layout-9d6595d7 wp-block-columns-is-layout-flex\">\n<div class=\"wp-block-column is-layout-flow wp-block-column-is-layout-flow\" style=\"flex-basis:33.33%\">\n<figure class=\"wp-block-image size-full is-resized\"><img alt=\"\" loading=\"lazy\" decoding=\"async\" width=\"428\" height=\"571\" src=\"https:\/\/wp.unil.ch\/biss\/files\/2023\/09\/MCHOLLET_Photo-1-edited-1.png\" alt=\"\" class=\"wp-image-3855\" style=\"width:168px;height:225px\" srcset=\"https:\/\/wp.unil.ch\/biss\/files\/2023\/09\/MCHOLLET_Photo-1-edited-1.png 428w, https:\/\/wp.unil.ch\/biss\/files\/2023\/09\/MCHOLLET_Photo-1-edited-1-225x300.png 225w\" sizes=\"auto, (max-width: 428px) 100vw, 428px\" \/><\/figure>\n<\/div>\n\n\n\n<div class=\"wp-block-column is-layout-flow wp-block-column-is-layout-flow\" style=\"flex-basis:66.66%\">\n<h4 class=\"wp-block-heading\">Manon Chollet <\/h4>\n\n\n\n<p>Manon est doctorante \u00e0 l&rsquo;Institut des Sciences sociales et est associ\u00e9e au Centre d&rsquo;\u00e9tudes de genres (<a href=\"https:\/\/www.unil.ch\/ceg\/fr\/home.html\">CEG<\/a>) ainsi qu&rsquo;au Laboratoire d&rsquo;\u00e9tudes des sciences et des techniques (<a href=\"https:\/\/www.unil.ch\/stslab\/fr\/home.html\">STS Lab<\/a>).<\/p>\n\n\n\n<p>Ses recherches portent sur la sociologie des discriminations dans les domaines de la sant\u00e9 et du logement. Pour ce faire, Manon utilise des m\u00e9thodes ethnographiques, des observations participantes et des entretiens.<\/p>\n\n\n\n<p>En parall\u00e8le, Manon est animatrice scientifique \u00e0 l&rsquo;\u00c9prouvette, le <a href=\"https:\/\/www.unil.ch\/scms\/fr\/home.html\">Service Culture et M\u00e9diation scientifique de l&rsquo;UNIL<\/a>.<\/p>\n<\/div>\n<\/div>\n\n\n\n<div class=\"wp-block-columns is-layout-flex wp-container-core-columns-is-layout-9d6595d7 wp-block-columns-is-layout-flex\">\n<div class=\"wp-block-column is-layout-flow wp-block-column-is-layout-flow\" style=\"flex-basis:66.66%\">\n<h4 class=\"wp-block-heading\">C\u00e9lia De Pietro<\/h4>\n\n\n\n<p>C\u00e9lia est assistante dipl\u00f4m\u00e9e \u00e0 l&rsquo;Institut des sciences sociales et est li\u00e9e au Laboratoire Th\u00e9orie sociale, enqu\u00eate critique, mediations, action publique (<a href=\"https:\/\/www.unil.ch\/thema\/fr\/home.html\">THEMA<\/a>).<\/p>\n\n\n\n<p>Elle travaille en sociologie politique, en sociologie des \u00e9motions et en sociologie des mouvements sociaux. Elle s&rsquo;int\u00e9resse au militantisme, et plus sp\u00e9cifiquement \u00e0 la constitution et au maintien des collectifs, \u00e0 l&rsquo;apprentissage de postures \u00e9motionnelles et \u00e0 la circulation es \u00e9motions. <\/p>\n\n\n\n<p>Les m\u00e9thodes qualitatives sont mobilis\u00e9es sur ses terrains d&rsquo;enqu\u00eate, telles que l&rsquo;ethnographie et l&rsquo;autoethnographie, l&rsquo;observation participante, les focus group et les entretiens individuels. <\/p>\n<\/div>\n\n\n\n<div class=\"wp-block-column is-layout-flow wp-block-column-is-layout-flow\" style=\"flex-basis:33.33%\">\n<figure class=\"wp-block-image size-full is-resized\"><img alt=\"\" loading=\"lazy\" decoding=\"async\" width=\"677\" height=\"906\" src=\"https:\/\/wp.unil.ch\/biss\/files\/2021\/09\/IMG_1597-edited.jpg\" alt=\"\" class=\"wp-image-984\" style=\"object-fit:cover;width:168px;height:225px\" srcset=\"https:\/\/wp.unil.ch\/biss\/files\/2021\/09\/IMG_1597-edited.jpg 677w, https:\/\/wp.unil.ch\/biss\/files\/2021\/09\/IMG_1597-edited-224x300.jpg 224w, https:\/\/wp.unil.ch\/biss\/files\/2021\/09\/IMG_1597-edited-540x723.jpg 540w\" sizes=\"auto, (max-width: 677px) 100vw, 677px\" \/><\/figure>\n<\/div>\n<\/div>\n\n\n\n<div class=\"wp-block-columns is-layout-flex wp-container-core-columns-is-layout-9d6595d7 wp-block-columns-is-layout-flex\">\n<div class=\"wp-block-column is-layout-flow wp-block-column-is-layout-flow\" style=\"flex-basis:33.33%\">\n<figure class=\"wp-block-image size-full is-resized\"><img alt=\"\" loading=\"lazy\" decoding=\"async\" width=\"849\" height=\"1200\" src=\"https:\/\/wp.unil.ch\/biss\/files\/2024\/11\/Marc_1.png\" alt=\"\" class=\"wp-image-5492\" style=\"object-fit:cover;width:168px;height:225px\" srcset=\"https:\/\/wp.unil.ch\/biss\/files\/2024\/11\/Marc_1.png 849w, https:\/\/wp.unil.ch\/biss\/files\/2024\/11\/Marc_1-212x300.png 212w, https:\/\/wp.unil.ch\/biss\/files\/2024\/11\/Marc_1-768x1086.png 768w, https:\/\/wp.unil.ch\/biss\/files\/2024\/11\/Marc_1-540x763.png 540w\" sizes=\"auto, (max-width: 849px) 100vw, 849px\" \/><\/figure>\n<\/div>\n\n\n\n<div class=\"wp-block-column is-layout-flow wp-block-column-is-layout-flow\" style=\"flex-basis:66.66%\">\n<h4 class=\"wp-block-heading\">Marc Perrenoud<\/h4>\n\n\n\n<p>Marc est Ma\u00eetre d\u2019enseignement et de recherche \u00e0 l\u2019Institut des sciences sociales, membre du Laboratoire capitalisme, culture et soci\u00e9t\u00e9 (<a href=\"https:\/\/www.unil.ch\/laccus\/fr\/home.html\">LACCUS<\/a>).<\/p>\n\n\n\n<p>Ses recherches portent notamment sur le travail artistique et artisanal, sur l\u2019id\u00e9ologie manag\u00e9riale et entrepreneuriale, et les interactions au travail. Il enqu\u00eate principalement au moyen de m\u00e9thodes ethnographiques, observation et entretiens.<\/p>\n<\/div>\n<\/div>\n\n\n\n<div class=\"wp-block-columns is-layout-flex wp-container-core-columns-is-layout-9d6595d7 wp-block-columns-is-layout-flex\">\n<div class=\"wp-block-column is-layout-flow wp-block-column-is-layout-flow\" style=\"flex-basis:66.66%\">\n<h4 class=\"wp-block-heading\">Chlo\u00e9 Schaer<\/h4>\n\n\n\n<p>Chlo\u00e9 est assistante dipl\u00f4m\u00e9e \u00e0 l\u2019Institut des sciences sociales et rattach\u00e9e au Laboratoire d\u2019\u00e9tudes des sciences et des techniques (<a href=\"https:\/\/www.unil.ch\/stslab\/fr\/home.html\">STS Lab<\/a>).<\/p>\n\n\n\n<p>Ses recherches s\u2019inscrivent dans le domaine des sciences sociales de la m\u00e9decine et de la sant\u00e9, ainsi qu\u2019en \u00e9tudes genre. Elle s\u2019int\u00e9resse aux prises en charge gyn\u00e9cologiques et aux trajectoires th\u00e9rapeutiques associ\u00e9es \u00e0 des pathologies sp\u00e9cifiques.&nbsp;<\/p>\n\n\n\n<p>Pour ce faire, Chlo\u00e9 mobilise les m\u00e9thodes qualitatives telles que les entretiens, l\u2019observation participante et l\u2019ethnographie hospitali\u00e8re.&nbsp;<\/p>\n<\/div>\n\n\n\n<div class=\"wp-block-column is-layout-flow wp-block-column-is-layout-flow\" style=\"flex-basis:33.33%\">\n<figure class=\"wp-block-image size-full is-resized\"><img alt=\"\" loading=\"lazy\" decoding=\"async\" width=\"662\" height=\"995\" src=\"https:\/\/wp.unil.ch\/biss\/files\/2025\/11\/photo-chloe-edited-4.jpg\" alt=\"\" class=\"wp-image-6050\" style=\"width:148px;height:auto\" srcset=\"https:\/\/wp.unil.ch\/biss\/files\/2025\/11\/photo-chloe-edited-4.jpg 662w, https:\/\/wp.unil.ch\/biss\/files\/2025\/11\/photo-chloe-edited-4-200x300.jpg 200w, https:\/\/wp.unil.ch\/biss\/files\/2025\/11\/photo-chloe-edited-4-540x812.jpg 540w\" sizes=\"auto, (max-width: 662px) 100vw, 662px\" \/><\/figure>\n<\/div>\n<\/div>\n\n\n\n<h2 class=\"wp-block-heading\">Anciens membres du comit\u00e9 <\/h2>\n\n\n\n<ul class=\"wp-block-list\">\n<li>Alice Brodard<\/li>\n\n\n\n<li>Gladys Robert<\/li>\n\n\n\n<li>C\u00e9cile Mathou<\/li>\n\n\n\n<li>Maud Reveilhac<\/li>\n\n\n\n<li>Elena Kordo<\/li>\n\n\n\n<li>Carla Vaucher<\/li>\n\n\n\n<li>Anne-Christine Tr\u00e9mon<\/li>\n\n\n\n<li>Cl\u00e9olia Sabot<\/li>\n\n\n\n<li>Marie Reynard<\/li>\n\n\n\n<li>Christina Gy\u00f6rk\u00f6s<\/li>\n\n\n\n<li>Michael Cordey<\/li>\n\n\n\n<li>Carole Christe<\/li>\n\n\n\n<li>Louanne Biancaniello<\/li>\n<\/ul>\n\n\n\n<p><\/p>\n","protected":false},"excerpt":{"rendered":"<p>Notre \u00e9quipe \u00e9ditoriale refl\u00e8te la diversit\u00e9 des disciplines, des th\u00e9matiques, des m\u00e9thodologies investigu\u00e9es \u00e0 l&rsquo;Institut des sciences sociales, autant que les fonctions occup\u00e9es et des expertises propos\u00e9es. Cette&hellip;<\/p>\n","protected":false},"author":1002255,"featured_media":3902,"parent":172,"menu_order":0,"comment_status":"closed","ping_status":"closed","template":"template-full-width-cover.php","meta":{"_seopress_robots_primary_cat":"","_seopress_titles_title":"","_seopress_titles_desc":"","_seopress_robots_index":"","footnotes":""},"class_list":["post-223","page","type-page","status-publish","has-post-thumbnail"],"_links":{"self":[{"href":"https:\/\/wp.unil.ch\/biss\/wp-json\/wp\/v2\/pages\/223","targetHints":{"allow":["GET"]}}],"collection":[{"href":"https:\/\/wp.unil.ch\/biss\/wp-json\/wp\/v2\/pages"}],"about":[{"href":"https:\/\/wp.unil.ch\/biss\/wp-json\/wp\/v2\/types\/page"}],"author":[{"embeddable":true,"href":"https:\/\/wp.unil.ch\/biss\/wp-json\/wp\/v2\/users\/1002255"}],"replies":[{"embeddable":true,"href":"https:\/\/wp.unil.ch\/biss\/wp-json\/wp\/v2\/comments?post=223"}],"version-history":[{"count":5,"href":"https:\/\/wp.unil.ch\/biss\/wp-json\/wp\/v2\/pages\/223\/revisions"}],"predecessor-version":[{"id":6051,"href":"https:\/\/wp.unil.ch\/biss\/wp-json\/wp\/v2\/pages\/223\/revisions\/6051"}],"up":[{"embeddable":true,"href":"https:\/\/wp.unil.ch\/biss\/wp-json\/wp\/v2\/pages\/172"}],"wp:featuredmedia":[{"embeddable":true,"href":"https:\/\/wp.unil.ch\/biss\/wp-json\/wp\/v2\/media\/3902"}],"wp:attachment":[{"href":"https:\/\/wp.unil.ch\/biss\/wp-json\/wp\/v2\/media?parent=223"}],"curies":[{"name":"wp","href":"https:\/\/api.w.org\/{rel}","templated":true}]}}