{"id":2135,"date":"2022-05-04T12:41:22","date_gmt":"2022-05-04T10:41:22","guid":{"rendered":"https:\/\/wp.unil.ch\/biss\/?page_id=2135"},"modified":"2025-04-28T16:13:18","modified_gmt":"2025-04-28T14:13:18","slug":"un-jeu-serieux","status":"publish","type":"page","link":"https:\/\/wp.unil.ch\/biss\/archives\/un-jeu-serieux\/","title":{"rendered":"Un jeu s\u00e9rieux"},"content":{"rendered":"\n<h2 class=\"has-accent-color has-text-color wp-block-heading\">Un jeu s\u00e9rieux <\/h2>\n\n\n\n<p>Au cours du semestre, les \u00e9tudiant\u00b7es se sont engag\u00e9\u00b7es dans un processus d\u2019acquisition des arts de la sc\u00e8ne et un travail ethnographique dans le cadre de l&rsquo;atelier \u00ab\u00a0Ethnographie du travail artistique\u00a0\u00bb. <\/p>\n\n\n\n<p>En d\u00e9coule le spectacle <em>Un jeu s\u00e9rieux<\/em> sur la th\u00e9matique des relations amoureuses.&nbsp;Le spectacle est r\u00e9alis\u00e9 en collaboration avec les intervenant\u00b7es de l\u2019atelier, sous la direction artistique de Marc Perrenoud et Pierre-Emmanuel Sorignet.<\/p>\n\n\n\n<p>La deuxi\u00e8me partie du spectacle est un extrait du duo\u00a0<em>Vacarmes 2+1<\/em>\u00a0par Pierre-Emmanuel Sorignet et Anne Foucher autour de ces th\u00e9matiques.<\/p>\n\n\n\n<p><\/p>\n\n\n\n<figure class=\"wp-block-embed is-type-video is-provider-youtube wp-block-embed-youtube wp-embed-aspect-16-9 wp-has-aspect-ratio\"><div class=\"wp-block-embed__wrapper\">\n<iframe loading=\"lazy\" title=\"Teaser - Un jeu s\u00e9rieux\" width=\"580\" height=\"326\" src=\"https:\/\/www.youtube.com\/embed\/kCGNsS-01kI?feature=oembed\" frameborder=\"0\" allow=\"accelerometer; autoplay; clipboard-write; encrypted-media; gyroscope; picture-in-picture; web-share\" referrerpolicy=\"strict-origin-when-cross-origin\" allowfullscreen><\/iframe>\n<\/div><\/figure>\n\n\n\n<h2 class=\"has-accent-color has-text-color wp-block-heading\"><br>Informations pratiques <\/h2>\n\n\n\n<p><strong>Repr\u00e9sentations&nbsp;: <\/strong><\/p>\n\n\n\n<ul class=\"wp-block-list\">\n<li>A la Grange : samedi <strong>4 juin \u00e0 20h<\/strong> et dimanche <strong>5 juin \u00e0 17h<\/strong><br><\/li>\n\n\n\n<li>A l&rsquo;Usine \u00e0 Gaz : mardi <strong>7 juin<\/strong> et mercredi <strong>8 juin<\/strong> \u00e0<strong> 19h<\/strong><\/li>\n<\/ul>\n\n\n\n<p><\/p>\n\n\n\n<p><strong>Dur\u00e9e du spectacle&nbsp;:<\/strong> 1h15<\/p>\n\n\n\n<p><\/p>\n\n\n\n<h2 class=\"has-accent-color has-text-color wp-block-heading\">R\u00e9alisation<\/h2>\n\n\n\n<p><strong>Chor\u00e9graphie&nbsp;:<\/strong> Pierre-Emmanuel Sorignet<\/p>\n\n\n\n<p><strong>Cr\u00e9ation musicale&nbsp;: <\/strong>Marc Perrenoud<\/p>\n\n\n\n<p><strong>Cr\u00e9ation lumi\u00e8re&nbsp;:<\/strong> Damiano Foa<\/p>\n\n\n\n<p><strong>Assistanat&nbsp;: <\/strong>Carole Christe et Robin Casse<\/p>\n\n\n\n<p><strong>Interpr\u00e8tes&nbsp;: <\/strong>les \u00e9tudiant\u00b7es de l\u2019atelier du Master : Alexis&nbsp;Alcaras, Allison&nbsp;Castanoisla, Amelia&nbsp;Libeau-Dulos, Caroline Voisin, Charlotte&nbsp;Barberis, Cinzia&nbsp;Chiesa, Clara Mayer, Clo\u00e9&nbsp;Vianin, Estelle&nbsp;Rothlisberger, Filippo&nbsp;Bozzini, Fiona Faggioni, Ines&nbsp;Ferrera&nbsp;Martiniano, Julien Vaudroz, Lara Liard, Lucie Libois, Manon Chollet, Maya&nbsp;Cherix, Monika&nbsp;Svirtinova, Sandrine&nbsp;Gatta, Sarah&nbsp;Pascalis, St\u00e9phane Huber, Thomas&nbsp;D\u00e9fago<\/p>\n\n\n\n<p><strong>Communication<\/strong> <strong>:<\/strong> Caroline Voisin, Charlotte Barberis, Lara Liard, Lucie Libois, Sarah Pascalis. Sous la supervision de Cl\u00e9olia Sabot, responsable communication ISS<\/p>\n\n\n<div class=\"wp-block-image\">\n<figure class=\"aligncenter size-full is-resized\"><img alt=\"\" loading=\"lazy\" decoding=\"async\" src=\"https:\/\/wp.unil.ch\/biss\/files\/2022\/05\/Unjeuserieux-FINAL.jpg\" alt=\"\" class=\"wp-image-2164\" width=\"495\" height=\"708\" srcset=\"https:\/\/wp.unil.ch\/biss\/files\/2022\/05\/Unjeuserieux-FINAL.jpg 838w, https:\/\/wp.unil.ch\/biss\/files\/2022\/05\/Unjeuserieux-FINAL-210x300.jpg 210w, https:\/\/wp.unil.ch\/biss\/files\/2022\/05\/Unjeuserieux-FINAL-768x1100.jpg 768w, https:\/\/wp.unil.ch\/biss\/files\/2022\/05\/Unjeuserieux-FINAL-540x773.jpg 540w\" sizes=\"auto, (max-width: 495px) 100vw, 495px\" \/><\/figure>\n<\/div>","protected":false},"excerpt":{"rendered":"<p>Un jeu s\u00e9rieux Au cours du semestre, les \u00e9tudiant\u00b7es se sont engag\u00e9\u00b7es dans un processus d\u2019acquisition des arts de la sc\u00e8ne et un travail ethnographique dans le cadre&hellip;<\/p>\n","protected":false},"author":1002255,"featured_media":2142,"parent":3773,"menu_order":0,"comment_status":"closed","ping_status":"closed","template":"template-full-width-cover.php","meta":{"_seopress_robots_primary_cat":"","_seopress_titles_title":"","_seopress_titles_desc":"","_seopress_robots_index":"","footnotes":""},"class_list":["post-2135","page","type-page","status-publish","has-post-thumbnail"],"_links":{"self":[{"href":"https:\/\/wp.unil.ch\/biss\/wp-json\/wp\/v2\/pages\/2135","targetHints":{"allow":["GET"]}}],"collection":[{"href":"https:\/\/wp.unil.ch\/biss\/wp-json\/wp\/v2\/pages"}],"about":[{"href":"https:\/\/wp.unil.ch\/biss\/wp-json\/wp\/v2\/types\/page"}],"author":[{"embeddable":true,"href":"https:\/\/wp.unil.ch\/biss\/wp-json\/wp\/v2\/users\/1002255"}],"replies":[{"embeddable":true,"href":"https:\/\/wp.unil.ch\/biss\/wp-json\/wp\/v2\/comments?post=2135"}],"version-history":[{"count":1,"href":"https:\/\/wp.unil.ch\/biss\/wp-json\/wp\/v2\/pages\/2135\/revisions"}],"predecessor-version":[{"id":5733,"href":"https:\/\/wp.unil.ch\/biss\/wp-json\/wp\/v2\/pages\/2135\/revisions\/5733"}],"up":[{"embeddable":true,"href":"https:\/\/wp.unil.ch\/biss\/wp-json\/wp\/v2\/pages\/3773"}],"wp:featuredmedia":[{"embeddable":true,"href":"https:\/\/wp.unil.ch\/biss\/wp-json\/wp\/v2\/media\/2142"}],"wp:attachment":[{"href":"https:\/\/wp.unil.ch\/biss\/wp-json\/wp\/v2\/media?parent=2135"}],"curies":[{"name":"wp","href":"https:\/\/api.w.org\/{rel}","templated":true}]}}