{"id":209,"date":"2021-05-07T19:07:56","date_gmt":"2021-05-07T17:07:56","guid":{"rendered":"https:\/\/wp.unil.ch\/biss\/?page_id=209"},"modified":"2025-11-25T16:39:49","modified_gmt":"2025-11-25T15:39:49","slug":"participer","status":"publish","type":"page","link":"https:\/\/wp.unil.ch\/biss\/contact\/participer\/","title":{"rendered":"Pour les auteur\u00b7ices"},"content":{"rendered":"\n<p>Vous \u00eates d\u00e9sireux\u00b7ses de partager vos travaux de recherche r\u00e9alis\u00e9s dans le cadre de votre cursus en sciences sociales ?&nbsp;<strong>Vous souhaitez contribuer \u00e0 un espace de r\u00e9flexion, de recherche et d\u2019\u00e9changes sur des questions contemporaines de soci\u00e9t\u00e9 ?<\/strong><\/p>\n\n\n\n<h2 class=\"wp-block-heading\">Concept<\/h2>\n\n\n\n<p>BISS, le Blog de l\u2019Institut des Sciences sociales, est l\u00e0 pour vous offrir cette opportunit\u00e9. Nous sommes soucieuses et soucieux de faire&nbsp;<strong>communiquer nos \u00e9tudiant\u00b7es sur leurs travaux, d\u2019ouvrir les portes des sciences sociales de l\u2019UNIL \u00e0 la Cit\u00e9 et de valoriser notre et votre travail,&nbsp;<\/strong>tant p\u00e9dagogique que de recherche \u00e0 nos partenaires.&nbsp;Il s&rsquo;agit d&rsquo;un blog participatif et en constante \u00e9volution. Tou\u00b7te\u00b7s les \u00e9tudiant\u00b7e\u00b7s en sciences sociales <strong>peuvent proposer un article ou des ressources, <\/strong>telles que des podcasts, \u00e9missions, vid\u00e9os, comptes sur les r\u00e9seaux sociaux et autres films ou s\u00e9rieuses. <\/p>\n\n\n\n<p>Pour cela, r\u00e9digez un article sur une&nbsp;<strong>question sociale, politique, m\u00e9thodologique, \u00e9thique ou autre r\u00e9flexion pertinente<\/strong>. Chaque \u00e9tudiant et \u00e9tudiante en sciences sociale peut soumettre un ou plusieurs articles \u00e0 publier sur le blog, en s\u2019inspirant notamment des travaux r\u00e9alis\u00e9s dans le cadre de ses cours ou s\u00e9minaires. N\u2019h\u00e9sitez pas \u00e0 solliciter vos&nbsp;<strong>enseignant\u00b7e\u00b7s<\/strong>&nbsp;respectif\u00b7ve\u00b7s pour tout conseil de r\u00e9daction ou de choix th\u00e9matique.<\/p>\n\n\n\n<p>Celui-ci doit simplement respecter les\u00a0<strong>lignes \u00e9ditoriales<\/strong>\u00a0d\u00e9finies ci-dessous. La marche \u00e0 suivre est \u00e9galement d\u00e9crite pour soumettre votre article. Il sera ensuite\u00a0<strong>r\u00e9vis\u00e9<\/strong>\u00a0par notre \u00e9quipe avant d\u2019\u00eatre publi\u00e9. Pour toute question, n\u2019h\u00e9sitez pas \u00e0\u00a0<a href=\"biss@unil.ch\" data-type=\"link\" data-id=\"biss@unil.ch\">nous contacter<\/a>.<\/p>\n\n\n\n<p><strong>Afin de respecter le travail de notre \u00e9quipe \u00e9ditoriale, nous vous remercions de vous engager jusqu&rsquo;\u00e0 la fin du processus de r\u00e9vision et de publication d\u00e8s la soumission d&rsquo;un article. <\/strong><\/p>\n\n\n\n<figure class=\"wp-block-pullquote\"><blockquote><p><strong><em>Lancez-vous !<\/em><\/strong><\/p><\/blockquote><\/figure>\n\n\n\n<h2 class=\"wp-block-heading has-primary-color has-text-color\">Style r\u00e9dactionnel <\/h2>\n\n\n\n<p>Pour la r\u00e9daction de vos articles, nous encourageons vivement une <strong>\u00e9criture directe<\/strong>. Si vous avez bien d\u00fb vous confronter et conformer \u00e0 l&rsquo;extr\u00eame rigueur de la r\u00e9daction d&rsquo;un article scientifique dans le cadre de vos cours &#8211; dont est peut-\u00eatre issu votre travail, la r\u00e9daction d&rsquo;un article de blog est tout autre. <br><br>L&rsquo;id\u00e9e est de r\u00e9duire l&rsquo;espace donn\u00e9 \u00e0 l&rsquo;administration de la preuve, et d&rsquo;aller rapidement \u00e0 l&rsquo;essentiel de votre argumentation, tout en la documentant. Un post de blog peut se permettre<strong> certaines libert\u00e9s et une \u00e9criture tr\u00e8s directe, qui n\u2019en sera que plus vivante et permettra d\u2019atteindre un lectorat vari\u00e9.<\/strong><br><br>Par exemple, des formules telles que \u00ab\u00a0nous avons \u00e9tudi\u00e9\u00a0\u00bb, \u00ab\u00a0nous nous questionnons\u00a0\u00bb, \u00ab\u00a0XX appara\u00eet comme\u00a0\u00bb, \u00ab\u00a0XY s&rsquo;av\u00e8re \u00eatre\u00a0\u00bb ne sont pas n\u00e9cessaires. <br><\/p>\n\n\n\n<h2 class=\"wp-block-heading\">Conditions \u00e9thiques de publication <\/h2>\n\n\n\n<p>Si les articles reposent sur un travail empirique impliquant des personnes celles-ci doivent avoir donn\u00e9 leur consentement apr\u00e8s avoir \u00e9t\u00e9 d\u00fbment inform\u00e9es sur les buts de la recherche ainsi que sur la politique de confidentialit\u00e9 de ses responsables (anonymisation ou non des donn\u00e9es, utilisation de citations dans les publications, etc.).<\/p>\n\n\n\n<p>Si l\u2019article contient des informations permettant de reconna\u00eetre des participant\u00b7e\u00b7s de mani\u00e8re directe, indirecte, seules ou en combinaison, les personnes concern\u00e9es doivent avoir donn\u00e9 leur accord. Notez qu\u2019il peut \u00eatre tr\u00e8s simple de reconna\u00eetre quelqu\u2019un sur la base d\u2019informations simples (citations, emploi, \u00e2ge, genre, etc.).<\/p>\n\n\n\n<p>En cas de doute, nous invitons les auteur\u00b7e\u00b7s \u00e0 privil\u00e9gier des strat\u00e9gies d\u2019\u00e9criture permettant une anonymisation totale des participant\u00b7e\u00b7s&nbsp;: paraphrase des citations, recours \u00e0 des pseudonymes et hyperonymes, etc.<\/p>\n\n\n\n<p><\/p>\n\n\n\n<h2 class=\"wp-block-heading\">Directives de soumission d&rsquo;un article <\/h2>\n\n\n\n<ol id=\"block-2eaf4680-9a41-43d1-9eb2-8a5f923f89f3\" class=\"wp-block-list\">\n<li>Consultez et t\u00e9l\u00e9chargez le&nbsp;<strong>canevas<\/strong>&nbsp;de soumission d\u2019un article ci-dessous.<\/li>\n\n\n\n<li>Respectez&nbsp;<strong>l\u2019organisation<\/strong>&nbsp;du canevas et indiquez l\u2019ensemble des&nbsp;<strong>informations<\/strong>&nbsp;sur le document au&nbsp;<strong>format Word<\/strong>&nbsp;(pas de PDF).<\/li>\n\n\n\n<li>L\u2019article complet doit compter entre&nbsp;<strong>1000 et 1300 mots<\/strong>&nbsp;et l\u2019ensemble des&nbsp;<strong>informations obligatoires<\/strong>&nbsp;(cases grises) doit \u00eatre rempli.<\/li>\n\n\n\n<li>&nbsp;L\u2019article ne doit pas \u00eatre plagi\u00e9 et doit comporter des&nbsp;<strong>citations<\/strong>&nbsp;correctes. Les <strong>r\u00e9f\u00e9rences<\/strong> sont indiqu\u00e9es en notes de bas de page et non entre parenth\u00e8ses (normes APA dans la litt\u00e9rature cit\u00e9e en bas de page). Vous trouverez les normes de citation APA <a href=\"https:\/\/www.scribbr.fr\/normes-apa\/bibliographie-aux-normes-apa\/\">sur ce site<\/a>. Merci d&rsquo;indiquer le pr\u00e9nom de l&rsquo;auteur-ice en entier. <\/li>\n\n\n\n<li>Nous recommandons et encourageons vivement l&rsquo;utilisation de<strong> l&rsquo;\u00e9criture inclusive et\/ou \u00e9pic\u00e8ne<\/strong>. Les points m\u00e9dians sont le format souhait\u00e9 pour les accords f\u00e9minins et pluriels (\u00b7e\u00b7s ou \u00b7es).<\/li>\n\n\n\n<li>\u00a0<strong>Soumettez<\/strong>\u00a0ce document pour publication au blog \u00e0\u00a0<strong><a href=\"biss@unil.ch\"><strong>biss@unil.ch<\/strong><\/a><\/strong>\u00a0\u2013 Indiquez \u00ab Soumission article BISS \u00bb comme objet de votre courriel.\u00a0<\/li>\n\n\n\n<li>Notre&nbsp;<strong>\u00e9quipe \u00e9ditoriale relira attentivement votre travail et vous soumettra une r\u00e9vision dans un d\u00e9lai d\u2019environ 2 semaines<\/strong>. Elle vous retournera votre travail pour correction par courriel.&nbsp;<\/li>\n\n\n\n<li>Une fois les derni\u00e8res corrections r\u00e9alis\u00e9es,&nbsp;<strong>renvoyez votre travail final \u00e0 votre relecteur\u00b7ice.&nbsp;<\/strong><\/li>\n\n\n\n<li>Une fois valid\u00e9 par votre relecteur\u00b7ice, il sera&nbsp;<strong>publi\u00e9<\/strong>&nbsp;sur BISS dans un d\u00e9lai de 5 jours.&nbsp;<\/li>\n\n\n\n<li>Notre \u00e9quipe \u00e9ditoriale et de relecture se r\u00e9serve le droit d\u2019apporter les modifications n\u00e9cessaires (titres, sous-titres ou paragraphes)&nbsp;<strong>sans alt\u00e9rer le sens ni le message que l\u2019article cherche \u00e0 transmettre.<\/strong><\/li>\n\n\n\n<li>Afin de respecter le travail de notre \u00e9quipe \u00e9ditoriale, nous vous remercions de <strong>vous engager jusqu&rsquo;\u00e0 la fin du processus de r\u00e9vision et de publication d\u00e8s la soumission d&rsquo;un article. <\/strong><\/li>\n<\/ol>\n\n\n\n<div class=\"wp-block-file\"><a id=\"wp-block-file--media-d4d64a81-e9b9-4fd7-a231-0b538afd988c\" href=\"https:\/\/wp.unil.ch\/biss\/files\/2025\/11\/canevas_article_biss.docx\">Canevas pour soumission d\u2019un article sur le BISS<\/a><a href=\"https:\/\/wp.unil.ch\/biss\/files\/2025\/11\/canevas_article_biss.docx\" class=\"wp-block-file__button wp-element-button\" download aria-describedby=\"wp-block-file--media-d4d64a81-e9b9-4fd7-a231-0b538afd988c\">T\u00e9l\u00e9charger<\/a><\/div>\n\n\n\n<p><br>\u00a9 Illustration : Andrea Piacquadio, pexels.com<br><\/p>\n","protected":false},"excerpt":{"rendered":"<p>Vous \u00eates d\u00e9sireux\u00b7ses de partager vos travaux de recherche r\u00e9alis\u00e9s dans le cadre de votre cursus en sciences sociales ?&nbsp;Vous souhaitez contribuer \u00e0 un espace de r\u00e9flexion, de&hellip;<\/p>\n","protected":false},"author":1002255,"featured_media":3896,"parent":172,"menu_order":0,"comment_status":"closed","ping_status":"closed","template":"template-full-width-cover.php","meta":{"_seopress_robots_primary_cat":"","_seopress_titles_title":"","_seopress_titles_desc":"","_seopress_robots_index":"","footnotes":""},"class_list":["post-209","page","type-page","status-publish","has-post-thumbnail"],"_links":{"self":[{"href":"https:\/\/wp.unil.ch\/biss\/wp-json\/wp\/v2\/pages\/209","targetHints":{"allow":["GET"]}}],"collection":[{"href":"https:\/\/wp.unil.ch\/biss\/wp-json\/wp\/v2\/pages"}],"about":[{"href":"https:\/\/wp.unil.ch\/biss\/wp-json\/wp\/v2\/types\/page"}],"author":[{"embeddable":true,"href":"https:\/\/wp.unil.ch\/biss\/wp-json\/wp\/v2\/users\/1002255"}],"replies":[{"embeddable":true,"href":"https:\/\/wp.unil.ch\/biss\/wp-json\/wp\/v2\/comments?post=209"}],"version-history":[{"count":4,"href":"https:\/\/wp.unil.ch\/biss\/wp-json\/wp\/v2\/pages\/209\/revisions"}],"predecessor-version":[{"id":6122,"href":"https:\/\/wp.unil.ch\/biss\/wp-json\/wp\/v2\/pages\/209\/revisions\/6122"}],"up":[{"embeddable":true,"href":"https:\/\/wp.unil.ch\/biss\/wp-json\/wp\/v2\/pages\/172"}],"wp:featuredmedia":[{"embeddable":true,"href":"https:\/\/wp.unil.ch\/biss\/wp-json\/wp\/v2\/media\/3896"}],"wp:attachment":[{"href":"https:\/\/wp.unil.ch\/biss\/wp-json\/wp\/v2\/media?parent=209"}],"curies":[{"name":"wp","href":"https:\/\/api.w.org\/{rel}","templated":true}]}}