{"id":172,"date":"2021-05-07T18:04:24","date_gmt":"2021-05-07T16:04:24","guid":{"rendered":"https:\/\/wp.unil.ch\/biss\/?page_id=172"},"modified":"2025-11-25T16:42:15","modified_gmt":"2025-11-25T15:42:15","slug":"contact","status":"publish","type":"page","link":"https:\/\/wp.unil.ch\/biss\/contact\/","title":{"rendered":"Informations et contact"},"content":{"rendered":"\n<h2 class=\"wp-block-heading\">Informations <\/h2>\n\n\n\n<div class=\"wp-block-columns is-layout-flex wp-container-core-columns-is-layout-9d6595d7 wp-block-columns-is-layout-flex\">\n<div class=\"wp-block-column is-layout-flow wp-block-column-is-layout-flow\" style=\"flex-basis:66.66%\">\n<blockquote class=\"wp-block-quote is-layout-flow wp-block-quote-is-layout-flow\">\n<p><em>Vous \u00eates vous d\u00e9j\u00e0 retrouv\u00e9\u00b7e \u00e0 un repas de famille ou entre amis, bien emb\u00eat\u00e9\u00b7e devant la difficult\u00e9 de d\u00e9crire ce que vous \u00e9tudiez en sciences sociales ?<\/em><\/p>\n<\/blockquote>\n<\/div>\n\n\n\n<div class=\"wp-block-column is-layout-flow wp-block-column-is-layout-flow\" style=\"flex-basis:33.33%\"><\/div>\n<\/div>\n\n\n\n<div class=\"wp-block-columns is-layout-flex wp-container-core-columns-is-layout-9d6595d7 wp-block-columns-is-layout-flex\">\n<div class=\"wp-block-column is-layout-flow wp-block-column-is-layout-flow\" style=\"flex-basis:33.33%\"><\/div>\n\n\n\n<div class=\"wp-block-column is-layout-flow wp-block-column-is-layout-flow\" style=\"flex-basis:66.66%\">\n<blockquote class=\"wp-block-quote is-layout-flow wp-block-quote-is-layout-flow\">\n<p><em>Avez-vous d\u00e9j\u00e0 \u00e9t\u00e9 frustr\u00e9\u00b7e, apr\u00e8s le rendu d\u2019un de vos travaux de s\u00e9minaire dont vous \u00e9tiez particuli\u00e8rement satisfait\u00b7e qu\u2019il soit oubli\u00e9 dans l\u2019un de vos dossiers sur votre ordinateur ?<\/em><\/p>\n<\/blockquote>\n<\/div>\n<\/div>\n\n\n\n<div class=\"wp-block-columns is-layout-flex wp-container-core-columns-is-layout-9d6595d7 wp-block-columns-is-layout-flex\">\n<div class=\"wp-block-column is-layout-flow wp-block-column-is-layout-flow\" style=\"flex-basis:66.66%\">\n<blockquote class=\"wp-block-quote is-layout-flow wp-block-quote-is-layout-flow\">\n<p><em>Vous \u00eates-vous parfois senti\u00b7e d\u00e9muni\u00b7e pour expliquer certains concepts, certaines \u00e9tudes ou pour transmettre des sources fiables \u00e0 vos proches, amis ou coll\u00e8gues sur des questions abord\u00e9es par les sciences sociales ?<\/em><\/p>\n<\/blockquote>\n<\/div>\n\n\n\n<div class=\"wp-block-column is-layout-flow wp-block-column-is-layout-flow\" style=\"flex-basis:33.33%\"><\/div>\n<\/div>\n\n\n\n<div class=\"wp-block-columns is-layout-flex wp-container-core-columns-is-layout-9d6595d7 wp-block-columns-is-layout-flex\">\n<div class=\"wp-block-column is-layout-flow wp-block-column-is-layout-flow\" style=\"flex-basis:33.33%\"><\/div>\n\n\n\n<div class=\"wp-block-column is-layout-flow wp-block-column-is-layout-flow\" style=\"flex-basis:66.66%\">\n<blockquote class=\"wp-block-quote is-layout-flow wp-block-quote-is-layout-flow\">\n<p><em>Avez-vous d\u00e9j\u00e0 \u00e9t\u00e9 d\u00e9\u00e7u\u00b7e devant le manque de valorisation des travaux des \u00e9tudiant\u00b7e en sciences sociales une fois que ceux-ci ont \u00e9t\u00e9 \u00e9valu\u00e9s ?<\/em><\/p>\n<\/blockquote>\n<\/div>\n<\/div>\n\n\n\n<div class=\"wp-block-columns is-layout-flex wp-container-core-columns-is-layout-9d6595d7 wp-block-columns-is-layout-flex\">\n<div class=\"wp-block-column is-layout-flow wp-block-column-is-layout-flow\" style=\"flex-basis:66.66%\">\n<p><strong><em>Et bien nous aussi ! <\/em><\/strong>Fort ce constat, l\u2019Institut des sciences sociales a entam\u00e9 une d\u00e9marche de communication et de visibilisation des sciences sociales au grand public. Nous avons choisi de r\u00e9aliser cette d\u00e9marche par le biais notamment des travaux de ses membres et, en premier lieu, de ses \u00e9tudiantes et \u00e9tudiants.<\/p>\n\n\n\n<p>Nous souhaitons que le BISS refl\u00e8te la diversit\u00e9, la richesse et la qualit\u00e9 des travaux r\u00e9alis\u00e9s dans le cadre des enseignements ou de travaux de recherche des \u00e9tudiant\u00b7es. <\/p>\n\n\n\n<h4 class=\"wp-block-heading\">Un blog participatif <\/h4>\n\n\n\n<p>Le BISS se veut participatif et \u00e9volutif. Il se nourrira des travaux soumis par les \u00e9tudiantes et \u00e9tudiants (page&nbsp;<em><a href=\"https:\/\/wp.unil.ch\/biss\/publications\/\" data-type=\"page\" data-id=\"684\">Publications<\/a><\/em>).<\/p>\n\n\n\n<p>Nous souhaitons suivre une certaine ligne \u00e9ditoriale, garantissant la qualit\u00e9 et la coh\u00e9rence de notre contenu, d\u00e9finie par notre <a href=\"https:\/\/wp.unil.ch\/biss\/contact\/notre-equipe\/\" data-type=\"page\" data-id=\"223\">\u00e9quipe \u00e9ditoriale<\/a>. Vous trouverez sur la page <em><a href=\"https:\/\/wp.unil.ch\/biss\/contact\/participer\/\" data-type=\"page\" data-id=\"209\">Pour les auteur\u00b7ices<\/a> <\/em>toutes ces informations sur notre blog \u00e9galement, dont les marches \u00e0 suivre se veulent faciles \u00e0 suivre pour pouvoir publier vos travaux.<\/p>\n\n\n\n<p>Ce blog s\u2019adaptera \u00e9galement aux nouvelles id\u00e9es, aux nouvelles envies de publications et \u00e0 ce qui vous semble pertinent de publier. Vous pouvez nous contacter pour nous soumettre votre inspiration.<\/p>\n<\/div>\n\n\n\n<div class=\"wp-block-column is-layout-flow wp-block-column-is-layout-flow\" style=\"flex-basis:33.33%\">\n<figure class=\"wp-block-image size-full is-style-rounded\"><img alt=\"\" decoding=\"async\" src=\"https:\/\/wp.unil.ch\/biss\/files\/2022\/08\/kimberly-farmer-lUaaKCUANVI-unsplash-2-edited.jpg\" alt=\"\" class=\"wp-image-2773\" \/><\/figure>\n<\/div>\n<\/div>\n\n\n\n<h2 class=\"wp-block-heading\">Contact <\/h2>\n\n\n\n<p>Pour toute question relative \u00e0 la communication de l\u2019Institut des Sciences Sociales (ISS) ou au Blog plus sp\u00e9cifiquement, vous pouvez contacter notre r\u00e9pondante communication, Priya Ducommun, \u00e0 l&rsquo;adresse suivante :\u00a0<a href=\"communication.iss@unil.ch\" data-type=\"link\" data-id=\"biss@unil.ch\" target=\"_blank\" rel=\"noreferrer noopener\">communication.iss@unil.ch<\/a><br><br><strong>Nous serons ravi\u00b7e\u00b7s de r\u00e9pondre \u00e0 vos questions !<\/strong><br><\/p>\n\n\n\n<p>En guise de pr\u00e9sentation, vous pouvez retrouver trois articles qui pr\u00e9sentent l\u2019Institut des sciences sociales, de la mani\u00e8re suivante :<\/p>\n\n\n\n<ul class=\"wp-block-list\">\n<li><a href=\"https:\/\/wp.unil.ch\/biss\/presentation-de-linstitut-des-sciences-sociales-iss\/\">Pr\u00e9sentation g\u00e9n\u00e9rale de l\u2019ISS<\/a><\/li>\n\n\n\n<li><a href=\"https:\/\/wp.unil.ch\/biss\/la-recherche-a-liss\/\">La recherche \u00e0 l\u2019ISS<\/a><\/li>\n\n\n\n<li><a href=\"https:\/\/wp.unil.ch\/biss\/lenseignement-a-liss\/\">L\u2019enseignement \u00e0 l\u2019ISS<\/a><br><\/li>\n<\/ul>\n\n\n\n<h4 class=\"wp-block-heading\"><br>Site et r\u00e9seaux sociaux de l&rsquo;Institut des sciences sociales <\/h4>\n\n\n\n<p>Vous trouverez \u00e9galement un certain nombre d\u2019informations relatives \u00e0 l\u2019Institut des sciences sociales sur notre&nbsp;<strong><a href=\"https:\/\/www.unil.ch\/iss\/home.html\">site internet<\/a><\/strong>. Nos actualit\u00e9s, nos \u00e9v\u00e9nements et toute autre information utile sur nos membres&nbsp;sont pr\u00e9sent\u00e9s.<\/p>\n\n\n\n<ul class=\"wp-block-list\">\n<li><a href=\"https:\/\/www.unil.ch\/iss\/home\/menuinst\/linstitut.html\">Pr\u00e9sentation de l\u2019ISS<\/a><\/li>\n\n\n\n<li><a href=\"https:\/\/www.unil.ch\/iss\/home\/news.html\">Actualit\u00e9s<\/a><\/li>\n\n\n\n<li><a href=\"https:\/\/www.unil.ch\/iss\/home\/news.html\">Ev\u00e9nements<\/a><br><\/li>\n<\/ul>\n\n\n\n<p>Retrouvez-nous \u00e9galement sur les&nbsp;<strong>r\u00e9seaux sociaux !<\/strong><\/p>\n\n\n\n<ul class=\"wp-block-social-links is-layout-flex wp-block-social-links-is-layout-flex\"><li class=\"wp-social-link wp-social-link-instagram  wp-block-social-link\"><a href=\"https:\/\/www.instagram.com\/sciencessociales_unil\/\" class=\"wp-block-social-link-anchor\"><svg width=\"24\" height=\"24\" viewBox=\"0 0 24 24\" version=\"1.1\" xmlns=\"http:\/\/www.w3.org\/2000\/svg\" aria-hidden=\"true\" focusable=\"false\"><path d=\"M12,4.622c2.403,0,2.688,0.009,3.637,0.052c0.877,0.04,1.354,0.187,1.671,0.31c0.42,0.163,0.72,0.358,1.035,0.673 c0.315,0.315,0.51,0.615,0.673,1.035c0.123,0.317,0.27,0.794,0.31,1.671c0.043,0.949,0.052,1.234,0.052,3.637 s-0.009,2.688-0.052,3.637c-0.04,0.877-0.187,1.354-0.31,1.671c-0.163,0.42-0.358,0.72-0.673,1.035 c-0.315,0.315-0.615,0.51-1.035,0.673c-0.317,0.123-0.794,0.27-1.671,0.31c-0.949,0.043-1.233,0.052-3.637,0.052 s-2.688-0.009-3.637-0.052c-0.877-0.04-1.354-0.187-1.671-0.31c-0.42-0.163-0.72-0.358-1.035-0.673 c-0.315-0.315-0.51-0.615-0.673-1.035c-0.123-0.317-0.27-0.794-0.31-1.671C4.631,14.688,4.622,14.403,4.622,12 s0.009-2.688,0.052-3.637c0.04-0.877,0.187-1.354,0.31-1.671c0.163-0.42,0.358-0.72,0.673-1.035 c0.315-0.315,0.615-0.51,1.035-0.673c0.317-0.123,0.794-0.27,1.671-0.31C9.312,4.631,9.597,4.622,12,4.622 M12,3 C9.556,3,9.249,3.01,8.289,3.054C7.331,3.098,6.677,3.25,6.105,3.472C5.513,3.702,5.011,4.01,4.511,4.511 c-0.5,0.5-0.808,1.002-1.038,1.594C3.25,6.677,3.098,7.331,3.054,8.289C3.01,9.249,3,9.556,3,12c0,2.444,0.01,2.751,0.054,3.711 c0.044,0.958,0.196,1.612,0.418,2.185c0.23,0.592,0.538,1.094,1.038,1.594c0.5,0.5,1.002,0.808,1.594,1.038 c0.572,0.222,1.227,0.375,2.185,0.418C9.249,20.99,9.556,21,12,21s2.751-0.01,3.711-0.054c0.958-0.044,1.612-0.196,2.185-0.418 c0.592-0.23,1.094-0.538,1.594-1.038c0.5-0.5,0.808-1.002,1.038-1.594c0.222-0.572,0.375-1.227,0.418-2.185 C20.99,14.751,21,14.444,21,12s-0.01-2.751-0.054-3.711c-0.044-0.958-0.196-1.612-0.418-2.185c-0.23-0.592-0.538-1.094-1.038-1.594 c-0.5-0.5-1.002-0.808-1.594-1.038c-0.572-0.222-1.227-0.375-2.185-0.418C14.751,3.01,14.444,3,12,3L12,3z M12,7.378 c-2.552,0-4.622,2.069-4.622,4.622S9.448,16.622,12,16.622s4.622-2.069,4.622-4.622S14.552,7.378,12,7.378z M12,15 c-1.657,0-3-1.343-3-3s1.343-3,3-3s3,1.343,3,3S13.657,15,12,15z M16.804,6.116c-0.596,0-1.08,0.484-1.08,1.08 s0.484,1.08,1.08,1.08c0.596,0,1.08-0.484,1.08-1.08S17.401,6.116,16.804,6.116z\"><\/path><\/svg><span class=\"wp-block-social-link-label screen-reader-text\">Instagram<\/span><\/a><\/li>\n\n<li class=\"wp-social-link wp-social-link-facebook  wp-block-social-link\"><a href=\"https:\/\/www.facebook.com\/sciencessocialesUNIL\" class=\"wp-block-social-link-anchor\"><svg width=\"24\" height=\"24\" viewBox=\"0 0 24 24\" version=\"1.1\" xmlns=\"http:\/\/www.w3.org\/2000\/svg\" aria-hidden=\"true\" focusable=\"false\"><path d=\"M12 2C6.5 2 2 6.5 2 12c0 5 3.7 9.1 8.4 9.9v-7H7.9V12h2.5V9.8c0-2.5 1.5-3.9 3.8-3.9 1.1 0 2.2.2 2.2.2v2.5h-1.3c-1.2 0-1.6.8-1.6 1.6V12h2.8l-.4 2.9h-2.3v7C18.3 21.1 22 17 22 12c0-5.5-4.5-10-10-10z\"><\/path><\/svg><span class=\"wp-block-social-link-label screen-reader-text\">Facebook<\/span><\/a><\/li>\n\n<li class=\"wp-social-link wp-social-link-linkedin  wp-block-social-link\"><a href=\"https:\/\/www.linkedin.com\/company\/institut-des-sciences-sociales-unil\" class=\"wp-block-social-link-anchor\"><svg width=\"24\" height=\"24\" viewBox=\"0 0 24 24\" version=\"1.1\" xmlns=\"http:\/\/www.w3.org\/2000\/svg\" aria-hidden=\"true\" focusable=\"false\"><path d=\"M19.7,3H4.3C3.582,3,3,3.582,3,4.3v15.4C3,20.418,3.582,21,4.3,21h15.4c0.718,0,1.3-0.582,1.3-1.3V4.3 C21,3.582,20.418,3,19.7,3z M8.339,18.338H5.667v-8.59h2.672V18.338z M7.004,8.574c-0.857,0-1.549-0.694-1.549-1.548 c0-0.855,0.691-1.548,1.549-1.548c0.854,0,1.547,0.694,1.547,1.548C8.551,7.881,7.858,8.574,7.004,8.574z M18.339,18.338h-2.669 v-4.177c0-0.996-0.017-2.278-1.387-2.278c-1.389,0-1.601,1.086-1.601,2.206v4.249h-2.667v-8.59h2.559v1.174h0.037 c0.356-0.675,1.227-1.387,2.526-1.387c2.703,0,3.203,1.779,3.203,4.092V18.338z\"><\/path><\/svg><span class=\"wp-block-social-link-label screen-reader-text\">LinkedIn<\/span><\/a><\/li><\/ul>\n","protected":false},"excerpt":{"rendered":"<p>Informations Vous \u00eates vous d\u00e9j\u00e0 retrouv\u00e9\u00b7e \u00e0 un repas de famille ou entre amis, bien emb\u00eat\u00e9\u00b7e devant la difficult\u00e9 de d\u00e9crire ce que vous \u00e9tudiez en sciences sociales&hellip;<\/p>\n","protected":false},"author":1002255,"featured_media":3887,"parent":0,"menu_order":0,"comment_status":"closed","ping_status":"closed","template":"template-full-width-cover.php","meta":{"_seopress_robots_primary_cat":"","_seopress_titles_title":"","_seopress_titles_desc":"","_seopress_robots_index":"","footnotes":""},"class_list":["post-172","page","type-page","status-publish","has-post-thumbnail"],"_links":{"self":[{"href":"https:\/\/wp.unil.ch\/biss\/wp-json\/wp\/v2\/pages\/172","targetHints":{"allow":["GET"]}}],"collection":[{"href":"https:\/\/wp.unil.ch\/biss\/wp-json\/wp\/v2\/pages"}],"about":[{"href":"https:\/\/wp.unil.ch\/biss\/wp-json\/wp\/v2\/types\/page"}],"author":[{"embeddable":true,"href":"https:\/\/wp.unil.ch\/biss\/wp-json\/wp\/v2\/users\/1002255"}],"replies":[{"embeddable":true,"href":"https:\/\/wp.unil.ch\/biss\/wp-json\/wp\/v2\/comments?post=172"}],"version-history":[{"count":2,"href":"https:\/\/wp.unil.ch\/biss\/wp-json\/wp\/v2\/pages\/172\/revisions"}],"predecessor-version":[{"id":6124,"href":"https:\/\/wp.unil.ch\/biss\/wp-json\/wp\/v2\/pages\/172\/revisions\/6124"}],"wp:featuredmedia":[{"embeddable":true,"href":"https:\/\/wp.unil.ch\/biss\/wp-json\/wp\/v2\/media\/3887"}],"wp:attachment":[{"href":"https:\/\/wp.unil.ch\/biss\/wp-json\/wp\/v2\/media?parent=172"}],"curies":[{"name":"wp","href":"https:\/\/api.w.org\/{rel}","templated":true}]}}