{"id":576,"date":"2013-07-05T09:04:40","date_gmt":"2013-07-05T07:04:40","guid":{"rendered":"http:\/\/wp.unil.ch\/bisa\/?page_id=576"},"modified":"2025-02-08T11:06:28","modified_gmt":"2025-02-08T10:06:28","slug":"former-matser-thesis","status":"publish","type":"page","link":"https:\/\/wp.unil.ch\/bisa\/former-matser-thesis\/","title":{"rendered":"Former MSc Thesis"},"content":{"rendered":"<h3>2024<\/h3>\n<p><a href=\"https:\/\/www.linkedin.com\/in\/adrian-muino\/\">Adrien MUINO:<\/a> Architecture Redesign For Scalable Implementation Of Standardised Data Product In Accounting Services, Berney Associates<\/p>\n<p><a href=\"https:\/\/www.linkedin.com\/in\/david-hornung-933a12158\/\">David HORNUNG<\/a>: Navigating the Digital Shift: Transforming Swiss<br \/>\nWatch Production through Data, G+F Ch\u00e2telain<\/p>\n<p><a href=\"https:\/\/www.linkedin.com\/in\/thomas-vidalenc-924197231\/\">Thomas VIDALENC<\/a>, Reducing IT Costs Effectively Through Application Portfolio Rationalization: A Case Study in a Large Luxury Industry Conglomerate, Richemont<\/p>\n<p><a href=\"https:\/\/www.linkedin.com\/in\/sophie-kern-95a334149\/\">Sophie KERN<\/a>: Enterprise Architecture\u2019s Role in the Digital Transformation of the Luxury Watch Industry: An Analysis from the Consulting Perspective, KPMG<\/p>\n<p><a href=\"https:\/\/www.linkedin.com\/in\/vanja-h\/\">Vanja HUG<\/a>: Enterprise Architecture and AI Integration, Detecon<\/p>\n<p><a href=\"https:\/\/www.linkedin.com\/in\/elena-mart%C3%ADnez-ferradal-06a682139\/\">Elena MARTINEZ FERRADAL<\/a>: Navigating adoption barriers from Third to Fourth Era ERP A case study with mix methods on a multinational company migration to SAP S\/4 HANA, NTT DATA<\/p>\n<p><a href=\"https:\/\/www.linkedin.com\/in\/vincent-nieto-information-systems-industrial-engineering\/\">Vincent NIETO<\/a>: PLM-ERP Integration Preparation and Challenges: A Case Study in the Swiss Watchmaking Industry, Breitling<\/p>\n<p><a href=\"https:\/\/www.linkedin.com\/in\/vakisan-tharmakulasinkam\/\">Vakisan THARMAKULASINKAM<\/a>: Data Management for sustainability reporting: Maturity assessment and data catalog mapping, Credit Suisse<\/p>\n<h3>2023<\/h3>\n<p><a href=\"https:\/\/www.linkedin.com\/in\/pierrehuber\/\">Pierre HUBER<\/a>: <strong>From Auto Failing to Auto Filing: <\/strong>Automation of Document Processing in the Air Logistics Shipment Process,\u00a0 Kuehne+Nagel<\/p>\n<p><a id=\"ember1630\" class=\"ember-view\" href=\"https:\/\/www.linkedin.com\/in\/aleksandar-topalovic\/?originalSubdomain=ch\">Aleksandar TOPALOVIC<\/a>: <strong>Exploring the Integration of Open Data for Customer Analytics:<\/strong> A Proof-of-Concept based on Swiss Open Data<\/p>\n<p><a href=\"https:\/\/www.linkedin.com\/in\/mickael-gandoulf-zbinden-a1903a104\/\">Micka\u00ebl GANDOULF:<\/a> <strong>Improving Customer Retention in a B2B SaaS: Strategies and Implementation<\/strong>, Libeo<\/p>\n<p><a href=\"https:\/\/www.linkedin.com\/in\/catherine-pedroni\/\">Catherine PEDRONI<\/a>: <strong>Adaption du SAFe PI Planning au contexte du Service Informatique de l&#8217;H\u00f4pital du Valais<\/strong>, H\u00f4pital du Valais<\/p>\n<p><a href=\"https:\/\/www.linkedin.com\/in\/linusosman-gokturk\/\">Osman GOKTURK<\/a>: <strong>Using Business Process Models for Knowledge Sharing<\/strong>, Conforama<\/p>\n<p><a href=\"https:\/\/www.linkedin.com\/in\/jessy-landry-inaka-a57a0480\/\">Jessy Landry INAKA<\/a>: <strong>Towards the Design of Data Analytics Artefact <\/strong><strong>for ESB Application-level Monitoring<\/strong>, L&#8217;Occitane<\/p>\n<p><a href=\"https:\/\/www.linkedin.com\/in\/valerie-tsague-6262651b2\/\">Valerie Estelle TSAGUE MBIALEU<\/a>: <strong>L\u2019alignement entre l\u2019architecture m\u00e9tier et l\u2019architecture applicative par la mod\u00e9lisation des flux,<\/strong> Migros<\/p>\n<h3>2022<\/h3>\n<p><a href=\"https:\/\/www.linkedin.com\/in\/arnaud-lebet\/\">Arnaud LEBET<\/a>: <strong>Toward a Data-Driven Product Portfolio:<\/strong> Design of a new Product Deletion Process, Victorinox<\/p>\n<p><a href=\"https:\/\/www.linkedin.com\/in\/anika-haque-241b4315a\/\">Anika HAQUE<\/a>: <strong>Mise en place de tableaux de bord utilisables et pertinentes pour l\u2019\u00e9quipe de Controlling IT<\/strong>, Centrale de Compensation Conf\u00e9d\u00e9ration Suisse<\/p>\n<p><a href=\"https:\/\/www.linkedin.com\/in\/gabin-flourac-77328b153\/\">Gabin FLOURAC<\/a>: Developing and Operating Data Sharing Communities, CDQ AG<\/p>\n<p><a href=\"https:\/\/www.linkedin.com\/in\/maxime-bayle-38b25a8a\/\">Maxime BAYLE<\/a>: <strong>Data Quality Monitoring: <\/strong>Making Master Data Quality Information Available, Valuable and Transparent for Technical and Non-Technical Data Users, Lonza<\/p>\n<p><a href=\"https:\/\/www.linkedin.com\/in\/abirami-raghupathy-7b7b97145\/\">Abirami RAGHUPATHY<\/a><strong>\u00a0: Cloud-based Customer Analytics Service<\/strong>: Development Guide based on the Implementation of the Customer 360 Solution, Accenture<\/p>\n<p><a href=\"https:\/\/www.linkedin.com\/in\/jo%C3%ABl-kuflom-7aa81513a\/\">Jo\u00ebl KUFLOM<\/a>: <strong>Design of a method that can guide the redesign of processes for Robotic Process Automation<\/strong>, Santander Private Bank<\/p>\n<p><a href=\"https:\/\/www.linkedin.com\/in\/sadek-helbawi-6b591b197\/\">Sadek HELBAWI<\/a>: <strong>Gestion de priorit\u00e9 et de facturation des tickets de support<\/strong>, Agentil<\/p>\n<p><a href=\"https:\/\/www.linkedin.com\/in\/abdul-aloraib\/\">Abdul ALORAIB<\/a>: <strong>Performer le processus de s\u00e9lection d\u2019une solution <\/strong><br \/>\n<strong>num\u00e9rique dans les organisations de l\u2019\u00e9conomie sociale et solidaire<\/strong>, Eternitee<\/p>\n<p><a href=\"https:\/\/www.linkedin.com\/in\/bryan-lam-372b8920a\/\">Bryan LAM<\/a>: <strong>Implementation of a Semantic MediaWiki knowledge base using a user-centric approach<\/strong>, CDQ AG<\/p>\n<p><a href=\"https:\/\/www.linkedin.com\/in\/fran%C3%A7ois-grau-7781b0173\/\">Fran\u00e7ois GRAU<\/a>: <strong>A comprehensive literature review on Big Data Quality<\/strong>, academic thesis<\/p>\n<h3>2021<\/h3>\n<p><a href=\"https:\/\/www.linkedin.com\/in\/cyrill-oswald-8657381ab\/\">Cyrill OSWALD<\/a>: <strong>Affordances, constraints &amp; misfits of a qualification management system<\/strong>, Merck<\/p>\n<p><a href=\"https:\/\/www.linkedin.com\/in\/alexandre-tran-712b8913b\/\">Alexandre TRAN<\/a>: <strong>Implementation of a Semantic MediaWiki knowledge base using a user-centric approach<\/strong>, CDQ AG<\/p>\n<p><a href=\"https:\/\/www.linkedin.com\/in\/samy-bouzerda-34478a200\/\">Sami BOUZERDA<\/a>:\u00a0<span style=\"font-size: inherit\"><strong>Evaluation de I&#8217;int\u00e9gration de I&#8217;analyse de la valeur dans le domaine de la business analysis<\/strong>, Soleus<\/span><\/p>\n<p>Tarik BACHA:\u00a0<strong>On building holistic customer journey maps\u00a0using process mining, <\/strong>PMI<\/p>\n<p>Simona ONCIOIU:\u00a0<strong>Improving the Reporting Process at\u00a0Liebherr Machines Bulle<\/strong>,\u00a0Liebherr Machines Bulle<\/p>\n<p><a href=\"https:\/\/www.linkedin.com\/in\/baptiste-cecconi-192928172\/\">Baptiste CECCONI<\/a>: <strong>Mod\u00e9lisation et suivi de la politique num\u00e9rique\u00a0de l\u2019Etat de Gen\u00e8ve, <\/strong>Office Cantonal des Syst\u00e8mes d\u2019Information et du Num\u00e9rique (OCSIN) &#8211; Canton de Geneve<\/p>\n<p><a href=\"https:\/\/www.linkedin.com\/in\/dmitrykuzmin89\/\">Dmitri KUZMIN<\/a>:\u00a0<strong><span style=\"font-size: inherit\">Using Open Statistical Data\u00a0<\/span><span style=\"font-size: inherit\">for Customer Targeting and Segmentation,\u00a0<\/span><\/strong><span style=\"font-size: inherit\">academic thesis<\/span><\/p>\n<h3>2020<\/h3>\n<p><a href=\"https:\/\/www.linkedin.com\/in\/lev-velykoivanenko\/\">Lev Velykoivanenko<\/a>: <strong>Improving data matching process with the help of machine learning,<\/strong> academic thesis<\/p>\n<h3>2019<\/h3>\n<p><a href=\"https:\/\/www.linkedin.com\/in\/nicolas-balestra-714648151\/\">Nicolas BALESTRA<\/a>: <strong>A Canvas for AI Implementation within ERP<\/strong>, Avanade<\/p>\n<p><a href=\"https:\/\/www.linkedin.com\/in\/pavel-pavel\/\">Pavel KRASIKOV<\/a>: <strong>Contextual data quality as inhibitor of data-driven decision making \u2013 From problem awareness to solution approaches<\/strong>, PMI<\/p>\n<p><a href=\"https:\/\/www.linkedin.com\/in\/dylanbelgy\/\">Dylan BELGY<\/a>: <strong>Assessment of the maturity of IBM regarding the implementation of GDPR<\/strong>, IBM<\/p>\n<p>Dani SLEIMAN: <strong>Towards Data-driven Decision Making:<\/strong><br \/>\n<strong>Data Warehousing as part of the Data Management Initiative at the Workplace Experience Department of Philip Morris International<\/strong>, PMI<\/p>\n<p><a href=\"https:\/\/www.linkedin.com\/in\/nicolas-etienne-aa9b72185\/\">Nicolas ETIENNE<\/a>: <strong>A real-time learning analytics dashboard for business simulation game instructors, <\/strong>academic thesis<\/p>\n<p>Fatou CEESAY: <strong>Managing data in the customer domain: a taxonomy of challenges, <\/strong>academic thesis<\/p>\n<p><a href=\"https:\/\/www.linkedin.com\/in\/almina-jonuzoski\/\">Almina JONUZOSKI<\/a>: <strong>Open Data for Marketing,<\/strong> academic thesis<\/p>\n<h3>2018<\/h3>\n<p><a href=\"https:\/\/www.linkedin.com\/in\/lama-el-zein-18459478\/\">Lama EL ZEIN<\/a>: <strong>Designing a Data Governance Platform for an international company<\/strong>, PMI<\/p>\n<p><a href=\"https:\/\/www.linkedin.com\/in\/loris-berthier-170ba9143\/\">Loris BERTHIER<\/a>: <strong>The challenges of a hospital without paper:<\/strong><br \/>\n<strong>Design principles in the development towards digital<\/strong>, H\u00f4pital Riviera Chablais (HRC)<\/p>\n<p><a href=\"https:\/\/www.linkedin.com\/in\/laurent-fr%C3%A9d%C3%A9ric-t-088b7614a\/\">Laurent TISSOT<\/a>: <strong>A framework for centralization \/ decentralization decisions in case of an ERP multi-site deployment<\/strong>, Avanade<\/p>\n<p><a href=\"https:\/\/www.linkedin.com\/in\/ldaubresse-08011993\/\">Lo\u00efc DAUBRESSE<\/a>: <strong>The General Data Protection Regulation (GDPR) &#8211; Development of a taxonomy and assessment of software vendors&#8217; solution coverage,<\/strong>\u00a0KPMG<\/p>\n<p><a href=\"https:\/\/www.linkedin.com\/in\/axel-fournier\/\">Axel FOURNIER<\/a>: <strong>How can multinational companies increase the fit between business architecture and ERP architecture to avoid customisation<\/strong>, Avanade<\/p>\n<p><a href=\"https:\/\/www.linkedin.com\/in\/jo\u00ebl-pinheiro-de-almeida-342139112\/\">Jo\u00ebl PINHEIRO DE ALMEIDA<\/a>: <strong>Comment adapter une approche de documentation des architectures applicatives au sein d\u2019une organisation, afin d\u2019am\u00e9liorer la visibilit\u00e9 des syst\u00e8mes d\u2019information?<\/strong> Ville de Lausanne<\/p>\n<p><a href=\"https:\/\/www.linkedin.com\/in\/timo-o-92813561\/\">Timo OBRECHT<\/a>: <strong>A conceptual framework for the preparation of an Open Data integration &#8211; exemplified by a case from the Open Corporate Data Domain<\/strong>, CDQ AG<\/p>\n<p><a href=\"https:\/\/www.linkedin.com\/in\/mpache\/\">Maxime PACHE<\/a>: <strong>Use case documentation for a software product line<\/strong><br \/>\n<strong>Artifact for variability outline and features reuse in a multi-tenant environment<\/strong>, AdNovum<\/p>\n<h3>2017<\/h3>\n<p><a href=\"https:\/\/www.linkedin.com\/in\/charles-carnet-86563892\/\">Charles CARNET<\/a>: <strong>How to support cross-functional collaborations to improve e-business processes?<\/strong>, Firmenich<\/p>\n<p><a href=\"https:\/\/www.linkedin.com\/in\/svetlanaershova\/\">Svetlana ERSHOVA<\/a>: <strong>Mixed reality for marketing and sales<\/strong>, CHIC<\/p>\n<p><a href=\"https:\/\/www.linkedin.com\/in\/ronnydebotton\/\">Ronny DE BOTTON<\/a>: <strong>Internal and external use of object identification standards: The case of GS1 global ID keys<\/strong>, L&#8217;Oreal<\/p>\n<p>Rahel Br\u00f6nnimann: <strong>Improved data quality at SBB infrastructure through a standardized material master data creation process &#8211; A bottom up approach<\/strong>, SBB<\/p>\n<p>Sara Baracchini: <strong>Designing business processes for knowledge capture, formalization and transfer between the Application Adoption Factory and its interacting stakeholders<\/strong>, UBS<\/p>\n<p>Romain Colombey: <strong>Managing reference data in multinational companies<\/strong>, Nestl\u00e9<\/p>\n<p>Bryan Cornelius: <strong>Proposition of a Conversion Optimization Strategy for online category managers<\/strong>, eBay<\/p>\n<p>Matthieu Meylan: <strong>Reimagine the audit procedure of system-generated information: Understand how technologies can bring new beneficial outcome<\/strong>, PwC<\/p>\n<p>Maxime Blanco: <strong>Implementation of a system to maintain and manage lifecycle- and capacity-related information for planning purposes<\/strong>, Rolex<\/p>\n<p>Enrico Pirola: <strong>State-of-art Enterprise Architecture Management: Confrontation between theory and practice<\/strong>, SAP<\/p>\n<p>Matthieu HERMANN:\u00a0<strong>Application mobile au servicedu don du sang &#8211;\u00a0Recrutement et fid\u00e9lisation des donneurs<\/strong>, H\u00f4pitaux Universitaires de Gen\u00e8ve<\/p>\n<p>Val\u00e9rianne WALTER: <strong>Towards a Method for Designing Digital Customer Journeys in a B2B Context<\/strong>, ETA<\/p>\n<p>Nick MOSSELSMAN:\u00a0<strong>Data-Centric Security and Persistent Usage Controls: A Scalable Approach To Unstructured Data Confidentiality Management<\/strong>, EY<\/p>\n<h3>2016<\/h3>\n<p>Patrick LUIS: <strong>Challenges in Global Systems Implementation<\/strong>, Nestl\u00e9<\/p>\n<p>S\u00e9bastien HAUSAMMANN: <strong>Designing Scenarios and Functions in the Smart Home Case<\/strong><\/p>\n<p>Tolgay BUDAYICI, <strong>A Development Process to Implement a Microservices Architecture-based Application<\/strong>, Rolex<\/p>\n<p>Alexey KOLESNIKOV, <strong>Toward an Implementation Framework of Application Complexity Measurement in a Corporate Environment<\/strong>, Credit Suisse<\/p>\n<p>Fabien CORNAZ: <strong>Certification (ISAE 3000) d\u2019environnement de gestion et de stockage de documents \u00e9lectroniques &#8211; <\/strong><br \/>\n<strong>Analyse et proposition de pistes d\u2019am\u00e9liorations \u00e0 l\u2019approche utilis\u00e9e en entreprise,<\/strong> PwC<\/p>\n<p>Yassine MANSRI: <strong>La transformation num\u00e9rique dans l\u2019industrie des m\u00e9dias: Etude de cas pratique d\u2019une chaine de t\u00e9l\u00e9vision<\/strong><\/p>\n<p>Shalini SHANMUGALINGAM: <strong>L&#8217;impact de la smart vending machine sur le commerce de d\u00e9tail<\/strong>, SAP<\/p>\n<p>Marc STUDER, <strong>From an Internet to a Digital Workplace &#8211; Development of a Concept<\/strong>, Hilti<\/p>\n<p>Julien BIEDERMANN, <strong>Design et d\u00e9veloppement d&#8217;un prototype d&#8217;application pour Smartwatches permettant d&#8217;\u00e9tendre un CRM,<\/strong> ELCA<\/p>\n<p>Ilir TAHIRI,\u00a0 <strong>Operationalisation of an Enterprise Architecture (EA) practice by assessing stakeholders\u2019 use of EA through use cases<\/strong><br \/>\n<strong>\u2013 A backward operationalisation methodology<\/strong>, Deloitte<\/p>\n<h3>2015<\/h3>\n<p>Jonas WIESEL, <strong>Leveraging Enterprise Architecture in a Consulting Practice<\/strong>, PwC<\/p>\n<p>Zakrija SARIC,\u00a0 <strong>Redesign of a Sales Incentives Program<\/strong>, Salt<\/p>\n<p>Donjet QYTYKU, <strong> MBT en pratique: Le Model Based Testing au sein de la banque<\/strong>, Pictet<strong><br \/>\n<\/strong><\/p>\n<p>Yann MAILLARD, <strong>Les guidelines et adaptations pratiques du framework SCRUM<\/strong>, Cambridge Technology Partners<\/p>\n<p>Jonas NICOLE, <strong>Analyse, conception et mise en place de solutions au niveau du test logiciel dans une entreprise de service<\/strong>, Cambridge Technology Partners<\/p>\n<p>Sami BABAKER, <strong>The Integration of Sales Methods into a Structured Approach to Sales Performance Management<\/strong>, CTI project \/ HEC Lausanne<\/p>\n<p>Indre KUTKAITE, <strong>Information Systems Success Measurement in an Intergovernmental Organization <\/strong>, International Trade Center<\/p>\n<p>Giulia TONELLI,<strong> Understanding the Value of Social Media in Project Management<\/strong>, F. Hoffmann-La Roche AG<\/p>\n<h3>2014<\/h3>\n<p>Timothy ARNANDA, <strong>Towards Desiging a Cloud Architecture for Sales Planning and Performance Management, a Platform-as-a-Service Approach<\/strong>, University of Lausanne<\/p>\n<p>Samuel DE CHASTENAY, <strong>Enterprise Mobility: Analyzing the Situation in the Swiss Market and Assessing Challenges &amp; Opportunities for SAP Switzerland<\/strong>, SAP Switzerland<\/p>\n<p>Boris MAYENCOURT, <strong>Automatisation des Tests de R\u00e9gression d&#8217;un Logiciel de Taxation Assist\u00e9e par Ordinateur<\/strong>, TI-Informatique<\/p>\n<p>Etienne GAFNER, <strong>La Comptabilit\u00e9 de Gestion dans l&#8217;ERP: D\u00e9fis et Opportunit\u00e9s pour les PME<\/strong>, Solvaxis<\/p>\n<p>Goran STOJANVIC, <strong>Potential Solutions to Limit Shadow IT and Increase Data Quality: Case Study of the ICRC&#8217;s Contact Management System<\/strong>, International Committee of the Red Cross<\/p>\n<p>Ferhat GUEZLANE, <strong>CloudSF: A Decision Support System for the Evaluation and Selection of Cloud Services Adapted for the Swiss Context<\/strong>, OCTO Technology<\/p>\n<p>Gr\u00e9gory Andriamasy,\u00a0<strong>Migration des Syst\u00e8mes d&#8217;Information &#8211; Un mod\u00e8le pour planifier le passage \u00e0 l&#8217;\u00e9tat cible<\/strong>, Pictet<\/p>\n<h3>2013<\/h3>\n<p>Am\u00e9lie PIPOZ, <strong>Globalization Does Not Prevent Local Responsiveness: a Case Study at Nestl\u00e9<\/strong>, Nestl\u00e9<\/p>\n<p>Christian SERY, <strong>A KPI Framework for Enterprise Architecture Management<\/strong>, University of Lausanne<\/p>\n<p>Kenny LIENHARD, <strong>A Method to Design an Information Systems Architecture for the Complex Hospital Organization<\/strong>, Legon Informatik AG<\/p>\n<p>Hazbi AVDIJI, <strong>Gift Card Architecture in a Global Integrated Luxury Retail System<\/strong>, Richemont International SA<\/p>\n<p>Hillah NICO, <strong>Enterprise Architecture in SMEs<\/strong>, Vescore Solutions AG<\/p>\n<p>Marc STERN, <strong>Recherche d&#8217;un axe marketing strat\u00e9gique par l&#8217;\u00e9tude des besoins des utilisateurs de solutions informatiques \u00e0 destination de la gestion du patrimoine<\/strong>, TeamWork SA<\/p>\n<h3>2012<\/h3>\n<p>Stefano ALACAM, <strong>A Model to Assess the IT General Controls of the Banking Sector in French Part of Switzerland<\/strong>, PwC<\/p>\n<p>Laurent HAYOT, <strong>Cloud Computing, Assessing the Opportunities and Potential for an ERP Vendor<\/strong>, SAP Switzerland<\/p>\n<p>Mohamed El Hedi EL-MECHAT, <strong>Operational risk management: Implementation of Internal Control System<\/strong>, Pictet<\/p>\n<h3>2011<\/h3>\n<p>Julien THABARD, <strong>Mise en Place d&#8217;un SIRH dans une Structure Hospitali\u00e8re<\/strong>, CHUV\/PMU Lausanne<\/p>\n","protected":false},"excerpt":{"rendered":"<p>2024 Adrien MUINO: Architecture Redesign For Scalable Implementation Of Standardised Data Product In Accounting Services, Berney Associates David HORNUNG: Navigating the Digital Shift: Transforming Swiss Watch Production through Data, G+F Ch\u00e2telain Thomas VIDALENC, Reducing IT Costs Effectively Through Application Portfolio Rationalization: A Case Study in a Large Luxury Industry Conglomerate, Richemont Sophie KERN: Enterprise Architecture\u2019s &hellip; <a href=\"https:\/\/wp.unil.ch\/bisa\/former-matser-thesis\/\" class=\"more-link\">Continue reading <span class=\"screen-reader-text\">Former MSc Thesis<\/span> <span class=\"meta-nav\">&rarr;<\/span><\/a><\/p>\n","protected":false},"author":1001184,"featured_media":0,"parent":0,"menu_order":0,"comment_status":"closed","ping_status":"closed","template":"","meta":{"_seopress_robots_primary_cat":"","_seopress_titles_title":"","_seopress_titles_desc":"","_seopress_robots_index":"","footnotes":""},"class_list":["post-576","page","type-page","status-publish"],"_links":{"self":[{"href":"https:\/\/wp.unil.ch\/bisa\/wp-json\/wp\/v2\/pages\/576","targetHints":{"allow":["GET"]}}],"collection":[{"href":"https:\/\/wp.unil.ch\/bisa\/wp-json\/wp\/v2\/pages"}],"about":[{"href":"https:\/\/wp.unil.ch\/bisa\/wp-json\/wp\/v2\/types\/page"}],"author":[{"embeddable":true,"href":"https:\/\/wp.unil.ch\/bisa\/wp-json\/wp\/v2\/users\/1001184"}],"replies":[{"embeddable":true,"href":"https:\/\/wp.unil.ch\/bisa\/wp-json\/wp\/v2\/comments?post=576"}],"version-history":[{"count":5,"href":"https:\/\/wp.unil.ch\/bisa\/wp-json\/wp\/v2\/pages\/576\/revisions"}],"predecessor-version":[{"id":1748,"href":"https:\/\/wp.unil.ch\/bisa\/wp-json\/wp\/v2\/pages\/576\/revisions\/1748"}],"wp:attachment":[{"href":"https:\/\/wp.unil.ch\/bisa\/wp-json\/wp\/v2\/media?parent=576"}],"curies":[{"name":"wp","href":"https:\/\/api.w.org\/{rel}","templated":true}]}}