{"id":167,"date":"2012-11-12T13:21:32","date_gmt":"2012-11-12T12:21:32","guid":{"rendered":"http:\/\/wp.unil.ch\/bisa\/?page_id=167"},"modified":"2025-07-07T14:29:49","modified_gmt":"2025-07-07T12:29:49","slug":"former-phds","status":"publish","type":"page","link":"https:\/\/wp.unil.ch\/bisa\/former-phds\/","title":{"rendered":"Former PhD Theses"},"content":{"rendered":"<div class=\"events\">\n<h2>PhD Supervisions at HEC Lausanne<\/h2>\n<p>&nbsp;<\/p>\n<\/div>\n<div class=\"events\"><strong><a href=\"https:\/\/www.linkedin.com\/in\/hippolytelefebvre\/?originalSubdomain=ch\">Hippolyte Lefebvre<\/a>: Scaling Data Practices in Multinational Firms: Essays on Data Governance and Data Democratization, 2024<\/strong><br \/>\nSupervisor: Prof. Christine Legner, Commitee: Prof. St\u00e9phanie Missonier, HEC Lausanne, Prof. Yash Raj Shrestha, HEC Lausanne, Prof. Elena Parmiggiani, Norwegian University of Science and Technology (NTNU), Prof. Gregory Vial, HEC Montreal, Prof. Val\u00e9rie Chavez-Demoulin, HEC Lausanne<\/div>\n<div><a href=\"https:\/\/serval.unil.ch\/fr\/notice\/serval:BIB_95C1F4BCF791\">Link <\/a>to Dissertation on SERVAL (Open Access)<\/p>\n<\/div>\n<div>\n<p><strong><a href=\"https:\/\/www.linkedin.com\/in\/dr-martin-fadler-729ba762\/\">Martin Fadler<\/a>: Big Data and Analytics as a New Frontier in Enterprise Data Management, 2021<br \/>\n<\/strong>Supervisor: Prof. Christine Legner, Commitee: Prof. Raphael Lalive, HEC Lausanne, Prof. Michalis Vlachos, HEC Lausanne, Prof. Patrick Mikalef, Norwegian University of Science and Technology (NTNU), Prof. Boris Otto, TU Dortmund<br \/>\n<a href=\"https:\/\/serval.unil.ch\/en\/notice\/serval:BIB_19C4AEE4366A\">Link<\/a> to Dissertation on SERVAL (Open Access)<\/p>\n<\/div>\n<div class=\"events\">\n<div class=\"event\">\n<p><strong><a href=\"https:\/\/www.linkedin.com\/in\/cl%C3%A9ment-labadie-b852719\/\">Cl\u00e9ment Labadie<\/a>: Essays on Data Democratization in the Data-driven Enterprise (link), 2021<\/strong><br \/>\nSupervisor: Prof. Christine Legner, Commitee: Prof. Felicitas Morhart, HEC Lausanne, Prof. Michalis Vlachos, HEC Lausanne, Prof. \u00d6yk\u00fc Isik, Institute for Management Development (IMD), Prof. Felix Wortmann, University of St. Gallen<br \/>\n<a href=\"https:\/\/serval.unil.ch\/en\/notice\/serval:BIB_C398825CFB90\">Link<\/a> to Dissertation on SERVAL (Open Access)<\/p>\n<p><strong><a href=\"https:\/\/www.linkedin.com\/in\/dana-naous-14532043\/\">Dana Naous<\/a>: Understanding User Perceptions and Preferences for Mass-Market Information Systems &#8211; Leveraging Market Research Techniques and Examples in Privacy-Award Design, 2020<br \/>\n<\/strong>Supervisor: Prof. Christine Legner, Commitee: Prof. Felicitas Morhart, HEC Lausanne, Prof. Kevin Huguenin, HEC Lausanne, Prof. Hanna Krasnova, University of Potsdam<br \/>\n<a href=\"https:\/\/serval.unil.ch\/en\/notice\/serval:BIB_A59913C24BC1\">Link<\/a> to Dissertation on SERVAL (Open Access)<\/p>\n<p><strong><a href=\"https:\/\/www.linkedin.com\/in\/dr-johannes-schwarz-2982ab92\/\">Johannes Schwarz<\/a>:<\/strong> <strong>Essays on Business Model Management in the ulti-Business Model Organization, 2019<\/strong><br \/>\nSupervisor: Prof. Christine Legner, Commitee: Prof. Felicitas Morhart, HEC Lausanne, Prof. St\u00e9phanie Missonier, HEC Lausanne, Prof. Dennis Kundisch, University of Paderborn, Prof. Jonas Hedman, Copenhagen Business School<br \/>\n<a href=\"https:\/\/serval.unil.ch\/en\/notice\/serval:BIB_1CB2D44B6750\">Link<\/a> to Dissertation on SERVAL (Open Access)<\/p>\n<p><a href=\"https:\/\/www.linkedin.com\/in\/nicola-terrenghi-ph-d-268528a\/\"><strong>Nicola Terrenghi<\/strong><\/a>: <strong>Design, Implement, Repeat &#8211; Essays on Business Model Management in Offline-Born Organizations, 2019<\/strong><br \/>\nSupervisor: Prof. Christine Legner, Commitee: Prof. Felicitas Morhart,\u00a0 HEC Lausanne, Prof. Yves Pigneur, HEC Lausanne, Jos van Hillegersberg University of Twente<br \/>\n<a href=\"https:\/\/serval.unil.ch\/en\/notice\/serval:BIB_502D1E4B427A\">Link<\/a> to Dissertation on SERVAL (Open Access)<\/p>\n<p><strong><a href=\"https:\/\/www.linkedin.com\/in\/kenny-r-lienhard-97abb725\/\">Kenny Lienhard:<\/a> Routines in Patient Care: Essays on the Design and Use of the Information Technology Artifact<\/strong>, 2017<br \/>\nSupervisor:\u00a0Prof. Christine Legner, Commitee: Prof. Olivier Cadot, HEC Lausanne, Prof. Mauro Cherubini, HEC Lausanne, Prof. Tobias Mettler, IDHEAP &#8211; University of Lausanne, Prof. Albert Boonstra, University of Groningen<\/p>\n<p><b>Thomas Boillat: The Design and Uses of IT\u00a0Artefacts for Individual Routines in\u00a0Organisational Contexts<\/b>, 2017<b><br \/>\n<\/b>Supervisor: Prof. Christine Legner, Commitee: Prof. Marius Br\u00fclhart, HEC Lausanne, Prof. Yves Pigneur, HEC Lausanne, Prof. Alexander M\u00e4dche,\u00a0Karlsruhe Institute of Technology<\/p>\n<p><b>Andrea Giessmann: Designing Business Models for Cloud Services<\/b>, 2015<br \/>\nCo-Supervisors: Prof. Christine Legner, Prof. Katarina Stanoevska, University of St. Gallen, Commitee: Prof. Yves Pigneur, HEC Lausanne, Prof. Niels Bjorn-Andersen, Copenhagen Business School, Prof. Alessandro Villa, HEC Lausanne<\/p>\n<p><b>Kazem Haki: Essays on the Principles and Adoption of Enterprise-wide Architecture<\/b>, 2014<br \/>\nSupervisor: Prof. Christine Legner, Commitee: Prof. Yves Pigneur, HEC Lausanne, Prof. Stephan Aier, Universit\u00e4t St. Gallen, Prof. Alain Wegmann, EPFL<\/p>\n<p><b>Kunal Mohan: Understanding the acceptance and usage of project management methodologies<\/b>, 2012<br \/>\nSupervisor: Prof. Christine Legner, Commitee: Prof. Yves Pigneur and Prof. St\u00e9phanie Missonier, HEC Lausanne, Prof. Frederic Thiesse, Universit\u00e4t W\u00fcrzburg \/ Germany<\/p>\n<\/div>\n<h2>PhD Supervisions at EBS Business School<\/h2>\n<div class=\"event\">\n<p><strong>Stephan Gieffers-Ankel: Fachliche Standardisierung von Gesch\u00e4ftsanwendungsportfolios in Multinationalen Unternehmen,<\/strong> 2014<br \/>\nSupervisor: Prof. Christine Legner, Co-Supervisor: Prof. Frederik Ahlemann<\/p>\n<p><strong>Daniel M\u00f6ller: Perspectives on Information Systems Change &#8211; Exploratory Investigations into the Management of Radical and Continuous IS Change Initiatives,<\/strong> 2014<br \/>\nSupervisor: Prof. Christine Legner, Co-Supervisor: Prof. Frederik Ahlemann<\/p>\n<p><b>Jan L\u00f6he: Perspectives on the Design of Architecture-driven IT Management &#8211; Three Essays on Implementation, Transformation, and Adoption<\/b>, 2012<br \/>\nSupervisor: Prof. Christine Legner, Co-Supervisor: Prof. Frederik Ahlemann<\/p>\n<p><b>Johannes Lux: Perspectives on Enterprise Architecture Management &#8211; Understanding the Value Proposition of a Maturing Discipline<\/b>, 2012<br \/>\nSupervisor: Prof. Christine Legner, Co-Supervisor: Prof. Frederik Ahlemann<\/p>\n<p><b>Frank Radeke: Understanding Strategic Change through Enterprise Architecture Management<\/b>, 2012<br \/>\nSupervisor: Prof. Christine Legner, \u00a0Co-Supervisor: Prof. Frderik Ahlemann<\/p>\n<p><b>Michael Kaiser: Empirical Investigations into the Management and Governance of Projects<\/b>, 2011<br \/>\nSupervisor: Prof. Christine Legner, Co-Supervisor: Prof. Frederik Ahlemann<\/p>\n<p><b>Jessica Braun: Benefits Management and its Success<\/b>, 2011<br \/>\nSupervisor: Prof. Gerold Riempp, Co-Supervisor: Prof. Christine Legner<\/p>\n<p><b>G\u00f6tz Viering: Service-Oriented Architecture: Four Articles on Benefits and Effectiveness<\/b>, 2010<br \/>\nSupervisor: Prof. Christine Legner, Co-Supervisor: Prof. Gerold Riempp<\/p>\n<p><b>Benjamin M\u00fcller: Essays on Strategic IT Management &#8211; Understanding Strategic Positioning in IT Management and Assessing the Economic Potential of IT<\/b>, 2010<br \/>\nSupervisor: Prof.\u00a0Gerold Riempp, Co-Supervisor: Prof. Christine Legner<\/p>\n<p><b>Felix Obrist: Hybridit\u00e4t im Versicherungsvertrieb: Eine explorative Untersuchung und informationssystemorientierte Modellbildung am Beispiel der Kranken- und Motorfahrzeugversicherung in der Schweiz<\/b>, 2010<br \/>\nSupervisor: Prof. Gerold Riempp, Co-Supervisor: Prof. Christine Legner<\/p>\n<p><b>Nils Urbach: Investigating the Success of Employee Portals: A Quantitative-Empirical Study<\/b>, 2010<br \/>\nSupervisor: Prof. Gerold Riempp, Co-Supervisor: Prof. Christine Legner<\/p>\n<\/div>\n<h2>PhD theses\u00a0in\u00a0the Competence Business Networking\u00a0at the University of St. Gallen (HSG)<\/h2>\n<div class=\"event\">\n<p><b>Tobias Vogel: Serviceorientiertes Business Networking : Referenzarchitektur und Gestaltungsprinzipien<\/b>, 2010<br \/>\nSupervisor: Prof. Hubert Oesterle, Co-Supervisor: Prof. Rainer Alt, Project Manager: Dr. Christine Legner \/ Dr. Boris Otto<\/p>\n<p><b>Kristin Weber (born Wende): Data Governance-Referenzmodell : organisatorische Gestaltung des unternehmensweiten Datenqualit\u00e4tsmanagements<\/b>, 2009<br \/>\nSupervisor:\u00a0Prof. Hubert Oesterle, Co-Supervisor: Prof. Walter Brenner, Project Manager: Dr. Boris Otto \/ Dr. Christine Legner<\/p>\n<p><b>Jan Werner Schemm: Stammdatenmanagement zwischen Handel und Konsumg\u00fcterindustrie: Referenzarchitektur f\u00fcr die \u00fcberbetriebliche Datensynchronisation<\/b>, 2009<br \/>\nSuperervisor: Hubert Oesterle, Co-Supervisor: Prof. Elgar Fleisch, Project Manager: Dr. Christine Legner \/ Dr. Boris Otto<\/p>\n<p><b>Daniel Hanhart: Mobile und Ubiquitous Computing : Anwendungen im Facility Management und serviceorientierter Architekturvorschlag<\/b>, 2007<br \/>\nSupervisor: Prof. Hubert Oesterle, Co-Supervisor: Prof. Elgar Fleisch, Project Manager: Dr. Christine Legner<\/p>\n<p><b>Roger Heutschi: Serviceorientierte Architektur : Architekturmodell und Umsetzung in der Praxis<\/b>, 2007<br \/>\nSupervisor: Prof. Hubert Oesterle, Co-Supervisor: Prof. Walter Brenner, Project Manager: Dr. Christine Legner<\/p>\n<p><b>Dimitrios Gizanis: Kooperative Auftragsabwicklung: Architektur, Praxisbeispiele und Nutzenpotenziale<\/b>, 2006<br \/>\nSupervisor: Prof. Hubert Oesterle, Co-Supervisor: PD Dr. Andreas Hunziker, Project Manager: Dr. Christine Legner<\/p>\n<p><b>Marc Alexander C\u00e4sar: Service-Portale in Industrieunternehmen : Referenzarchitektur, Praxisbeispiele und Nutzen<\/b>, 2005<br \/>\nSupervisor: Prof. Hubert Oesterle, Co-Supervisor: Prof. Thomas Bieger, Project Manager: Dr. Christine Legner<\/p>\n<\/div>\n<\/div>\n<p><!--more--><\/p>\n","protected":false},"excerpt":{"rendered":"<p>PhD Supervisions at HEC Lausanne &nbsp; Hippolyte Lefebvre: Scaling Data Practices in Multinational Firms: Essays on Data Governance and Data Democratization, 2024 Supervisor: Prof. Christine Legner, Commitee: Prof. St\u00e9phanie Missonier, HEC Lausanne, Prof. Yash Raj Shrestha, HEC Lausanne, Prof. Elena Parmiggiani, Norwegian University of Science and Technology (NTNU), Prof. Gregory Vial, HEC Montreal, Prof. Val\u00e9rie &hellip; <a href=\"https:\/\/wp.unil.ch\/bisa\/former-phds\/\" class=\"more-link\">Continue reading <span class=\"screen-reader-text\">Former PhD Theses<\/span> <span class=\"meta-nav\">&rarr;<\/span><\/a><\/p>\n","protected":false},"author":958,"featured_media":0,"parent":0,"menu_order":0,"comment_status":"closed","ping_status":"closed","template":"","meta":{"_seopress_robots_primary_cat":"","_seopress_titles_title":"","_seopress_titles_desc":"","_seopress_robots_index":"","footnotes":""},"class_list":["post-167","page","type-page","status-publish"],"_links":{"self":[{"href":"https:\/\/wp.unil.ch\/bisa\/wp-json\/wp\/v2\/pages\/167","targetHints":{"allow":["GET"]}}],"collection":[{"href":"https:\/\/wp.unil.ch\/bisa\/wp-json\/wp\/v2\/pages"}],"about":[{"href":"https:\/\/wp.unil.ch\/bisa\/wp-json\/wp\/v2\/types\/page"}],"author":[{"embeddable":true,"href":"https:\/\/wp.unil.ch\/bisa\/wp-json\/wp\/v2\/users\/958"}],"replies":[{"embeddable":true,"href":"https:\/\/wp.unil.ch\/bisa\/wp-json\/wp\/v2\/comments?post=167"}],"version-history":[{"count":5,"href":"https:\/\/wp.unil.ch\/bisa\/wp-json\/wp\/v2\/pages\/167\/revisions"}],"predecessor-version":[{"id":1760,"href":"https:\/\/wp.unil.ch\/bisa\/wp-json\/wp\/v2\/pages\/167\/revisions\/1760"}],"wp:attachment":[{"href":"https:\/\/wp.unil.ch\/bisa\/wp-json\/wp\/v2\/media?parent=167"}],"curies":[{"name":"wp","href":"https:\/\/api.w.org\/{rel}","templated":true}]}}