{"id":6,"date":"2017-10-11T10:32:19","date_gmt":"2017-10-11T08:32:19","guid":{"rendered":"http:\/\/wp.unil.ch\/biostatistics\/?page_id=6"},"modified":"2026-03-31T21:01:57","modified_gmt":"2026-03-31T19:01:57","slug":"home","status":"publish","type":"page","link":"https:\/\/wp.unil.ch\/biostatistics\/","title":{"rendered":"Home"},"content":{"rendered":"\n<p><\/p>\n\n\n\n<p><strong>La plateforme de biostatistique n\u2019est plus op\u00e9rationnelle.<\/strong><\/p>\n\n\n\n<p>Afin de garantir la continuit\u00e9 du soutien \u00e0 la communaut\u00e9 des chercheurs, veuillez orienter vos demandes comme suit:&nbsp;<\/p>\n\n\n\n<ul class=\"wp-block-list\">\n<li><strong>Soutien biostatistique li\u00e9 \u00e0 l\u2019exp\u00e9rimentation animale<br><\/strong>Merci de vous adresser directement \u00e0 <strong><u><a href=\"mailto:Frederic.Schutz@unil.ch\">Fr\u00e9d\u00e9ric Sch\u00fctz<\/a><\/u><\/strong>, qui continuera d\u2019offrir son expertise dans ce domaine.<\/li>\n\n\n\n<li><strong>Soutien biostatistique avec une composante bioinformatique<br><\/strong>Merci de contacter le <strong><u><a href=\"https:\/\/bix.unil.ch\/contact\/\">BioInformatics Competence Center (BICC)<\/a><\/u><\/strong>.<\/li>\n\n\n\n<li><strong>Autres besoins en soutien biostatistique<br><\/strong>Le <strong><u><a href=\"https:\/\/www.chuv.ch\/fr\/crc\/crc-home\">Centre de Recherche Clinique (CRC)<\/a><\/u><\/strong><strong>\u00a0r<\/strong>este \u00e0 votre disposition pour r\u00e9pondre \u00e0 vos besoins m\u00e9thodologiques et analytiques<\/li>\n<\/ul>\n\n\n\n<p><strong>The Biostatistics Facility is no longer operational.<\/strong><\/p>\n\n\n\n<p>To ensure continuity of support for the research community, please refer your queries as follows:<\/p>\n\n\n\n<p><strong>Biostatistical support related to animal experimentation<br><\/strong>Please contact <strong><u><a href=\"mailto:Frederic.Schutz@unil.ch\">Fr\u00e9d\u00e9ric Sch\u00fctz<\/a><\/u><\/strong>, who will continue to provide expertise in this area.<\/p>\n\n\n\n<p><strong>Biostatistical support with a bioinformatics component<br><\/strong>Please contact the <strong><u><a href=\"https:\/\/bix.unil.ch\/contact\/\">BioInformatics Competence Center (BICC)<\/a><\/u><\/strong>.<\/p>\n\n\n\n<p><strong>Other biostatistical support needs<br><\/strong>The <strong><u><a href=\"https:\/\/www.chuv.ch\/fr\/crc\/crc-home\">Clinical Research Center (CRC)<\/a><\/u><\/strong>\u00a0remains available to support your methodological and analytical needs.<\/p>\n\n\n\n<p>Contact: <a href=\"mailto:frederic.schutz@unil.ch\">Frederic.Schutz@unil.ch<\/a><\/p>\n\n\n\n<figure class=\"wp-block-image\"><img alt=\"\" loading=\"lazy\" decoding=\"async\" width=\"1024\" height=\"512\" src=\"https:\/\/wp.unil.ch\/biostatistics\/files\/2019\/11\/dreamstime_xxl_150288427-1024x512.jpg\" alt=\"\" class=\"wp-image-164\" srcset=\"https:\/\/wp.unil.ch\/biostatistics\/files\/2019\/11\/dreamstime_xxl_150288427-1024x512.jpg 1024w, https:\/\/wp.unil.ch\/biostatistics\/files\/2019\/11\/dreamstime_xxl_150288427-300x150.jpg 300w, https:\/\/wp.unil.ch\/biostatistics\/files\/2019\/11\/dreamstime_xxl_150288427-768x384.jpg 768w, https:\/\/wp.unil.ch\/biostatistics\/files\/2019\/11\/dreamstime_xxl_150288427.jpg 1920w\" sizes=\"auto, (max-width: 767px) 89vw, (max-width: 1000px) 54vw, (max-width: 1071px) 543px, 580px\" \/><\/figure>\n","protected":false},"excerpt":{"rendered":"<p>La plateforme de biostatistique n\u2019est plus op\u00e9rationnelle. Afin de garantir la continuit\u00e9 du soutien \u00e0 la communaut\u00e9 des chercheurs, veuillez orienter vos demandes comme suit:&nbsp; The Biostatistics Facility is no longer operational. To ensure continuity of support for the research community, please refer your queries as follows: Biostatistical support related to animal experimentationPlease contact Fr\u00e9d\u00e9ric &hellip; <\/p>\n<p class=\"link-more\"><a href=\"https:\/\/wp.unil.ch\/biostatistics\/\" class=\"more-link\">Continue reading<span class=\"screen-reader-text\"> &#8220;Home&#8221;<\/span><\/a><\/p>\n","protected":false},"author":108,"featured_media":0,"parent":0,"menu_order":0,"comment_status":"closed","ping_status":"closed","template":"","meta":{"_seopress_robots_primary_cat":"","_seopress_titles_title":"","_seopress_titles_desc":"","_seopress_robots_index":"","footnotes":""},"class_list":["post-6","page","type-page","status-publish"],"_links":{"self":[{"href":"https:\/\/wp.unil.ch\/biostatistics\/wp-json\/wp\/v2\/pages\/6","targetHints":{"allow":["GET"]}}],"collection":[{"href":"https:\/\/wp.unil.ch\/biostatistics\/wp-json\/wp\/v2\/pages"}],"about":[{"href":"https:\/\/wp.unil.ch\/biostatistics\/wp-json\/wp\/v2\/types\/page"}],"author":[{"embeddable":true,"href":"https:\/\/wp.unil.ch\/biostatistics\/wp-json\/wp\/v2\/users\/108"}],"replies":[{"embeddable":true,"href":"https:\/\/wp.unil.ch\/biostatistics\/wp-json\/wp\/v2\/comments?post=6"}],"version-history":[{"count":2,"href":"https:\/\/wp.unil.ch\/biostatistics\/wp-json\/wp\/v2\/pages\/6\/revisions"}],"predecessor-version":[{"id":211,"href":"https:\/\/wp.unil.ch\/biostatistics\/wp-json\/wp\/v2\/pages\/6\/revisions\/211"}],"wp:attachment":[{"href":"https:\/\/wp.unil.ch\/biostatistics\/wp-json\/wp\/v2\/media?parent=6"}],"curies":[{"name":"wp","href":"https:\/\/api.w.org\/{rel}","templated":true}]}}