{"id":173,"date":"2019-11-13T15:25:36","date_gmt":"2019-11-13T14:25:36","guid":{"rendered":"http:\/\/wp.unil.ch\/biostatistics\/?page_id=173"},"modified":"2019-11-13T15:25:36","modified_gmt":"2019-11-13T14:25:36","slug":"team-and-contact","status":"publish","type":"page","link":"https:\/\/wp.unil.ch\/biostatistics\/team-and-contact\/","title":{"rendered":"Team and contact"},"content":{"rendered":"\n<p>The biostatistics platform is led by Fr\u00e9d\u00e9ric Sch\u00fctz (frederic.schutz@unil.ch, 021 692 40 94).<br><\/p>\n\n\n\n<p>It is located in the G\u00e9nopode building, in Dorigny.<\/p>\n","protected":false},"excerpt":{"rendered":"<p>The biostatistics platform is led by Fr\u00e9d\u00e9ric Sch\u00fctz (frederic.schutz@unil.ch, 021 692 40 94). It is located in the G\u00e9nopode building, in Dorigny.<\/p>\n","protected":false},"author":1002010,"featured_media":0,"parent":0,"menu_order":0,"comment_status":"closed","ping_status":"closed","template":"","meta":{"_seopress_robots_primary_cat":"","_seopress_titles_title":"","_seopress_titles_desc":"","_seopress_robots_index":"","footnotes":""},"class_list":["post-173","page","type-page","status-publish"],"_links":{"self":[{"href":"https:\/\/wp.unil.ch\/biostatistics\/wp-json\/wp\/v2\/pages\/173","targetHints":{"allow":["GET"]}}],"collection":[{"href":"https:\/\/wp.unil.ch\/biostatistics\/wp-json\/wp\/v2\/pages"}],"about":[{"href":"https:\/\/wp.unil.ch\/biostatistics\/wp-json\/wp\/v2\/types\/page"}],"author":[{"embeddable":true,"href":"https:\/\/wp.unil.ch\/biostatistics\/wp-json\/wp\/v2\/users\/1002010"}],"replies":[{"embeddable":true,"href":"https:\/\/wp.unil.ch\/biostatistics\/wp-json\/wp\/v2\/comments?post=173"}],"version-history":[{"count":0,"href":"https:\/\/wp.unil.ch\/biostatistics\/wp-json\/wp\/v2\/pages\/173\/revisions"}],"wp:attachment":[{"href":"https:\/\/wp.unil.ch\/biostatistics\/wp-json\/wp\/v2\/media?parent=173"}],"curies":[{"name":"wp","href":"https:\/\/api.w.org\/{rel}","templated":true}]}}