{"id":133,"date":"2018-05-31T17:10:30","date_gmt":"2018-05-31T15:10:30","guid":{"rendered":"http:\/\/wp.unil.ch\/biogeoresearch\/?page_id=133"},"modified":"2024-02-26T14:56:35","modified_gmt":"2024-02-26T13:56:35","slug":"vallon-de-nant","status":"publish","type":"page","link":"https:\/\/wp.unil.ch\/biogeoresearch\/vallon-de-nant\/","title":{"rendered":"Ca-mediated SOC stabilisation (Vallon de Nant)"},"content":{"rendered":"<p><img alt=\"\" loading=\"lazy\" decoding=\"async\" class=\"alignnone size-medium wp-image-424\" src=\"https:\/\/wp.unil.ch\/biogeoresearch\/files\/2019\/04\/WP_20160610_10_22_40_Pro-300x169.jpg\" alt=\"\" width=\"300\" height=\"169\" srcset=\"https:\/\/wp.unil.ch\/biogeoresearch\/files\/2019\/04\/WP_20160610_10_22_40_Pro-300x169.jpg 300w, https:\/\/wp.unil.ch\/biogeoresearch\/files\/2019\/04\/WP_20160610_10_22_40_Pro-768x432.jpg 768w, https:\/\/wp.unil.ch\/biogeoresearch\/files\/2019\/04\/WP_20160610_10_22_40_Pro-1024x577.jpg 1024w, https:\/\/wp.unil.ch\/biogeoresearch\/files\/2019\/04\/WP_20160610_10_22_40_Pro.jpg 1920w\" sizes=\"auto, (max-width: 300px) 100vw, 300px\" \/><\/p>\n<p><strong>Active team members<\/strong><\/p>\n<p>Mike Rowley (project lead)<br \/>\nSt\u00e9phanie Grand<br \/>\nM\u00e9lanie Delasoie<br \/>\nC\u00e9line Blattner<br \/>\nAur\u00e9lie Rubin<br \/>\nPascal Vittoz<br \/>\n\u00c9ric Verrecchia<\/p>\n<p><strong>Theses<\/strong><\/p>\n<p>Delasoie M\u00e9lanie (2018). <em>Distribution des compartiments de calcium dans des sols du Vallon de Nant (VD): bilans et relations avec la mati\u00e8re organique du sol.\u00a0<\/em>M.Sc. thesis, Master in Biogeosciences, University of Lausanne; available upon request.<\/p>\n<p><strong>Relevant publications<\/strong><\/p>\n<p>Rowley MC, Grand S, Adatte T, &amp; Verrecchia EP (2020). A cascading influence of calcium carbonate on the biogeochemistry and pedogenic trajectories of subalpine soils, Switzerland. <em>Geoderma<\/em> 361: <a href=\"_wp_link_placeholder\" data-wplink-edit=\"true\">114065<\/a>.<\/p>\n<p>Rowley MC, Grand S, Verrecchia EP (2018). Calcium-mediated stabilisation of soil organic carbon. <em>Biogeochemistry <\/em>137(1-2):27-49. Doi:<a href=\"https:\/\/link.springer.com\/article\/10.1007\/s10533-017-0410-1\"> 10.1007\/s10533-017-0410-1<\/a><\/p>\n<p>Grand S, Rubin A, Verrecchia EP, Vittoz P (2016) Variation in soil respiration across soil and vegetation types in an Alpine valley. <em>PloS ONE <\/em>11(9): e0163968. Doi: <a href=\"https:\/\/journals.plos.org\/plosone\/article?id=10.1371\/journal.pone.0163968\">10.1371\/journal.pone.0163968<\/a><\/p>\n","protected":false},"excerpt":{"rendered":"<p>Active team members Mike Rowley (project lead) St\u00e9phanie Grand M\u00e9lanie Delasoie C\u00e9line Blattner Aur\u00e9lie Rubin Pascal Vittoz \u00c9ric Verrecchia Theses Delasoie M\u00e9lanie (2018). Distribution des compartiments de calcium dans des sols du Vallon de Nant (VD): bilans et relations avec la mati\u00e8re organique du sol.\u00a0M.Sc. thesis, Master in Biogeosciences, University of Lausanne; available upon request. &hellip; <\/p>\n<p class=\"link-more\"><a href=\"https:\/\/wp.unil.ch\/biogeoresearch\/vallon-de-nant\/\" class=\"more-link\">Continuer la lecture<span class=\"screen-reader-text\"> de &laquo;&nbsp;Ca-mediated SOC stabilisation (Vallon de Nant)&nbsp;&raquo;<\/span><\/a><\/p>\n","protected":false},"author":1001780,"featured_media":0,"parent":0,"menu_order":0,"comment_status":"closed","ping_status":"closed","template":"","meta":{"_seopress_robots_primary_cat":"","_seopress_titles_title":"","_seopress_titles_desc":"","_seopress_robots_index":"","footnotes":""},"class_list":["post-133","page","type-page","status-publish"],"_links":{"self":[{"href":"https:\/\/wp.unil.ch\/biogeoresearch\/wp-json\/wp\/v2\/pages\/133","targetHints":{"allow":["GET"]}}],"collection":[{"href":"https:\/\/wp.unil.ch\/biogeoresearch\/wp-json\/wp\/v2\/pages"}],"about":[{"href":"https:\/\/wp.unil.ch\/biogeoresearch\/wp-json\/wp\/v2\/types\/page"}],"author":[{"embeddable":true,"href":"https:\/\/wp.unil.ch\/biogeoresearch\/wp-json\/wp\/v2\/users\/1001780"}],"replies":[{"embeddable":true,"href":"https:\/\/wp.unil.ch\/biogeoresearch\/wp-json\/wp\/v2\/comments?post=133"}],"version-history":[{"count":1,"href":"https:\/\/wp.unil.ch\/biogeoresearch\/wp-json\/wp\/v2\/pages\/133\/revisions"}],"predecessor-version":[{"id":581,"href":"https:\/\/wp.unil.ch\/biogeoresearch\/wp-json\/wp\/v2\/pages\/133\/revisions\/581"}],"wp:attachment":[{"href":"https:\/\/wp.unil.ch\/biogeoresearch\/wp-json\/wp\/v2\/media?parent=133"}],"curies":[{"name":"wp","href":"https:\/\/api.w.org\/{rel}","templated":true}]}}