{"id":11,"date":"2017-10-11T10:33:17","date_gmt":"2017-10-11T08:33:17","guid":{"rendered":"http:\/\/wp.unil.ch\/biogeoresearch\/?page_id=11"},"modified":"2025-04-24T16:27:34","modified_gmt":"2025-04-24T14:27:34","slug":"contact","status":"publish","type":"page","link":"https:\/\/wp.unil.ch\/biogeoresearch\/contact\/","title":{"rendered":"Contact"},"content":{"rendered":"\n<p>Laboratoire <em>Soil and vegetation research<\/em><br>Institut des dynamiques de la surface terrestre<br>Universit\u00e9 de Lausanne<br>G\u00e9opolis &#8211; Campus Mouline<br>1015 Lausanne<br>Switzerland<\/p>\n\n\n\n<p><strong>St\u00e9phanie Grand<\/strong>: 021 692 35 17; stephanie.grand(at)unil.ch<\/p>\n\n\n\n<p><strong>Pascal Vittoz<\/strong>: 021 692 43 67; pascal.vittoz(at)unil.ch<\/p>\n\n\n\n<p><\/p>\n","protected":false},"excerpt":{"rendered":"<p>Laboratoire Soil and vegetation researchInstitut des dynamiques de la surface terrestreUniversit\u00e9 de LausanneG\u00e9opolis &#8211; Campus Mouline1015 LausanneSwitzerland St\u00e9phanie Grand: 021 692 35 17; stephanie.grand(at)unil.ch Pascal Vittoz: 021 692 43 67; pascal.vittoz(at)unil.ch<\/p>\n","protected":false},"author":108,"featured_media":0,"parent":0,"menu_order":0,"comment_status":"closed","ping_status":"closed","template":"","meta":{"_seopress_robots_primary_cat":"","_seopress_titles_title":"","_seopress_titles_desc":"","_seopress_robots_index":"","footnotes":""},"class_list":["post-11","page","type-page","status-publish"],"_links":{"self":[{"href":"https:\/\/wp.unil.ch\/biogeoresearch\/wp-json\/wp\/v2\/pages\/11","targetHints":{"allow":["GET"]}}],"collection":[{"href":"https:\/\/wp.unil.ch\/biogeoresearch\/wp-json\/wp\/v2\/pages"}],"about":[{"href":"https:\/\/wp.unil.ch\/biogeoresearch\/wp-json\/wp\/v2\/types\/page"}],"author":[{"embeddable":true,"href":"https:\/\/wp.unil.ch\/biogeoresearch\/wp-json\/wp\/v2\/users\/108"}],"replies":[{"embeddable":true,"href":"https:\/\/wp.unil.ch\/biogeoresearch\/wp-json\/wp\/v2\/comments?post=11"}],"version-history":[{"count":4,"href":"https:\/\/wp.unil.ch\/biogeoresearch\/wp-json\/wp\/v2\/pages\/11\/revisions"}],"predecessor-version":[{"id":618,"href":"https:\/\/wp.unil.ch\/biogeoresearch\/wp-json\/wp\/v2\/pages\/11\/revisions\/618"}],"wp:attachment":[{"href":"https:\/\/wp.unil.ch\/biogeoresearch\/wp-json\/wp\/v2\/media?parent=11"}],"curies":[{"name":"wp","href":"https:\/\/api.w.org\/{rel}","templated":true}]}}