{"id":703,"date":"2020-08-21T16:25:15","date_gmt":"2020-08-21T14:25:15","guid":{"rendered":"http:\/\/wp.unil.ch\/biodiversite\/?page_id=703"},"modified":"2024-04-09T10:00:20","modified_gmt":"2024-04-09T08:00:20","slug":"ateliers","status":"publish","type":"page","link":"https:\/\/wp.unil.ch\/biodiversite\/ateliers\/","title":{"rendered":"Les ateliers"},"content":{"rendered":"\n<p>L\u2019\u00e9quipe de m\u00e9diatrices et m\u00e9diateurs scientifiques du <a rel=\"noreferrer noopener\" href=\"https:\/\/www.unil.ch\/scms\/home\/menuinst\/mediation-scientifique.html\" target=\"_blank\"><strong>Service Culture et M\u00e9diation scientifique<\/strong><\/a>, con\u00e7oit des activit\u00e9s mettant en exergue les enjeux sociaux, \u00e9conomiques et politiques des avanc\u00e9es scientifiques dans le domaine des <strong><a href=\"https:\/\/wp.unil.ch\/mediationscientifique\/activites\/eprouvette\/\" target=\"_blank\" rel=\"noreferrer noopener\">sciences exp\u00e9rimentales<\/a><\/strong> et des <a href=\"https:\/\/wp.unil.ch\/mediationscientifique\/activites\/sciences-humaines\/\" target=\"_blank\" rel=\"noreferrer noopener\"><strong>sciences sociales<\/strong><\/a>. <\/p>\n\n\n\n<p>L\u2019\u00e9prouvette, le laboratoire Sciences et Soci\u00e9t\u00e9 de l\u2019UNIL, propose notamment des activit\u00e9s pratiques pour s\u2019initier aux techniques utilis\u00e9es dans les laboratoires de biologie. Ces rencontres, de pr\u00e9f\u00e9rence en petits groupes, sont aussi l\u2019occasion de discuter, avec des scientifiques, des enjeux de la recherche et de ses applications dans la vie quotidienne.<\/p>\n\n\n\n<h4 class=\"wp-block-heading\">La biodiversit\u00e9 et la nature vous intrigue ? <\/h4>\n\n\n\n<p>Vous souhaitez en apprendre plus et d\u00e9couvrir les projets de recherche en cours \u00e0 l&rsquo;UNIL et ailleurs ? Ces activit\u00e9s sont pour vous !<\/p>\n\n\n<ul class=\"wp-block-latest-posts__list is-grid columns-3 wp-block-latest-posts\"><li><div class=\"wp-block-latest-posts__featured-image aligncenter\"><img loading=\"lazy\" decoding=\"async\" width=\"300\" height=\"225\" src=\"https:\/\/wp.unil.ch\/biodiversite\/files\/2020\/07\/ALeau_03-300x225.jpg\" class=\"attachment-medium size-medium wp-post-image\" alt=\"\" style=\"max-width:400px;\" srcset=\"https:\/\/wp.unil.ch\/biodiversite\/files\/2020\/07\/ALeau_03-300x225.jpg 300w, https:\/\/wp.unil.ch\/biodiversite\/files\/2020\/07\/ALeau_03-1024x768.jpg 1024w, https:\/\/wp.unil.ch\/biodiversite\/files\/2020\/07\/ALeau_03-768x576.jpg 768w, https:\/\/wp.unil.ch\/biodiversite\/files\/2020\/07\/ALeau_03-1536x1152.jpg 1536w, https:\/\/wp.unil.ch\/biodiversite\/files\/2020\/07\/ALeau_03.jpg 1600w\" sizes=\"auto, (max-width: 300px) 100vw, 300px\" \/><\/div><a class=\"wp-block-latest-posts__post-title\" href=\"https:\/\/wp.unil.ch\/biodiversite\/a-leau\/\">A l&rsquo;eau ! On se mouille pour nos cours d&rsquo;eau !<\/a><div class=\"wp-block-latest-posts__post-excerpt\">A premi\u00e8re vue, nos rivi\u00e8res semblent claires et propres mais malheureusement une grande partie est pollu\u00e9e et peut \u00eatre mortelle pour les organismes aquatiques. Vous analyserez la pr\u00e9sence des macro-invert\u00e9br\u00e9s &hellip; <\/div><\/li>\n<li><div class=\"wp-block-latest-posts__featured-image aligncenter\"><img loading=\"lazy\" decoding=\"async\" width=\"300\" height=\"200\" src=\"https:\/\/wp.unil.ch\/biodiversite\/files\/2020\/07\/Loup-300x200.jpg\" class=\"attachment-medium size-medium wp-post-image\" alt=\"\" style=\"max-width:400px;\" srcset=\"https:\/\/wp.unil.ch\/biodiversite\/files\/2020\/07\/Loup-300x200.jpg 300w, https:\/\/wp.unil.ch\/biodiversite\/files\/2020\/07\/Loup-1024x683.jpg 1024w, https:\/\/wp.unil.ch\/biodiversite\/files\/2020\/07\/Loup-768x512.jpg 768w, https:\/\/wp.unil.ch\/biodiversite\/files\/2020\/07\/Loup-1536x1024.jpg 1536w, https:\/\/wp.unil.ch\/biodiversite\/files\/2020\/07\/Loup.jpg 1800w\" sizes=\"auto, (max-width: 300px) 100vw, 300px\" \/><\/div><a class=\"wp-block-latest-posts__post-title\" href=\"https:\/\/wp.unil.ch\/biodiversite\/menager-chevre-loup\/\">M\u00e9nager la ch\u00e8vre et le loup !<\/a><div class=\"wp-block-latest-posts__post-excerpt\">Laur\u00e9at en 2018 du prix \u00e0 l\u2019encouragement de projets du R\u00e9seau Romand Science et Cit\u00e9, le projet de m\u00e9diation scientifique interdisciplinaire \u00ab M\u00e9nager la ch\u00e8vre et le loup \u00bb se &hellip; <\/div><\/li>\n<li><div class=\"wp-block-latest-posts__featured-image aligncenter\"><img loading=\"lazy\" decoding=\"async\" width=\"300\" height=\"200\" src=\"https:\/\/wp.unil.ch\/biodiversite\/files\/2020\/07\/Fotolia_humus_glands_126950811_hikdaigaku86-300x200.jpg\" class=\"attachment-medium size-medium wp-post-image\" alt=\"\" style=\"max-width:400px;\" srcset=\"https:\/\/wp.unil.ch\/biodiversite\/files\/2020\/07\/Fotolia_humus_glands_126950811_hikdaigaku86-300x200.jpg 300w, https:\/\/wp.unil.ch\/biodiversite\/files\/2020\/07\/Fotolia_humus_glands_126950811_hikdaigaku86-1024x683.jpg 1024w, https:\/\/wp.unil.ch\/biodiversite\/files\/2020\/07\/Fotolia_humus_glands_126950811_hikdaigaku86-768x512.jpg 768w, https:\/\/wp.unil.ch\/biodiversite\/files\/2020\/07\/Fotolia_humus_glands_126950811_hikdaigaku86.jpg 1300w\" sizes=\"auto, (max-width: 300px) 100vw, 300px\" \/><\/div><a class=\"wp-block-latest-posts__post-title\" href=\"https:\/\/wp.unil.ch\/biodiversite\/quels-sols-fertiles-pour-demain\/\">Quels sols fertiles pour demain ?<\/a><div class=\"wp-block-latest-posts__post-excerpt\">Mieux comprendre la fertilit\u00e9 des sols pour faire face aux enjeux actuels et futurs de l&rsquo;agriculture. Que deviennent les feuilles qui tombent des arbres en automne&nbsp;?&nbsp;Quelles sont les interactions entre &hellip; <\/div><\/li>\n<li><div class=\"wp-block-latest-posts__featured-image aligncenter\"><img loading=\"lazy\" decoding=\"async\" width=\"300\" height=\"199\" src=\"https:\/\/wp.unil.ch\/biodiversite\/files\/2020\/07\/Fotolia_vers_de_terre_102745801_patila-300x199.jpg\" class=\"attachment-medium size-medium wp-post-image\" alt=\"\" style=\"max-width:400px;\" srcset=\"https:\/\/wp.unil.ch\/biodiversite\/files\/2020\/07\/Fotolia_vers_de_terre_102745801_patila-300x199.jpg 300w, https:\/\/wp.unil.ch\/biodiversite\/files\/2020\/07\/Fotolia_vers_de_terre_102745801_patila-1024x678.jpg 1024w, https:\/\/wp.unil.ch\/biodiversite\/files\/2020\/07\/Fotolia_vers_de_terre_102745801_patila-768x509.jpg 768w, https:\/\/wp.unil.ch\/biodiversite\/files\/2020\/07\/Fotolia_vers_de_terre_102745801_patila.jpg 1300w\" sizes=\"auto, (max-width: 300px) 100vw, 300px\" \/><\/div><a class=\"wp-block-latest-posts__post-title\" href=\"https:\/\/wp.unil.ch\/biodiversite\/quels-tresors-enfouis-sous-nos-pieds\/\">Quels tr\u00e9sors enfouis sous nos pieds ?<\/a><div class=\"wp-block-latest-posts__post-excerpt\">Le Micropeuple des sols a besoin d&rsquo;aide, le sol urbain est menac\u00e9 ! Tout public, d\u00e9s 9 ans Munis des outils de sp\u00e9cialistes des sols, venez aider le Micropeuple des &hellip; <\/div><\/li>\n<li><div class=\"wp-block-latest-posts__featured-image aligncenter\"><img loading=\"lazy\" decoding=\"async\" width=\"300\" height=\"200\" src=\"https:\/\/wp.unil.ch\/biodiversite\/files\/2020\/07\/Fourmi_unsplash-300x200.jpg\" class=\"attachment-medium size-medium wp-post-image\" alt=\"\" style=\"max-width:400px;\" srcset=\"https:\/\/wp.unil.ch\/biodiversite\/files\/2020\/07\/Fourmi_unsplash-300x200.jpg 300w, https:\/\/wp.unil.ch\/biodiversite\/files\/2020\/07\/Fourmi_unsplash-1024x683.jpg 1024w, https:\/\/wp.unil.ch\/biodiversite\/files\/2020\/07\/Fourmi_unsplash-768x512.jpg 768w, https:\/\/wp.unil.ch\/biodiversite\/files\/2020\/07\/Fourmi_unsplash-1536x1024.jpg 1536w, https:\/\/wp.unil.ch\/biodiversite\/files\/2020\/07\/Fourmi_unsplash.jpg 1800w\" sizes=\"auto, (max-width: 300px) 100vw, 300px\" \/><\/div><a class=\"wp-block-latest-posts__post-title\" href=\"https:\/\/wp.unil.ch\/biodiversite\/qui-est-cette-fourmi\/\">Qui est cette fourmi ?<\/a><div class=\"wp-block-latest-posts__post-excerpt\">Identifier les principales esp\u00e8ces de fourmis et en apprendre plus sur ces insectes ! Saviez-vous que l&rsquo;Universit\u00e9 de Lausanne est mondialement reconnue pour l&rsquo;\u00e9tude des fourmis, dont on trouve pr\u00e8s &hellip; <\/div><\/li>\n<\/ul>","protected":false},"excerpt":{"rendered":"<p>L\u2019\u00e9quipe de m\u00e9diatrices et m\u00e9diateurs scientifiques du Service Culture et M\u00e9diation scientifique, con\u00e7oit des activit\u00e9s mettant en exergue les enjeux sociaux, \u00e9conomiques et politiques des avanc\u00e9es scientifiques dans le domaine &hellip; <\/p>\n","protected":false},"author":1801,"featured_media":0,"parent":0,"menu_order":0,"comment_status":"closed","ping_status":"closed","template":"","meta":{"_seopress_robots_primary_cat":"","_seopress_titles_title":"","_seopress_titles_desc":"","_seopress_robots_index":"","footnotes":""},"class_list":["post-703","page","type-page","status-publish"],"_links":{"self":[{"href":"https:\/\/wp.unil.ch\/biodiversite\/wp-json\/wp\/v2\/pages\/703","targetHints":{"allow":["GET"]}}],"collection":[{"href":"https:\/\/wp.unil.ch\/biodiversite\/wp-json\/wp\/v2\/pages"}],"about":[{"href":"https:\/\/wp.unil.ch\/biodiversite\/wp-json\/wp\/v2\/types\/page"}],"author":[{"embeddable":true,"href":"https:\/\/wp.unil.ch\/biodiversite\/wp-json\/wp\/v2\/users\/1801"}],"replies":[{"embeddable":true,"href":"https:\/\/wp.unil.ch\/biodiversite\/wp-json\/wp\/v2\/comments?post=703"}],"version-history":[{"count":1,"href":"https:\/\/wp.unil.ch\/biodiversite\/wp-json\/wp\/v2\/pages\/703\/revisions"}],"predecessor-version":[{"id":1110,"href":"https:\/\/wp.unil.ch\/biodiversite\/wp-json\/wp\/v2\/pages\/703\/revisions\/1110"}],"wp:attachment":[{"href":"https:\/\/wp.unil.ch\/biodiversite\/wp-json\/wp\/v2\/media?parent=703"}],"curies":[{"name":"wp","href":"https:\/\/api.w.org\/{rel}","templated":true}]}}