{"id":657,"date":"2020-08-17T19:45:32","date_gmt":"2020-08-17T17:45:32","guid":{"rendered":"http:\/\/wp.unil.ch\/biodiversite\/?page_id=657"},"modified":"2023-03-05T19:42:45","modified_gmt":"2023-03-05T18:42:45","slug":"lobservatoire","status":"publish","type":"page","link":"https:\/\/wp.unil.ch\/biodiversite\/lobservatoire\/","title":{"rendered":"L&rsquo;observatoire"},"content":{"rendered":"\n<p>Pour atteindre l&rsquo;objectif d&rsquo;\u00eatre pionni\u00e8re de durabilit\u00e9 l&rsquo;UNIL a mis en place des mesures dont l&rsquo;une d&rsquo;entre elle vise \u00e0 \u00ab r\u00e9duire les impacts de l\u2019UNIL sur la biosph\u00e8re et de faire du campus un laboratoire vivant d&rsquo;une telle d\u00e9marche \u00bb.<\/p>\n\n\n\n<p>L\u2019Universit\u00e9 de Lausanne b\u00e9n\u00e9ficie d\u2019un campus aux qualit\u00e9s naturelles et paysag\u00e8res exceptionnelles et depuis une dizaine d\u2019ann\u00e9es, l\u2019entretien du campus exclut tout &nbsp;recours aux produits phytosanitaires de synth\u00e8se et des mesures visant \u00e0 favoriser la biodiversit\u00e9 sont entreprises, telles que la fauche tardive, la p\u00e2ture par des moutons ou la plantation d\u2019esp\u00e8ces indig\u00e8nes. Le campus comprend \u00e9galement 12 hectares de for\u00eat prot\u00e9g\u00e9e dont l\u2019\u00e9volution devra b\u00e9n\u00e9ficier d\u2019un suivi d\u00e8s 2020, conform\u00e9ment \u00e0 la demande de la Direction G\u00e9n\u00e9rale de l\u2019Environnement.<\/p>\n\n\n\n<p>Depuis 2018, des relev\u00e9s des populations d\u2019oiseaux, de papillons et de libellules ont \u00e9t\u00e9 effectu\u00e9s sur une base volontaire par Robin S\u00e9chaud et Sacha Zahnd, deux doctorants en biologie, sous l\u2019impulsion des professeurs Alexandre Roulin et Philippe Christe. De plus, un monitoring d\u2019oiseaux ainsi que des pi\u00e9geages de micromammif\u00e8res et de chauves-souris sont effectu\u00e9s dans le cadre de travaux pratiques du module \u00ab Biodiversit\u00e9 et habitats \u00bb du Bachelor en biologie. Concernant la flore, il y a dans le cadre de l&rsquo;Atlas de la flore vaudoise, plus de 500 observations sur l&rsquo;UNIL et \u00a0environs imm\u00e9diats, pour plus de 300 esp\u00e8ces. Pour la partie aquatique, un relev\u00e9 des macroinvert\u00e9br\u00e9s est effectu\u00e9 par le canton de Vaud, de m\u00eame que chaque ann\u00e9e dans le cadre des travaux pratiques du master en Sciences de l\u2019Environnement, sur la Sorge. Un relev\u00e9 des communaut\u00e9s de poissons a \u00e9galement \u00e9t\u00e9 effectu\u00e9 en 2017. Mais la biodiversit\u00e9 du campus de l&rsquo;UNIL \u00e9tant encore relativement m\u00e9connue, une s\u00e9rie d&rsquo;inventaires floristiques et faunistiques a donc \u00e9t\u00e9 initi\u00e9e. Des groupes vari\u00e9s en termes d&rsquo;\u00e9cologie, de niveaux trophiques et d&rsquo;indicateurs des conditions environnementales ont \u00e9t\u00e9 consid\u00e9r\u00e9s, \u00e0 savoir les plantes vasculaires, les col\u00e9opt\u00e8res, les l\u00e9pidopt\u00e8res, les odonates, les chiropt\u00e8res et les oiseaux. Cet inventaire fournit un \u00e9tat de r\u00e9f\u00e9rence, entre 2017 et 2021, de la biodiversit\u00e9 du campus de l&rsquo;UNIL, et pourra servir de base pour des comparaisons futures, pour la gestion des espaces verts et de futures recherches.<\/p>\n\n\n\n<p>L\u2019id\u00e9e de la cr\u00e9ation d\u2019un Observatoire de la biodiversit\u00e9 \u00e0 l\u2019UNIL est n\u00e9e du constat que les qualit\u00e9s naturelles du campus, ainsi que les efforts d\u00e9ploy\u00e9s pour monitorer et promouvoir sa biodiversit\u00e9 n\u2019\u00e9taient pas suffisamment exploit\u00e9s et mis en valeur. La cr\u00e9ation de cet observatoire vise donc \u00e0 permettre une meilleure circulation de l\u2019information entre les acteurs concern\u00e9s, \u00e0 assurer la p\u00e9rennit\u00e9 des initiatives existantes, et \u00e0 d\u00e9velopper de nouvelles activit\u00e9s autour de la biodiversit\u00e9.<\/p>\n\n\n\n<p>Les trois missions principales de l\u2019Observatoire sont de :<\/p>\n\n\n\n<ol class=\"wp-block-list\">\n<li>Harmoniser les donn\u00e9es existantes. Syst\u00e9matiser et p\u00e9renniser les relev\u00e9s d\u2019esp\u00e8ces et les \u00e9tendre \u00e0 d\u2019autres groupes d\u2019organismes (par exemple les mammif\u00e8res) et habitats.<\/li>\n\n\n\n<li>Mettre en place des activit\u00e9s de communication et de m\u00e9diation scientifique et culturelle en lien avec la biodiversit\u00e9 sur le campus.<\/li>\n\n\n\n<li>Collaborer avec les gestionnaires du campus (Unibat, Exploitants agricoles) et du canton (DGE) pour am\u00e9liorer les mesures de promotion de la biodiversit\u00e9, sur la base des informations accumul\u00e9es gr\u00e2ce aux relev\u00e9s.<\/li>\n<\/ol>\n\n\n\n<p>L\u2019Observatoire de la biodiversit\u00e9 n\u2019est pas une unit\u00e9 fonctionnelle, mais simplement un comit\u00e9 de pilotage \u00e9tabli, dont l\u2019existence est valid\u00e9e par la Direction. Il sera h\u00e9berg\u00e9 par le centre de comp\u00e9tence en durabilit\u00e9, <a rel=\"noreferrer noopener\" href=\"https:\/\/www.unil.ch\/centre-durabilite\/home.html\" target=\"_blank\">CCD<\/a>. <\/p>\n","protected":false},"excerpt":{"rendered":"<p>Pour atteindre l&rsquo;objectif d&rsquo;\u00eatre pionni\u00e8re de durabilit\u00e9 l&rsquo;UNIL a mis en place des mesures dont l&rsquo;une d&rsquo;entre elle vise \u00e0 \u00ab r\u00e9duire les impacts de l\u2019UNIL sur la biosph\u00e8re et &hellip; <\/p>\n","protected":false},"author":1801,"featured_media":0,"parent":0,"menu_order":0,"comment_status":"closed","ping_status":"closed","template":"","meta":{"_seopress_robots_primary_cat":"","_seopress_titles_title":"","_seopress_titles_desc":"","_seopress_robots_index":"","footnotes":""},"class_list":["post-657","page","type-page","status-publish"],"_links":{"self":[{"href":"https:\/\/wp.unil.ch\/biodiversite\/wp-json\/wp\/v2\/pages\/657","targetHints":{"allow":["GET"]}}],"collection":[{"href":"https:\/\/wp.unil.ch\/biodiversite\/wp-json\/wp\/v2\/pages"}],"about":[{"href":"https:\/\/wp.unil.ch\/biodiversite\/wp-json\/wp\/v2\/types\/page"}],"author":[{"embeddable":true,"href":"https:\/\/wp.unil.ch\/biodiversite\/wp-json\/wp\/v2\/users\/1801"}],"replies":[{"embeddable":true,"href":"https:\/\/wp.unil.ch\/biodiversite\/wp-json\/wp\/v2\/comments?post=657"}],"version-history":[{"count":0,"href":"https:\/\/wp.unil.ch\/biodiversite\/wp-json\/wp\/v2\/pages\/657\/revisions"}],"wp:attachment":[{"href":"https:\/\/wp.unil.ch\/biodiversite\/wp-json\/wp\/v2\/media?parent=657"}],"curies":[{"name":"wp","href":"https:\/\/api.w.org\/{rel}","templated":true}]}}