{"id":645,"date":"2020-08-17T17:39:01","date_gmt":"2020-08-17T15:39:01","guid":{"rendered":"http:\/\/wp.unil.ch\/biodiversite\/?page_id=645"},"modified":"2023-03-05T21:40:17","modified_gmt":"2023-03-05T20:40:17","slug":"les-tenasses","status":"publish","type":"page","link":"https:\/\/wp.unil.ch\/biodiversite\/les-tenasses\/","title":{"rendered":"Les marais des Tenasses"},"content":{"rendered":"\n<p>Le site des Tenasses se r\u00e9partit en trois zones distinctes de marais, soit le haut marais, qui correspond au c\u0153ur de la tourbi\u00e8re bomb\u00e9e, les bas marais de pentes et la ceinture de bas marais plats. Exploit\u00e9 durant quelques ann\u00e9es pour sa tourbe \u00e0 la fin du XIXe si\u00e8cle, puis dans un second temps lors de la Seconde Guerre mondiale, le site des Tenasses a \u00e9t\u00e9 achet\u00e9 en 1931 par l\u2019Universit\u00e9 de Lausanne afin d\u2019en faire \u00e0 la fois une zone d\u2019\u00e9tude et une r\u00e9serve naturelle prot\u00e9g\u00e9e pour sa flore.<\/p>\n\n\n\n<p>L\u2019Universit\u00e9 de Lausanne en partenariat avec le canton de Vaud et les communes de Blonay et Saint-L\u00e9gier, ont mis en place un sentier didactique autour de la r\u00e9serve afin de mieux conna\u00eetre ces marais.<\/p>\n\n\n\n<div class=\"wp-block-columns is-layout-flex wp-container-core-columns-is-layout-9d6595d7 wp-block-columns-is-layout-flex\">\n<div class=\"wp-block-column is-layout-flow wp-block-column-is-layout-flow\"><div class=\"wp-block-image\">\n<figure class=\"alignright size-medium\"><img alt=\"\" loading=\"lazy\" decoding=\"async\" width=\"203\" height=\"300\" src=\"https:\/\/wp.unil.ch\/biodiversite\/files\/2020\/08\/LW_drosera-203x300.jpg\" alt=\"\" class=\"wp-image-650\" srcset=\"https:\/\/wp.unil.ch\/biodiversite\/files\/2020\/08\/LW_drosera-203x300.jpg 203w, https:\/\/wp.unil.ch\/biodiversite\/files\/2020\/08\/LW_drosera.jpg 683w\" sizes=\"auto, (max-width: 203px) 100vw, 203px\" \/><figcaption class=\"wp-element-caption\">Le rossolis \u00e0 feuilles rondes <br>\u00a9 Laurent Willenegger<\/figcaption><\/figure>\n<\/div><\/div>\n\n\n\n<div class=\"wp-block-column is-layout-flow wp-block-column-is-layout-flow\"><div class=\"wp-block-image\">\n<figure class=\"aligncenter size-medium\"><img alt=\"\" loading=\"lazy\" decoding=\"async\" width=\"289\" height=\"300\" src=\"https:\/\/wp.unil.ch\/biodiversite\/files\/2020\/08\/LW_sarracenia-289x300.jpg\" alt=\"\" class=\"wp-image-652\" srcset=\"https:\/\/wp.unil.ch\/biodiversite\/files\/2020\/08\/LW_sarracenia-289x300.jpg 289w, https:\/\/wp.unil.ch\/biodiversite\/files\/2020\/08\/LW_sarracenia.jpg 767w\" sizes=\"auto, (max-width: 289px) 100vw, 289px\" \/><figcaption class=\"wp-element-caption\">La sarrac\u00e9nie pourpre <br>\u00a9 Laurent Willenegger<\/figcaption><\/figure>\n<\/div><\/div>\n\n\n\n<div class=\"wp-block-column is-layout-flow wp-block-column-is-layout-flow\"><div class=\"wp-block-image\">\n<figure class=\"alignleft size-medium\"><img alt=\"\" loading=\"lazy\" decoding=\"async\" width=\"148\" height=\"300\" src=\"https:\/\/wp.unil.ch\/biodiversite\/files\/2020\/08\/LW_sphagnum-148x300.jpg\" alt=\"\" class=\"wp-image-651\" srcset=\"https:\/\/wp.unil.ch\/biodiversite\/files\/2020\/08\/LW_sphagnum-148x300.jpg 148w, https:\/\/wp.unil.ch\/biodiversite\/files\/2020\/08\/LW_sphagnum.jpg 397w\" sizes=\"auto, (max-width: 148px) 100vw, 148px\" \/><figcaption class=\"wp-element-caption\">Les sphaignes <br>\u00a9 Laurent Willenegger<\/figcaption><\/figure>\n<\/div><\/div>\n<\/div>\n\n\n\n<p>Nous vous recommandons d\u2019aller profiter de ce magnifique paysage, mais afin de pr\u00e9server les esp\u00e8ces qui y vivent, veuillez respecter les consignes suivantes : ne quittez pas les chemins, les plantes \u00e9tant fragiles ; ne cueillez ni plantes, ni fruits, ni champignons, afin de ne pas mettre en danger les esp\u00e8ces ; tenez votre chien en laisse pour ne pas d\u00e9ranger la faune ; ne faites pas de feu et emportez vos d\u00e9chets. Merci d\u2019avance&nbsp;!<\/p>\n\n\n\n<p>Pour vous y rendre, rejoignez Les Pl\u00e9iades et continuez jusqu\u2019au parking Les Motalles situ\u00e9 au bas de la r\u00e9serve des Tenasses, aux abords du hameau de Lally.<\/p>\n\n\n\n<h5 class=\"wp-block-heading\">Dans la presse<\/h5>\n\n\n\n<div class=\"wp-block-file\"><a id=\"wp-block-file--media-5b09a093-7643-4b3d-aba1-e09e1190bffb\" href=\"https:\/\/wp.unil.ch\/biodiversite\/files\/2023\/03\/20180906_Terre_et_Nature.pdf\" target=\"_blank\" rel=\"noreferrer noopener\">20180906_Terre_et_Nature<\/a><\/div>\n\n\n\n<p><strong>Pour en savoir plus<\/strong> sur la protection des marais : lien vers l&rsquo;office f\u00e9d\u00e9rale de l&rsquo;environnement OFEV \/ <a rel=\"noreferrer noopener\" href=\"https:\/\/www.bafu.admin.ch\/bafu\/fr\/home\/themes\/biodiversite\/info-specialistes\/mesures-de-conservation-de-la-biodiversite\/infrastructure-ecologique\/biotopes-d_importance-nationale\/marais.html\" target=\"_blank\">Mara<\/a><a href=\"https:\/\/www.bafu.admin.ch\/bafu\/fr\/home\/themes\/biodiversite\/info-specialistes\/infrastructure-ecologique\/biotopes-d_importance-nationale\/marais.html\" target=\"_blank\" rel=\"noreferrer noopener\">is<\/a><\/p>\n","protected":false},"excerpt":{"rendered":"<p>Le site des Tenasses se r\u00e9partit en trois zones distinctes de marais, soit le haut marais, qui correspond au c\u0153ur de la tourbi\u00e8re bomb\u00e9e, les bas marais de pentes et &hellip; <\/p>\n","protected":false},"author":1801,"featured_media":0,"parent":0,"menu_order":0,"comment_status":"closed","ping_status":"closed","template":"","meta":{"_seopress_robots_primary_cat":"","_seopress_titles_title":"","_seopress_titles_desc":"","_seopress_robots_index":"","footnotes":""},"class_list":["post-645","page","type-page","status-publish"],"_links":{"self":[{"href":"https:\/\/wp.unil.ch\/biodiversite\/wp-json\/wp\/v2\/pages\/645","targetHints":{"allow":["GET"]}}],"collection":[{"href":"https:\/\/wp.unil.ch\/biodiversite\/wp-json\/wp\/v2\/pages"}],"about":[{"href":"https:\/\/wp.unil.ch\/biodiversite\/wp-json\/wp\/v2\/types\/page"}],"author":[{"embeddable":true,"href":"https:\/\/wp.unil.ch\/biodiversite\/wp-json\/wp\/v2\/users\/1801"}],"replies":[{"embeddable":true,"href":"https:\/\/wp.unil.ch\/biodiversite\/wp-json\/wp\/v2\/comments?post=645"}],"version-history":[{"count":0,"href":"https:\/\/wp.unil.ch\/biodiversite\/wp-json\/wp\/v2\/pages\/645\/revisions"}],"wp:attachment":[{"href":"https:\/\/wp.unil.ch\/biodiversite\/wp-json\/wp\/v2\/media?parent=645"}],"curies":[{"name":"wp","href":"https:\/\/api.w.org\/{rel}","templated":true}]}}