{"id":6,"date":"2019-11-28T16:00:19","date_gmt":"2019-11-28T15:00:19","guid":{"rendered":"http:\/\/wp.unil.ch\/biodiversite\/?page_id=6"},"modified":"2023-03-05T19:25:42","modified_gmt":"2023-03-05T18:25:42","slug":"a-propos","status":"publish","type":"page","link":"https:\/\/wp.unil.ch\/biodiversite\/","title":{"rendered":"L&rsquo;atlas"},"content":{"rendered":"\n<p>Le fort d\u00e9clin de la biodiversit\u00e9 report\u00e9 ces derni\u00e8res d\u00e9cennies est un d\u00e9fi environnemental et social majeur puisque la perte d&rsquo;esp\u00e8ces remet en question des services \u00e9cosyst\u00e9miques essentiels \u00e0 nos soci\u00e9t\u00e9s, tels que la pollinisation ou la lutte biologique contre les ravageurs. L&rsquo;Universit\u00e9 de Lausanne a r\u00e9cemment cr\u00e9\u00e9 un Observatoire de la Biodiversit\u00e9 qui a pour mission de valoriser les opportunit\u00e9s de recherche, de sensibilisation et de m\u00e9diation scientifique qu&rsquo;offre son campus. Dans ce contexte, nous avons recens\u00e9 une partie de la biodiversit\u00e9 du campus entre 2017 et 2021, en consid\u00e9rant des groupes avec des exigences \u00e9cologiques vari\u00e9es, \u00e0 savoir les plantes vasculaires, les col\u00e9opt\u00e8res, les l\u00e9pidopt\u00e8res, les odonates, les chiropt\u00e8res et les oiseaux.<\/p>\n\n\n\n<p>Cet  inventaire dresse un \u00e9tat de r\u00e9f\u00e9rence de la biodiversit\u00e9 sur le campus de l&rsquo;Universit\u00e9 de Lausanne et pourra servir de point de base pour de futurs inventaires, projets de recherche et activit\u00e9s de m\u00e9diation,<br>mais \u00e9galement \u00e0 orienter la gestion des espaces verts du campus.<\/p>\n\n\n\n<p>Les principales esp\u00e8ces remarquables, communes ou \u00e9tonnantes sont bri\u00e8vement pr\u00e9sent\u00e9es sur ce site. <\/p>\n\n\n<div class=\"wp-block-image\">\n<figure class=\"aligncenter size-large is-resized\"><a href=\"https:\/\/planete.unil.ch\/plan\/\" target=\"_blank\" rel=\"noopener\"><img alt=\"\" loading=\"lazy\" decoding=\"async\" src=\"https:\/\/wp.unil.ch\/biodiversite\/files\/2020\/08\/Plan-interactif-1024x636.png\" alt=\"\" class=\"wp-image-665\" width=\"512\" height=\"318\" srcset=\"https:\/\/wp.unil.ch\/biodiversite\/files\/2020\/08\/Plan-interactif-1024x636.png 1024w, https:\/\/wp.unil.ch\/biodiversite\/files\/2020\/08\/Plan-interactif-300x186.png 300w, https:\/\/wp.unil.ch\/biodiversite\/files\/2020\/08\/Plan-interactif-768x477.png 768w, https:\/\/wp.unil.ch\/biodiversite\/files\/2020\/08\/Plan-interactif-348x215.png 348w, https:\/\/wp.unil.ch\/biodiversite\/files\/2020\/08\/Plan-interactif.png 1052w\" sizes=\"auto, (max-width: 512px) 100vw, 512px\" \/><\/a><figcaption class=\"wp-element-caption\">Plan\u00e8te UNIL<\/figcaption><\/figure>\n<\/div>\n\n\n<p>L&rsquo;application \u00ab\u00a0plan\u00e8te UNIL\u00a0\u00bb, r\u00e9guli\u00e8rement actualis\u00e9e, constitue un vrai guide qui peut notamment vous aider \u00e0 localiser un b\u00e2timent, un parking, un auditoire ou encore une salle ainsi que tout autre point d\u2019int\u00e9r\u00eat comme les espaces verts et l&rsquo;inventaire des arbres et plantes vertes. Une extension \u00e0 toutes les esp\u00e8ces vivantes pr\u00e9sentes sur le campus sera bient\u00f4t disponible. <\/p>\n\n\n<p class=\"wp-block-tag-cloud\"><a href=\"https:\/\/wp.unil.ch\/biodiversite\/tag\/adn\/\" class=\"tag-cloud-link tag-link-38 tag-link-position-1\" style=\"font-size: 8pt;\" aria-label=\"ADN (1 \u00e9l\u00e9ment)\">ADN<\/a>\n<a href=\"https:\/\/wp.unil.ch\/biodiversite\/tag\/amphibien\/\" class=\"tag-cloud-link tag-link-35 tag-link-position-2\" style=\"font-size: 8pt;\" aria-label=\"amphibien (1 \u00e9l\u00e9ment)\">amphibien<\/a>\n<a href=\"https:\/\/wp.unil.ch\/biodiversite\/tag\/aquatique\/\" class=\"tag-cloud-link tag-link-11 tag-link-position-3\" style=\"font-size: 13.045045045045pt;\" aria-label=\"aquatique (4 \u00e9l\u00e9ments)\">aquatique<\/a>\n<a href=\"https:\/\/wp.unil.ch\/biodiversite\/tag\/arbre\/\" class=\"tag-cloud-link tag-link-28 tag-link-position-4\" style=\"font-size: 10.27027027027pt;\" aria-label=\"arbre (2 \u00e9l\u00e9ments)\">arbre<\/a>\n<a href=\"https:\/\/wp.unil.ch\/biodiversite\/tag\/castor\/\" class=\"tag-cloud-link tag-link-9 tag-link-position-5\" style=\"font-size: 8pt;\" aria-label=\"castor (1 \u00e9l\u00e9ment)\">castor<\/a>\n<a href=\"https:\/\/wp.unil.ch\/biodiversite\/tag\/chauve-souris\/\" class=\"tag-cloud-link tag-link-19 tag-link-position-6\" style=\"font-size: 8pt;\" aria-label=\"chauve-souris (1 \u00e9l\u00e9ment)\">chauve-souris<\/a>\n<a href=\"https:\/\/wp.unil.ch\/biodiversite\/tag\/climat\/\" class=\"tag-cloud-link tag-link-32 tag-link-position-7\" style=\"font-size: 8pt;\" aria-label=\"climat (1 \u00e9l\u00e9ment)\">climat<\/a>\n<a href=\"https:\/\/wp.unil.ch\/biodiversite\/tag\/espece-ptotegee\/\" class=\"tag-cloud-link tag-link-39 tag-link-position-8\" style=\"font-size: 8pt;\" aria-label=\"esp\u00e8ce ptot\u00e9g\u00e9e (1 \u00e9l\u00e9ment)\">esp\u00e8ce ptot\u00e9g\u00e9e<\/a>\n<a href=\"https:\/\/wp.unil.ch\/biodiversite\/tag\/feuillu\/\" class=\"tag-cloud-link tag-link-27 tag-link-position-9\" style=\"font-size: 10.27027027027pt;\" aria-label=\"feuillu (2 \u00e9l\u00e9ments)\">feuillu<\/a>\n<a href=\"https:\/\/wp.unil.ch\/biodiversite\/tag\/fleurs\/\" class=\"tag-cloud-link tag-link-45 tag-link-position-10\" style=\"font-size: 8pt;\" aria-label=\"fleurs (1 \u00e9l\u00e9ment)\">fleurs<\/a>\n<a href=\"https:\/\/wp.unil.ch\/biodiversite\/tag\/foret\/\" class=\"tag-cloud-link tag-link-41 tag-link-position-11\" style=\"font-size: 10.27027027027pt;\" aria-label=\"for\u00eat (2 \u00e9l\u00e9ments)\">for\u00eat<\/a>\n<a href=\"https:\/\/wp.unil.ch\/biodiversite\/tag\/fourmi\/\" class=\"tag-cloud-link tag-link-43 tag-link-position-12\" style=\"font-size: 10.27027027027pt;\" aria-label=\"fourmi (2 \u00e9l\u00e9ments)\">fourmi<\/a>\n<a href=\"https:\/\/wp.unil.ch\/biodiversite\/tag\/insecte\/\" class=\"tag-cloud-link tag-link-24 tag-link-position-13\" style=\"font-size: 11.783783783784pt;\" aria-label=\"insecte (3 \u00e9l\u00e9ments)\">insecte<\/a>\n<a href=\"https:\/\/wp.unil.ch\/biodiversite\/tag\/invertebre\/\" class=\"tag-cloud-link tag-link-37 tag-link-position-14\" style=\"font-size: 8pt;\" aria-label=\"invert\u00e9br\u00e9 (1 \u00e9l\u00e9ment)\">invert\u00e9br\u00e9<\/a>\n<a href=\"https:\/\/wp.unil.ch\/biodiversite\/tag\/loup\/\" class=\"tag-cloud-link tag-link-44 tag-link-position-15\" style=\"font-size: 8pt;\" aria-label=\"loup (1 \u00e9l\u00e9ment)\">loup<\/a>\n<a href=\"https:\/\/wp.unil.ch\/biodiversite\/tag\/mammifere-2\/\" class=\"tag-cloud-link tag-link-20 tag-link-position-16\" style=\"font-size: 15.567567567568pt;\" aria-label=\"mammif\u00e8re (7 \u00e9l\u00e9ments)\">mammif\u00e8re<\/a>\n<a href=\"https:\/\/wp.unil.ch\/biodiversite\/tag\/migrateur\/\" class=\"tag-cloud-link tag-link-7 tag-link-position-17\" style=\"font-size: 8pt;\" aria-label=\"migrateur (1 \u00e9l\u00e9ment)\">migrateur<\/a>\n<a href=\"https:\/\/wp.unil.ch\/biodiversite\/tag\/milan-noir\/\" class=\"tag-cloud-link tag-link-3 tag-link-position-18\" style=\"font-size: 8pt;\" aria-label=\"milan noir (1 \u00e9l\u00e9ment)\">milan noir<\/a>\n<a href=\"https:\/\/wp.unil.ch\/biodiversite\/tag\/nocturne\/\" class=\"tag-cloud-link tag-link-12 tag-link-position-19\" style=\"font-size: 8pt;\" aria-label=\"nocturne (1 \u00e9l\u00e9ment)\">nocturne<\/a>\n<a href=\"https:\/\/wp.unil.ch\/biodiversite\/tag\/oiseau\/\" class=\"tag-cloud-link tag-link-17 tag-link-position-20\" style=\"font-size: 22pt;\" aria-label=\"oiseau (25 \u00e9l\u00e9ments)\">oiseau<\/a>\n<a href=\"https:\/\/wp.unil.ch\/biodiversite\/tag\/orchidees\/\" class=\"tag-cloud-link tag-link-46 tag-link-position-21\" style=\"font-size: 8pt;\" aria-label=\"orchid\u00e9es (1 \u00e9l\u00e9ment)\">orchid\u00e9es<\/a>\n<a href=\"https:\/\/wp.unil.ch\/biodiversite\/tag\/plante\/\" class=\"tag-cloud-link tag-link-13 tag-link-position-22\" style=\"font-size: 10.27027027027pt;\" aria-label=\"plante (2 \u00e9l\u00e9ments)\">plante<\/a>\n<a href=\"https:\/\/wp.unil.ch\/biodiversite\/tag\/poisson\/\" class=\"tag-cloud-link tag-link-34 tag-link-position-23\" style=\"font-size: 8pt;\" aria-label=\"poisson (1 \u00e9l\u00e9ment)\">poisson<\/a>\n<a href=\"https:\/\/wp.unil.ch\/biodiversite\/tag\/potager\/\" class=\"tag-cloud-link tag-link-33 tag-link-position-24\" style=\"font-size: 8pt;\" aria-label=\"potager (1 \u00e9l\u00e9ment)\">potager<\/a>\n<a href=\"https:\/\/wp.unil.ch\/biodiversite\/tag\/rapace\/\" class=\"tag-cloud-link tag-link-6 tag-link-position-25\" style=\"font-size: 8pt;\" aria-label=\"rapace (1 \u00e9l\u00e9ment)\">rapace<\/a>\n<a href=\"https:\/\/wp.unil.ch\/biodiversite\/tag\/recheche\/\" class=\"tag-cloud-link tag-link-47 tag-link-position-26\" style=\"font-size: 8pt;\" aria-label=\"recheche (1 \u00e9l\u00e9ment)\">recheche<\/a>\n<a href=\"https:\/\/wp.unil.ch\/biodiversite\/tag\/rongeur\/\" class=\"tag-cloud-link tag-link-16 tag-link-position-27\" style=\"font-size: 8pt;\" aria-label=\"rongeur (1 \u00e9l\u00e9ment)\">rongeur<\/a>\n<a href=\"https:\/\/wp.unil.ch\/biodiversite\/tag\/sauvageons\/\" class=\"tag-cloud-link tag-link-31 tag-link-position-28\" style=\"font-size: 11.783783783784pt;\" aria-label=\"sauvageons (3 \u00e9l\u00e9ments)\">sauvageons<\/a>\n<a href=\"https:\/\/wp.unil.ch\/biodiversite\/tag\/sols\/\" class=\"tag-cloud-link tag-link-40 tag-link-position-29\" style=\"font-size: 11.783783783784pt;\" aria-label=\"sols (3 \u00e9l\u00e9ments)\">sols<\/a><\/p>","protected":false},"excerpt":{"rendered":"<p>Le fort d\u00e9clin de la biodiversit\u00e9 report\u00e9 ces derni\u00e8res d\u00e9cennies est un d\u00e9fi environnemental et social majeur puisque la perte d&rsquo;esp\u00e8ces remet en question des services \u00e9cosyst\u00e9miques essentiels \u00e0 nos &hellip; <\/p>\n","protected":false},"author":108,"featured_media":0,"parent":0,"menu_order":0,"comment_status":"closed","ping_status":"closed","template":"","meta":{"_seopress_robots_primary_cat":"","_seopress_titles_title":"","_seopress_titles_desc":"","_seopress_robots_index":"","footnotes":""},"class_list":["post-6","page","type-page","status-publish"],"_links":{"self":[{"href":"https:\/\/wp.unil.ch\/biodiversite\/wp-json\/wp\/v2\/pages\/6","targetHints":{"allow":["GET"]}}],"collection":[{"href":"https:\/\/wp.unil.ch\/biodiversite\/wp-json\/wp\/v2\/pages"}],"about":[{"href":"https:\/\/wp.unil.ch\/biodiversite\/wp-json\/wp\/v2\/types\/page"}],"author":[{"embeddable":true,"href":"https:\/\/wp.unil.ch\/biodiversite\/wp-json\/wp\/v2\/users\/108"}],"replies":[{"embeddable":true,"href":"https:\/\/wp.unil.ch\/biodiversite\/wp-json\/wp\/v2\/comments?post=6"}],"version-history":[{"count":0,"href":"https:\/\/wp.unil.ch\/biodiversite\/wp-json\/wp\/v2\/pages\/6\/revisions"}],"wp:attachment":[{"href":"https:\/\/wp.unil.ch\/biodiversite\/wp-json\/wp\/v2\/media?parent=6"}],"curies":[{"name":"wp","href":"https:\/\/api.w.org\/{rel}","templated":true}]}}