{"id":371,"date":"2020-07-13T16:52:30","date_gmt":"2020-07-13T14:52:30","guid":{"rendered":"http:\/\/wp.unil.ch\/biodiversite\/?page_id=371"},"modified":"2023-03-05T20:13:05","modified_gmt":"2023-03-05T19:13:05","slug":"parcs-et-jardins","status":"publish","type":"page","link":"https:\/\/wp.unil.ch\/biodiversite\/actions\/parcs-et-jardins\/","title":{"rendered":"Les parcs et jardins"},"content":{"rendered":"\n<p>Si le campus de l\u2019UNIL abrite de nombreux b\u00e2timents et infrastructures, il se compose \u00e9galement de vastes \u00e9tendues de verdure et de for\u00eat, que le service Unibat entretient au quotidien.<br><a rel=\"noreferrer noopener\" href=\"https:\/\/planete.unil.ch\/plan\/\" target=\"_blank\">Plan\u00e8te UNIL &#8211; Campus vert<\/a>.<\/p>\n\n\n\n<p><\/p>\n\n\n\n<div class=\"wp-block-columns is-layout-flex wp-container-core-columns-is-layout-9d6595d7 wp-block-columns-is-layout-flex\">\n<div class=\"wp-block-column is-layout-flow wp-block-column-is-layout-flow\" style=\"flex-basis:50%\">\n<figure class=\"wp-block-image size-large\"><img alt=\"\" loading=\"lazy\" decoding=\"async\" width=\"1024\" height=\"881\" src=\"https:\/\/wp.unil.ch\/biodiversite\/files\/2020\/07\/Espaces_verts_Unil-1024x881.png\" alt=\"\" class=\"wp-image-372\" srcset=\"https:\/\/wp.unil.ch\/biodiversite\/files\/2020\/07\/Espaces_verts_Unil-1024x881.png 1024w, https:\/\/wp.unil.ch\/biodiversite\/files\/2020\/07\/Espaces_verts_Unil-300x258.png 300w, https:\/\/wp.unil.ch\/biodiversite\/files\/2020\/07\/Espaces_verts_Unil-768x661.png 768w, https:\/\/wp.unil.ch\/biodiversite\/files\/2020\/07\/Espaces_verts_Unil.png 1395w\" sizes=\"auto, (max-width: 1024px) 100vw, 1024px\" \/><\/figure>\n<\/div>\n\n\n\n<div class=\"wp-block-column is-layout-flow wp-block-column-is-layout-flow\" style=\"flex-basis:50%\">\n<p>La durabilit\u00e9 est au centre des pr\u00e9occupations de l&rsquo;UNIL, c\u2019est pourquoi nous nous appliquons \u00e0 respecter les crit\u00e8res suivants pour la gestion des espaces verts :<\/p>\n\n\n\n<ul class=\"wp-block-list\">\n<li>utilisation de produits biologiques sur l\u2019ensemble du site et d\u2019engrais min\u00e9ro-organiques sur les terrains de la zone sportive<\/li>\n\n\n\n<li>tonte naturelle par les moutons qui paissent pas moins de sept hectares d\u2019herbe<\/li>\n\n\n\n<li>arrosage responsable et adapt\u00e9 selon les besoins<\/li>\n\n\n\n<li>promotion des esp\u00e8ces de plantes locales par la plantation d\u2019essences indig\u00e8nes et conservation de la biodiversit\u00e9 par la pr\u00e9servation de l\u2019habitat des oiseaux et autres petits animaux<\/li>\n\n\n\n<li>utilisation de v\u00e9hicules et outils \u00e9lectriques permettant de r\u00e9duire les \u00e9missions polluantes<\/li>\n\n\n\n<li>emploi raisonn\u00e9 du sel de d\u00e9neigement<\/li>\n<\/ul>\n<\/div>\n<\/div>\n\n\n\n<p>Cette gestion a d\u00e9j\u00e0 permis \u00e0 l\u2019UNIL de d\u00e9crocher plusieurs labels \u00e9cologiques.<\/p>\n","protected":false},"excerpt":{"rendered":"<p>Si le campus de l\u2019UNIL abrite de nombreux b\u00e2timents et infrastructures, il se compose \u00e9galement de vastes \u00e9tendues de verdure et de for\u00eat, que le service Unibat entretient au quotidien.Plan\u00e8te &hellip; <\/p>\n","protected":false},"author":1801,"featured_media":0,"parent":198,"menu_order":0,"comment_status":"closed","ping_status":"closed","template":"","meta":{"_seopress_robots_primary_cat":"","_seopress_titles_title":"","_seopress_titles_desc":"","_seopress_robots_index":"","footnotes":""},"class_list":["post-371","page","type-page","status-publish"],"_links":{"self":[{"href":"https:\/\/wp.unil.ch\/biodiversite\/wp-json\/wp\/v2\/pages\/371","targetHints":{"allow":["GET"]}}],"collection":[{"href":"https:\/\/wp.unil.ch\/biodiversite\/wp-json\/wp\/v2\/pages"}],"about":[{"href":"https:\/\/wp.unil.ch\/biodiversite\/wp-json\/wp\/v2\/types\/page"}],"author":[{"embeddable":true,"href":"https:\/\/wp.unil.ch\/biodiversite\/wp-json\/wp\/v2\/users\/1801"}],"replies":[{"embeddable":true,"href":"https:\/\/wp.unil.ch\/biodiversite\/wp-json\/wp\/v2\/comments?post=371"}],"version-history":[{"count":0,"href":"https:\/\/wp.unil.ch\/biodiversite\/wp-json\/wp\/v2\/pages\/371\/revisions"}],"up":[{"embeddable":true,"href":"https:\/\/wp.unil.ch\/biodiversite\/wp-json\/wp\/v2\/pages\/198"}],"wp:attachment":[{"href":"https:\/\/wp.unil.ch\/biodiversite\/wp-json\/wp\/v2\/media?parent=371"}],"curies":[{"name":"wp","href":"https:\/\/api.w.org\/{rel}","templated":true}]}}